{"id":3451,"date":"2019-07-16T22:46:00","date_gmt":"2019-07-16T15:46:00","guid":{"rendered":"https:\/\/hiqvina.com\/cua-hang\/magnetic-flexible-post\/"},"modified":"2025-11-25T16:33:29","modified_gmt":"2025-11-25T09:33:29","slug":"magnetic-flexible-post","status":"publish","type":"product","link":"https:\/\/hiqvina.com\/en\/product\/magnetic-flexible-post\/","title":{"rendered":"Magnetic Flexible Post"},"content":{"rendered":"\t\t<div data-elementor-type=\"product-post\" data-elementor-id=\"3451\" class=\"elementor elementor-3451 elementor-287\" data-elementor-settings=\"[]\">\n\t\t\t\t\t\t\t<div class=\"elementor-section-wrap\">\n\t\t\t\t\t\t\t<section class=\"elementor-section elementor-top-section elementor-element elementor-element-15fc151 elementor-section-content-middle elementor-section-boxed elementor-section-height-default elementor-section-height-default\" data-id=\"15fc151\" data-element_type=\"section\" data-settings=\"{&quot;background_background&quot;:&quot;classic&quot;}\">\n\t\t\t\t\t\t<div class=\"elementor-container elementor-column-gap-default\">\n\t\t\t\t\t<div class=\"elementor-column elementor-col-100 elementor-top-column elementor-element elementor-element-1f39328\" data-id=\"1f39328\" data-element_type=\"column\">\n\t\t\t<div class=\"elementor-widget-wrap elementor-element-populated\">\n\t\t\t\t\t\t\t\t<div class=\"elementor-element elementor-element-bd4b9b5 elementor-widget elementor-widget-text-editor\" data-id=\"bd4b9b5\" data-element_type=\"widget\" data-widget_type=\"text-editor.default\">\n\t\t\t\t<div class=\"elementor-widget-container\">\n\t\t\t\t\t\t\t\t<p>Magnetic Flexible Post is made from durable and flexible Polyurethane, resistant to discoloration and various chemicals. The product features high-reflectivity tape imported from South Korea. With a magnet at the base, the cone stays securely on metal surfaces, allowing for easy installation and removal. Additionally, it reduces maintenance costs due to the ability to replace individual components.<\/p>\t\t\t\t\t\t<\/div>\n\t\t\t\t<\/div>\n\t\t\t\t\t<\/div>\n\t\t<\/div>\n\t\t\t\t\t\t\t<\/div>\n\t\t<\/section>\n\t\t\t\t<section class=\"elementor-section elementor-top-section elementor-element elementor-element-f43a2a8 elementor-section-content-middle elementor-section-boxed elementor-section-height-default elementor-section-height-default\" data-id=\"f43a2a8\" data-element_type=\"section\" data-settings=\"{&quot;background_background&quot;:&quot;classic&quot;}\">\n\t\t\t\t\t\t<div class=\"elementor-container elementor-column-gap-extended\">\n\t\t\t\t\t<div class=\"elementor-column elementor-col-50 elementor-top-column elementor-element elementor-element-5b7831a\" data-id=\"5b7831a\" data-element_type=\"column\">\n\t\t\t<div class=\"elementor-widget-wrap elementor-element-populated\">\n\t\t\t\t\t\t\t\t<div class=\"elementor-element elementor-element-f19ca03 elementor-widget elementor-widget-gallery\" data-id=\"f19ca03\" data-element_type=\"widget\" data-settings=\"{&quot;gallery_layout&quot;:&quot;justified&quot;,&quot;lazyload&quot;:&quot;yes&quot;,&quot;ideal_row_height&quot;:{&quot;unit&quot;:&quot;px&quot;,&quot;size&quot;:200,&quot;sizes&quot;:[]},&quot;ideal_row_height_tablet&quot;:{&quot;unit&quot;:&quot;px&quot;,&quot;size&quot;:150,&quot;sizes&quot;:[]},&quot;ideal_row_height_mobile&quot;:{&quot;unit&quot;:&quot;px&quot;,&quot;size&quot;:150,&quot;sizes&quot;:[]},&quot;gap&quot;:{&quot;unit&quot;:&quot;px&quot;,&quot;size&quot;:10,&quot;sizes&quot;:[]},&quot;gap_tablet&quot;:{&quot;unit&quot;:&quot;px&quot;,&quot;size&quot;:10,&quot;sizes&quot;:[]},&quot;gap_mobile&quot;:{&quot;unit&quot;:&quot;px&quot;,&quot;size&quot;:10,&quot;sizes&quot;:[]},&quot;link_to&quot;:&quot;file&quot;,&quot;overlay_background&quot;:&quot;yes&quot;,&quot;content_hover_animation&quot;:&quot;fade-in&quot;}\" data-widget_type=\"gallery.default\">\n\t\t\t\t<div class=\"elementor-widget-container\">\n\t\t\t\t\t<div class=\"elementor-gallery__container\">\n\t\t\t\t\t\t\t<a class=\"e-gallery-item elementor-gallery-item elementor-animated-content\" href=\"https:\/\/hiqvina.com\/wp-content\/uploads\/2019\/07\/\uc790\uc11d\uc2dd\uc720\ub3c4\ubd09_\ubc30\uba74\uc774\ubbf8\uc9c0.jpg\" data-elementor-open-lightbox=\"yes\" data-elementor-lightbox-slideshow=\"all-f19ca03\" data-elementor-lightbox-title=\"\uc790\uc11d\uc2dd\uc720\ub3c4\ubd09_\ubc30\uba74\uc774\ubbf8\uc9c0\">\n\t\t\t\t\t<div class=\"e-gallery-image elementor-gallery-item__image\" data-thumbnail=\"https:\/\/hiqvina.com\/wp-content\/uploads\/2019\/07\/\uc790\uc11d\uc2dd\uc720\ub3c4\ubd09_\ubc30\uba74\uc774\ubbf8\uc9c0-300x293.jpg\" data-width=\"300\" data-height=\"293\" alt=\"\" ><\/div>\n\t\t\t\t\t\t\t\t\t\t<div class=\"elementor-gallery-item__overlay\"><\/div>\n\t\t\t\t\t\t\t\t\t\t\t\t\t\t<\/a>\n\t\t\t\t\t\t\t<a class=\"e-gallery-item elementor-gallery-item elementor-animated-content\" href=\"https:\/\/hiqvina.com\/wp-content\/uploads\/2024\/12\/\uc790\uc11d\uc2dd\uc720\ub3c4\ubd09\uc790\uc11d\ubd80\uc704_\uc0c1\uc138\uc774\ubbf8\uc9c01-1.jpg\" data-elementor-open-lightbox=\"yes\" data-elementor-lightbox-slideshow=\"all-f19ca03\" data-elementor-lightbox-title=\"\uc790\uc11d\uc2dd\uc720\ub3c4\ubd09\uc790\uc11d\ubd80\uc704_\uc0c1\uc138\uc774\ubbf8\uc9c01 (1)\">\n\t\t\t\t\t<div class=\"e-gallery-image elementor-gallery-item__image\" data-thumbnail=\"https:\/\/hiqvina.com\/wp-content\/uploads\/2024\/12\/\uc790\uc11d\uc2dd\uc720\ub3c4\ubd09\uc790\uc11d\ubd80\uc704_\uc0c1\uc138\uc774\ubbf8\uc9c01-1-300x225.jpg\" data-width=\"300\" data-height=\"225\" alt=\"\" ><\/div>\n\t\t\t\t\t\t\t\t\t\t<div class=\"elementor-gallery-item__overlay\"><\/div>\n\t\t\t\t\t\t\t\t\t\t\t\t\t\t<\/a>\n\t\t\t\t\t\t\t<a class=\"e-gallery-item elementor-gallery-item elementor-animated-content\" href=\"https:\/\/hiqvina.com\/wp-content\/uploads\/2024\/12\/\uc790\uc11d\uc2dd\uc720\ub3c4\ubd09\ubcfc\ud2b8\uc790\ub9ac_\uc0c1\uc138\uc774\ubbf8\uc9c01.jpg\" data-elementor-open-lightbox=\"yes\" data-elementor-lightbox-slideshow=\"all-f19ca03\" data-elementor-lightbox-title=\"\uc790\uc11d\uc2dd\uc720\ub3c4\ubd09\ubcfc\ud2b8\uc790\ub9ac_\uc0c1\uc138\uc774\ubbf8\uc9c01\">\n\t\t\t\t\t<div class=\"e-gallery-image elementor-gallery-item__image\" data-thumbnail=\"https:\/\/hiqvina.com\/wp-content\/uploads\/2024\/12\/\uc790\uc11d\uc2dd\uc720\ub3c4\ubd09\ubcfc\ud2b8\uc790\ub9ac_\uc0c1\uc138\uc774\ubbf8\uc9c01-300x225.jpg\" data-width=\"300\" data-height=\"225\" alt=\"\" ><\/div>\n\t\t\t\t\t\t\t\t\t\t<div class=\"elementor-gallery-item__overlay\"><\/div>\n\t\t\t\t\t\t\t\t\t\t\t\t\t\t<\/a>\n\t\t\t\t\t\t\t<a class=\"e-gallery-item elementor-gallery-item elementor-animated-content\" href=\"https:\/\/hiqvina.com\/wp-content\/uploads\/2024\/12\/\uc790\uc11d\uc2dd\uc720\ub3c4\ubd09_\ubca0\uc774\uc2a4\uc774\ubbf8\uc9c01.jpg\" data-elementor-open-lightbox=\"yes\" data-elementor-lightbox-slideshow=\"all-f19ca03\" data-elementor-lightbox-title=\"\uc790\uc11d\uc2dd\uc720\ub3c4\ubd09_\ubca0\uc774\uc2a4\uc774\ubbf8\uc9c01\">\n\t\t\t\t\t<div class=\"e-gallery-image elementor-gallery-item__image\" data-thumbnail=\"https:\/\/hiqvina.com\/wp-content\/uploads\/2024\/12\/\uc790\uc11d\uc2dd\uc720\ub3c4\ubd09_\ubca0\uc774\uc2a4\uc774\ubbf8\uc9c01-300x225.jpg\" data-width=\"300\" data-height=\"225\" alt=\"\" ><\/div>\n\t\t\t\t\t\t\t\t\t\t<div class=\"elementor-gallery-item__overlay\"><\/div>\n\t\t\t\t\t\t\t\t\t\t\t\t\t\t<\/a>\n\t\t\t\t\t<\/div>\n\t\t\t<\/div>\n\t\t\t\t<\/div>\n\t\t\t\t\t<\/div>\n\t\t<\/div>\n\t\t\t\t<div class=\"elementor-column elementor-col-50 elementor-top-column elementor-element elementor-element-a34ed41\" data-id=\"a34ed41\" data-element_type=\"column\">\n\t\t\t<div class=\"elementor-widget-wrap elementor-element-populated\">\n\t\t\t\t\t\t\t\t<div class=\"elementor-element elementor-element-2d42757 elementor-widget elementor-widget-text-editor\" data-id=\"2d42757\" data-element_type=\"widget\" data-widget_type=\"text-editor.default\">\n\t\t\t\t<div class=\"elementor-widget-container\">\n\t\t\t\t\t\t\t\t<p><strong><span style=\"font-size: 14pt;\">Characteristics:<\/span><\/strong><\/p>\n<p>+ The product boasts excellent elasticity and superior flexibility, ensuring it does not discolor over time.<\/p>\n<p>+ Made from Polyurethane, it offers high durability and resistance to environmental factors such as weather and oxidation. It is also nearly immune to many inorganic and organic chemicals.<\/p>\n<p><span style=\"font-size: 14pt;\"><strong>Features:<\/strong><\/span><\/p>\n<p>+ Utilizes high-reflectivity tape imported directly from South Korea.<\/p>\n<p>+ The base includes a magnet that secures the product firmly on metal surfaces.<\/p>\t\t\t\t\t\t<\/div>\n\t\t\t\t<\/div>\n\t\t\t\t\t<\/div>\n\t\t<\/div>\n\t\t\t\t\t\t\t<\/div>\n\t\t<\/section>\n\t\t\t\t<section class=\"elementor-section elementor-top-section elementor-element elementor-element-b7d2eb1 elementor-section-boxed elementor-section-height-default elementor-section-height-default\" data-id=\"b7d2eb1\" data-element_type=\"section\">\n\t\t\t\t\t\t<div class=\"elementor-container elementor-column-gap-default\">\n\t\t\t\t\t<div class=\"elementor-column elementor-col-100 elementor-top-column elementor-element elementor-element-4eec4041\" data-id=\"4eec4041\" data-element_type=\"column\">\n\t\t\t<div class=\"elementor-widget-wrap elementor-element-populated\">\n\t\t\t\t\t\t\t\t<div class=\"elementor-element elementor-element-50bae351 elementor-widget elementor-widget-text-editor\" data-id=\"50bae351\" data-element_type=\"widget\" data-widget_type=\"text-editor.default\">\n\t\t\t\t<div class=\"elementor-widget-container\">\n\t\t\t\t\t\t\t\t<p><span style=\"font-size: 14pt;\"><strong>Installation Locations for Cylindrical Traffic Cones with Magnet:<\/strong><\/span><\/p>\n<p>+ The magnetic base traffic cones are typically used on metal surfaces, often installed on the rear of forklifts to warn other vehicles when in motion.<\/p>\t\t\t\t\t\t<\/div>\n\t\t\t\t<\/div>\n\t\t\t\t<div class=\"elementor-element elementor-element-1442657 elementor-widget elementor-widget-gallery\" data-id=\"1442657\" data-element_type=\"widget\" data-settings=\"{&quot;gallery_layout&quot;:&quot;masonry&quot;,&quot;columns&quot;:3,&quot;lazyload&quot;:&quot;yes&quot;,&quot;columns_tablet&quot;:2,&quot;columns_mobile&quot;:1,&quot;gap&quot;:{&quot;unit&quot;:&quot;px&quot;,&quot;size&quot;:10,&quot;sizes&quot;:[]},&quot;gap_tablet&quot;:{&quot;unit&quot;:&quot;px&quot;,&quot;size&quot;:10,&quot;sizes&quot;:[]},&quot;gap_mobile&quot;:{&quot;unit&quot;:&quot;px&quot;,&quot;size&quot;:10,&quot;sizes&quot;:[]},&quot;link_to&quot;:&quot;file&quot;,&quot;overlay_background&quot;:&quot;yes&quot;,&quot;content_hover_animation&quot;:&quot;fade-in&quot;}\" data-widget_type=\"gallery.default\">\n\t\t\t\t<div class=\"elementor-widget-container\">\n\t\t\t\t\t<div class=\"elementor-gallery__container\">\n\t\t\t\t\t\t\t<a class=\"e-gallery-item elementor-gallery-item elementor-animated-content\" href=\"https:\/\/hiqvina.com\/wp-content\/uploads\/2019\/07\/coc-tru-co-nam-cham-3.jpg\" data-elementor-open-lightbox=\"yes\" data-elementor-lightbox-slideshow=\"all-1442657\" data-elementor-lightbox-title=\"coc-tru-co-nam-cham-3\">\n\t\t\t\t\t<div class=\"e-gallery-image elementor-gallery-item__image\" data-thumbnail=\"https:\/\/hiqvina.com\/wp-content\/uploads\/2019\/07\/coc-tru-co-nam-cham-3-225x300.jpg\" data-width=\"225\" data-height=\"300\" alt=\"\" ><\/div>\n\t\t\t\t\t\t\t\t\t\t<div class=\"elementor-gallery-item__overlay\"><\/div>\n\t\t\t\t\t\t\t\t\t\t\t\t\t\t<\/a>\n\t\t\t\t\t\t\t<a class=\"e-gallery-item elementor-gallery-item elementor-animated-content\" href=\"https:\/\/hiqvina.com\/wp-content\/uploads\/2019\/07\/coc-tru-co-nam-cham-1.jpg\" data-elementor-open-lightbox=\"yes\" data-elementor-lightbox-slideshow=\"all-1442657\" data-elementor-lightbox-title=\"coc-tru-co-nam-cham-1\">\n\t\t\t\t\t<div class=\"e-gallery-image elementor-gallery-item__image\" data-thumbnail=\"https:\/\/hiqvina.com\/wp-content\/uploads\/2019\/07\/coc-tru-co-nam-cham-1-300x300.jpg\" data-width=\"300\" data-height=\"300\" alt=\"\" ><\/div>\n\t\t\t\t\t\t\t\t\t\t<div class=\"elementor-gallery-item__overlay\"><\/div>\n\t\t\t\t\t\t\t\t\t\t\t\t\t\t<\/a>\n\t\t\t\t\t\t\t<a class=\"e-gallery-item elementor-gallery-item elementor-animated-content\" href=\"https:\/\/hiqvina.com\/wp-content\/uploads\/2019\/07\/coc-tru-co-nam-cham-2.jpg\" data-elementor-open-lightbox=\"yes\" data-elementor-lightbox-slideshow=\"all-1442657\" data-elementor-lightbox-title=\"coc-tru-co-nam-cham-2\">\n\t\t\t\t\t<div class=\"e-gallery-image elementor-gallery-item__image\" data-thumbnail=\"https:\/\/hiqvina.com\/wp-content\/uploads\/2019\/07\/coc-tru-co-nam-cham-2-300x225.jpg\" data-width=\"300\" data-height=\"225\" alt=\"\" ><\/div>\n\t\t\t\t\t\t\t\t\t\t<div class=\"elementor-gallery-item__overlay\"><\/div>\n\t\t\t\t\t\t\t\t\t\t\t\t\t\t<\/a>\n\t\t\t\t\t\t\t<a class=\"e-gallery-item elementor-gallery-item elementor-animated-content\" href=\"https:\/\/hiqvina.com\/wp-content\/uploads\/2025\/11\/coc-tru-co-nam-cham-4.jpg\" data-elementor-open-lightbox=\"yes\" data-elementor-lightbox-slideshow=\"all-1442657\" data-elementor-lightbox-title=\"coc-tru-co-nam-cham-4\">\n\t\t\t\t\t<div class=\"e-gallery-image elementor-gallery-item__image\" data-thumbnail=\"https:\/\/hiqvina.com\/wp-content\/uploads\/2025\/11\/coc-tru-co-nam-cham-4-300x173.jpg\" data-width=\"300\" data-height=\"173\" alt=\"\" ><\/div>\n\t\t\t\t\t\t\t\t\t\t<div class=\"elementor-gallery-item__overlay\"><\/div>\n\t\t\t\t\t\t\t\t\t\t\t\t\t\t<\/a>\n\t\t\t\t\t<\/div>\n\t\t\t<\/div>\n\t\t\t\t<\/div>\n\t\t\t\t\t<\/div>\n\t\t<\/div>\n\t\t\t\t\t\t\t<\/div>\n\t\t<\/section>\n\t\t\t\t<section class=\"elementor-section elementor-top-section elementor-element elementor-element-8b1aa66 elementor-section-boxed elementor-section-height-default elementor-section-height-default\" data-id=\"8b1aa66\" data-element_type=\"section\">\n\t\t\t\t\t\t<div class=\"elementor-container elementor-column-gap-default\">\n\t\t\t\t\t<div class=\"elementor-column elementor-col-100 elementor-top-column elementor-element elementor-element-f8d4e3c\" data-id=\"f8d4e3c\" data-element_type=\"column\">\n\t\t\t<div class=\"elementor-widget-wrap elementor-element-populated\">\n\t\t\t\t\t\t\t\t<div class=\"elementor-element elementor-element-a68c8f4 elementor-widget elementor-widget-heading\" data-id=\"a68c8f4\" data-element_type=\"widget\" data-widget_type=\"heading.default\">\n\t\t\t\t<div class=\"elementor-widget-container\">\n\t\t\t<h2 class=\"elementor-heading-title elementor-size-default\">Technical Drawing<\/h2>\t\t<\/div>\n\t\t\t\t<\/div>\n\t\t\t\t<div class=\"elementor-element elementor-element-f332b1b elementor-widget elementor-widget-image\" data-id=\"f332b1b\" data-element_type=\"widget\" data-widget_type=\"image.default\">\n\t\t\t\t<div class=\"elementor-widget-container\">\n\t\t\t\t\t\t\t\t\t\t\t\t\t\t\t<img width=\"768\" height=\"1101\" src=\"https:\/\/hiqvina.com\/wp-content\/uploads\/2019\/07\/Assemble-Flexible-Post_Coc-tieu-hinh-tru-co-nam-cham_PDF-1-768x1101.jpg\" class=\"attachment-medium_large size-medium_large\" alt=\"\" loading=\"lazy\" srcset=\"https:\/\/hiqvina.com\/wp-content\/uploads\/2019\/07\/Assemble-Flexible-Post_Coc-tieu-hinh-tru-co-nam-cham_PDF-1-768x1101.jpg 768w, https:\/\/hiqvina.com\/wp-content\/uploads\/2019\/07\/Assemble-Flexible-Post_Coc-tieu-hinh-tru-co-nam-cham_PDF-1-209x300.jpg 209w, https:\/\/hiqvina.com\/wp-content\/uploads\/2019\/07\/Assemble-Flexible-Post_Coc-tieu-hinh-tru-co-nam-cham_PDF-1-714x1024.jpg 714w, https:\/\/hiqvina.com\/wp-content\/uploads\/2019\/07\/Assemble-Flexible-Post_Coc-tieu-hinh-tru-co-nam-cham_PDF-1-1072x1536.jpg 1072w, https:\/\/hiqvina.com\/wp-content\/uploads\/2019\/07\/Assemble-Flexible-Post_Coc-tieu-hinh-tru-co-nam-cham_PDF-1-1429x2048.jpg 1429w, https:\/\/hiqvina.com\/wp-content\/uploads\/2019\/07\/Assemble-Flexible-Post_Coc-tieu-hinh-tru-co-nam-cham_PDF-1-600x860.jpg 600w, https:\/\/hiqvina.com\/wp-content\/uploads\/2019\/07\/Assemble-Flexible-Post_Coc-tieu-hinh-tru-co-nam-cham_PDF-1-scaled.jpg 1786w\" sizes=\"(max-width: 768px) 100vw, 768px\" \/>\t\t\t\t\t\t\t\t\t\t\t\t\t\t\t<\/div>\n\t\t\t\t<\/div>\n\t\t\t\t\t<\/div>\n\t\t<\/div>\n\t\t\t\t\t\t\t<\/div>\n\t\t<\/section>\n\t\t\t\t\t\t<\/div>\n\t\t\t\t\t<\/div>\n\t\t","protected":false},"excerpt":{"rendered":"<p>C\u1ecdc ti\u00eau h\u00ecnh tr\u1ee5 c\u00f3 nam ch\u00e2m l\u00e0 c\u1ecdc ti\u00eau giao th\u00f4ng h\u00ecnh tr\u1ee5 v\u1edbi \u0111\u1ebf \u0111\u01b0\u1ee3c g\u1eafn nam ch\u00e2m v\u00e0 c\u00f3 th\u1ec3 th\u00e1o r\u1eddi.<\/p>\n","protected":false},"featured_media":20207,"comment_status":"closed","ping_status":"closed","template":"","meta":[],"product_cat":[153,154],"product_tag":[224,162],"yoast_head":"<!-- This site is optimized with the Yoast SEO plugin v16.8 - https:\/\/yoast.com\/wordpress\/plugins\/seo\/ -->\n<title>Magnetic Flexible Post - Thi\u1ebft b\u1ecb an to\u00e0n giao th\u00f4ng<\/title>\n<meta name=\"description\" content=\"C\u1ecdc ti\u00eau h\u00ecnh tr\u1ee5 c\u00f3 nam ch\u00e2m l\u00e0 c\u1ecdc ti\u00eau giao th\u00f4ng h\u00ecnh tr\u1ee5 v\u1edbi \u0111\u1ebf \u0111\u01b0\u1ee3c g\u1eafn nam ch\u00e2m v\u00e0 c\u00f3 th\u1ec3 th\u00e1o r\u1eddi.\" \/>\n<meta name=\"robots\" content=\"index, follow, max-snippet:-1, max-image-preview:large, max-video-preview:-1\" \/>\n<link rel=\"canonical\" href=\"https:\/\/www.hiqvina.com\/en\/product\/magnetic-flexible-post\/\" \/>\n<meta property=\"og:locale\" content=\"en_US\" \/>\n<meta property=\"og:type\" content=\"article\" \/>\n<meta property=\"og:title\" content=\"Magnetic Flexible Post - Thi\u1ebft b\u1ecb an to\u00e0n giao th\u00f4ng\" \/>\n<meta property=\"og:description\" content=\"C\u1ecdc ti\u00eau h\u00ecnh tr\u1ee5 c\u00f3 nam ch\u00e2m l\u00e0 c\u1ecdc ti\u00eau giao th\u00f4ng h\u00ecnh tr\u1ee5 v\u1edbi \u0111\u1ebf \u0111\u01b0\u1ee3c g\u1eafn nam ch\u00e2m v\u00e0 c\u00f3 th\u1ec3 th\u00e1o r\u1eddi.\" \/>\n<meta property=\"og:url\" content=\"https:\/\/www.hiqvina.com\/en\/product\/magnetic-flexible-post\/\" \/>\n<meta property=\"og:site_name\" content=\"Thi\u1ebft b\u1ecb an to\u00e0n giao th\u00f4ng\" \/>\n<meta property=\"article:publisher\" content=\"https:\/\/www.facebook.com\/hiqvina\/\" \/>\n<meta property=\"article:modified_time\" content=\"2025-11-25T09:33:29+00:00\" \/>\n<meta name=\"twitter:card\" content=\"summary_large_image\" \/>\n<meta name=\"twitter:image\" content=\"https:\/\/hiqvina.com\/wp-content\/uploads\/2019\/07\/2-300x300-1.webp\" \/>\n<meta name=\"twitter:label1\" content=\"Est. reading time\" \/>\n\t<meta name=\"twitter:data1\" content=\"1 minute\" \/>\n<script type=\"application\/ld+json\" class=\"yoast-schema-graph\">{\"@context\":\"https:\/\/schema.org\",\"@graph\":[{\"@type\":\"Organization\",\"@id\":\"https:\/\/hiqvina.com\/en\/#organization\",\"name\":\"HIQ Vina Co., Ltd\",\"url\":\"https:\/\/hiqvina.com\/en\/\",\"sameAs\":[\"https:\/\/www.facebook.com\/hiqvina\/\",\"https:\/\/www.youtube.com\/channel\/UCYwPV5oBGDfbvkRCQ3RcMhw?view_as=subscriber\"],\"logo\":{\"@type\":\"ImageObject\",\"@id\":\"https:\/\/hiqvina.com\/en\/#logo\",\"inLanguage\":\"en-US\",\"url\":\"https:\/\/hiqvina.com\/wp-content\/uploads\/2021\/07\/logo-gan-vao-lightbox.png\",\"contentUrl\":\"https:\/\/hiqvina.com\/wp-content\/uploads\/2021\/07\/logo-gan-vao-lightbox.png\",\"width\":900,\"height\":600,\"caption\":\"HIQ Vina Co., Ltd\"},\"image\":{\"@id\":\"https:\/\/hiqvina.com\/en\/#logo\"}},{\"@type\":\"WebSite\",\"@id\":\"https:\/\/hiqvina.com\/en\/#website\",\"url\":\"https:\/\/hiqvina.com\/en\/\",\"name\":\"Thi\\u1ebft b\\u1ecb an to\\u00e0n giao th\\u00f4ng\",\"description\":\"Hi-Q VINA\",\"publisher\":{\"@id\":\"https:\/\/hiqvina.com\/en\/#organization\"},\"potentialAction\":[{\"@type\":\"SearchAction\",\"target\":{\"@type\":\"EntryPoint\",\"urlTemplate\":\"https:\/\/hiqvina.com\/en\/?s={search_term_string}\"},\"query-input\":\"required name=search_term_string\"}],\"inLanguage\":\"en-US\"},{\"@type\":\"ImageObject\",\"@id\":\"https:\/\/www.hiqvina.com\/en\/product\/magnetic-flexible-post\/#primaryimage\",\"inLanguage\":\"en-US\",\"url\":\"https:\/\/hiqvina.com\/wp-content\/uploads\/2019\/07\/2-300x300-1.webp\",\"contentUrl\":\"https:\/\/hiqvina.com\/wp-content\/uploads\/2019\/07\/2-300x300-1.webp\",\"width\":300,\"height\":300},{\"@type\":\"WebPage\",\"@id\":\"https:\/\/www.hiqvina.com\/en\/product\/magnetic-flexible-post\/#webpage\",\"url\":\"https:\/\/www.hiqvina.com\/en\/product\/magnetic-flexible-post\/\",\"name\":\"Magnetic Flexible Post - Thi\\u1ebft b\\u1ecb an to\\u00e0n giao th\\u00f4ng\",\"isPartOf\":{\"@id\":\"https:\/\/hiqvina.com\/en\/#website\"},\"primaryImageOfPage\":{\"@id\":\"https:\/\/www.hiqvina.com\/en\/product\/magnetic-flexible-post\/#primaryimage\"},\"datePublished\":\"2019-07-16T15:46:00+00:00\",\"dateModified\":\"2025-11-25T09:33:29+00:00\",\"description\":\"C\\u1ecdc ti\\u00eau h\\u00ecnh tr\\u1ee5 c\\u00f3 nam ch\\u00e2m l\\u00e0 c\\u1ecdc ti\\u00eau giao th\\u00f4ng h\\u00ecnh tr\\u1ee5 v\\u1edbi \\u0111\\u1ebf \\u0111\\u01b0\\u1ee3c g\\u1eafn nam ch\\u00e2m v\\u00e0 c\\u00f3 th\\u1ec3 th\\u00e1o r\\u1eddi.\",\"breadcrumb\":{\"@id\":\"https:\/\/www.hiqvina.com\/en\/product\/magnetic-flexible-post\/#breadcrumb\"},\"inLanguage\":\"en-US\",\"potentialAction\":[{\"@type\":\"ReadAction\",\"target\":[\"https:\/\/www.hiqvina.com\/en\/product\/magnetic-flexible-post\/\"]}]},{\"@type\":\"BreadcrumbList\",\"@id\":\"https:\/\/www.hiqvina.com\/en\/product\/magnetic-flexible-post\/#breadcrumb\",\"itemListElement\":[{\"@type\":\"ListItem\",\"position\":1,\"name\":\"Trang ch\\u1ee7\",\"item\":\"https:\/\/hiqvina.com\/en\/\"},{\"@type\":\"ListItem\",\"position\":2,\"name\":\"T\\u1ea5t c\\u1ea3 s\\u1ea3n ph\\u1ea9m\",\"item\":\"https:\/\/hiqvina.com\/en\/shop\/\"},{\"@type\":\"ListItem\",\"position\":3,\"name\":\"Magnetic Flexible Post\"}]}]}<\/script>\n<!-- \/ Yoast SEO plugin. -->","yoast_head_json":{"title":"Magnetic Flexible Post - Thi\u1ebft b\u1ecb an to\u00e0n giao th\u00f4ng","description":"C\u1ecdc ti\u00eau h\u00ecnh tr\u1ee5 c\u00f3 nam ch\u00e2m l\u00e0 c\u1ecdc ti\u00eau giao th\u00f4ng h\u00ecnh tr\u1ee5 v\u1edbi \u0111\u1ebf \u0111\u01b0\u1ee3c g\u1eafn nam ch\u00e2m v\u00e0 c\u00f3 th\u1ec3 th\u00e1o r\u1eddi.","robots":{"index":"index","follow":"follow","max-snippet":"max-snippet:-1","max-image-preview":"max-image-preview:large","max-video-preview":"max-video-preview:-1"},"canonical":"https:\/\/www.hiqvina.com\/en\/product\/magnetic-flexible-post\/","og_locale":"en_US","og_type":"article","og_title":"Magnetic Flexible Post - Thi\u1ebft b\u1ecb an to\u00e0n giao th\u00f4ng","og_description":"C\u1ecdc ti\u00eau h\u00ecnh tr\u1ee5 c\u00f3 nam ch\u00e2m l\u00e0 c\u1ecdc ti\u00eau giao th\u00f4ng h\u00ecnh tr\u1ee5 v\u1edbi \u0111\u1ebf \u0111\u01b0\u1ee3c g\u1eafn nam ch\u00e2m v\u00e0 c\u00f3 th\u1ec3 th\u00e1o r\u1eddi.","og_url":"https:\/\/www.hiqvina.com\/en\/product\/magnetic-flexible-post\/","og_site_name":"Thi\u1ebft b\u1ecb an to\u00e0n giao th\u00f4ng","article_publisher":"https:\/\/www.facebook.com\/hiqvina\/","article_modified_time":"2025-11-25T09:33:29+00:00","twitter_card":"summary_large_image","twitter_image":"https:\/\/hiqvina.com\/wp-content\/uploads\/2019\/07\/2-300x300-1.webp","twitter_misc":{"Est. reading time":"1 minute"},"schema":{"@context":"https:\/\/schema.org","@graph":[{"@type":"Organization","@id":"https:\/\/hiqvina.com\/en\/#organization","name":"HIQ Vina Co., Ltd","url":"https:\/\/hiqvina.com\/en\/","sameAs":["https:\/\/www.facebook.com\/hiqvina\/","https:\/\/www.youtube.com\/channel\/UCYwPV5oBGDfbvkRCQ3RcMhw?view_as=subscriber"],"logo":{"@type":"ImageObject","@id":"https:\/\/hiqvina.com\/en\/#logo","inLanguage":"en-US","url":"https:\/\/hiqvina.com\/wp-content\/uploads\/2021\/07\/logo-gan-vao-lightbox.png","contentUrl":"https:\/\/hiqvina.com\/wp-content\/uploads\/2021\/07\/logo-gan-vao-lightbox.png","width":900,"height":600,"caption":"HIQ Vina Co., Ltd"},"image":{"@id":"https:\/\/hiqvina.com\/en\/#logo"}},{"@type":"WebSite","@id":"https:\/\/hiqvina.com\/en\/#website","url":"https:\/\/hiqvina.com\/en\/","name":"Thi\u1ebft b\u1ecb an to\u00e0n giao th\u00f4ng","description":"Hi-Q VINA","publisher":{"@id":"https:\/\/hiqvina.com\/en\/#organization"},"potentialAction":[{"@type":"SearchAction","target":{"@type":"EntryPoint","urlTemplate":"https:\/\/hiqvina.com\/en\/?s={search_term_string}"},"query-input":"required name=search_term_string"}],"inLanguage":"en-US"},{"@type":"ImageObject","@id":"https:\/\/www.hiqvina.com\/en\/product\/magnetic-flexible-post\/#primaryimage","inLanguage":"en-US","url":"https:\/\/hiqvina.com\/wp-content\/uploads\/2019\/07\/2-300x300-1.webp","contentUrl":"https:\/\/hiqvina.com\/wp-content\/uploads\/2019\/07\/2-300x300-1.webp","width":300,"height":300},{"@type":"WebPage","@id":"https:\/\/www.hiqvina.com\/en\/product\/magnetic-flexible-post\/#webpage","url":"https:\/\/www.hiqvina.com\/en\/product\/magnetic-flexible-post\/","name":"Magnetic Flexible Post - Thi\u1ebft b\u1ecb an to\u00e0n giao th\u00f4ng","isPartOf":{"@id":"https:\/\/hiqvina.com\/en\/#website"},"primaryImageOfPage":{"@id":"https:\/\/www.hiqvina.com\/en\/product\/magnetic-flexible-post\/#primaryimage"},"datePublished":"2019-07-16T15:46:00+00:00","dateModified":"2025-11-25T09:33:29+00:00","description":"C\u1ecdc ti\u00eau h\u00ecnh tr\u1ee5 c\u00f3 nam ch\u00e2m l\u00e0 c\u1ecdc ti\u00eau giao th\u00f4ng h\u00ecnh tr\u1ee5 v\u1edbi \u0111\u1ebf \u0111\u01b0\u1ee3c g\u1eafn nam ch\u00e2m v\u00e0 c\u00f3 th\u1ec3 th\u00e1o r\u1eddi.","breadcrumb":{"@id":"https:\/\/www.hiqvina.com\/en\/product\/magnetic-flexible-post\/#breadcrumb"},"inLanguage":"en-US","potentialAction":[{"@type":"ReadAction","target":["https:\/\/www.hiqvina.com\/en\/product\/magnetic-flexible-post\/"]}]},{"@type":"BreadcrumbList","@id":"https:\/\/www.hiqvina.com\/en\/product\/magnetic-flexible-post\/#breadcrumb","itemListElement":[{"@type":"ListItem","position":1,"name":"Trang ch\u1ee7","item":"https:\/\/hiqvina.com\/en\/"},{"@type":"ListItem","position":2,"name":"T\u1ea5t c\u1ea3 s\u1ea3n ph\u1ea9m","item":"https:\/\/hiqvina.com\/en\/shop\/"},{"@type":"ListItem","position":3,"name":"Magnetic Flexible Post"}]}]}},"_links":{"self":[{"href":"https:\/\/hiqvina.com\/en\/wp-json\/wp\/v2\/product\/3451"}],"collection":[{"href":"https:\/\/hiqvina.com\/en\/wp-json\/wp\/v2\/product"}],"about":[{"href":"https:\/\/hiqvina.com\/en\/wp-json\/wp\/v2\/types\/product"}],"replies":[{"embeddable":true,"href":"https:\/\/hiqvina.com\/en\/wp-json\/wp\/v2\/comments?post=3451"}],"version-history":[{"count":18,"href":"https:\/\/hiqvina.com\/en\/wp-json\/wp\/v2\/product\/3451\/revisions"}],"predecessor-version":[{"id":20577,"href":"https:\/\/hiqvina.com\/en\/wp-json\/wp\/v2\/product\/3451\/revisions\/20577"}],"wp:featuredmedia":[{"embeddable":true,"href":"https:\/\/hiqvina.com\/en\/wp-json\/wp\/v2\/media\/20207"}],"wp:attachment":[{"href":"https:\/\/hiqvina.com\/en\/wp-json\/wp\/v2\/media?parent=3451"}],"wp:term":[{"taxonomy":"product_cat","embeddable":true,"href":"https:\/\/hiqvina.com\/en\/wp-json\/wp\/v2\/product_cat?post=3451"},{"taxonomy":"product_tag","embeddable":true,"href":"https:\/\/hiqvina.com\/en\/wp-json\/wp\/v2\/product_tag?post=3451"}],"curies":[{"name":"wp","href":"https:\/\/api.w.org\/{rel}","templated":true}]}}