{"id":3442,"date":"2019-07-30T06:47:40","date_gmt":"2019-07-29T23:47:40","guid":{"rendered":"https:\/\/hiqvina.com\/cua-hang\/color-cone\/"},"modified":"2026-02-26T10:43:15","modified_gmt":"2026-02-26T03:43:15","slug":"color-cone","status":"publish","type":"product","link":"https:\/\/hiqvina.com\/en\/product\/color-cone\/","title":{"rendered":"Supper Cone A"},"content":{"rendered":"\t\t<div data-elementor-type=\"product-post\" data-elementor-id=\"3442\" class=\"elementor elementor-3442 elementor-640\" data-elementor-settings=\"[]\">\n\t\t\t\t\t\t\t<div class=\"elementor-section-wrap\">\n\t\t\t\t\t\t\t<section class=\"elementor-section elementor-top-section elementor-element elementor-element-ff3c85c elementor-section-boxed elementor-section-height-default elementor-section-height-default\" data-id=\"ff3c85c\" data-element_type=\"section\">\n\t\t\t\t\t\t<div class=\"elementor-container elementor-column-gap-default\">\n\t\t\t\t\t<div class=\"elementor-column elementor-col-100 elementor-top-column elementor-element elementor-element-b569878\" data-id=\"b569878\" data-element_type=\"column\">\n\t\t\t<div class=\"elementor-widget-wrap elementor-element-populated\">\n\t\t\t\t\t\t\t\t<div class=\"elementor-element elementor-element-aa064f3 elementor-widget elementor-widget-text-editor\" data-id=\"aa064f3\" data-element_type=\"widget\" data-widget_type=\"text-editor.default\">\n\t\t\t\t<div class=\"elementor-widget-container\">\n\t\t\t\t\t\t\t\t<p><strong>Characteristics:<\/strong><\/p>\n<ul>\n<li>\n<p>The Color Cone\u00a0 is made from HDPE plastic, with colors maintained throughout its usage.<\/p>\n<\/li>\n<li>\n<p>It can withstand impact and collisions without breaking. The cone features standard Reflomax reflective sheeting.<\/p>\n<\/li>\n<\/ul>\t\t\t\t\t\t<\/div>\n\t\t\t\t<\/div>\n\t\t\t\t\t<\/div>\n\t\t<\/div>\n\t\t\t\t\t\t\t<\/div>\n\t\t<\/section>\n\t\t\t\t<section class=\"elementor-section elementor-top-section elementor-element elementor-element-14a75b3 elementor-section-boxed elementor-section-height-default elementor-section-height-default\" data-id=\"14a75b3\" data-element_type=\"section\">\n\t\t\t\t\t\t<div class=\"elementor-container elementor-column-gap-default\">\n\t\t\t\t\t<div class=\"elementor-column elementor-col-100 elementor-top-column elementor-element elementor-element-22de607\" data-id=\"22de607\" data-element_type=\"column\">\n\t\t\t<div class=\"elementor-widget-wrap elementor-element-populated\">\n\t\t\t\t\t\t\t\t<div class=\"elementor-element elementor-element-7ac4909 elementor-widget elementor-widget-text-editor\" data-id=\"7ac4909\" data-element_type=\"widget\" data-widget_type=\"text-editor.default\">\n\t\t\t\t<div class=\"elementor-widget-container\">\n\t\t\t\t\t\t\t\t<div class=\"flex-shrink-0 flex flex-col relative items-end\">\n<div>\n<div class=\"pt-0\">\n<div class=\"gizmo-bot-avatar flex h-8 w-8 items-center justify-center overflow-hidden rounded-full\">\n<div class=\"relative p-1 rounded-sm flex items-center justify-center bg-token-main-surface-primary text-token-text-primary h-8 w-8\">\u00a0<\/div>\n<\/div>\n<\/div>\n<\/div>\n<\/div>\n<div class=\"group\/conversation-turn relative flex w-full min-w-0 flex-col agent-turn\">\n<div class=\"flex-col gap-1 md:gap-3\">\n<div class=\"flex max-w-full flex-col flex-grow\">\n<div class=\"min-h-[20px] text-message flex w-full flex-col items-end gap-2 break-words [.text-message+&amp;]:mt-5 overflow-x-auto whitespace-normal\" dir=\"auto\" data-message-author-role=\"assistant\" data-message-id=\"6b1c767e-c932-4332-9ac6-a174505d7bc3\">\n<div class=\"flex w-full flex-col gap-1 empty:hidden first:pt-[3px]\">\n<div class=\"markdown prose w-full break-words dark:prose-invert light\">\n<p><strong>Key Features of the Color Cone:<\/strong><\/p>\n<ul>\n<li>\n<p>The product is widely used for construction warnings and is easily recognizable.<\/p>\n<\/li>\n<li>\n<p>It is lightweight with a compact design, making it convenient for storage, transportation, and installation.<\/p>\n<\/li>\n<li>\n<p>The top of the cone is designed to allow for the attachment of additional reflective markers or a connecting bar between two cones.<\/p>\n<\/li>\n<li>\n<p>Two large reflective strips are placed around the cone\u2019s body, making it easy for drivers to see.<\/p>\n<\/li>\n<li>\n<p>The broad base can be weighted down with additional materials to enhance stability.<\/p>\n<\/li>\n<\/ul>\n<\/div>\n<\/div>\n<\/div>\n<\/div>\n<\/div>\n<\/div>\t\t\t\t\t\t<\/div>\n\t\t\t\t<\/div>\n\t\t\t\t\t<\/div>\n\t\t<\/div>\n\t\t\t\t\t\t\t<\/div>\n\t\t<\/section>\n\t\t\t\t<section class=\"elementor-section elementor-top-section elementor-element elementor-element-298fc74 elementor-section-boxed elementor-section-height-default elementor-section-height-default\" data-id=\"298fc74\" data-element_type=\"section\">\n\t\t\t\t\t\t<div class=\"elementor-container elementor-column-gap-default\">\n\t\t\t\t\t<div class=\"elementor-column elementor-col-100 elementor-top-column elementor-element elementor-element-34075f6\" data-id=\"34075f6\" data-element_type=\"column\">\n\t\t\t<div class=\"elementor-widget-wrap\">\n\t\t\t\t\t\t\t\t\t<\/div>\n\t\t<\/div>\n\t\t\t\t\t\t\t<\/div>\n\t\t<\/section>\n\t\t\t\t<section class=\"elementor-section elementor-top-section elementor-element elementor-element-55c7209d elementor-section-boxed elementor-section-height-default elementor-section-height-default\" data-id=\"55c7209d\" data-element_type=\"section\">\n\t\t\t\t\t\t<div class=\"elementor-container elementor-column-gap-default\">\n\t\t\t\t\t<div class=\"elementor-column elementor-col-100 elementor-top-column elementor-element elementor-element-65c352b7\" data-id=\"65c352b7\" data-element_type=\"column\">\n\t\t\t<div class=\"elementor-widget-wrap elementor-element-populated\">\n\t\t\t\t\t\t\t\t<div class=\"elementor-element elementor-element-56a8946b elementor-widget elementor-widget-text-editor\" data-id=\"56a8946b\" data-element_type=\"widget\" data-widget_type=\"text-editor.default\">\n\t\t\t\t<div class=\"elementor-widget-container\">\n\t\t\t\t\t\t\t\t<p><strong>Where to Install the Color Cone:<\/strong><\/p>\n<ul>\n<li>The product can be installed at buildings, construction sites, public transportation projects, or any location where warning is needed.<\/li>\n<\/ul>\t\t\t\t\t\t<\/div>\n\t\t\t\t<\/div>\n\t\t\t\t\t<\/div>\n\t\t<\/div>\n\t\t\t\t\t\t\t<\/div>\n\t\t<\/section>\n\t\t\t\t<section class=\"elementor-section elementor-top-section elementor-element elementor-element-cb28652 elementor-section-boxed elementor-section-height-default elementor-section-height-default\" data-id=\"cb28652\" data-element_type=\"section\">\n\t\t\t\t\t\t<div class=\"elementor-container elementor-column-gap-default\">\n\t\t\t\t\t<div class=\"elementor-column elementor-col-100 elementor-top-column elementor-element elementor-element-38c6ddd\" data-id=\"38c6ddd\" data-element_type=\"column\">\n\t\t\t<div class=\"elementor-widget-wrap elementor-element-populated\">\n\t\t\t\t\t\t\t\t<div class=\"elementor-element elementor-element-052c65e elementor-widget elementor-widget-heading\" data-id=\"052c65e\" data-element_type=\"widget\" data-widget_type=\"heading.default\">\n\t\t\t\t<div class=\"elementor-widget-container\">\n\t\t\t<h2 class=\"elementor-heading-title elementor-size-default\">Technical Drawing<\/h2>\t\t<\/div>\n\t\t\t\t<\/div>\n\t\t\t\t\t<\/div>\n\t\t<\/div>\n\t\t\t\t\t\t\t<\/div>\n\t\t<\/section>\n\t\t\t\t<section class=\"elementor-section elementor-top-section elementor-element elementor-element-643d544 elementor-section-boxed elementor-section-height-default elementor-section-height-default\" data-id=\"643d544\" data-element_type=\"section\">\n\t\t\t\t\t\t<div class=\"elementor-container elementor-column-gap-default\">\n\t\t\t\t\t<div class=\"elementor-column elementor-col-100 elementor-top-column elementor-element elementor-element-271da56\" data-id=\"271da56\" data-element_type=\"column\">\n\t\t\t<div class=\"elementor-widget-wrap elementor-element-populated\">\n\t\t\t\t\t\t\t\t<div class=\"elementor-element elementor-element-4376342 elementor-widget elementor-widget-image\" data-id=\"4376342\" data-element_type=\"widget\" data-widget_type=\"image.default\">\n\t\t\t\t<div class=\"elementor-widget-container\">\n\t\t\t\t\t\t\t\t\t\t\t\t\t\t\t<img width=\"768\" height=\"543\" src=\"https:\/\/hiqvina.com\/wp-content\/uploads\/2019\/07\/\uc218\ud37c\ucf58_\ubca0\uc774\uc2a4_200723-scaled.webp\" class=\"attachment-medium_large size-medium_large\" alt=\"\" loading=\"lazy\" \/>\t\t\t\t\t\t\t\t\t\t\t\t\t\t\t<\/div>\n\t\t\t\t<\/div>\n\t\t\t\t<div class=\"elementor-element elementor-element-0d4aa00 elementor-widget elementor-widget-image\" data-id=\"0d4aa00\" data-element_type=\"widget\" data-widget_type=\"image.default\">\n\t\t\t\t<div class=\"elementor-widget-container\">\n\t\t\t\t\t\t\t\t\t\t\t\t\t\t\t<img width=\"768\" height=\"697\" src=\"https:\/\/hiqvina.com\/wp-content\/uploads\/2019\/07\/coc-chop-co-lon-a-1-copy.webp\" class=\"attachment-medium_large size-medium_large\" alt=\"\" loading=\"lazy\" \/>\t\t\t\t\t\t\t\t\t\t\t\t\t\t\t<\/div>\n\t\t\t\t<\/div>\n\t\t\t\t\t<\/div>\n\t\t<\/div>\n\t\t\t\t\t\t\t<\/div>\n\t\t<\/section>\n\t\t\t\t\t\t<\/div>\n\t\t\t\t\t<\/div>\n\t\t","protected":false},"excerpt":{"rendered":"<p>Characteristics: The Color Cone\u00a0 is made from HDPE plastic, with colors maintained throughout its usage. It can withstand impact and collisions without breaking. The cone features standard Reflomax reflective sheeting. &nbsp; Key Features of the Color Cone: The product is widely used for construction warnings and is easily recognizable. It is lightweight with a compact [&hellip;]<\/p>\n","protected":false},"featured_media":20211,"comment_status":"open","ping_status":"closed","template":"","meta":[],"product_cat":[151,153,154],"product_tag":[180,218,217],"yoast_head":"<!-- This site is optimized with the Yoast SEO plugin v16.8 - https:\/\/yoast.com\/wordpress\/plugins\/seo\/ -->\n<title>C\u1ecdc ch\u00f3p n\u00f3n , c\u1ecdc ch\u00f3p<\/title>\n<meta name=\"description\" content=\"C\u1ecdc ti\u00eau giao th\u00f4ng \u0111\u01b0\u1ee3c s\u1ea3n xu\u1ea5t theo c\u00f4ng ngh\u1ec7 h\u00e0n qu\u1ed1c . C\u1ecdc ti\u00eau ch\u00f3p n\u00f3n \u0111\u01b0\u1ee3c l\u00e0m t\u1eeb nh\u1ef1a LDPE, gi\u00e1 th\u00e0nh h\u1ee3p l\u00fd so v\u1edbi ch\u1ea5t l\u01b0\u1ee3ng c\u1ee7a s\u1ea3n ph\u1ea9m\" \/>\n<meta name=\"robots\" content=\"index, follow, max-snippet:-1, max-image-preview:large, max-video-preview:-1\" \/>\n<link rel=\"canonical\" href=\"https:\/\/www.hiqvina.com\/en\/product\/color-cone\/\" \/>\n<meta property=\"og:locale\" content=\"en_US\" \/>\n<meta property=\"og:type\" content=\"article\" \/>\n<meta property=\"og:title\" content=\"C\u1ecdc ch\u00f3p n\u00f3n , c\u1ecdc ch\u00f3p\" \/>\n<meta property=\"og:description\" content=\"C\u1ecdc ti\u00eau giao th\u00f4ng \u0111\u01b0\u1ee3c s\u1ea3n xu\u1ea5t theo c\u00f4ng ngh\u1ec7 h\u00e0n qu\u1ed1c . C\u1ecdc ti\u00eau ch\u00f3p n\u00f3n \u0111\u01b0\u1ee3c l\u00e0m t\u1eeb nh\u1ef1a LDPE, gi\u00e1 th\u00e0nh h\u1ee3p l\u00fd so v\u1edbi ch\u1ea5t l\u01b0\u1ee3ng c\u1ee7a s\u1ea3n ph\u1ea9m\" \/>\n<meta property=\"og:url\" content=\"https:\/\/www.hiqvina.com\/en\/product\/color-cone\/\" \/>\n<meta property=\"og:site_name\" content=\"Thi\u1ebft b\u1ecb an to\u00e0n giao th\u00f4ng\" \/>\n<meta property=\"article:publisher\" content=\"https:\/\/www.facebook.com\/hiqvina\/\" \/>\n<meta property=\"article:modified_time\" content=\"2026-02-26T03:43:15+00:00\" \/>\n<meta name=\"twitter:card\" content=\"summary_large_image\" \/>\n<meta name=\"twitter:image\" content=\"https:\/\/hiqvina.com\/wp-content\/uploads\/2019\/07\/161-300x300-1.webp\" \/>\n<meta name=\"twitter:label1\" content=\"Est. reading time\" \/>\n\t<meta name=\"twitter:data1\" content=\"1 minute\" \/>\n<script type=\"application\/ld+json\" class=\"yoast-schema-graph\">{\"@context\":\"https:\/\/schema.org\",\"@graph\":[{\"@type\":\"Organization\",\"@id\":\"https:\/\/hiqvina.com\/#organization\",\"name\":\"HIQ Vina Co., Ltd\",\"url\":\"https:\/\/hiqvina.com\/\",\"sameAs\":[\"https:\/\/www.facebook.com\/hiqvina\/\",\"https:\/\/www.youtube.com\/channel\/UCYwPV5oBGDfbvkRCQ3RcMhw?view_as=subscriber\"],\"logo\":{\"@type\":\"ImageObject\",\"@id\":\"https:\/\/hiqvina.com\/#logo\",\"inLanguage\":\"en-US\",\"url\":\"https:\/\/hiqvina.com\/wp-content\/uploads\/2021\/07\/logo-gan-vao-lightbox.png\",\"contentUrl\":\"https:\/\/hiqvina.com\/wp-content\/uploads\/2021\/07\/logo-gan-vao-lightbox.png\",\"width\":900,\"height\":600,\"caption\":\"HIQ Vina Co., Ltd\"},\"image\":{\"@id\":\"https:\/\/hiqvina.com\/#logo\"}},{\"@type\":\"WebSite\",\"@id\":\"https:\/\/hiqvina.com\/#website\",\"url\":\"https:\/\/hiqvina.com\/\",\"name\":\"Thi\\u1ebft b\\u1ecb an to\\u00e0n giao th\\u00f4ng\",\"description\":\"Hi-Q VINA\",\"publisher\":{\"@id\":\"https:\/\/hiqvina.com\/#organization\"},\"potentialAction\":[{\"@type\":\"SearchAction\",\"target\":{\"@type\":\"EntryPoint\",\"urlTemplate\":\"https:\/\/hiqvina.com\/?s={search_term_string}\"},\"query-input\":\"required name=search_term_string\"}],\"inLanguage\":\"en-US\"},{\"@type\":\"ImageObject\",\"@id\":\"https:\/\/www.hiqvina.com\/en\/product\/color-cone\/#primaryimage\",\"inLanguage\":\"en-US\",\"url\":\"https:\/\/hiqvina.com\/wp-content\/uploads\/2019\/07\/161-300x300-1.webp\",\"contentUrl\":\"https:\/\/hiqvina.com\/wp-content\/uploads\/2019\/07\/161-300x300-1.webp\",\"width\":300,\"height\":300},{\"@type\":\"WebPage\",\"@id\":\"https:\/\/www.hiqvina.com\/en\/product\/color-cone\/#webpage\",\"url\":\"https:\/\/www.hiqvina.com\/en\/product\/color-cone\/\",\"name\":\"C\\u1ecdc ch\\u00f3p n\\u00f3n , c\\u1ecdc ch\\u00f3p\",\"isPartOf\":{\"@id\":\"https:\/\/hiqvina.com\/#website\"},\"primaryImageOfPage\":{\"@id\":\"https:\/\/www.hiqvina.com\/en\/product\/color-cone\/#primaryimage\"},\"datePublished\":\"2019-07-29T23:47:40+00:00\",\"dateModified\":\"2026-02-26T03:43:15+00:00\",\"description\":\"C\\u1ecdc ti\\u00eau giao th\\u00f4ng \\u0111\\u01b0\\u1ee3c s\\u1ea3n xu\\u1ea5t theo c\\u00f4ng ngh\\u1ec7 h\\u00e0n qu\\u1ed1c . C\\u1ecdc ti\\u00eau ch\\u00f3p n\\u00f3n \\u0111\\u01b0\\u1ee3c l\\u00e0m t\\u1eeb nh\\u1ef1a LDPE, gi\\u00e1 th\\u00e0nh h\\u1ee3p l\\u00fd so v\\u1edbi ch\\u1ea5t l\\u01b0\\u1ee3ng c\\u1ee7a s\\u1ea3n ph\\u1ea9m\",\"breadcrumb\":{\"@id\":\"https:\/\/www.hiqvina.com\/en\/product\/color-cone\/#breadcrumb\"},\"inLanguage\":\"en-US\",\"potentialAction\":[{\"@type\":\"ReadAction\",\"target\":[\"https:\/\/www.hiqvina.com\/en\/product\/color-cone\/\"]}]},{\"@type\":\"BreadcrumbList\",\"@id\":\"https:\/\/www.hiqvina.com\/en\/product\/color-cone\/#breadcrumb\",\"itemListElement\":[{\"@type\":\"ListItem\",\"position\":1,\"name\":\"Trang ch\\u1ee7\",\"item\":\"https:\/\/hiqvina.com\/\"},{\"@type\":\"ListItem\",\"position\":2,\"name\":\"T\\u1ea5t c\\u1ea3 s\\u1ea3n ph\\u1ea9m\",\"item\":\"https:\/\/hiqvina.com\/cua-hang\/\"},{\"@type\":\"ListItem\",\"position\":3,\"name\":\"Supper Cone A\"}]}]}<\/script>\n<!-- \/ Yoast SEO plugin. -->","yoast_head_json":{"title":"C\u1ecdc ch\u00f3p n\u00f3n , c\u1ecdc ch\u00f3p","description":"C\u1ecdc ti\u00eau giao th\u00f4ng \u0111\u01b0\u1ee3c s\u1ea3n xu\u1ea5t theo c\u00f4ng ngh\u1ec7 h\u00e0n qu\u1ed1c . C\u1ecdc ti\u00eau ch\u00f3p n\u00f3n \u0111\u01b0\u1ee3c l\u00e0m t\u1eeb nh\u1ef1a LDPE, gi\u00e1 th\u00e0nh h\u1ee3p l\u00fd so v\u1edbi ch\u1ea5t l\u01b0\u1ee3ng c\u1ee7a s\u1ea3n ph\u1ea9m","robots":{"index":"index","follow":"follow","max-snippet":"max-snippet:-1","max-image-preview":"max-image-preview:large","max-video-preview":"max-video-preview:-1"},"canonical":"https:\/\/www.hiqvina.com\/en\/product\/color-cone\/","og_locale":"en_US","og_type":"article","og_title":"C\u1ecdc ch\u00f3p n\u00f3n , c\u1ecdc ch\u00f3p","og_description":"C\u1ecdc ti\u00eau giao th\u00f4ng \u0111\u01b0\u1ee3c s\u1ea3n xu\u1ea5t theo c\u00f4ng ngh\u1ec7 h\u00e0n qu\u1ed1c . C\u1ecdc ti\u00eau ch\u00f3p n\u00f3n \u0111\u01b0\u1ee3c l\u00e0m t\u1eeb nh\u1ef1a LDPE, gi\u00e1 th\u00e0nh h\u1ee3p l\u00fd so v\u1edbi ch\u1ea5t l\u01b0\u1ee3ng c\u1ee7a s\u1ea3n ph\u1ea9m","og_url":"https:\/\/www.hiqvina.com\/en\/product\/color-cone\/","og_site_name":"Thi\u1ebft b\u1ecb an to\u00e0n giao th\u00f4ng","article_publisher":"https:\/\/www.facebook.com\/hiqvina\/","article_modified_time":"2026-02-26T03:43:15+00:00","twitter_card":"summary_large_image","twitter_image":"https:\/\/hiqvina.com\/wp-content\/uploads\/2019\/07\/161-300x300-1.webp","twitter_misc":{"Est. reading time":"1 minute"},"schema":{"@context":"https:\/\/schema.org","@graph":[{"@type":"Organization","@id":"https:\/\/hiqvina.com\/#organization","name":"HIQ Vina Co., Ltd","url":"https:\/\/hiqvina.com\/","sameAs":["https:\/\/www.facebook.com\/hiqvina\/","https:\/\/www.youtube.com\/channel\/UCYwPV5oBGDfbvkRCQ3RcMhw?view_as=subscriber"],"logo":{"@type":"ImageObject","@id":"https:\/\/hiqvina.com\/#logo","inLanguage":"en-US","url":"https:\/\/hiqvina.com\/wp-content\/uploads\/2021\/07\/logo-gan-vao-lightbox.png","contentUrl":"https:\/\/hiqvina.com\/wp-content\/uploads\/2021\/07\/logo-gan-vao-lightbox.png","width":900,"height":600,"caption":"HIQ Vina Co., Ltd"},"image":{"@id":"https:\/\/hiqvina.com\/#logo"}},{"@type":"WebSite","@id":"https:\/\/hiqvina.com\/#website","url":"https:\/\/hiqvina.com\/","name":"Thi\u1ebft b\u1ecb an to\u00e0n giao th\u00f4ng","description":"Hi-Q VINA","publisher":{"@id":"https:\/\/hiqvina.com\/#organization"},"potentialAction":[{"@type":"SearchAction","target":{"@type":"EntryPoint","urlTemplate":"https:\/\/hiqvina.com\/?s={search_term_string}"},"query-input":"required name=search_term_string"}],"inLanguage":"en-US"},{"@type":"ImageObject","@id":"https:\/\/www.hiqvina.com\/en\/product\/color-cone\/#primaryimage","inLanguage":"en-US","url":"https:\/\/hiqvina.com\/wp-content\/uploads\/2019\/07\/161-300x300-1.webp","contentUrl":"https:\/\/hiqvina.com\/wp-content\/uploads\/2019\/07\/161-300x300-1.webp","width":300,"height":300},{"@type":"WebPage","@id":"https:\/\/www.hiqvina.com\/en\/product\/color-cone\/#webpage","url":"https:\/\/www.hiqvina.com\/en\/product\/color-cone\/","name":"C\u1ecdc ch\u00f3p n\u00f3n , c\u1ecdc ch\u00f3p","isPartOf":{"@id":"https:\/\/hiqvina.com\/#website"},"primaryImageOfPage":{"@id":"https:\/\/www.hiqvina.com\/en\/product\/color-cone\/#primaryimage"},"datePublished":"2019-07-29T23:47:40+00:00","dateModified":"2026-02-26T03:43:15+00:00","description":"C\u1ecdc ti\u00eau giao th\u00f4ng \u0111\u01b0\u1ee3c s\u1ea3n xu\u1ea5t theo c\u00f4ng ngh\u1ec7 h\u00e0n qu\u1ed1c . C\u1ecdc ti\u00eau ch\u00f3p n\u00f3n \u0111\u01b0\u1ee3c l\u00e0m t\u1eeb nh\u1ef1a LDPE, gi\u00e1 th\u00e0nh h\u1ee3p l\u00fd so v\u1edbi ch\u1ea5t l\u01b0\u1ee3ng c\u1ee7a s\u1ea3n ph\u1ea9m","breadcrumb":{"@id":"https:\/\/www.hiqvina.com\/en\/product\/color-cone\/#breadcrumb"},"inLanguage":"en-US","potentialAction":[{"@type":"ReadAction","target":["https:\/\/www.hiqvina.com\/en\/product\/color-cone\/"]}]},{"@type":"BreadcrumbList","@id":"https:\/\/www.hiqvina.com\/en\/product\/color-cone\/#breadcrumb","itemListElement":[{"@type":"ListItem","position":1,"name":"Trang ch\u1ee7","item":"https:\/\/hiqvina.com\/"},{"@type":"ListItem","position":2,"name":"T\u1ea5t c\u1ea3 s\u1ea3n ph\u1ea9m","item":"https:\/\/hiqvina.com\/cua-hang\/"},{"@type":"ListItem","position":3,"name":"Supper Cone A"}]}]}},"_links":{"self":[{"href":"https:\/\/hiqvina.com\/en\/wp-json\/wp\/v2\/product\/3442"}],"collection":[{"href":"https:\/\/hiqvina.com\/en\/wp-json\/wp\/v2\/product"}],"about":[{"href":"https:\/\/hiqvina.com\/en\/wp-json\/wp\/v2\/types\/product"}],"replies":[{"embeddable":true,"href":"https:\/\/hiqvina.com\/en\/wp-json\/wp\/v2\/comments?post=3442"}],"version-history":[{"count":9,"href":"https:\/\/hiqvina.com\/en\/wp-json\/wp\/v2\/product\/3442\/revisions"}],"predecessor-version":[{"id":20895,"href":"https:\/\/hiqvina.com\/en\/wp-json\/wp\/v2\/product\/3442\/revisions\/20895"}],"wp:featuredmedia":[{"embeddable":true,"href":"https:\/\/hiqvina.com\/en\/wp-json\/wp\/v2\/media\/20211"}],"wp:attachment":[{"href":"https:\/\/hiqvina.com\/en\/wp-json\/wp\/v2\/media?parent=3442"}],"wp:term":[{"taxonomy":"product_cat","embeddable":true,"href":"https:\/\/hiqvina.com\/en\/wp-json\/wp\/v2\/product_cat?post=3442"},{"taxonomy":"product_tag","embeddable":true,"href":"https:\/\/hiqvina.com\/en\/wp-json\/wp\/v2\/product_tag?post=3442"}],"curies":[{"name":"wp","href":"https:\/\/api.w.org\/{rel}","templated":true}]}}