{"id":3430,"date":"2019-07-31T09:15:43","date_gmt":"2019-07-31T02:15:43","guid":{"rendered":"https:\/\/hiqvina.com\/cua-hang\/round-delineator\/"},"modified":"2025-10-28T09:33:10","modified_gmt":"2025-10-28T02:33:10","slug":"round-delineator","status":"publish","type":"product","link":"https:\/\/hiqvina.com\/en\/product\/round-delineator\/","title":{"rendered":"Round Delineator"},"content":{"rendered":"\t\t<div data-elementor-type=\"product-post\" data-elementor-id=\"3430\" class=\"elementor elementor-3430 elementor-719\" data-elementor-settings=\"[]\">\n\t\t\t\t\t\t\t<div class=\"elementor-section-wrap\">\n\t\t\t\t\t\t\t<section class=\"elementor-section elementor-top-section elementor-element elementor-element-908f7db elementor-section-boxed elementor-section-height-default elementor-section-height-default\" data-id=\"908f7db\" data-element_type=\"section\">\n\t\t\t\t\t\t<div class=\"elementor-container elementor-column-gap-default\">\n\t\t\t\t\t<div class=\"elementor-column elementor-col-66 elementor-top-column elementor-element elementor-element-1112118\" data-id=\"1112118\" data-element_type=\"column\">\n\t\t\t<div class=\"elementor-widget-wrap elementor-element-populated\">\n\t\t\t\t\t\t\t\t<div class=\"elementor-element elementor-element-616ce23 elementor-widget elementor-widget-text-editor\" data-id=\"616ce23\" data-element_type=\"widget\" data-widget_type=\"text-editor.default\">\n\t\t\t\t<div class=\"elementor-widget-container\">\n\t\t\t\t\t\t\t\t<p><span style=\"font-size: 14pt;\"><strong>Features:<\/strong><\/span><\/p>\n<ul>\n<li>\n<p>The lens is made from high-reflectivity PC plastic, providing clear visibility to drivers at night.<\/p>\n<\/li>\n<li>\n<p>The material used for the delineator is lightweight, durable, and highly versatile, suitable for various terrains and purposes.<\/p>\n<\/li>\n<\/ul>\n<p><span style=\"font-size: 14pt;\"><strong>Characteristics:<\/strong><\/span><\/p>\n<ul>\n<li>\n<p>The product comes in multiple colors and sizes.<\/p>\n<\/li>\n<li>\n<p>Applicable to various terrains with different base types.<\/p>\n<\/li>\n<li>\n<p>Suitable for: civil engineering projects; embankments, guardrails; retaining walls (I-shape, O-shape, A-shape, vertical type).<\/p>\n<\/li>\n<li>\n<p>Easy to maintain and replace at a reasonable cost.<\/p>\n<\/li>\n<li>\n<p>The product can be easily installed and moved, allowing for quick deployment.<\/p>\n<\/li>\n<\/ul>\t\t\t\t\t\t<\/div>\n\t\t\t\t<\/div>\n\t\t\t\t\t<\/div>\n\t\t<\/div>\n\t\t\t\t<div class=\"elementor-column elementor-col-33 elementor-top-column elementor-element elementor-element-6eb5c7d\" data-id=\"6eb5c7d\" data-element_type=\"column\">\n\t\t\t<div class=\"elementor-widget-wrap elementor-element-populated\">\n\t\t\t\t\t\t\t\t<div class=\"elementor-element elementor-element-728840b elementor-widget elementor-widget-image\" data-id=\"728840b\" data-element_type=\"widget\" data-widget_type=\"image.default\">\n\t\t\t\t<div class=\"elementor-widget-container\">\n\t\t\t\t\t\t\t\t\t\t\t\t\t\t\t<img width=\"768\" height=\"1024\" src=\"https:\/\/hiqvina.com\/wp-content\/uploads\/2021\/07\/20200712_115545-768x1024.jpg\" class=\"attachment-large size-large\" alt=\"\" loading=\"lazy\" srcset=\"https:\/\/hiqvina.com\/wp-content\/uploads\/2021\/07\/20200712_115545-768x1024.jpg 768w, https:\/\/hiqvina.com\/wp-content\/uploads\/2021\/07\/20200712_115545-225x300.jpg 225w, https:\/\/hiqvina.com\/wp-content\/uploads\/2021\/07\/20200712_115545-1152x1536.jpg 1152w, https:\/\/hiqvina.com\/wp-content\/uploads\/2021\/07\/20200712_115545-1536x2048.jpg 1536w, https:\/\/hiqvina.com\/wp-content\/uploads\/2021\/07\/20200712_115545-600x800.jpg 600w, https:\/\/hiqvina.com\/wp-content\/uploads\/2021\/07\/20200712_115545-scaled.jpg 1920w\" sizes=\"(max-width: 768px) 100vw, 768px\" \/>\t\t\t\t\t\t\t\t\t\t\t\t\t\t\t<\/div>\n\t\t\t\t<\/div>\n\t\t\t\t\t<\/div>\n\t\t<\/div>\n\t\t\t\t\t\t\t<\/div>\n\t\t<\/section>\n\t\t\t\t<section class=\"elementor-section elementor-top-section elementor-element elementor-element-32b6b9e elementor-section-content-middle elementor-section-boxed elementor-section-height-default elementor-section-height-default\" data-id=\"32b6b9e\" data-element_type=\"section\" data-settings=\"{&quot;background_background&quot;:&quot;classic&quot;}\">\n\t\t\t\t\t\t<div class=\"elementor-container elementor-column-gap-default\">\n\t\t\t\t\t<div class=\"elementor-column elementor-col-50 elementor-top-column elementor-element elementor-element-52d1490\" data-id=\"52d1490\" data-element_type=\"column\">\n\t\t\t<div class=\"elementor-widget-wrap elementor-element-populated\">\n\t\t\t\t\t\t\t\t<div class=\"elementor-element elementor-element-844d913 elementor-widget elementor-widget-text-editor\" data-id=\"844d913\" data-element_type=\"widget\" data-widget_type=\"text-editor.default\">\n\t\t\t\t<div class=\"elementor-widget-container\">\n\t\t\t\t\t\t\t\t<p><span style=\"font-size: 14pt;\"><strong>Installation Locations:<\/strong><\/span><\/p>\n<ul>\n<li>\n<p>Installed on the top or side of embankments and guardrails.<\/p>\n<\/li>\n<li>\n<p>Installed in areas where the minimum speed is over 50km\/h.<\/p>\n<\/li>\n<li>\n<p>Installed at locations with sudden lane changes, lane additions, or reductions.<\/p>\n<\/li>\n<li>\n<p>Installed on curved roads.<\/p>\n<\/li>\n<li>\n<p>Installed alongside PE water-filled lane dividers, crash cushions, mobile barriers, etc.<\/p>\n<\/li>\n<\/ul>\t\t\t\t\t\t<\/div>\n\t\t\t\t<\/div>\n\t\t\t\t\t<\/div>\n\t\t<\/div>\n\t\t\t\t<div class=\"elementor-column elementor-col-50 elementor-top-column elementor-element elementor-element-336996a\" data-id=\"336996a\" data-element_type=\"column\">\n\t\t\t<div class=\"elementor-widget-wrap elementor-element-populated\">\n\t\t\t\t\t\t\t\t<div class=\"elementor-element elementor-element-2aec769 elementor-widget elementor-widget-image\" data-id=\"2aec769\" data-element_type=\"widget\" data-widget_type=\"image.default\">\n\t\t\t\t<div class=\"elementor-widget-container\">\n\t\t\t\t\t\t\t\t\t\t\t\t\t\t\t<img width=\"1024\" height=\"526\" src=\"https:\/\/hiqvina.com\/wp-content\/uploads\/2024\/05\/rao-phan-lan-do-nuoc-mini-4.webp\" class=\"attachment-large size-large\" alt=\"\" loading=\"lazy\" \/>\t\t\t\t\t\t\t\t\t\t\t\t\t\t\t<\/div>\n\t\t\t\t<\/div>\n\t\t\t\t\t<\/div>\n\t\t<\/div>\n\t\t\t\t\t\t\t<\/div>\n\t\t<\/section>\n\t\t\t\t<section class=\"elementor-section elementor-top-section elementor-element elementor-element-5d7f458 elementor-section-boxed elementor-section-height-default elementor-section-height-default\" data-id=\"5d7f458\" data-element_type=\"section\">\n\t\t\t\t\t\t<div class=\"elementor-container elementor-column-gap-default\">\n\t\t\t\t\t<div class=\"elementor-column elementor-col-100 elementor-top-column elementor-element elementor-element-b4f38bb\" data-id=\"b4f38bb\" data-element_type=\"column\">\n\t\t\t<div class=\"elementor-widget-wrap elementor-element-populated\">\n\t\t\t\t\t\t\t\t<div class=\"elementor-element elementor-element-e226321 elementor-widget elementor-widget-gallery\" data-id=\"e226321\" data-element_type=\"widget\" data-settings=\"{&quot;lazyload&quot;:&quot;yes&quot;,&quot;gallery_layout&quot;:&quot;grid&quot;,&quot;columns&quot;:4,&quot;columns_tablet&quot;:2,&quot;columns_mobile&quot;:1,&quot;gap&quot;:{&quot;unit&quot;:&quot;px&quot;,&quot;size&quot;:10,&quot;sizes&quot;:[]},&quot;gap_tablet&quot;:{&quot;unit&quot;:&quot;px&quot;,&quot;size&quot;:10,&quot;sizes&quot;:[]},&quot;gap_mobile&quot;:{&quot;unit&quot;:&quot;px&quot;,&quot;size&quot;:10,&quot;sizes&quot;:[]},&quot;link_to&quot;:&quot;file&quot;,&quot;aspect_ratio&quot;:&quot;3:2&quot;,&quot;overlay_background&quot;:&quot;yes&quot;,&quot;content_hover_animation&quot;:&quot;fade-in&quot;}\" data-widget_type=\"gallery.default\">\n\t\t\t\t<div class=\"elementor-widget-container\">\n\t\t\t\t\t<div class=\"elementor-gallery__container\">\n\t\t\t\t\t\t\t<a class=\"e-gallery-item elementor-gallery-item elementor-animated-content\" href=\"https:\/\/hiqvina.com\/wp-content\/uploads\/2025\/10\/1-copy.jpg\" data-elementor-open-lightbox=\"yes\" data-elementor-lightbox-slideshow=\"all-e226321\" data-elementor-lightbox-title=\"1 copy\">\n\t\t\t\t\t<div class=\"e-gallery-image elementor-gallery-item__image\" data-thumbnail=\"https:\/\/hiqvina.com\/wp-content\/uploads\/2025\/10\/1-copy-300x250.jpg\" data-width=\"300\" data-height=\"250\" alt=\"\" ><\/div>\n\t\t\t\t\t\t\t\t\t\t<div class=\"elementor-gallery-item__overlay\"><\/div>\n\t\t\t\t\t\t\t\t\t\t\t\t\t\t<\/a>\n\t\t\t\t\t\t\t<a class=\"e-gallery-item elementor-gallery-item elementor-animated-content\" href=\"https:\/\/hiqvina.com\/wp-content\/uploads\/2025\/10\/2-1.jpg\" data-elementor-open-lightbox=\"yes\" data-elementor-lightbox-slideshow=\"all-e226321\" data-elementor-lightbox-title=\"2\">\n\t\t\t\t\t<div class=\"e-gallery-image elementor-gallery-item__image\" data-thumbnail=\"https:\/\/hiqvina.com\/wp-content\/uploads\/2025\/10\/2-1-300x175.jpg\" data-width=\"300\" data-height=\"175\" alt=\"\" ><\/div>\n\t\t\t\t\t\t\t\t\t\t<div class=\"elementor-gallery-item__overlay\"><\/div>\n\t\t\t\t\t\t\t\t\t\t\t\t\t\t<\/a>\n\t\t\t\t\t\t\t<a class=\"e-gallery-item elementor-gallery-item elementor-animated-content\" href=\"https:\/\/hiqvina.com\/wp-content\/uploads\/2025\/10\/3-1.jpg\" data-elementor-open-lightbox=\"yes\" data-elementor-lightbox-slideshow=\"all-e226321\" data-elementor-lightbox-title=\"3\">\n\t\t\t\t\t<div class=\"e-gallery-image elementor-gallery-item__image\" data-thumbnail=\"https:\/\/hiqvina.com\/wp-content\/uploads\/2025\/10\/3-1-300x268.jpg\" data-width=\"300\" data-height=\"268\" alt=\"\" ><\/div>\n\t\t\t\t\t\t\t\t\t\t<div class=\"elementor-gallery-item__overlay\"><\/div>\n\t\t\t\t\t\t\t\t\t\t\t\t\t\t<\/a>\n\t\t\t\t\t\t\t<a class=\"e-gallery-item elementor-gallery-item elementor-animated-content\" href=\"https:\/\/hiqvina.com\/wp-content\/uploads\/2025\/10\/4.jpg\" data-elementor-open-lightbox=\"yes\" data-elementor-lightbox-slideshow=\"all-e226321\" data-elementor-lightbox-title=\"4\">\n\t\t\t\t\t<div class=\"e-gallery-image elementor-gallery-item__image\" data-thumbnail=\"https:\/\/hiqvina.com\/wp-content\/uploads\/2025\/10\/4-300x225.jpg\" data-width=\"300\" data-height=\"225\" alt=\"\" ><\/div>\n\t\t\t\t\t\t\t\t\t\t<div class=\"elementor-gallery-item__overlay\"><\/div>\n\t\t\t\t\t\t\t\t\t\t\t\t\t\t<\/a>\n\t\t\t\t\t<\/div>\n\t\t\t<\/div>\n\t\t\t\t<\/div>\n\t\t\t\t\t<\/div>\n\t\t<\/div>\n\t\t\t\t\t\t\t<\/div>\n\t\t<\/section>\n\t\t\t\t<section class=\"elementor-section elementor-top-section elementor-element elementor-element-1cff55e elementor-section-boxed elementor-section-height-default elementor-section-height-default\" data-id=\"1cff55e\" data-element_type=\"section\">\n\t\t\t\t\t\t<div class=\"elementor-container elementor-column-gap-default\">\n\t\t\t\t\t<div class=\"elementor-column elementor-col-100 elementor-top-column elementor-element elementor-element-7f1f2bd\" data-id=\"7f1f2bd\" data-element_type=\"column\">\n\t\t\t<div class=\"elementor-widget-wrap elementor-element-populated\">\n\t\t\t\t\t\t\t\t<div class=\"elementor-element elementor-element-1b3b9ef elementor-widget elementor-widget-heading\" data-id=\"1b3b9ef\" data-element_type=\"widget\" data-widget_type=\"heading.default\">\n\t\t\t\t<div class=\"elementor-widget-container\">\n\t\t\t<h2 class=\"elementor-heading-title elementor-size-default\">Technical Drawing<\/h2>\t\t<\/div>\n\t\t\t\t<\/div>\n\t\t\t\t\t<\/div>\n\t\t<\/div>\n\t\t\t\t\t\t\t<\/div>\n\t\t<\/section>\n\t\t\t\t<section class=\"elementor-section elementor-top-section elementor-element elementor-element-f714b9d elementor-section-boxed elementor-section-height-default elementor-section-height-default\" data-id=\"f714b9d\" data-element_type=\"section\">\n\t\t\t\t\t\t<div class=\"elementor-container elementor-column-gap-wide\">\n\t\t\t\t\t<div class=\"elementor-column elementor-col-50 elementor-top-column elementor-element elementor-element-eccc121\" data-id=\"eccc121\" data-element_type=\"column\">\n\t\t\t<div class=\"elementor-widget-wrap elementor-element-populated\">\n\t\t\t\t\t\t\t\t<div class=\"elementor-element elementor-element-46a13b8 elementor-widget elementor-widget-heading\" data-id=\"46a13b8\" data-element_type=\"widget\" data-widget_type=\"heading.default\">\n\t\t\t\t<div class=\"elementor-widget-container\">\n\t\t\t<h3 class=\"elementor-heading-title elementor-size-default\">Round Delineator (\u00f8100)<\/h3>\t\t<\/div>\n\t\t\t\t<\/div>\n\t\t\t\t<div class=\"elementor-element elementor-element-160adbd elementor-widget elementor-widget-image\" data-id=\"160adbd\" data-element_type=\"widget\" data-widget_type=\"image.default\">\n\t\t\t\t<div class=\"elementor-widget-container\">\n\t\t\t\t\t\t\t\t\t\t\t\t\t\t\t<img width=\"716\" height=\"1024\" src=\"https:\/\/hiqvina.com\/wp-content\/uploads\/2019\/07\/Tieu-phan-quang-tron-o100_PDF-scaled.webp\" class=\"attachment-large size-large\" alt=\"\" loading=\"lazy\" \/>\t\t\t\t\t\t\t\t\t\t\t\t\t\t\t<\/div>\n\t\t\t\t<\/div>\n\t\t\t\t\t<\/div>\n\t\t<\/div>\n\t\t\t\t<div class=\"elementor-column elementor-col-50 elementor-top-column elementor-element elementor-element-6b171ae\" data-id=\"6b171ae\" data-element_type=\"column\">\n\t\t\t<div class=\"elementor-widget-wrap elementor-element-populated\">\n\t\t\t\t\t\t\t\t<div class=\"elementor-element elementor-element-6d329ad elementor-widget elementor-widget-heading\" data-id=\"6d329ad\" data-element_type=\"widget\" data-widget_type=\"heading.default\">\n\t\t\t\t<div class=\"elementor-widget-container\">\n\t\t\t<h3 class=\"elementor-heading-title elementor-size-default\">Round Delineator (\u00f8150)<\/h3>\t\t<\/div>\n\t\t\t\t<\/div>\n\t\t\t\t<div class=\"elementor-element elementor-element-c9b1250 elementor-widget elementor-widget-image\" data-id=\"c9b1250\" data-element_type=\"widget\" data-widget_type=\"image.default\">\n\t\t\t\t<div class=\"elementor-widget-container\">\n\t\t\t\t\t\t\t\t\t\t\t\t\t\t\t<img width=\"716\" height=\"1024\" src=\"https:\/\/hiqvina.com\/wp-content\/uploads\/2019\/07\/Tieu-phan-quang-tron-o150_PDF-scaled.webp\" class=\"attachment-large size-large\" alt=\"\" loading=\"lazy\" \/>\t\t\t\t\t\t\t\t\t\t\t\t\t\t\t<\/div>\n\t\t\t\t<\/div>\n\t\t\t\t\t<\/div>\n\t\t<\/div>\n\t\t\t\t\t\t\t<\/div>\n\t\t<\/section>\n\t\t\t\t<section class=\"elementor-section elementor-top-section elementor-element elementor-element-8f8f43b elementor-section-boxed elementor-section-height-default elementor-section-height-default\" data-id=\"8f8f43b\" data-element_type=\"section\">\n\t\t\t\t\t\t<div class=\"elementor-container elementor-column-gap-default\">\n\t\t\t\t\t<div class=\"elementor-column elementor-col-100 elementor-top-column elementor-element elementor-element-78e926e\" data-id=\"78e926e\" data-element_type=\"column\">\n\t\t\t<div class=\"elementor-widget-wrap elementor-element-populated\">\n\t\t\t\t\t\t\t\t<div class=\"elementor-element elementor-element-9555d0c elementor-widget elementor-widget-text-editor\" data-id=\"9555d0c\" data-element_type=\"widget\" data-widget_type=\"text-editor.default\">\n\t\t\t\t<div class=\"elementor-widget-container\">\n\t\t\t\t\t\t\t\t<p><strong>Origin:<\/strong> South Korea<\/p>\t\t\t\t\t\t<\/div>\n\t\t\t\t<\/div>\n\t\t\t\t\t<\/div>\n\t\t<\/div>\n\t\t\t\t\t\t\t<\/div>\n\t\t<\/section>\n\t\t\t\t\t\t<\/div>\n\t\t\t\t\t<\/div>\n\t\t","protected":false},"excerpt":{"rendered":"<p>Features: The lens is made from high-reflectivity PC plastic, providing clear visibility to drivers at night. The material used for the delineator is lightweight, durable, and highly versatile, suitable for various terrains and purposes. Characteristics: The product comes in multiple colors and sizes. Applicable to various terrains with different base types. Suitable for: civil engineering [&hellip;]<\/p>\n","protected":false},"featured_media":12158,"comment_status":"open","ping_status":"closed","template":"","meta":[],"product_cat":[154],"product_tag":[195,209],"yoast_head":"<!-- This site is optimized with the Yoast SEO plugin v16.8 - https:\/\/yoast.com\/wordpress\/plugins\/seo\/ -->\n<title>Round Delineator - Thi\u1ebft b\u1ecb an to\u00e0n giao th\u00f4ng<\/title>\n<meta name=\"description\" content=\"Ti\u00eau ph\u1ea3n quang \u00e0m t\u1eeb nh\u1ef1a PC c\u00f3 c\u00e1c h\u00ecnh d\u1ea1ng tr\u00f2n , tam gi\u00e1c... c\u00f3 \u0111\u1ed9 ph\u1ea3n quang cao hi\u1ec3n th\u1ecb tr\u1ef1c quan gi\u00fap t\u00e0i x\u1ebf nh\u1eadn bi\u1ebft trong \u0111\u00eam t\u1ed1i . S\u1ea3n xu\u1ea5t theo c\u00f4ng ngh\u1ec7 H\u00e0n Qu\u1ed1c\" \/>\n<meta name=\"robots\" content=\"index, follow, max-snippet:-1, max-image-preview:large, max-video-preview:-1\" \/>\n<link rel=\"canonical\" href=\"https:\/\/www.hiqvina.com\/en\/product\/round-delineator\/\" \/>\n<meta property=\"og:locale\" content=\"en_US\" \/>\n<meta property=\"og:type\" content=\"article\" \/>\n<meta property=\"og:title\" content=\"Round Delineator - Thi\u1ebft b\u1ecb an to\u00e0n giao th\u00f4ng\" \/>\n<meta property=\"og:description\" content=\"Ti\u00eau ph\u1ea3n quang \u00e0m t\u1eeb nh\u1ef1a PC c\u00f3 c\u00e1c h\u00ecnh d\u1ea1ng tr\u00f2n , tam gi\u00e1c... c\u00f3 \u0111\u1ed9 ph\u1ea3n quang cao hi\u1ec3n th\u1ecb tr\u1ef1c quan gi\u00fap t\u00e0i x\u1ebf nh\u1eadn bi\u1ebft trong \u0111\u00eam t\u1ed1i . S\u1ea3n xu\u1ea5t theo c\u00f4ng ngh\u1ec7 H\u00e0n Qu\u1ed1c\" \/>\n<meta property=\"og:url\" content=\"https:\/\/www.hiqvina.com\/en\/product\/round-delineator\/\" \/>\n<meta property=\"og:site_name\" content=\"Thi\u1ebft b\u1ecb an to\u00e0n giao th\u00f4ng\" \/>\n<meta property=\"article:publisher\" content=\"https:\/\/www.facebook.com\/hiqvina\/\" \/>\n<meta property=\"article:modified_time\" content=\"2025-10-28T02:33:10+00:00\" \/>\n<meta name=\"twitter:card\" content=\"summary_large_image\" \/>\n<meta name=\"twitter:image\" content=\"https:\/\/hiqvina.com\/wp-content\/uploads\/2021\/08\/25.webp\" \/>\n<meta name=\"twitter:label1\" content=\"Est. reading time\" \/>\n\t<meta name=\"twitter:data1\" content=\"1 minute\" \/>\n<script type=\"application\/ld+json\" class=\"yoast-schema-graph\">{\"@context\":\"https:\/\/schema.org\",\"@graph\":[{\"@type\":\"Organization\",\"@id\":\"https:\/\/www.hiqvina.com\/#organization\",\"name\":\"HIQ Vina Co., Ltd\",\"url\":\"https:\/\/www.hiqvina.com\/\",\"sameAs\":[\"https:\/\/www.facebook.com\/hiqvina\/\",\"https:\/\/www.youtube.com\/channel\/UCYwPV5oBGDfbvkRCQ3RcMhw?view_as=subscriber\"],\"logo\":{\"@type\":\"ImageObject\",\"@id\":\"https:\/\/www.hiqvina.com\/#logo\",\"inLanguage\":\"en-US\",\"url\":\"https:\/\/hiqvina.com\/wp-content\/uploads\/2021\/07\/logo-gan-vao-lightbox.png\",\"contentUrl\":\"https:\/\/hiqvina.com\/wp-content\/uploads\/2021\/07\/logo-gan-vao-lightbox.png\",\"width\":900,\"height\":600,\"caption\":\"HIQ Vina Co., Ltd\"},\"image\":{\"@id\":\"https:\/\/www.hiqvina.com\/#logo\"}},{\"@type\":\"WebSite\",\"@id\":\"https:\/\/www.hiqvina.com\/#website\",\"url\":\"https:\/\/www.hiqvina.com\/\",\"name\":\"Thi\\u1ebft b\\u1ecb an to\\u00e0n giao th\\u00f4ng\",\"description\":\"Hi-Q VINA\",\"publisher\":{\"@id\":\"https:\/\/www.hiqvina.com\/#organization\"},\"potentialAction\":[{\"@type\":\"SearchAction\",\"target\":{\"@type\":\"EntryPoint\",\"urlTemplate\":\"https:\/\/www.hiqvina.com\/?s={search_term_string}\"},\"query-input\":\"required name=search_term_string\"}],\"inLanguage\":\"en-US\"},{\"@type\":\"ImageObject\",\"@id\":\"https:\/\/www.hiqvina.com\/en\/product\/round-delineator\/#primaryimage\",\"inLanguage\":\"en-US\",\"url\":\"https:\/\/hiqvina.com\/wp-content\/uploads\/2021\/08\/25.webp\",\"contentUrl\":\"https:\/\/hiqvina.com\/wp-content\/uploads\/2021\/08\/25.webp\",\"width\":480,\"height\":480},{\"@type\":\"WebPage\",\"@id\":\"https:\/\/www.hiqvina.com\/en\/product\/round-delineator\/#webpage\",\"url\":\"https:\/\/www.hiqvina.com\/en\/product\/round-delineator\/\",\"name\":\"Round Delineator - Thi\\u1ebft b\\u1ecb an to\\u00e0n giao th\\u00f4ng\",\"isPartOf\":{\"@id\":\"https:\/\/www.hiqvina.com\/#website\"},\"primaryImageOfPage\":{\"@id\":\"https:\/\/www.hiqvina.com\/en\/product\/round-delineator\/#primaryimage\"},\"datePublished\":\"2019-07-31T02:15:43+00:00\",\"dateModified\":\"2025-10-28T02:33:10+00:00\",\"description\":\"Ti\\u00eau ph\\u1ea3n quang \\u00e0m t\\u1eeb nh\\u1ef1a PC c\\u00f3 c\\u00e1c h\\u00ecnh d\\u1ea1ng tr\\u00f2n , tam gi\\u00e1c... c\\u00f3 \\u0111\\u1ed9 ph\\u1ea3n quang cao hi\\u1ec3n th\\u1ecb tr\\u1ef1c quan gi\\u00fap t\\u00e0i x\\u1ebf nh\\u1eadn bi\\u1ebft trong \\u0111\\u00eam t\\u1ed1i . S\\u1ea3n xu\\u1ea5t theo c\\u00f4ng ngh\\u1ec7 H\\u00e0n Qu\\u1ed1c\",\"breadcrumb\":{\"@id\":\"https:\/\/www.hiqvina.com\/en\/product\/round-delineator\/#breadcrumb\"},\"inLanguage\":\"en-US\",\"potentialAction\":[{\"@type\":\"ReadAction\",\"target\":[\"https:\/\/www.hiqvina.com\/en\/product\/round-delineator\/\"]}]},{\"@type\":\"BreadcrumbList\",\"@id\":\"https:\/\/www.hiqvina.com\/en\/product\/round-delineator\/#breadcrumb\",\"itemListElement\":[{\"@type\":\"ListItem\",\"position\":1,\"name\":\"Trang ch\\u1ee7\",\"item\":\"https:\/\/www.hiqvina.com\/\"},{\"@type\":\"ListItem\",\"position\":2,\"name\":\"T\\u1ea5t c\\u1ea3 s\\u1ea3n ph\\u1ea9m\",\"item\":\"https:\/\/hiqvina.com\/en\/shop\/\"},{\"@type\":\"ListItem\",\"position\":3,\"name\":\"Round Delineator\"}]}]}<\/script>\n<!-- \/ Yoast SEO plugin. -->","yoast_head_json":{"title":"Round Delineator - Thi\u1ebft b\u1ecb an to\u00e0n giao th\u00f4ng","description":"Ti\u00eau ph\u1ea3n quang \u00e0m t\u1eeb nh\u1ef1a PC c\u00f3 c\u00e1c h\u00ecnh d\u1ea1ng tr\u00f2n , tam gi\u00e1c... c\u00f3 \u0111\u1ed9 ph\u1ea3n quang cao hi\u1ec3n th\u1ecb tr\u1ef1c quan gi\u00fap t\u00e0i x\u1ebf nh\u1eadn bi\u1ebft trong \u0111\u00eam t\u1ed1i . S\u1ea3n xu\u1ea5t theo c\u00f4ng ngh\u1ec7 H\u00e0n Qu\u1ed1c","robots":{"index":"index","follow":"follow","max-snippet":"max-snippet:-1","max-image-preview":"max-image-preview:large","max-video-preview":"max-video-preview:-1"},"canonical":"https:\/\/www.hiqvina.com\/en\/product\/round-delineator\/","og_locale":"en_US","og_type":"article","og_title":"Round Delineator - Thi\u1ebft b\u1ecb an to\u00e0n giao th\u00f4ng","og_description":"Ti\u00eau ph\u1ea3n quang \u00e0m t\u1eeb nh\u1ef1a PC c\u00f3 c\u00e1c h\u00ecnh d\u1ea1ng tr\u00f2n , tam gi\u00e1c... c\u00f3 \u0111\u1ed9 ph\u1ea3n quang cao hi\u1ec3n th\u1ecb tr\u1ef1c quan gi\u00fap t\u00e0i x\u1ebf nh\u1eadn bi\u1ebft trong \u0111\u00eam t\u1ed1i . S\u1ea3n xu\u1ea5t theo c\u00f4ng ngh\u1ec7 H\u00e0n Qu\u1ed1c","og_url":"https:\/\/www.hiqvina.com\/en\/product\/round-delineator\/","og_site_name":"Thi\u1ebft b\u1ecb an to\u00e0n giao th\u00f4ng","article_publisher":"https:\/\/www.facebook.com\/hiqvina\/","article_modified_time":"2025-10-28T02:33:10+00:00","twitter_card":"summary_large_image","twitter_image":"https:\/\/hiqvina.com\/wp-content\/uploads\/2021\/08\/25.webp","twitter_misc":{"Est. reading time":"1 minute"},"schema":{"@context":"https:\/\/schema.org","@graph":[{"@type":"Organization","@id":"https:\/\/www.hiqvina.com\/#organization","name":"HIQ Vina Co., Ltd","url":"https:\/\/www.hiqvina.com\/","sameAs":["https:\/\/www.facebook.com\/hiqvina\/","https:\/\/www.youtube.com\/channel\/UCYwPV5oBGDfbvkRCQ3RcMhw?view_as=subscriber"],"logo":{"@type":"ImageObject","@id":"https:\/\/www.hiqvina.com\/#logo","inLanguage":"en-US","url":"https:\/\/hiqvina.com\/wp-content\/uploads\/2021\/07\/logo-gan-vao-lightbox.png","contentUrl":"https:\/\/hiqvina.com\/wp-content\/uploads\/2021\/07\/logo-gan-vao-lightbox.png","width":900,"height":600,"caption":"HIQ Vina Co., Ltd"},"image":{"@id":"https:\/\/www.hiqvina.com\/#logo"}},{"@type":"WebSite","@id":"https:\/\/www.hiqvina.com\/#website","url":"https:\/\/www.hiqvina.com\/","name":"Thi\u1ebft b\u1ecb an to\u00e0n giao th\u00f4ng","description":"Hi-Q VINA","publisher":{"@id":"https:\/\/www.hiqvina.com\/#organization"},"potentialAction":[{"@type":"SearchAction","target":{"@type":"EntryPoint","urlTemplate":"https:\/\/www.hiqvina.com\/?s={search_term_string}"},"query-input":"required name=search_term_string"}],"inLanguage":"en-US"},{"@type":"ImageObject","@id":"https:\/\/www.hiqvina.com\/en\/product\/round-delineator\/#primaryimage","inLanguage":"en-US","url":"https:\/\/hiqvina.com\/wp-content\/uploads\/2021\/08\/25.webp","contentUrl":"https:\/\/hiqvina.com\/wp-content\/uploads\/2021\/08\/25.webp","width":480,"height":480},{"@type":"WebPage","@id":"https:\/\/www.hiqvina.com\/en\/product\/round-delineator\/#webpage","url":"https:\/\/www.hiqvina.com\/en\/product\/round-delineator\/","name":"Round Delineator - Thi\u1ebft b\u1ecb an to\u00e0n giao th\u00f4ng","isPartOf":{"@id":"https:\/\/www.hiqvina.com\/#website"},"primaryImageOfPage":{"@id":"https:\/\/www.hiqvina.com\/en\/product\/round-delineator\/#primaryimage"},"datePublished":"2019-07-31T02:15:43+00:00","dateModified":"2025-10-28T02:33:10+00:00","description":"Ti\u00eau ph\u1ea3n quang \u00e0m t\u1eeb nh\u1ef1a PC c\u00f3 c\u00e1c h\u00ecnh d\u1ea1ng tr\u00f2n , tam gi\u00e1c... c\u00f3 \u0111\u1ed9 ph\u1ea3n quang cao hi\u1ec3n th\u1ecb tr\u1ef1c quan gi\u00fap t\u00e0i x\u1ebf nh\u1eadn bi\u1ebft trong \u0111\u00eam t\u1ed1i . S\u1ea3n xu\u1ea5t theo c\u00f4ng ngh\u1ec7 H\u00e0n Qu\u1ed1c","breadcrumb":{"@id":"https:\/\/www.hiqvina.com\/en\/product\/round-delineator\/#breadcrumb"},"inLanguage":"en-US","potentialAction":[{"@type":"ReadAction","target":["https:\/\/www.hiqvina.com\/en\/product\/round-delineator\/"]}]},{"@type":"BreadcrumbList","@id":"https:\/\/www.hiqvina.com\/en\/product\/round-delineator\/#breadcrumb","itemListElement":[{"@type":"ListItem","position":1,"name":"Trang ch\u1ee7","item":"https:\/\/www.hiqvina.com\/"},{"@type":"ListItem","position":2,"name":"T\u1ea5t c\u1ea3 s\u1ea3n ph\u1ea9m","item":"https:\/\/hiqvina.com\/en\/shop\/"},{"@type":"ListItem","position":3,"name":"Round Delineator"}]}]}},"_links":{"self":[{"href":"https:\/\/hiqvina.com\/en\/wp-json\/wp\/v2\/product\/3430"}],"collection":[{"href":"https:\/\/hiqvina.com\/en\/wp-json\/wp\/v2\/product"}],"about":[{"href":"https:\/\/hiqvina.com\/en\/wp-json\/wp\/v2\/types\/product"}],"replies":[{"embeddable":true,"href":"https:\/\/hiqvina.com\/en\/wp-json\/wp\/v2\/comments?post=3430"}],"version-history":[{"count":11,"href":"https:\/\/hiqvina.com\/en\/wp-json\/wp\/v2\/product\/3430\/revisions"}],"predecessor-version":[{"id":20525,"href":"https:\/\/hiqvina.com\/en\/wp-json\/wp\/v2\/product\/3430\/revisions\/20525"}],"wp:featuredmedia":[{"embeddable":true,"href":"https:\/\/hiqvina.com\/en\/wp-json\/wp\/v2\/media\/12158"}],"wp:attachment":[{"href":"https:\/\/hiqvina.com\/en\/wp-json\/wp\/v2\/media?parent=3430"}],"wp:term":[{"taxonomy":"product_cat","embeddable":true,"href":"https:\/\/hiqvina.com\/en\/wp-json\/wp\/v2\/product_cat?post=3430"},{"taxonomy":"product_tag","embeddable":true,"href":"https:\/\/hiqvina.com\/en\/wp-json\/wp\/v2\/product_tag?post=3430"}],"curies":[{"name":"wp","href":"https:\/\/api.w.org\/{rel}","templated":true}]}}