{"id":3411,"date":"2019-07-31T10:56:48","date_gmt":"2019-07-31T03:56:48","guid":{"rendered":"https:\/\/hiqvina.com\/cua-hang\/multigate\/"},"modified":"2024-10-02T08:54:30","modified_gmt":"2024-10-02T01:54:30","slug":"multigate","status":"publish","type":"product","link":"https:\/\/hiqvina.com\/en\/product\/multigate\/","title":{"rendered":"Multigate"},"content":{"rendered":"\t\t<div data-elementor-type=\"product-post\" data-elementor-id=\"3411\" class=\"elementor elementor-3411 elementor-806\" data-elementor-settings=\"[]\">\n\t\t\t\t\t\t\t<div class=\"elementor-section-wrap\">\n\t\t\t\t\t\t\t<section class=\"elementor-section elementor-top-section elementor-element elementor-element-ef67c4e elementor-section-content-middle elementor-section-boxed elementor-section-height-default elementor-section-height-default\" data-id=\"ef67c4e\" data-element_type=\"section\">\n\t\t\t\t\t\t<div class=\"elementor-container elementor-column-gap-default\">\n\t\t\t\t\t<div class=\"elementor-column elementor-col-66 elementor-top-column elementor-element elementor-element-cf13390\" data-id=\"cf13390\" data-element_type=\"column\">\n\t\t\t<div class=\"elementor-widget-wrap elementor-element-populated\">\n\t\t\t\t\t\t\t\t<div class=\"elementor-element elementor-element-79dca1b elementor-widget elementor-widget-text-editor\" data-id=\"79dca1b\" data-element_type=\"widget\" data-widget_type=\"text-editor.default\">\n\t\t\t\t<div class=\"elementor-widget-container\">\n\t\t\t\t\t\t\t\t<p><span style=\"font-size: 14pt;\"><strong>Features:<\/strong><\/span><\/p>\n<ul>\n<li>\n<p>The Multigate is made from HDPE plastic with a unique and special design, allowing it to be used in various terrains and for multiple purposes.<\/p>\n<\/li>\n<li>\n<p>With an exclusive design, the product is lightweight and compact, making it easy to deploy and install in a very short time.<\/p>\n<\/li>\n<\/ul>\n<p><span style=\"font-size: 14pt;\"><strong>Characteristics:<\/strong><\/span><\/p>\n<ul>\n<li>\n<p>The product has a handle, making it easy to transport. Its weight can be increased by adding water to provide wind resistance. After use, it can be easily carried.<\/p>\n<\/li>\n<li>\n<p>The length can be adjusted according to the installation location.<\/p>\n<\/li>\n<li>\n<p>It is resistant to strong impacts and withstands outdoor heat well.<\/p>\n<\/li>\n<\/ul>\t\t\t\t\t\t<\/div>\n\t\t\t\t<\/div>\n\t\t\t\t\t<\/div>\n\t\t<\/div>\n\t\t\t\t<div class=\"elementor-column elementor-col-33 elementor-top-column elementor-element elementor-element-6f3d8a9\" data-id=\"6f3d8a9\" data-element_type=\"column\">\n\t\t\t<div class=\"elementor-widget-wrap elementor-element-populated\">\n\t\t\t\t\t\t\t\t<div class=\"elementor-element elementor-element-73cd502 elementor-aspect-ratio-916 elementor-widget elementor-widget-video\" data-id=\"73cd502\" data-element_type=\"widget\" data-settings=\"{&quot;youtube_url&quot;:&quot;https:\\\/\\\/www.youtube.com\\\/watch?v=xQje2Il_QAE&quot;,&quot;loop&quot;:&quot;yes&quot;,&quot;aspect_ratio&quot;:&quot;916&quot;,&quot;video_type&quot;:&quot;youtube&quot;,&quot;controls&quot;:&quot;yes&quot;}\" data-widget_type=\"video.default\">\n\t\t\t\t<div class=\"elementor-widget-container\">\n\t\t\t\t\t<div class=\"elementor-wrapper elementor-fit-aspect-ratio elementor-open-inline\">\n\t\t\t<div class=\"elementor-video\"><\/div>\t\t<\/div>\n\t\t\t\t<\/div>\n\t\t\t\t<\/div>\n\t\t\t\t\t<\/div>\n\t\t<\/div>\n\t\t\t\t\t\t\t<\/div>\n\t\t<\/section>\n\t\t\t\t<section class=\"elementor-section elementor-top-section elementor-element elementor-element-81eb52d elementor-section-boxed elementor-section-height-default elementor-section-height-default\" data-id=\"81eb52d\" data-element_type=\"section\">\n\t\t\t\t\t\t<div class=\"elementor-container elementor-column-gap-default\">\n\t\t\t\t\t<div class=\"elementor-column elementor-col-66 elementor-top-column elementor-element elementor-element-cf15710\" data-id=\"cf15710\" data-element_type=\"column\">\n\t\t\t<div class=\"elementor-widget-wrap elementor-element-populated\">\n\t\t\t\t\t\t\t\t<div class=\"elementor-element elementor-element-75e7dae elementor-widget elementor-widget-text-editor\" data-id=\"75e7dae\" data-element_type=\"widget\" data-widget_type=\"text-editor.default\">\n\t\t\t\t<div class=\"elementor-widget-container\">\n\t\t\t\t\t\t\t\t<p><span style=\"font-size: 14pt;\"><strong>Installation Locations:<\/strong><\/span><\/p>\n<ul>\n<li>\n<p>The product is commonly used to separate areas that need isolation, protect the scene, and prevent unauthorized personnel from entering the area.<\/p>\n<\/li>\n<li>\n<p>Used at entrances, construction site gates, basements, and buildings.<\/p>\n<\/li>\n<li>\n<p>Used at drainage entrances and construction sites under development.<\/p>\n<\/li>\n<\/ul>\n<p><span style=\"font-size: 14pt;\"><strong>Origin:<\/strong><\/span> South Korea<\/p>\t\t\t\t\t\t<\/div>\n\t\t\t\t<\/div>\n\t\t\t\t\t<\/div>\n\t\t<\/div>\n\t\t\t\t<div class=\"elementor-column elementor-col-33 elementor-top-column elementor-element elementor-element-cdd8fd0\" data-id=\"cdd8fd0\" data-element_type=\"column\">\n\t\t\t<div class=\"elementor-widget-wrap elementor-element-populated\">\n\t\t\t\t\t\t\t\t<div class=\"elementor-element elementor-element-f61201c elementor-widget elementor-widget-image\" data-id=\"f61201c\" data-element_type=\"widget\" data-widget_type=\"image.default\">\n\t\t\t\t<div class=\"elementor-widget-container\">\n\t\t\t\t\t\t\t\t\t\t\t\t\t\t\t<img width=\"800\" height=\"600\" src=\"https:\/\/hiqvina.com\/wp-content\/uploads\/2019\/07\/\u00a6-\u00a6_\u00a6f_\u00a6-i7.webp\" class=\"attachment-large size-large\" alt=\"\" loading=\"lazy\" \/>\t\t\t\t\t\t\t\t\t\t\t\t\t\t\t<\/div>\n\t\t\t\t<\/div>\n\t\t\t\t<div class=\"elementor-element elementor-element-013087c elementor-widget elementor-widget-image\" data-id=\"013087c\" data-element_type=\"widget\" data-widget_type=\"image.default\">\n\t\t\t\t<div class=\"elementor-widget-container\">\n\t\t\t\t\t\t\t\t\t\t\t\t\t\t\t<img width=\"1024\" height=\"768\" src=\"https:\/\/hiqvina.com\/wp-content\/uploads\/2019\/07\/Rao-chan-di-dong-2-copy.webp\" class=\"attachment-large size-large\" alt=\"\" loading=\"lazy\" \/>\t\t\t\t\t\t\t\t\t\t\t\t\t\t\t<\/div>\n\t\t\t\t<\/div>\n\t\t\t\t\t<\/div>\n\t\t<\/div>\n\t\t\t\t\t\t\t<\/div>\n\t\t<\/section>\n\t\t\t\t<section class=\"elementor-section elementor-top-section elementor-element elementor-element-fd2be9e elementor-section-boxed elementor-section-height-default elementor-section-height-default\" data-id=\"fd2be9e\" data-element_type=\"section\">\n\t\t\t\t\t\t<div class=\"elementor-container elementor-column-gap-default\">\n\t\t\t\t\t<div class=\"elementor-column elementor-col-100 elementor-top-column elementor-element elementor-element-073fc82\" data-id=\"073fc82\" data-element_type=\"column\">\n\t\t\t<div class=\"elementor-widget-wrap elementor-element-populated\">\n\t\t\t\t\t\t\t\t<div class=\"elementor-element elementor-element-ebe15c2 elementor-widget elementor-widget-heading\" data-id=\"ebe15c2\" data-element_type=\"widget\" data-widget_type=\"heading.default\">\n\t\t\t\t<div class=\"elementor-widget-container\">\n\t\t\t<h2 class=\"elementor-heading-title elementor-size-default\">Technical Drawing<\/h2>\t\t<\/div>\n\t\t\t\t<\/div>\n\t\t\t\t<div class=\"elementor-element elementor-element-c4929a5 elementor-widget elementor-widget-image\" data-id=\"c4929a5\" data-element_type=\"widget\" data-widget_type=\"image.default\">\n\t\t\t\t<div class=\"elementor-widget-container\">\n\t\t\t\t\t\t\t\t\t\t\t\t\t\t\t<img width=\"768\" height=\"1099\" src=\"https:\/\/hiqvina.com\/wp-content\/uploads\/2019\/07\/Rao-phan-lan-di-dong_PDF.webp\" class=\"attachment-medium_large size-medium_large\" alt=\"\" loading=\"lazy\" \/>\t\t\t\t\t\t\t\t\t\t\t\t\t\t\t<\/div>\n\t\t\t\t<\/div>\n\t\t\t\t\t<\/div>\n\t\t<\/div>\n\t\t\t\t\t\t\t<\/div>\n\t\t<\/section>\n\t\t\t\t\t\t<\/div>\n\t\t\t\t\t<\/div>\n\t\t","protected":false},"excerpt":{"rendered":"<p>Features: The Multigate is made from HDPE plastic with a unique and special design, allowing it to be used in various terrains and for multiple purposes. With an exclusive design, the product is lightweight and compact, making it easy to deploy and install in a very short time. Characteristics: The product has a handle, making [&hellip;]<\/p>\n","protected":false},"featured_media":12130,"comment_status":"open","ping_status":"closed","template":"","meta":[],"product_cat":[151,153,154],"product_tag":[197],"yoast_head":"<!-- This site is optimized with the Yoast SEO plugin v16.8 - https:\/\/yoast.com\/wordpress\/plugins\/seo\/ -->\n<title>Multigate - Thi\u1ebft b\u1ecb an to\u00e0n giao th\u00f4ng<\/title>\n<meta name=\"robots\" content=\"index, follow, max-snippet:-1, max-image-preview:large, max-video-preview:-1\" \/>\n<link rel=\"canonical\" href=\"https:\/\/hiqvina.com\/en\/product\/multigate\/\" \/>\n<meta property=\"og:locale\" content=\"en_US\" \/>\n<meta property=\"og:type\" content=\"article\" \/>\n<meta property=\"og:title\" content=\"Multigate - Thi\u1ebft b\u1ecb an to\u00e0n giao th\u00f4ng\" \/>\n<meta property=\"og:description\" content=\"Features: The Multigate is made from HDPE plastic with a unique and special design, allowing it to be used in various terrains and for multiple purposes. With an exclusive design, the product is lightweight and compact, making it easy to deploy and install in a very short time. Characteristics: The product has a handle, making [&hellip;]\" \/>\n<meta property=\"og:url\" content=\"https:\/\/hiqvina.com\/en\/product\/multigate\/\" \/>\n<meta property=\"og:site_name\" content=\"Thi\u1ebft b\u1ecb an to\u00e0n giao th\u00f4ng\" \/>\n<meta property=\"article:publisher\" content=\"https:\/\/www.facebook.com\/hiqvina\/\" \/>\n<meta property=\"article:modified_time\" content=\"2024-10-02T01:54:30+00:00\" \/>\n<meta name=\"twitter:card\" content=\"summary_large_image\" \/>\n<meta name=\"twitter:image\" content=\"https:\/\/hiqvina.com\/wp-content\/uploads\/2021\/08\/11.webp\" \/>\n<meta name=\"twitter:label1\" content=\"Est. reading time\" \/>\n\t<meta name=\"twitter:data1\" content=\"1 minute\" \/>\n<script type=\"application\/ld+json\" class=\"yoast-schema-graph\">{\"@context\":\"https:\/\/schema.org\",\"@graph\":[{\"@type\":\"Organization\",\"@id\":\"https:\/\/www.hiqvina.com\/#organization\",\"name\":\"HIQ Vina Co., Ltd\",\"url\":\"https:\/\/www.hiqvina.com\/\",\"sameAs\":[\"https:\/\/www.facebook.com\/hiqvina\/\",\"https:\/\/www.youtube.com\/channel\/UCYwPV5oBGDfbvkRCQ3RcMhw?view_as=subscriber\"],\"logo\":{\"@type\":\"ImageObject\",\"@id\":\"https:\/\/www.hiqvina.com\/#logo\",\"inLanguage\":\"en-US\",\"url\":\"https:\/\/hiqvina.com\/wp-content\/uploads\/2021\/07\/logo-gan-vao-lightbox.png\",\"contentUrl\":\"https:\/\/hiqvina.com\/wp-content\/uploads\/2021\/07\/logo-gan-vao-lightbox.png\",\"width\":900,\"height\":600,\"caption\":\"HIQ Vina Co., Ltd\"},\"image\":{\"@id\":\"https:\/\/www.hiqvina.com\/#logo\"}},{\"@type\":\"WebSite\",\"@id\":\"https:\/\/www.hiqvina.com\/#website\",\"url\":\"https:\/\/www.hiqvina.com\/\",\"name\":\"Thi\\u1ebft b\\u1ecb an to\\u00e0n giao th\\u00f4ng\",\"description\":\"Hi-Q VINA\",\"publisher\":{\"@id\":\"https:\/\/www.hiqvina.com\/#organization\"},\"potentialAction\":[{\"@type\":\"SearchAction\",\"target\":{\"@type\":\"EntryPoint\",\"urlTemplate\":\"https:\/\/www.hiqvina.com\/?s={search_term_string}\"},\"query-input\":\"required name=search_term_string\"}],\"inLanguage\":\"en-US\"},{\"@type\":\"ImageObject\",\"@id\":\"https:\/\/hiqvina.com\/en\/product\/multigate\/#primaryimage\",\"inLanguage\":\"en-US\",\"url\":\"https:\/\/hiqvina.com\/wp-content\/uploads\/2021\/08\/11.webp\",\"contentUrl\":\"https:\/\/hiqvina.com\/wp-content\/uploads\/2021\/08\/11.webp\",\"width\":480,\"height\":480,\"caption\":\"R\\u00e0o ph\\u00e2n l\\u00e0n di \\u0111\\u1ed9ng\"},{\"@type\":\"WebPage\",\"@id\":\"https:\/\/hiqvina.com\/en\/product\/multigate\/#webpage\",\"url\":\"https:\/\/hiqvina.com\/en\/product\/multigate\/\",\"name\":\"Multigate - Thi\\u1ebft b\\u1ecb an to\\u00e0n giao th\\u00f4ng\",\"isPartOf\":{\"@id\":\"https:\/\/www.hiqvina.com\/#website\"},\"primaryImageOfPage\":{\"@id\":\"https:\/\/hiqvina.com\/en\/product\/multigate\/#primaryimage\"},\"datePublished\":\"2019-07-31T03:56:48+00:00\",\"dateModified\":\"2024-10-02T01:54:30+00:00\",\"breadcrumb\":{\"@id\":\"https:\/\/hiqvina.com\/en\/product\/multigate\/#breadcrumb\"},\"inLanguage\":\"en-US\",\"potentialAction\":[{\"@type\":\"ReadAction\",\"target\":[\"https:\/\/hiqvina.com\/en\/product\/multigate\/\"]}]},{\"@type\":\"BreadcrumbList\",\"@id\":\"https:\/\/hiqvina.com\/en\/product\/multigate\/#breadcrumb\",\"itemListElement\":[{\"@type\":\"ListItem\",\"position\":1,\"name\":\"Trang ch\\u1ee7\",\"item\":\"https:\/\/www.hiqvina.com\/\"},{\"@type\":\"ListItem\",\"position\":2,\"name\":\"T\\u1ea5t c\\u1ea3 s\\u1ea3n ph\\u1ea9m\",\"item\":\"https:\/\/hiqvina.com\/en\/shop\/\"},{\"@type\":\"ListItem\",\"position\":3,\"name\":\"Multigate\"}]}]}<\/script>\n<!-- \/ Yoast SEO plugin. -->","yoast_head_json":{"title":"Multigate - Thi\u1ebft b\u1ecb an to\u00e0n giao th\u00f4ng","robots":{"index":"index","follow":"follow","max-snippet":"max-snippet:-1","max-image-preview":"max-image-preview:large","max-video-preview":"max-video-preview:-1"},"canonical":"https:\/\/hiqvina.com\/en\/product\/multigate\/","og_locale":"en_US","og_type":"article","og_title":"Multigate - Thi\u1ebft b\u1ecb an to\u00e0n giao th\u00f4ng","og_description":"Features: The Multigate is made from HDPE plastic with a unique and special design, allowing it to be used in various terrains and for multiple purposes. With an exclusive design, the product is lightweight and compact, making it easy to deploy and install in a very short time. Characteristics: The product has a handle, making [&hellip;]","og_url":"https:\/\/hiqvina.com\/en\/product\/multigate\/","og_site_name":"Thi\u1ebft b\u1ecb an to\u00e0n giao th\u00f4ng","article_publisher":"https:\/\/www.facebook.com\/hiqvina\/","article_modified_time":"2024-10-02T01:54:30+00:00","twitter_card":"summary_large_image","twitter_image":"https:\/\/hiqvina.com\/wp-content\/uploads\/2021\/08\/11.webp","twitter_misc":{"Est. reading time":"1 minute"},"schema":{"@context":"https:\/\/schema.org","@graph":[{"@type":"Organization","@id":"https:\/\/www.hiqvina.com\/#organization","name":"HIQ Vina Co., Ltd","url":"https:\/\/www.hiqvina.com\/","sameAs":["https:\/\/www.facebook.com\/hiqvina\/","https:\/\/www.youtube.com\/channel\/UCYwPV5oBGDfbvkRCQ3RcMhw?view_as=subscriber"],"logo":{"@type":"ImageObject","@id":"https:\/\/www.hiqvina.com\/#logo","inLanguage":"en-US","url":"https:\/\/hiqvina.com\/wp-content\/uploads\/2021\/07\/logo-gan-vao-lightbox.png","contentUrl":"https:\/\/hiqvina.com\/wp-content\/uploads\/2021\/07\/logo-gan-vao-lightbox.png","width":900,"height":600,"caption":"HIQ Vina Co., Ltd"},"image":{"@id":"https:\/\/www.hiqvina.com\/#logo"}},{"@type":"WebSite","@id":"https:\/\/www.hiqvina.com\/#website","url":"https:\/\/www.hiqvina.com\/","name":"Thi\u1ebft b\u1ecb an to\u00e0n giao th\u00f4ng","description":"Hi-Q VINA","publisher":{"@id":"https:\/\/www.hiqvina.com\/#organization"},"potentialAction":[{"@type":"SearchAction","target":{"@type":"EntryPoint","urlTemplate":"https:\/\/www.hiqvina.com\/?s={search_term_string}"},"query-input":"required name=search_term_string"}],"inLanguage":"en-US"},{"@type":"ImageObject","@id":"https:\/\/hiqvina.com\/en\/product\/multigate\/#primaryimage","inLanguage":"en-US","url":"https:\/\/hiqvina.com\/wp-content\/uploads\/2021\/08\/11.webp","contentUrl":"https:\/\/hiqvina.com\/wp-content\/uploads\/2021\/08\/11.webp","width":480,"height":480,"caption":"R\u00e0o ph\u00e2n l\u00e0n di \u0111\u1ed9ng"},{"@type":"WebPage","@id":"https:\/\/hiqvina.com\/en\/product\/multigate\/#webpage","url":"https:\/\/hiqvina.com\/en\/product\/multigate\/","name":"Multigate - Thi\u1ebft b\u1ecb an to\u00e0n giao th\u00f4ng","isPartOf":{"@id":"https:\/\/www.hiqvina.com\/#website"},"primaryImageOfPage":{"@id":"https:\/\/hiqvina.com\/en\/product\/multigate\/#primaryimage"},"datePublished":"2019-07-31T03:56:48+00:00","dateModified":"2024-10-02T01:54:30+00:00","breadcrumb":{"@id":"https:\/\/hiqvina.com\/en\/product\/multigate\/#breadcrumb"},"inLanguage":"en-US","potentialAction":[{"@type":"ReadAction","target":["https:\/\/hiqvina.com\/en\/product\/multigate\/"]}]},{"@type":"BreadcrumbList","@id":"https:\/\/hiqvina.com\/en\/product\/multigate\/#breadcrumb","itemListElement":[{"@type":"ListItem","position":1,"name":"Trang ch\u1ee7","item":"https:\/\/www.hiqvina.com\/"},{"@type":"ListItem","position":2,"name":"T\u1ea5t c\u1ea3 s\u1ea3n ph\u1ea9m","item":"https:\/\/hiqvina.com\/en\/shop\/"},{"@type":"ListItem","position":3,"name":"Multigate"}]}]}},"_links":{"self":[{"href":"https:\/\/hiqvina.com\/en\/wp-json\/wp\/v2\/product\/3411"}],"collection":[{"href":"https:\/\/hiqvina.com\/en\/wp-json\/wp\/v2\/product"}],"about":[{"href":"https:\/\/hiqvina.com\/en\/wp-json\/wp\/v2\/types\/product"}],"replies":[{"embeddable":true,"href":"https:\/\/hiqvina.com\/en\/wp-json\/wp\/v2\/comments?post=3411"}],"version-history":[{"count":5,"href":"https:\/\/hiqvina.com\/en\/wp-json\/wp\/v2\/product\/3411\/revisions"}],"predecessor-version":[{"id":18441,"href":"https:\/\/hiqvina.com\/en\/wp-json\/wp\/v2\/product\/3411\/revisions\/18441"}],"wp:featuredmedia":[{"embeddable":true,"href":"https:\/\/hiqvina.com\/en\/wp-json\/wp\/v2\/media\/12130"}],"wp:attachment":[{"href":"https:\/\/hiqvina.com\/en\/wp-json\/wp\/v2\/media?parent=3411"}],"wp:term":[{"taxonomy":"product_cat","embeddable":true,"href":"https:\/\/hiqvina.com\/en\/wp-json\/wp\/v2\/product_cat?post=3411"},{"taxonomy":"product_tag","embeddable":true,"href":"https:\/\/hiqvina.com\/en\/wp-json\/wp\/v2\/product_tag?post=3411"}],"curies":[{"name":"wp","href":"https:\/\/api.w.org\/{rel}","templated":true}]}}