{"id":3395,"date":"2019-07-31T11:18:44","date_gmt":"2019-07-31T04:18:44","guid":{"rendered":"https:\/\/hiqvina.com\/cua-hang\/side-post\/"},"modified":"2024-10-02T11:23:51","modified_gmt":"2024-10-02T04:23:51","slug":"side-post","status":"publish","type":"product","link":"https:\/\/hiqvina.com\/en\/product\/side-post\/","title":{"rendered":"Side Post"},"content":{"rendered":"\t\t<div data-elementor-type=\"product-post\" data-elementor-id=\"3395\" class=\"elementor elementor-3395 elementor-824\" data-elementor-settings=\"[]\">\n\t\t\t\t\t\t\t<div class=\"elementor-section-wrap\">\n\t\t\t\t\t\t\t<section class=\"elementor-section elementor-top-section elementor-element elementor-element-e2cf4ea elementor-section-boxed elementor-section-height-default elementor-section-height-default\" data-id=\"e2cf4ea\" data-element_type=\"section\">\n\t\t\t\t\t\t<div class=\"elementor-container elementor-column-gap-default\">\n\t\t\t\t\t<div class=\"elementor-column elementor-col-100 elementor-top-column elementor-element elementor-element-a53e714\" data-id=\"a53e714\" data-element_type=\"column\">\n\t\t\t<div class=\"elementor-widget-wrap elementor-element-populated\">\n\t\t\t\t\t\t\t\t<div class=\"elementor-element elementor-element-5bb9443 elementor-widget elementor-widget-text-editor\" data-id=\"5bb9443\" data-element_type=\"widget\" data-widget_type=\"text-editor.default\">\n\t\t\t\t<div class=\"elementor-widget-container\">\n\t\t\t\t\t\t\t\t<p>The Side Post is made from sturdy HDPE material, providing resistance against strong external impacts. Additionally, the PC reflective material offers near-permanent reflectivity.<\/p>\n<p>The reflective surface uses PC, which has higher reflectivity, making it easier to spot at night. At the same time, PC is more cost-effective than crystal glass holes, helping to reduce production costs.<\/p>\t\t\t\t\t\t<\/div>\n\t\t\t\t<\/div>\n\t\t\t\t\t<\/div>\n\t\t<\/div>\n\t\t\t\t\t\t\t<\/div>\n\t\t<\/section>\n\t\t\t\t<section class=\"elementor-section elementor-top-section elementor-element elementor-element-6e52c17 elementor-section-content-middle elementor-section-boxed elementor-section-height-default elementor-section-height-default\" data-id=\"6e52c17\" data-element_type=\"section\" data-settings=\"{&quot;background_background&quot;:&quot;classic&quot;}\">\n\t\t\t\t\t\t<div class=\"elementor-container elementor-column-gap-default\">\n\t\t\t\t\t<div class=\"elementor-column elementor-col-66 elementor-top-column elementor-element elementor-element-c626aa0\" data-id=\"c626aa0\" data-element_type=\"column\">\n\t\t\t<div class=\"elementor-widget-wrap elementor-element-populated\">\n\t\t\t\t\t\t\t\t<div class=\"elementor-element elementor-element-8164d64 elementor-widget elementor-widget-text-editor\" data-id=\"8164d64\" data-element_type=\"widget\" data-widget_type=\"text-editor.default\">\n\t\t\t\t<div class=\"elementor-widget-container\">\n\t\t\t\t\t\t\t\t<p><strong>Features of the Side Post:<\/strong><\/p>\n<p>The Side Post is used in combination with slopes and guardrails to enhance visibility for drivers in low-light conditions.<\/p>\n<p>It has a large size, is easy to recognize, and comes in bright, noticeable colors.<\/p>\t\t\t\t\t\t<\/div>\n\t\t\t\t<\/div>\n\t\t\t\t\t<\/div>\n\t\t<\/div>\n\t\t\t\t<div class=\"elementor-column elementor-col-33 elementor-top-column elementor-element elementor-element-668b199\" data-id=\"668b199\" data-element_type=\"column\">\n\t\t\t<div class=\"elementor-widget-wrap elementor-element-populated\">\n\t\t\t\t\t\t\t\t<div class=\"elementor-element elementor-element-0749b7c elementor-widget elementor-widget-image\" data-id=\"0749b7c\" data-element_type=\"widget\" data-widget_type=\"image.default\">\n\t\t\t\t<div class=\"elementor-widget-container\">\n\t\t\t\t\t\t\t\t\t\t\t\t\t\t\t<img width=\"768\" height=\"433\" src=\"https:\/\/hiqvina.com\/wp-content\/uploads\/2019\/07\/Coc-tieu-cam-dat-1-copy.webp\" class=\"attachment-large size-large\" alt=\"\" loading=\"lazy\" \/>\t\t\t\t\t\t\t\t\t\t\t\t\t\t\t<\/div>\n\t\t\t\t<\/div>\n\t\t\t\t\t<\/div>\n\t\t<\/div>\n\t\t\t\t\t\t\t<\/div>\n\t\t<\/section>\n\t\t\t\t<section class=\"elementor-section elementor-top-section elementor-element elementor-element-453c6c3f elementor-section-boxed elementor-section-height-default elementor-section-height-default\" data-id=\"453c6c3f\" data-element_type=\"section\">\n\t\t\t\t\t\t<div class=\"elementor-container elementor-column-gap-default\">\n\t\t\t\t\t<div class=\"elementor-column elementor-col-100 elementor-top-column elementor-element elementor-element-720849b1\" data-id=\"720849b1\" data-element_type=\"column\">\n\t\t\t<div class=\"elementor-widget-wrap elementor-element-populated\">\n\t\t\t\t\t\t\t\t<div class=\"elementor-element elementor-element-78c53d8 elementor-widget elementor-widget-text-editor\" data-id=\"78c53d8\" data-element_type=\"widget\" data-widget_type=\"text-editor.default\">\n\t\t\t\t<div class=\"elementor-widget-container\">\n\t\t\t\t\t\t\t\t<p><strong>Installation Locations for the Side Post:<\/strong><\/p>\n<ul>\n<li>\n<p>Installed alongside slopes, guardrails, and fences.<\/p>\n<\/li>\n<li>\n<p>Installed in areas with dirt roads that lack protective barriers or separators.<\/p>\n<\/li>\n<\/ul>\t\t\t\t\t\t<\/div>\n\t\t\t\t<\/div>\n\t\t\t\t<div class=\"elementor-element elementor-element-dede0c3 elementor-widget elementor-widget-gallery\" data-id=\"dede0c3\" data-element_type=\"widget\" data-settings=\"{&quot;gallery_layout&quot;:&quot;justified&quot;,&quot;lazyload&quot;:&quot;yes&quot;,&quot;ideal_row_height&quot;:{&quot;unit&quot;:&quot;px&quot;,&quot;size&quot;:200,&quot;sizes&quot;:[]},&quot;ideal_row_height_tablet&quot;:{&quot;unit&quot;:&quot;px&quot;,&quot;size&quot;:150,&quot;sizes&quot;:[]},&quot;ideal_row_height_mobile&quot;:{&quot;unit&quot;:&quot;px&quot;,&quot;size&quot;:150,&quot;sizes&quot;:[]},&quot;gap&quot;:{&quot;unit&quot;:&quot;px&quot;,&quot;size&quot;:10,&quot;sizes&quot;:[]},&quot;gap_tablet&quot;:{&quot;unit&quot;:&quot;px&quot;,&quot;size&quot;:10,&quot;sizes&quot;:[]},&quot;gap_mobile&quot;:{&quot;unit&quot;:&quot;px&quot;,&quot;size&quot;:10,&quot;sizes&quot;:[]},&quot;link_to&quot;:&quot;file&quot;,&quot;overlay_background&quot;:&quot;yes&quot;,&quot;content_hover_animation&quot;:&quot;fade-in&quot;}\" data-widget_type=\"gallery.default\">\n\t\t\t\t<div class=\"elementor-widget-container\">\n\t\t\t\t\t<div class=\"elementor-gallery__container\">\n\t\t\t\t\t\t\t<a class=\"e-gallery-item elementor-gallery-item elementor-animated-content\" href=\"https:\/\/hiqvina.com\/wp-content\/uploads\/2019\/07\/Coc-tieu-cam-dat-2-copy.webp\" data-elementor-open-lightbox=\"yes\" data-elementor-lightbox-slideshow=\"all-dede0c3\" data-elementor-lightbox-title=\"Coc tieu cam dat -2 copy\">\n\t\t\t\t\t<div class=\"e-gallery-image elementor-gallery-item__image\" data-thumbnail=\"https:\/\/hiqvina.com\/wp-content\/uploads\/2019\/07\/Coc-tieu-cam-dat-2-copy.webp\" data-width=\"300\" data-height=\"225\" alt=\"\" ><\/div>\n\t\t\t\t\t\t\t\t\t\t<div class=\"elementor-gallery-item__overlay\"><\/div>\n\t\t\t\t\t\t\t\t\t\t\t\t\t\t<\/a>\n\t\t\t\t\t\t\t<a class=\"e-gallery-item elementor-gallery-item elementor-animated-content\" href=\"https:\/\/hiqvina.com\/wp-content\/uploads\/2019\/07\/Coc-tieu-cam-dat-3-copy.webp\" data-elementor-open-lightbox=\"yes\" data-elementor-lightbox-slideshow=\"all-dede0c3\" data-elementor-lightbox-title=\"Coc tieu cam dat -3 copy\">\n\t\t\t\t\t<div class=\"e-gallery-image elementor-gallery-item__image\" data-thumbnail=\"https:\/\/hiqvina.com\/wp-content\/uploads\/2019\/07\/Coc-tieu-cam-dat-3-copy.webp\" data-width=\"300\" data-height=\"225\" alt=\"\" ><\/div>\n\t\t\t\t\t\t\t\t\t\t<div class=\"elementor-gallery-item__overlay\"><\/div>\n\t\t\t\t\t\t\t\t\t\t\t\t\t\t<\/a>\n\t\t\t\t\t\t\t<a class=\"e-gallery-item elementor-gallery-item elementor-animated-content\" href=\"https:\/\/hiqvina.com\/wp-content\/uploads\/2019\/07\/Coc-tieu-cam-dat-4-copy.webp\" data-elementor-open-lightbox=\"yes\" data-elementor-lightbox-slideshow=\"all-dede0c3\" data-elementor-lightbox-title=\"Coc tieu cam dat -4 copy\">\n\t\t\t\t\t<div class=\"e-gallery-image elementor-gallery-item__image\" data-thumbnail=\"https:\/\/hiqvina.com\/wp-content\/uploads\/2019\/07\/Coc-tieu-cam-dat-4-copy.webp\" data-width=\"300\" data-height=\"225\" alt=\"\" ><\/div>\n\t\t\t\t\t\t\t\t\t\t<div class=\"elementor-gallery-item__overlay\"><\/div>\n\t\t\t\t\t\t\t\t\t\t\t\t\t\t<\/a>\n\t\t\t\t\t\t\t<a class=\"e-gallery-item elementor-gallery-item elementor-animated-content\" href=\"https:\/\/hiqvina.com\/wp-content\/uploads\/2019\/07\/Coc-tieu-cam-dat-5-copy.webp\" data-elementor-open-lightbox=\"yes\" data-elementor-lightbox-slideshow=\"all-dede0c3\" data-elementor-lightbox-title=\"Coc tieu cam dat -5 copy\">\n\t\t\t\t\t<div class=\"e-gallery-image elementor-gallery-item__image\" data-thumbnail=\"https:\/\/hiqvina.com\/wp-content\/uploads\/2019\/07\/Coc-tieu-cam-dat-5-copy.webp\" data-width=\"300\" data-height=\"225\" alt=\"\" ><\/div>\n\t\t\t\t\t\t\t\t\t\t<div class=\"elementor-gallery-item__overlay\"><\/div>\n\t\t\t\t\t\t\t\t\t\t\t\t\t\t<\/a>\n\t\t\t\t\t<\/div>\n\t\t\t<\/div>\n\t\t\t\t<\/div>\n\t\t\t\t\t<\/div>\n\t\t<\/div>\n\t\t\t\t\t\t\t<\/div>\n\t\t<\/section>\n\t\t\t\t<section class=\"elementor-section elementor-top-section elementor-element elementor-element-e9dec23 elementor-section-boxed elementor-section-height-default elementor-section-height-default\" data-id=\"e9dec23\" data-element_type=\"section\">\n\t\t\t\t\t\t<div class=\"elementor-container elementor-column-gap-wider\">\n\t\t\t\t\t<div class=\"elementor-column elementor-col-50 elementor-top-column elementor-element elementor-element-5f860d0\" data-id=\"5f860d0\" data-element_type=\"column\">\n\t\t\t<div class=\"elementor-widget-wrap elementor-element-populated\">\n\t\t\t\t\t\t\t\t<div class=\"elementor-element elementor-element-32913ef elementor-widget elementor-widget-heading\" data-id=\"32913ef\" data-element_type=\"widget\" data-widget_type=\"heading.default\">\n\t\t\t\t<div class=\"elementor-widget-container\">\n\t\t\t<h3 class=\"elementor-heading-title elementor-size-default\">Technical Drawing<\/h3>\t\t<\/div>\n\t\t\t\t<\/div>\n\t\t\t\t<div class=\"elementor-element elementor-element-75341c3 elementor-widget elementor-widget-image\" data-id=\"75341c3\" data-element_type=\"widget\" data-widget_type=\"image.default\">\n\t\t\t\t<div class=\"elementor-widget-container\">\n\t\t\t\t\t\t\t\t\t\t\t\t\t\t\t<img width=\"716\" height=\"1024\" src=\"https:\/\/hiqvina.com\/wp-content\/uploads\/2019\/07\/Tieu-phan-quang-cam-dat_PDF.webp\" class=\"attachment-large size-large\" alt=\"\" loading=\"lazy\" \/>\t\t\t\t\t\t\t\t\t\t\t\t\t\t\t<\/div>\n\t\t\t\t<\/div>\n\t\t\t\t\t<\/div>\n\t\t<\/div>\n\t\t\t\t<div class=\"elementor-column elementor-col-50 elementor-top-column elementor-element elementor-element-4e600bf\" data-id=\"4e600bf\" data-element_type=\"column\">\n\t\t\t<div class=\"elementor-widget-wrap elementor-element-populated\">\n\t\t\t\t\t\t\t\t<div class=\"elementor-element elementor-element-edc040c elementor-widget elementor-widget-heading\" data-id=\"edc040c\" data-element_type=\"widget\" data-widget_type=\"heading.default\">\n\t\t\t\t<div class=\"elementor-widget-container\">\n\t\t\t<h3 class=\"elementor-heading-title elementor-size-default\">Installation Drawing<\/h3>\t\t<\/div>\n\t\t\t\t<\/div>\n\t\t\t\t<div class=\"elementor-element elementor-element-12dac79 elementor-widget elementor-widget-image\" data-id=\"12dac79\" data-element_type=\"widget\" data-widget_type=\"image.default\">\n\t\t\t\t<div class=\"elementor-widget-container\">\n\t\t\t\t\t\t\t\t\t\t\t\t\t\t\t<img width=\"716\" height=\"1024\" src=\"https:\/\/hiqvina.com\/wp-content\/uploads\/2019\/07\/Ban-ve-lap-dat-Tieu-phan-quang-cam-dat_PDF.webp\" class=\"attachment-large size-large\" alt=\"\" loading=\"lazy\" \/>\t\t\t\t\t\t\t\t\t\t\t\t\t\t\t<\/div>\n\t\t\t\t<\/div>\n\t\t\t\t\t<\/div>\n\t\t<\/div>\n\t\t\t\t\t\t\t<\/div>\n\t\t<\/section>\n\t\t\t\t<section class=\"elementor-section elementor-top-section elementor-element elementor-element-2e5015f elementor-section-boxed elementor-section-height-default elementor-section-height-default\" data-id=\"2e5015f\" data-element_type=\"section\">\n\t\t\t\t\t\t<div class=\"elementor-container elementor-column-gap-default\">\n\t\t\t\t\t<div class=\"elementor-column elementor-col-100 elementor-top-column elementor-element elementor-element-0fa9bf1\" data-id=\"0fa9bf1\" data-element_type=\"column\">\n\t\t\t<div class=\"elementor-widget-wrap elementor-element-populated\">\n\t\t\t\t\t\t\t\t<div class=\"elementor-element elementor-element-97c7c76 elementor-widget elementor-widget-text-editor\" data-id=\"97c7c76\" data-element_type=\"widget\" data-widget_type=\"text-editor.default\">\n\t\t\t\t<div class=\"elementor-widget-container\">\n\t\t\t\t\t\t\t\t<p><strong>Origin:<\/strong> South Korea<\/p>\t\t\t\t\t\t<\/div>\n\t\t\t\t<\/div>\n\t\t\t\t\t<\/div>\n\t\t<\/div>\n\t\t\t\t\t\t\t<\/div>\n\t\t<\/section>\n\t\t\t\t\t\t<\/div>\n\t\t\t\t\t<\/div>\n\t\t","protected":false},"excerpt":{"rendered":"<p>The Side Post is made from sturdy HDPE material, providing resistance against strong external impacts. Additionally, the PC reflective material offers near-permanent reflectivity. The reflective surface uses PC, which has higher reflectivity, making it easier to spot at night. At the same time, PC is more cost-effective than crystal glass holes, helping to reduce production [&hellip;]<\/p>\n","protected":false},"featured_media":12150,"comment_status":"open","ping_status":"closed","template":"","meta":[],"product_cat":[154],"product_tag":[],"yoast_head":"<!-- This site is optimized with the Yoast SEO plugin v16.8 - https:\/\/yoast.com\/wordpress\/plugins\/seo\/ -->\n<title>Side Post - Thi\u1ebft b\u1ecb an to\u00e0n giao th\u00f4ng<\/title>\n<meta name=\"description\" content=\"C\u1ecdc ti\u00eau c\u1eafm \u0111\u1ea5t s\u1eed d\u1ee5ng k\u1ebft h\u1ee3p v\u1edbi taluy, h\u1ed9 lan nh\u1eb1m h\u1ed7 tr\u1ee3 n\u00e2ng cao t\u1ea7m nh\u00ecn cho l\u00e1i xe trong \u0111i\u1ec1u ki\u1ec7n tr\u1eddi t\u1ed1i.\" \/>\n<meta name=\"robots\" content=\"index, follow, max-snippet:-1, max-image-preview:large, max-video-preview:-1\" \/>\n<link rel=\"canonical\" href=\"https:\/\/www.hiqvina.com\/en\/product\/side-post\/\" \/>\n<meta property=\"og:locale\" content=\"en_US\" \/>\n<meta property=\"og:type\" content=\"article\" \/>\n<meta property=\"og:title\" content=\"Side Post - Thi\u1ebft b\u1ecb an to\u00e0n giao th\u00f4ng\" \/>\n<meta property=\"og:description\" content=\"C\u1ecdc ti\u00eau c\u1eafm \u0111\u1ea5t s\u1eed d\u1ee5ng k\u1ebft h\u1ee3p v\u1edbi taluy, h\u1ed9 lan nh\u1eb1m h\u1ed7 tr\u1ee3 n\u00e2ng cao t\u1ea7m nh\u00ecn cho l\u00e1i xe trong \u0111i\u1ec1u ki\u1ec7n tr\u1eddi t\u1ed1i.\" \/>\n<meta property=\"og:url\" content=\"https:\/\/www.hiqvina.com\/en\/product\/side-post\/\" \/>\n<meta property=\"og:site_name\" content=\"Thi\u1ebft b\u1ecb an to\u00e0n giao th\u00f4ng\" \/>\n<meta property=\"article:publisher\" content=\"https:\/\/www.facebook.com\/hiqvina\/\" \/>\n<meta property=\"article:modified_time\" content=\"2024-10-02T04:23:51+00:00\" \/>\n<meta name=\"twitter:card\" content=\"summary_large_image\" \/>\n<meta name=\"twitter:image\" content=\"https:\/\/hiqvina.com\/wp-content\/uploads\/2021\/08\/21.webp\" \/>\n<meta name=\"twitter:label1\" content=\"Est. reading time\" \/>\n\t<meta name=\"twitter:data1\" content=\"1 minute\" \/>\n<script type=\"application\/ld+json\" class=\"yoast-schema-graph\">{\"@context\":\"https:\/\/schema.org\",\"@graph\":[{\"@type\":\"Organization\",\"@id\":\"https:\/\/hiqvina.com\/#organization\",\"name\":\"HIQ Vina Co., Ltd\",\"url\":\"https:\/\/hiqvina.com\/\",\"sameAs\":[\"https:\/\/www.facebook.com\/hiqvina\/\",\"https:\/\/www.youtube.com\/channel\/UCYwPV5oBGDfbvkRCQ3RcMhw?view_as=subscriber\"],\"logo\":{\"@type\":\"ImageObject\",\"@id\":\"https:\/\/hiqvina.com\/#logo\",\"inLanguage\":\"en-US\",\"url\":\"https:\/\/hiqvina.com\/wp-content\/uploads\/2021\/07\/logo-gan-vao-lightbox.png\",\"contentUrl\":\"https:\/\/hiqvina.com\/wp-content\/uploads\/2021\/07\/logo-gan-vao-lightbox.png\",\"width\":900,\"height\":600,\"caption\":\"HIQ Vina Co., Ltd\"},\"image\":{\"@id\":\"https:\/\/hiqvina.com\/#logo\"}},{\"@type\":\"WebSite\",\"@id\":\"https:\/\/hiqvina.com\/#website\",\"url\":\"https:\/\/hiqvina.com\/\",\"name\":\"Thi\\u1ebft b\\u1ecb an to\\u00e0n giao th\\u00f4ng\",\"description\":\"Hi-Q VINA\",\"publisher\":{\"@id\":\"https:\/\/hiqvina.com\/#organization\"},\"potentialAction\":[{\"@type\":\"SearchAction\",\"target\":{\"@type\":\"EntryPoint\",\"urlTemplate\":\"https:\/\/hiqvina.com\/?s={search_term_string}\"},\"query-input\":\"required name=search_term_string\"}],\"inLanguage\":\"en-US\"},{\"@type\":\"ImageObject\",\"@id\":\"https:\/\/www.hiqvina.com\/en\/product\/side-post\/#primaryimage\",\"inLanguage\":\"en-US\",\"url\":\"https:\/\/hiqvina.com\/wp-content\/uploads\/2021\/08\/21.webp\",\"contentUrl\":\"https:\/\/hiqvina.com\/wp-content\/uploads\/2021\/08\/21.webp\",\"width\":480,\"height\":480,\"caption\":\"Ti\\u00eau ph\\u1ea3n quang c\\u1eafm \\u0111\\u1ea5t\"},{\"@type\":\"WebPage\",\"@id\":\"https:\/\/www.hiqvina.com\/en\/product\/side-post\/#webpage\",\"url\":\"https:\/\/www.hiqvina.com\/en\/product\/side-post\/\",\"name\":\"Side Post - Thi\\u1ebft b\\u1ecb an to\\u00e0n giao th\\u00f4ng\",\"isPartOf\":{\"@id\":\"https:\/\/hiqvina.com\/#website\"},\"primaryImageOfPage\":{\"@id\":\"https:\/\/www.hiqvina.com\/en\/product\/side-post\/#primaryimage\"},\"datePublished\":\"2019-07-31T04:18:44+00:00\",\"dateModified\":\"2024-10-02T04:23:51+00:00\",\"description\":\"C\\u1ecdc ti\\u00eau c\\u1eafm \\u0111\\u1ea5t s\\u1eed d\\u1ee5ng k\\u1ebft h\\u1ee3p v\\u1edbi taluy, h\\u1ed9 lan nh\\u1eb1m h\\u1ed7 tr\\u1ee3 n\\u00e2ng cao t\\u1ea7m nh\\u00ecn cho l\\u00e1i xe trong \\u0111i\\u1ec1u ki\\u1ec7n tr\\u1eddi t\\u1ed1i.\",\"breadcrumb\":{\"@id\":\"https:\/\/www.hiqvina.com\/en\/product\/side-post\/#breadcrumb\"},\"inLanguage\":\"en-US\",\"potentialAction\":[{\"@type\":\"ReadAction\",\"target\":[\"https:\/\/www.hiqvina.com\/en\/product\/side-post\/\"]}]},{\"@type\":\"BreadcrumbList\",\"@id\":\"https:\/\/www.hiqvina.com\/en\/product\/side-post\/#breadcrumb\",\"itemListElement\":[{\"@type\":\"ListItem\",\"position\":1,\"name\":\"Trang ch\\u1ee7\",\"item\":\"https:\/\/hiqvina.com\/\"},{\"@type\":\"ListItem\",\"position\":2,\"name\":\"T\\u1ea5t c\\u1ea3 s\\u1ea3n ph\\u1ea9m\",\"item\":\"https:\/\/hiqvina.com\/cua-hang\/\"},{\"@type\":\"ListItem\",\"position\":3,\"name\":\"Side Post\"}]}]}<\/script>\n<!-- \/ Yoast SEO plugin. -->","yoast_head_json":{"title":"Side Post - Thi\u1ebft b\u1ecb an to\u00e0n giao th\u00f4ng","description":"C\u1ecdc ti\u00eau c\u1eafm \u0111\u1ea5t s\u1eed d\u1ee5ng k\u1ebft h\u1ee3p v\u1edbi taluy, h\u1ed9 lan nh\u1eb1m h\u1ed7 tr\u1ee3 n\u00e2ng cao t\u1ea7m nh\u00ecn cho l\u00e1i xe trong \u0111i\u1ec1u ki\u1ec7n tr\u1eddi t\u1ed1i.","robots":{"index":"index","follow":"follow","max-snippet":"max-snippet:-1","max-image-preview":"max-image-preview:large","max-video-preview":"max-video-preview:-1"},"canonical":"https:\/\/www.hiqvina.com\/en\/product\/side-post\/","og_locale":"en_US","og_type":"article","og_title":"Side Post - Thi\u1ebft b\u1ecb an to\u00e0n giao th\u00f4ng","og_description":"C\u1ecdc ti\u00eau c\u1eafm \u0111\u1ea5t s\u1eed d\u1ee5ng k\u1ebft h\u1ee3p v\u1edbi taluy, h\u1ed9 lan nh\u1eb1m h\u1ed7 tr\u1ee3 n\u00e2ng cao t\u1ea7m nh\u00ecn cho l\u00e1i xe trong \u0111i\u1ec1u ki\u1ec7n tr\u1eddi t\u1ed1i.","og_url":"https:\/\/www.hiqvina.com\/en\/product\/side-post\/","og_site_name":"Thi\u1ebft b\u1ecb an to\u00e0n giao th\u00f4ng","article_publisher":"https:\/\/www.facebook.com\/hiqvina\/","article_modified_time":"2024-10-02T04:23:51+00:00","twitter_card":"summary_large_image","twitter_image":"https:\/\/hiqvina.com\/wp-content\/uploads\/2021\/08\/21.webp","twitter_misc":{"Est. reading time":"1 minute"},"schema":{"@context":"https:\/\/schema.org","@graph":[{"@type":"Organization","@id":"https:\/\/hiqvina.com\/#organization","name":"HIQ Vina Co., Ltd","url":"https:\/\/hiqvina.com\/","sameAs":["https:\/\/www.facebook.com\/hiqvina\/","https:\/\/www.youtube.com\/channel\/UCYwPV5oBGDfbvkRCQ3RcMhw?view_as=subscriber"],"logo":{"@type":"ImageObject","@id":"https:\/\/hiqvina.com\/#logo","inLanguage":"en-US","url":"https:\/\/hiqvina.com\/wp-content\/uploads\/2021\/07\/logo-gan-vao-lightbox.png","contentUrl":"https:\/\/hiqvina.com\/wp-content\/uploads\/2021\/07\/logo-gan-vao-lightbox.png","width":900,"height":600,"caption":"HIQ Vina Co., Ltd"},"image":{"@id":"https:\/\/hiqvina.com\/#logo"}},{"@type":"WebSite","@id":"https:\/\/hiqvina.com\/#website","url":"https:\/\/hiqvina.com\/","name":"Thi\u1ebft b\u1ecb an to\u00e0n giao th\u00f4ng","description":"Hi-Q VINA","publisher":{"@id":"https:\/\/hiqvina.com\/#organization"},"potentialAction":[{"@type":"SearchAction","target":{"@type":"EntryPoint","urlTemplate":"https:\/\/hiqvina.com\/?s={search_term_string}"},"query-input":"required name=search_term_string"}],"inLanguage":"en-US"},{"@type":"ImageObject","@id":"https:\/\/www.hiqvina.com\/en\/product\/side-post\/#primaryimage","inLanguage":"en-US","url":"https:\/\/hiqvina.com\/wp-content\/uploads\/2021\/08\/21.webp","contentUrl":"https:\/\/hiqvina.com\/wp-content\/uploads\/2021\/08\/21.webp","width":480,"height":480,"caption":"Ti\u00eau ph\u1ea3n quang c\u1eafm \u0111\u1ea5t"},{"@type":"WebPage","@id":"https:\/\/www.hiqvina.com\/en\/product\/side-post\/#webpage","url":"https:\/\/www.hiqvina.com\/en\/product\/side-post\/","name":"Side Post - Thi\u1ebft b\u1ecb an to\u00e0n giao th\u00f4ng","isPartOf":{"@id":"https:\/\/hiqvina.com\/#website"},"primaryImageOfPage":{"@id":"https:\/\/www.hiqvina.com\/en\/product\/side-post\/#primaryimage"},"datePublished":"2019-07-31T04:18:44+00:00","dateModified":"2024-10-02T04:23:51+00:00","description":"C\u1ecdc ti\u00eau c\u1eafm \u0111\u1ea5t s\u1eed d\u1ee5ng k\u1ebft h\u1ee3p v\u1edbi taluy, h\u1ed9 lan nh\u1eb1m h\u1ed7 tr\u1ee3 n\u00e2ng cao t\u1ea7m nh\u00ecn cho l\u00e1i xe trong \u0111i\u1ec1u ki\u1ec7n tr\u1eddi t\u1ed1i.","breadcrumb":{"@id":"https:\/\/www.hiqvina.com\/en\/product\/side-post\/#breadcrumb"},"inLanguage":"en-US","potentialAction":[{"@type":"ReadAction","target":["https:\/\/www.hiqvina.com\/en\/product\/side-post\/"]}]},{"@type":"BreadcrumbList","@id":"https:\/\/www.hiqvina.com\/en\/product\/side-post\/#breadcrumb","itemListElement":[{"@type":"ListItem","position":1,"name":"Trang ch\u1ee7","item":"https:\/\/hiqvina.com\/"},{"@type":"ListItem","position":2,"name":"T\u1ea5t c\u1ea3 s\u1ea3n ph\u1ea9m","item":"https:\/\/hiqvina.com\/cua-hang\/"},{"@type":"ListItem","position":3,"name":"Side Post"}]}]}},"_links":{"self":[{"href":"https:\/\/hiqvina.com\/en\/wp-json\/wp\/v2\/product\/3395"}],"collection":[{"href":"https:\/\/hiqvina.com\/en\/wp-json\/wp\/v2\/product"}],"about":[{"href":"https:\/\/hiqvina.com\/en\/wp-json\/wp\/v2\/types\/product"}],"replies":[{"embeddable":true,"href":"https:\/\/hiqvina.com\/en\/wp-json\/wp\/v2\/comments?post=3395"}],"version-history":[{"count":5,"href":"https:\/\/hiqvina.com\/en\/wp-json\/wp\/v2\/product\/3395\/revisions"}],"predecessor-version":[{"id":18556,"href":"https:\/\/hiqvina.com\/en\/wp-json\/wp\/v2\/product\/3395\/revisions\/18556"}],"wp:featuredmedia":[{"embeddable":true,"href":"https:\/\/hiqvina.com\/en\/wp-json\/wp\/v2\/media\/12150"}],"wp:attachment":[{"href":"https:\/\/hiqvina.com\/en\/wp-json\/wp\/v2\/media?parent=3395"}],"wp:term":[{"taxonomy":"product_cat","embeddable":true,"href":"https:\/\/hiqvina.com\/en\/wp-json\/wp\/v2\/product_cat?post=3395"},{"taxonomy":"product_tag","embeddable":true,"href":"https:\/\/hiqvina.com\/en\/wp-json\/wp\/v2\/product_tag?post=3395"}],"curies":[{"name":"wp","href":"https:\/\/api.w.org\/{rel}","templated":true}]}}