{"id":3391,"date":"2019-07-31T11:56:56","date_gmt":"2019-07-31T04:56:56","guid":{"rendered":"https:\/\/hiqvina.com\/cua-hang\/solar-light-bar-a-type\/"},"modified":"2025-07-16T16:00:27","modified_gmt":"2025-07-16T09:00:27","slug":"solar-light-bar-a-type","status":"publish","type":"product","link":"https:\/\/hiqvina.com\/en\/product\/solar-light-bar-a-type\/","title":{"rendered":"Solar Light Bar A type"},"content":{"rendered":"\t\t<div data-elementor-type=\"product-post\" data-elementor-id=\"3391\" class=\"elementor elementor-3391 elementor-845\" data-elementor-settings=\"[]\">\n\t\t\t\t\t\t\t<div class=\"elementor-section-wrap\">\n\t\t\t\t\t\t\t<section class=\"elementor-section elementor-top-section elementor-element elementor-element-6b18c964 elementor-section-boxed elementor-section-height-default elementor-section-height-default\" data-id=\"6b18c964\" data-element_type=\"section\">\n\t\t\t\t\t\t<div class=\"elementor-container elementor-column-gap-default\">\n\t\t\t\t\t<div class=\"elementor-column elementor-col-100 elementor-top-column elementor-element elementor-element-db662d7\" data-id=\"db662d7\" data-element_type=\"column\">\n\t\t\t<div class=\"elementor-widget-wrap elementor-element-populated\">\n\t\t\t\t\t\t\t\t<div class=\"elementor-element elementor-element-24a0521a elementor-widget elementor-widget-text-editor\" data-id=\"24a0521a\" data-element_type=\"widget\" data-widget_type=\"text-editor.default\">\n\t\t\t\t<div class=\"elementor-widget-container\">\n\t\t\t\t\t\t\t\t<p><span style=\"font-size: 14pt;\"><strong>Features:<\/strong><\/span><\/p>\n<p>The Solar Light Bar A type uses solar energy.<br \/>Simple structure, easy to install, and does not depend on AC power.<br \/>Equipped with high-brightness LED lights, providing excellent visibility even from a long distance.<br \/>The product can operate for about 4-5 days without sunlight, provided the battery is fully charged.<\/p>\n<p><span style=\"font-size: 14pt;\"><strong>Installation Locations:<\/strong><\/span><\/p>\n<ul>\n<li>Installed at intersections or areas requiring traffic warnings or specific guidance.<\/li>\n<\/ul>\n<p><strong>Origin: South Korea<\/strong><\/p>\t\t\t\t\t\t<\/div>\n\t\t\t\t<\/div>\n\t\t\t\t\t<\/div>\n\t\t<\/div>\n\t\t\t\t\t\t\t<\/div>\n\t\t<\/section>\n\t\t\t\t<section class=\"elementor-section elementor-top-section elementor-element elementor-element-879fb10 elementor-section-boxed elementor-section-height-default elementor-section-height-default\" data-id=\"879fb10\" data-element_type=\"section\" data-settings=\"{&quot;background_background&quot;:&quot;classic&quot;}\">\n\t\t\t\t\t\t<div class=\"elementor-container elementor-column-gap-default\">\n\t\t\t\t\t<div class=\"elementor-column elementor-col-100 elementor-top-column elementor-element elementor-element-7dfae76\" data-id=\"7dfae76\" data-element_type=\"column\">\n\t\t\t<div class=\"elementor-widget-wrap elementor-element-populated\">\n\t\t\t\t\t\t\t\t<div class=\"elementor-element elementor-element-4da5d36 elementor-widget elementor-widget-heading\" data-id=\"4da5d36\" data-element_type=\"widget\" data-widget_type=\"heading.default\">\n\t\t\t\t<div class=\"elementor-widget-container\">\n\t\t\t<h2 class=\"elementor-heading-title elementor-size-default\">Technical Drawing<\/h2>\t\t<\/div>\n\t\t\t\t<\/div>\n\t\t\t\t\t<\/div>\n\t\t<\/div>\n\t\t\t\t\t\t\t<\/div>\n\t\t<\/section>\n\t\t\t\t<section class=\"elementor-section elementor-top-section elementor-element elementor-element-922a192 elementor-section-boxed elementor-section-height-default elementor-section-height-default\" data-id=\"922a192\" data-element_type=\"section\">\n\t\t\t\t\t\t<div class=\"elementor-container elementor-column-gap-wider\">\n\t\t\t\t\t<div class=\"elementor-column elementor-col-50 elementor-top-column elementor-element elementor-element-71f4e95\" data-id=\"71f4e95\" data-element_type=\"column\">\n\t\t\t<div class=\"elementor-widget-wrap elementor-element-populated\">\n\t\t\t\t\t\t\t\t<div class=\"elementor-element elementor-element-b5813fc elementor-widget elementor-widget-heading\" data-id=\"b5813fc\" data-element_type=\"widget\" data-widget_type=\"heading.default\">\n\t\t\t\t<div class=\"elementor-widget-container\">\n\t\t\t<h2 class=\"elementor-heading-title elementor-size-default\">Solar Light Bar A type<\/h2>\t\t<\/div>\n\t\t\t\t<\/div>\n\t\t\t\t<div class=\"elementor-element elementor-element-815ffb6 elementor-widget elementor-widget-image\" data-id=\"815ffb6\" data-element_type=\"widget\" data-widget_type=\"image.default\">\n\t\t\t\t<div class=\"elementor-widget-container\">\n\t\t\t\t\t\t\t\t\t\t\t\t\t\t\t<img width=\"713\" height=\"1024\" src=\"https:\/\/hiqvina.com\/wp-content\/uploads\/2019\/07\/Den-bao-doi-xanh-do_PDF.webp\" class=\"attachment-large size-large\" alt=\"\" loading=\"lazy\" \/>\t\t\t\t\t\t\t\t\t\t\t\t\t\t\t<\/div>\n\t\t\t\t<\/div>\n\t\t\t\t\t<\/div>\n\t\t<\/div>\n\t\t\t\t<div class=\"elementor-column elementor-col-50 elementor-top-column elementor-element elementor-element-250f6b8\" data-id=\"250f6b8\" data-element_type=\"column\">\n\t\t\t<div class=\"elementor-widget-wrap elementor-element-populated\">\n\t\t\t\t\t\t\t\t<div class=\"elementor-element elementor-element-43561f3 elementor-widget elementor-widget-heading\" data-id=\"43561f3\" data-element_type=\"widget\" data-widget_type=\"heading.default\">\n\t\t\t\t<div class=\"elementor-widget-container\">\n\t\t\t<h2 class=\"elementor-heading-title elementor-size-default\">Mini Solar Light Bar A type<\/h2>\t\t<\/div>\n\t\t\t\t<\/div>\n\t\t\t\t<div class=\"elementor-element elementor-element-2970cfc elementor-widget elementor-widget-image\" data-id=\"2970cfc\" data-element_type=\"widget\" data-widget_type=\"image.default\">\n\t\t\t\t<div class=\"elementor-widget-container\">\n\t\t\t\t\t\t\t\t\t\t\t\t\t\t\t<img width=\"716\" height=\"1024\" src=\"https:\/\/hiqvina.com\/wp-content\/uploads\/2019\/07\/Den-bao-doi-xanh-do_loai-mini_PDF.webp\" class=\"attachment-large size-large\" alt=\"\" loading=\"lazy\" \/>\t\t\t\t\t\t\t\t\t\t\t\t\t\t\t<\/div>\n\t\t\t\t<\/div>\n\t\t\t\t\t<\/div>\n\t\t<\/div>\n\t\t\t\t\t\t\t<\/div>\n\t\t<\/section>\n\t\t\t\t\t\t<\/div>\n\t\t\t\t\t<\/div>\n\t\t","protected":false},"excerpt":{"rendered":"<p>Features: The Solar Light Bar A type uses solar energy. Simple structure, easy to install, and does not depend on AC power. Equipped with high-brightness LED lights, providing excellent visibility even from a long distance. The product can operate for about 4-5 days without sunlight, provided the battery is fully charged. Installation Locations: Installed at [&hellip;]<\/p>\n","protected":false},"featured_media":12188,"comment_status":"open","ping_status":"closed","template":"","meta":[],"product_cat":[154,155],"product_tag":[192],"yoast_head":"<!-- This site is optimized with the Yoast SEO plugin v16.8 - https:\/\/yoast.com\/wordpress\/plugins\/seo\/ -->\n<title>Solar Light Bar A type - Thi\u1ebft b\u1ecb an to\u00e0n giao th\u00f4ng<\/title>\n<meta name=\"robots\" content=\"index, follow, max-snippet:-1, max-image-preview:large, max-video-preview:-1\" \/>\n<link rel=\"canonical\" href=\"https:\/\/hiqvina.com\/en\/product\/solar-light-bar-a-type\/\" \/>\n<meta property=\"og:locale\" content=\"en_US\" \/>\n<meta property=\"og:type\" content=\"article\" \/>\n<meta property=\"og:title\" content=\"Solar Light Bar A type - Thi\u1ebft b\u1ecb an to\u00e0n giao th\u00f4ng\" \/>\n<meta property=\"og:description\" content=\"Features: The Solar Light Bar A type uses solar energy. Simple structure, easy to install, and does not depend on AC power. Equipped with high-brightness LED lights, providing excellent visibility even from a long distance. The product can operate for about 4-5 days without sunlight, provided the battery is fully charged. Installation Locations: Installed at [&hellip;]\" \/>\n<meta property=\"og:url\" content=\"https:\/\/hiqvina.com\/en\/product\/solar-light-bar-a-type\/\" \/>\n<meta property=\"og:site_name\" content=\"Thi\u1ebft b\u1ecb an to\u00e0n giao th\u00f4ng\" \/>\n<meta property=\"article:publisher\" content=\"https:\/\/www.facebook.com\/hiqvina\/\" \/>\n<meta property=\"article:modified_time\" content=\"2025-07-16T09:00:27+00:00\" \/>\n<meta name=\"twitter:card\" content=\"summary_large_image\" \/>\n<meta name=\"twitter:image\" content=\"https:\/\/hiqvina.com\/wp-content\/uploads\/2021\/08\/40.webp\" \/>\n<script type=\"application\/ld+json\" class=\"yoast-schema-graph\">{\"@context\":\"https:\/\/schema.org\",\"@graph\":[{\"@type\":\"Organization\",\"@id\":\"https:\/\/www.hiqvina.com\/#organization\",\"name\":\"HIQ Vina Co., Ltd\",\"url\":\"https:\/\/www.hiqvina.com\/\",\"sameAs\":[\"https:\/\/www.facebook.com\/hiqvina\/\",\"https:\/\/www.youtube.com\/channel\/UCYwPV5oBGDfbvkRCQ3RcMhw?view_as=subscriber\"],\"logo\":{\"@type\":\"ImageObject\",\"@id\":\"https:\/\/www.hiqvina.com\/#logo\",\"inLanguage\":\"en-US\",\"url\":\"https:\/\/hiqvina.com\/wp-content\/uploads\/2021\/07\/logo-gan-vao-lightbox.png\",\"contentUrl\":\"https:\/\/hiqvina.com\/wp-content\/uploads\/2021\/07\/logo-gan-vao-lightbox.png\",\"width\":900,\"height\":600,\"caption\":\"HIQ Vina Co., Ltd\"},\"image\":{\"@id\":\"https:\/\/www.hiqvina.com\/#logo\"}},{\"@type\":\"WebSite\",\"@id\":\"https:\/\/www.hiqvina.com\/#website\",\"url\":\"https:\/\/www.hiqvina.com\/\",\"name\":\"Thi\\u1ebft b\\u1ecb an to\\u00e0n giao th\\u00f4ng\",\"description\":\"Hi-Q VINA\",\"publisher\":{\"@id\":\"https:\/\/www.hiqvina.com\/#organization\"},\"potentialAction\":[{\"@type\":\"SearchAction\",\"target\":{\"@type\":\"EntryPoint\",\"urlTemplate\":\"https:\/\/www.hiqvina.com\/?s={search_term_string}\"},\"query-input\":\"required name=search_term_string\"}],\"inLanguage\":\"en-US\"},{\"@type\":\"ImageObject\",\"@id\":\"https:\/\/hiqvina.com\/en\/product\/solar-light-bar-a-type\/#primaryimage\",\"inLanguage\":\"en-US\",\"url\":\"https:\/\/hiqvina.com\/wp-content\/uploads\/2021\/08\/40.webp\",\"contentUrl\":\"https:\/\/hiqvina.com\/wp-content\/uploads\/2021\/08\/40.webp\",\"width\":480,\"height\":480,\"caption\":\"\\u0110\\u00e8n b\\u00e1o \\u0111\\u00f4i xanh \\u0111\\u1ecf\"},{\"@type\":\"WebPage\",\"@id\":\"https:\/\/hiqvina.com\/en\/product\/solar-light-bar-a-type\/#webpage\",\"url\":\"https:\/\/hiqvina.com\/en\/product\/solar-light-bar-a-type\/\",\"name\":\"Solar Light Bar A type - Thi\\u1ebft b\\u1ecb an to\\u00e0n giao th\\u00f4ng\",\"isPartOf\":{\"@id\":\"https:\/\/www.hiqvina.com\/#website\"},\"primaryImageOfPage\":{\"@id\":\"https:\/\/hiqvina.com\/en\/product\/solar-light-bar-a-type\/#primaryimage\"},\"datePublished\":\"2019-07-31T04:56:56+00:00\",\"dateModified\":\"2025-07-16T09:00:27+00:00\",\"breadcrumb\":{\"@id\":\"https:\/\/hiqvina.com\/en\/product\/solar-light-bar-a-type\/#breadcrumb\"},\"inLanguage\":\"en-US\",\"potentialAction\":[{\"@type\":\"ReadAction\",\"target\":[\"https:\/\/hiqvina.com\/en\/product\/solar-light-bar-a-type\/\"]}]},{\"@type\":\"BreadcrumbList\",\"@id\":\"https:\/\/hiqvina.com\/en\/product\/solar-light-bar-a-type\/#breadcrumb\",\"itemListElement\":[{\"@type\":\"ListItem\",\"position\":1,\"name\":\"Trang ch\\u1ee7\",\"item\":\"https:\/\/www.hiqvina.com\/\"},{\"@type\":\"ListItem\",\"position\":2,\"name\":\"T\\u1ea5t c\\u1ea3 s\\u1ea3n ph\\u1ea9m\",\"item\":\"https:\/\/www.hiqvina.com\/cua-hang\/\"},{\"@type\":\"ListItem\",\"position\":3,\"name\":\"Solar Light Bar A type\"}]}]}<\/script>\n<!-- \/ Yoast SEO plugin. -->","yoast_head_json":{"title":"Solar Light Bar A type - Thi\u1ebft b\u1ecb an to\u00e0n giao th\u00f4ng","robots":{"index":"index","follow":"follow","max-snippet":"max-snippet:-1","max-image-preview":"max-image-preview:large","max-video-preview":"max-video-preview:-1"},"canonical":"https:\/\/hiqvina.com\/en\/product\/solar-light-bar-a-type\/","og_locale":"en_US","og_type":"article","og_title":"Solar Light Bar A type - Thi\u1ebft b\u1ecb an to\u00e0n giao th\u00f4ng","og_description":"Features: The Solar Light Bar A type uses solar energy. Simple structure, easy to install, and does not depend on AC power. Equipped with high-brightness LED lights, providing excellent visibility even from a long distance. The product can operate for about 4-5 days without sunlight, provided the battery is fully charged. Installation Locations: Installed at [&hellip;]","og_url":"https:\/\/hiqvina.com\/en\/product\/solar-light-bar-a-type\/","og_site_name":"Thi\u1ebft b\u1ecb an to\u00e0n giao th\u00f4ng","article_publisher":"https:\/\/www.facebook.com\/hiqvina\/","article_modified_time":"2025-07-16T09:00:27+00:00","twitter_card":"summary_large_image","twitter_image":"https:\/\/hiqvina.com\/wp-content\/uploads\/2021\/08\/40.webp","schema":{"@context":"https:\/\/schema.org","@graph":[{"@type":"Organization","@id":"https:\/\/www.hiqvina.com\/#organization","name":"HIQ Vina Co., Ltd","url":"https:\/\/www.hiqvina.com\/","sameAs":["https:\/\/www.facebook.com\/hiqvina\/","https:\/\/www.youtube.com\/channel\/UCYwPV5oBGDfbvkRCQ3RcMhw?view_as=subscriber"],"logo":{"@type":"ImageObject","@id":"https:\/\/www.hiqvina.com\/#logo","inLanguage":"en-US","url":"https:\/\/hiqvina.com\/wp-content\/uploads\/2021\/07\/logo-gan-vao-lightbox.png","contentUrl":"https:\/\/hiqvina.com\/wp-content\/uploads\/2021\/07\/logo-gan-vao-lightbox.png","width":900,"height":600,"caption":"HIQ Vina Co., Ltd"},"image":{"@id":"https:\/\/www.hiqvina.com\/#logo"}},{"@type":"WebSite","@id":"https:\/\/www.hiqvina.com\/#website","url":"https:\/\/www.hiqvina.com\/","name":"Thi\u1ebft b\u1ecb an to\u00e0n giao th\u00f4ng","description":"Hi-Q VINA","publisher":{"@id":"https:\/\/www.hiqvina.com\/#organization"},"potentialAction":[{"@type":"SearchAction","target":{"@type":"EntryPoint","urlTemplate":"https:\/\/www.hiqvina.com\/?s={search_term_string}"},"query-input":"required name=search_term_string"}],"inLanguage":"en-US"},{"@type":"ImageObject","@id":"https:\/\/hiqvina.com\/en\/product\/solar-light-bar-a-type\/#primaryimage","inLanguage":"en-US","url":"https:\/\/hiqvina.com\/wp-content\/uploads\/2021\/08\/40.webp","contentUrl":"https:\/\/hiqvina.com\/wp-content\/uploads\/2021\/08\/40.webp","width":480,"height":480,"caption":"\u0110\u00e8n b\u00e1o \u0111\u00f4i xanh \u0111\u1ecf"},{"@type":"WebPage","@id":"https:\/\/hiqvina.com\/en\/product\/solar-light-bar-a-type\/#webpage","url":"https:\/\/hiqvina.com\/en\/product\/solar-light-bar-a-type\/","name":"Solar Light Bar A type - Thi\u1ebft b\u1ecb an to\u00e0n giao th\u00f4ng","isPartOf":{"@id":"https:\/\/www.hiqvina.com\/#website"},"primaryImageOfPage":{"@id":"https:\/\/hiqvina.com\/en\/product\/solar-light-bar-a-type\/#primaryimage"},"datePublished":"2019-07-31T04:56:56+00:00","dateModified":"2025-07-16T09:00:27+00:00","breadcrumb":{"@id":"https:\/\/hiqvina.com\/en\/product\/solar-light-bar-a-type\/#breadcrumb"},"inLanguage":"en-US","potentialAction":[{"@type":"ReadAction","target":["https:\/\/hiqvina.com\/en\/product\/solar-light-bar-a-type\/"]}]},{"@type":"BreadcrumbList","@id":"https:\/\/hiqvina.com\/en\/product\/solar-light-bar-a-type\/#breadcrumb","itemListElement":[{"@type":"ListItem","position":1,"name":"Trang ch\u1ee7","item":"https:\/\/www.hiqvina.com\/"},{"@type":"ListItem","position":2,"name":"T\u1ea5t c\u1ea3 s\u1ea3n ph\u1ea9m","item":"https:\/\/www.hiqvina.com\/cua-hang\/"},{"@type":"ListItem","position":3,"name":"Solar Light Bar A type"}]}]}},"_links":{"self":[{"href":"https:\/\/hiqvina.com\/en\/wp-json\/wp\/v2\/product\/3391"}],"collection":[{"href":"https:\/\/hiqvina.com\/en\/wp-json\/wp\/v2\/product"}],"about":[{"href":"https:\/\/hiqvina.com\/en\/wp-json\/wp\/v2\/types\/product"}],"replies":[{"embeddable":true,"href":"https:\/\/hiqvina.com\/en\/wp-json\/wp\/v2\/comments?post=3391"}],"version-history":[{"count":7,"href":"https:\/\/hiqvina.com\/en\/wp-json\/wp\/v2\/product\/3391\/revisions"}],"predecessor-version":[{"id":20273,"href":"https:\/\/hiqvina.com\/en\/wp-json\/wp\/v2\/product\/3391\/revisions\/20273"}],"wp:featuredmedia":[{"embeddable":true,"href":"https:\/\/hiqvina.com\/en\/wp-json\/wp\/v2\/media\/12188"}],"wp:attachment":[{"href":"https:\/\/hiqvina.com\/en\/wp-json\/wp\/v2\/media?parent=3391"}],"wp:term":[{"taxonomy":"product_cat","embeddable":true,"href":"https:\/\/hiqvina.com\/en\/wp-json\/wp\/v2\/product_cat?post=3391"},{"taxonomy":"product_tag","embeddable":true,"href":"https:\/\/hiqvina.com\/en\/wp-json\/wp\/v2\/product_tag?post=3391"}],"curies":[{"name":"wp","href":"https:\/\/api.w.org\/{rel}","templated":true}]}}