{"id":3388,"date":"2019-07-31T12:00:56","date_gmt":"2019-07-31T05:00:56","guid":{"rendered":"https:\/\/hiqvina.com\/cua-hang\/solar-mini-light-bar-round-light-w180-light-red-round-light\/"},"modified":"2024-10-03T08:56:42","modified_gmt":"2024-10-03T01:56:42","slug":"solar-mini-light-bar-round-light-w180-light-red-round-light","status":"publish","type":"product","link":"https:\/\/hiqvina.com\/en\/product\/solar-mini-light-bar-round-light-w180-light-red-round-light\/","title":{"rendered":"Solar Mini Light Bar (round light\/W180 light\/red round light)"},"content":{"rendered":"\t\t<div data-elementor-type=\"product-post\" data-elementor-id=\"3388\" class=\"elementor elementor-3388 elementor-851\" data-elementor-settings=\"[]\">\n\t\t\t\t\t\t\t<div class=\"elementor-section-wrap\">\n\t\t\t\t\t\t\t<section class=\"elementor-section elementor-top-section elementor-element elementor-element-1ae9f671 elementor-section-boxed elementor-section-height-default elementor-section-height-default\" data-id=\"1ae9f671\" data-element_type=\"section\">\n\t\t\t\t\t\t<div class=\"elementor-container elementor-column-gap-default\">\n\t\t\t\t\t<div class=\"elementor-column elementor-col-100 elementor-top-column elementor-element elementor-element-27f35ef1\" data-id=\"27f35ef1\" data-element_type=\"column\">\n\t\t\t<div class=\"elementor-widget-wrap elementor-element-populated\">\n\t\t\t\t\t\t\t\t<div class=\"elementor-element elementor-element-e2079bb elementor-widget elementor-widget-text-editor\" data-id=\"e2079bb\" data-element_type=\"widget\" data-widget_type=\"text-editor.default\">\n\t\t\t\t<div class=\"elementor-widget-container\">\n\t\t\t\t\t\t\t\t<p><span style=\"font-size: 14pt;\"><strong>Features:<\/strong><\/span><\/p>\n<ul>\n<li>The Solar Red Light uses solar energy.<\/li>\n<li>Simple structure, easy to install, and does not depend on AC power.<\/li>\n<li>Equipped with high-brightness LED lights, providing excellent visibility even from a long distance.<\/li>\n<li>The product can operate for about 4-5 days without sunlight, provided the battery is fully charged.<\/li>\n<\/ul>\n<p><span style=\"font-size: 14pt;\"><strong>Installation Locations:<\/strong><\/span><\/p>\n<ul>\n<li>Installed at intersections or areas requiring traffic warnings or specific guidance.<\/li>\n<\/ul>\n<p><strong>Origin: South Korea<\/strong><\/p>\t\t\t\t\t\t<\/div>\n\t\t\t\t<\/div>\n\t\t\t\t\t<\/div>\n\t\t<\/div>\n\t\t\t\t\t\t\t<\/div>\n\t\t<\/section>\n\t\t\t\t<section class=\"elementor-section elementor-top-section elementor-element elementor-element-175af56 elementor-section-boxed elementor-section-height-default elementor-section-height-default\" data-id=\"175af56\" data-element_type=\"section\">\n\t\t\t\t\t\t<div class=\"elementor-container elementor-column-gap-default\">\n\t\t\t\t\t<div class=\"elementor-column elementor-col-100 elementor-top-column elementor-element elementor-element-621d28a\" data-id=\"621d28a\" data-element_type=\"column\">\n\t\t\t<div class=\"elementor-widget-wrap elementor-element-populated\">\n\t\t\t\t\t\t\t\t<div class=\"elementor-element elementor-element-88b3abf elementor-widget elementor-widget-heading\" data-id=\"88b3abf\" data-element_type=\"widget\" data-widget_type=\"heading.default\">\n\t\t\t\t<div class=\"elementor-widget-container\">\n\t\t\t<h2 class=\"elementor-heading-title elementor-size-default\">Technical Drawing<\/h2>\t\t<\/div>\n\t\t\t\t<\/div>\n\t\t\t\t<div class=\"elementor-element elementor-element-7cbf232 elementor-widget elementor-widget-image\" data-id=\"7cbf232\" data-element_type=\"widget\" data-widget_type=\"image.default\">\n\t\t\t\t<div class=\"elementor-widget-container\">\n\t\t\t\t\t\t\t\t\t\t\t\t\t\t\t<img width=\"768\" height=\"1099\" src=\"https:\/\/hiqvina.com\/wp-content\/uploads\/2019\/07\/Den-bao-Solar_PDF.webp\" class=\"attachment-medium_large size-medium_large\" alt=\"\" loading=\"lazy\" \/>\t\t\t\t\t\t\t\t\t\t\t\t\t\t\t<\/div>\n\t\t\t\t<\/div>\n\t\t\t\t\t<\/div>\n\t\t<\/div>\n\t\t\t\t\t\t\t<\/div>\n\t\t<\/section>\n\t\t\t\t\t\t<\/div>\n\t\t\t\t\t<\/div>\n\t\t","protected":false},"excerpt":{"rendered":"<p>Features: The Solar Red Light uses solar energy. Simple structure, easy to install, and does not depend on AC power. Equipped with high-brightness LED lights, providing excellent visibility even from a long distance. The product can operate for about 4-5 days without sunlight, provided the battery is fully charged. Installation Locations: Installed at intersections or [&hellip;]<\/p>\n","protected":false},"featured_media":12186,"comment_status":"open","ping_status":"closed","template":"","meta":[],"product_cat":[154,155],"product_tag":[191],"yoast_head":"<!-- This site is optimized with the Yoast SEO plugin v16.8 - https:\/\/yoast.com\/wordpress\/plugins\/seo\/ -->\n<title>Solar Mini Light Bar (round light\/W180 light\/red round light) - Thi\u1ebft b\u1ecb an to\u00e0n giao th\u00f4ng<\/title>\n<meta name=\"robots\" content=\"index, follow, max-snippet:-1, max-image-preview:large, max-video-preview:-1\" \/>\n<link rel=\"canonical\" href=\"https:\/\/hiqvina.com\/en\/product\/solar-mini-light-bar-round-light-w180-light-red-round-light\/\" \/>\n<meta property=\"og:locale\" content=\"en_US\" \/>\n<meta property=\"og:type\" content=\"article\" \/>\n<meta property=\"og:title\" content=\"Solar Mini Light Bar (round light\/W180 light\/red round light) - Thi\u1ebft b\u1ecb an to\u00e0n giao th\u00f4ng\" \/>\n<meta property=\"og:description\" content=\"Features: The Solar Red Light uses solar energy. Simple structure, easy to install, and does not depend on AC power. Equipped with high-brightness LED lights, providing excellent visibility even from a long distance. The product can operate for about 4-5 days without sunlight, provided the battery is fully charged. Installation Locations: Installed at intersections or [&hellip;]\" \/>\n<meta property=\"og:url\" content=\"https:\/\/hiqvina.com\/en\/product\/solar-mini-light-bar-round-light-w180-light-red-round-light\/\" \/>\n<meta property=\"og:site_name\" content=\"Thi\u1ebft b\u1ecb an to\u00e0n giao th\u00f4ng\" \/>\n<meta property=\"article:publisher\" content=\"https:\/\/www.facebook.com\/hiqvina\/\" \/>\n<meta property=\"article:modified_time\" content=\"2024-10-03T01:56:42+00:00\" \/>\n<meta name=\"twitter:card\" content=\"summary_large_image\" \/>\n<meta name=\"twitter:image\" content=\"https:\/\/hiqvina.com\/wp-content\/uploads\/2021\/08\/39.webp\" \/>\n<script type=\"application\/ld+json\" class=\"yoast-schema-graph\">{\"@context\":\"https:\/\/schema.org\",\"@graph\":[{\"@type\":\"Organization\",\"@id\":\"https:\/\/hiqvina.com\/#organization\",\"name\":\"HIQ Vina Co., Ltd\",\"url\":\"https:\/\/hiqvina.com\/\",\"sameAs\":[\"https:\/\/www.facebook.com\/hiqvina\/\",\"https:\/\/www.youtube.com\/channel\/UCYwPV5oBGDfbvkRCQ3RcMhw?view_as=subscriber\"],\"logo\":{\"@type\":\"ImageObject\",\"@id\":\"https:\/\/hiqvina.com\/#logo\",\"inLanguage\":\"en-US\",\"url\":\"https:\/\/hiqvina.com\/wp-content\/uploads\/2021\/07\/logo-gan-vao-lightbox.png\",\"contentUrl\":\"https:\/\/hiqvina.com\/wp-content\/uploads\/2021\/07\/logo-gan-vao-lightbox.png\",\"width\":900,\"height\":600,\"caption\":\"HIQ Vina Co., Ltd\"},\"image\":{\"@id\":\"https:\/\/hiqvina.com\/#logo\"}},{\"@type\":\"WebSite\",\"@id\":\"https:\/\/hiqvina.com\/#website\",\"url\":\"https:\/\/hiqvina.com\/\",\"name\":\"Thi\\u1ebft b\\u1ecb an to\\u00e0n giao th\\u00f4ng\",\"description\":\"Hi-Q VINA\",\"publisher\":{\"@id\":\"https:\/\/hiqvina.com\/#organization\"},\"potentialAction\":[{\"@type\":\"SearchAction\",\"target\":{\"@type\":\"EntryPoint\",\"urlTemplate\":\"https:\/\/hiqvina.com\/?s={search_term_string}\"},\"query-input\":\"required name=search_term_string\"}],\"inLanguage\":\"en-US\"},{\"@type\":\"ImageObject\",\"@id\":\"https:\/\/hiqvina.com\/en\/product\/solar-mini-light-bar-round-light-w180-light-red-round-light\/#primaryimage\",\"inLanguage\":\"en-US\",\"url\":\"https:\/\/hiqvina.com\/wp-content\/uploads\/2021\/08\/39.webp\",\"contentUrl\":\"https:\/\/hiqvina.com\/wp-content\/uploads\/2021\/08\/39.webp\",\"width\":480,\"height\":480,\"caption\":\"\\u0110\\u00e8n b\\u00e1o Solar\"},{\"@type\":\"WebPage\",\"@id\":\"https:\/\/hiqvina.com\/en\/product\/solar-mini-light-bar-round-light-w180-light-red-round-light\/#webpage\",\"url\":\"https:\/\/hiqvina.com\/en\/product\/solar-mini-light-bar-round-light-w180-light-red-round-light\/\",\"name\":\"Solar Mini Light Bar (round light\/W180 light\/red round light) - Thi\\u1ebft b\\u1ecb an to\\u00e0n giao th\\u00f4ng\",\"isPartOf\":{\"@id\":\"https:\/\/hiqvina.com\/#website\"},\"primaryImageOfPage\":{\"@id\":\"https:\/\/hiqvina.com\/en\/product\/solar-mini-light-bar-round-light-w180-light-red-round-light\/#primaryimage\"},\"datePublished\":\"2019-07-31T05:00:56+00:00\",\"dateModified\":\"2024-10-03T01:56:42+00:00\",\"breadcrumb\":{\"@id\":\"https:\/\/hiqvina.com\/en\/product\/solar-mini-light-bar-round-light-w180-light-red-round-light\/#breadcrumb\"},\"inLanguage\":\"en-US\",\"potentialAction\":[{\"@type\":\"ReadAction\",\"target\":[\"https:\/\/hiqvina.com\/en\/product\/solar-mini-light-bar-round-light-w180-light-red-round-light\/\"]}]},{\"@type\":\"BreadcrumbList\",\"@id\":\"https:\/\/hiqvina.com\/en\/product\/solar-mini-light-bar-round-light-w180-light-red-round-light\/#breadcrumb\",\"itemListElement\":[{\"@type\":\"ListItem\",\"position\":1,\"name\":\"Trang ch\\u1ee7\",\"item\":\"https:\/\/hiqvina.com\/\"},{\"@type\":\"ListItem\",\"position\":2,\"name\":\"T\\u1ea5t c\\u1ea3 s\\u1ea3n ph\\u1ea9m\",\"item\":\"https:\/\/hiqvina.com\/cua-hang\/\"},{\"@type\":\"ListItem\",\"position\":3,\"name\":\"Solar Mini Light Bar (round light\/W180 light\/red round light)\"}]}]}<\/script>\n<!-- \/ Yoast SEO plugin. -->","yoast_head_json":{"title":"Solar Mini Light Bar (round light\/W180 light\/red round light) - Thi\u1ebft b\u1ecb an to\u00e0n giao th\u00f4ng","robots":{"index":"index","follow":"follow","max-snippet":"max-snippet:-1","max-image-preview":"max-image-preview:large","max-video-preview":"max-video-preview:-1"},"canonical":"https:\/\/hiqvina.com\/en\/product\/solar-mini-light-bar-round-light-w180-light-red-round-light\/","og_locale":"en_US","og_type":"article","og_title":"Solar Mini Light Bar (round light\/W180 light\/red round light) - Thi\u1ebft b\u1ecb an to\u00e0n giao th\u00f4ng","og_description":"Features: The Solar Red Light uses solar energy. Simple structure, easy to install, and does not depend on AC power. Equipped with high-brightness LED lights, providing excellent visibility even from a long distance. The product can operate for about 4-5 days without sunlight, provided the battery is fully charged. Installation Locations: Installed at intersections or [&hellip;]","og_url":"https:\/\/hiqvina.com\/en\/product\/solar-mini-light-bar-round-light-w180-light-red-round-light\/","og_site_name":"Thi\u1ebft b\u1ecb an to\u00e0n giao th\u00f4ng","article_publisher":"https:\/\/www.facebook.com\/hiqvina\/","article_modified_time":"2024-10-03T01:56:42+00:00","twitter_card":"summary_large_image","twitter_image":"https:\/\/hiqvina.com\/wp-content\/uploads\/2021\/08\/39.webp","schema":{"@context":"https:\/\/schema.org","@graph":[{"@type":"Organization","@id":"https:\/\/hiqvina.com\/#organization","name":"HIQ Vina Co., Ltd","url":"https:\/\/hiqvina.com\/","sameAs":["https:\/\/www.facebook.com\/hiqvina\/","https:\/\/www.youtube.com\/channel\/UCYwPV5oBGDfbvkRCQ3RcMhw?view_as=subscriber"],"logo":{"@type":"ImageObject","@id":"https:\/\/hiqvina.com\/#logo","inLanguage":"en-US","url":"https:\/\/hiqvina.com\/wp-content\/uploads\/2021\/07\/logo-gan-vao-lightbox.png","contentUrl":"https:\/\/hiqvina.com\/wp-content\/uploads\/2021\/07\/logo-gan-vao-lightbox.png","width":900,"height":600,"caption":"HIQ Vina Co., Ltd"},"image":{"@id":"https:\/\/hiqvina.com\/#logo"}},{"@type":"WebSite","@id":"https:\/\/hiqvina.com\/#website","url":"https:\/\/hiqvina.com\/","name":"Thi\u1ebft b\u1ecb an to\u00e0n giao th\u00f4ng","description":"Hi-Q VINA","publisher":{"@id":"https:\/\/hiqvina.com\/#organization"},"potentialAction":[{"@type":"SearchAction","target":{"@type":"EntryPoint","urlTemplate":"https:\/\/hiqvina.com\/?s={search_term_string}"},"query-input":"required name=search_term_string"}],"inLanguage":"en-US"},{"@type":"ImageObject","@id":"https:\/\/hiqvina.com\/en\/product\/solar-mini-light-bar-round-light-w180-light-red-round-light\/#primaryimage","inLanguage":"en-US","url":"https:\/\/hiqvina.com\/wp-content\/uploads\/2021\/08\/39.webp","contentUrl":"https:\/\/hiqvina.com\/wp-content\/uploads\/2021\/08\/39.webp","width":480,"height":480,"caption":"\u0110\u00e8n b\u00e1o Solar"},{"@type":"WebPage","@id":"https:\/\/hiqvina.com\/en\/product\/solar-mini-light-bar-round-light-w180-light-red-round-light\/#webpage","url":"https:\/\/hiqvina.com\/en\/product\/solar-mini-light-bar-round-light-w180-light-red-round-light\/","name":"Solar Mini Light Bar (round light\/W180 light\/red round light) - Thi\u1ebft b\u1ecb an to\u00e0n giao th\u00f4ng","isPartOf":{"@id":"https:\/\/hiqvina.com\/#website"},"primaryImageOfPage":{"@id":"https:\/\/hiqvina.com\/en\/product\/solar-mini-light-bar-round-light-w180-light-red-round-light\/#primaryimage"},"datePublished":"2019-07-31T05:00:56+00:00","dateModified":"2024-10-03T01:56:42+00:00","breadcrumb":{"@id":"https:\/\/hiqvina.com\/en\/product\/solar-mini-light-bar-round-light-w180-light-red-round-light\/#breadcrumb"},"inLanguage":"en-US","potentialAction":[{"@type":"ReadAction","target":["https:\/\/hiqvina.com\/en\/product\/solar-mini-light-bar-round-light-w180-light-red-round-light\/"]}]},{"@type":"BreadcrumbList","@id":"https:\/\/hiqvina.com\/en\/product\/solar-mini-light-bar-round-light-w180-light-red-round-light\/#breadcrumb","itemListElement":[{"@type":"ListItem","position":1,"name":"Trang ch\u1ee7","item":"https:\/\/hiqvina.com\/"},{"@type":"ListItem","position":2,"name":"T\u1ea5t c\u1ea3 s\u1ea3n ph\u1ea9m","item":"https:\/\/hiqvina.com\/cua-hang\/"},{"@type":"ListItem","position":3,"name":"Solar Mini Light Bar (round light\/W180 light\/red round light)"}]}]}},"_links":{"self":[{"href":"https:\/\/hiqvina.com\/en\/wp-json\/wp\/v2\/product\/3388"}],"collection":[{"href":"https:\/\/hiqvina.com\/en\/wp-json\/wp\/v2\/product"}],"about":[{"href":"https:\/\/hiqvina.com\/en\/wp-json\/wp\/v2\/types\/product"}],"replies":[{"embeddable":true,"href":"https:\/\/hiqvina.com\/en\/wp-json\/wp\/v2\/comments?post=3388"}],"version-history":[{"count":5,"href":"https:\/\/hiqvina.com\/en\/wp-json\/wp\/v2\/product\/3388\/revisions"}],"predecessor-version":[{"id":18710,"href":"https:\/\/hiqvina.com\/en\/wp-json\/wp\/v2\/product\/3388\/revisions\/18710"}],"wp:featuredmedia":[{"embeddable":true,"href":"https:\/\/hiqvina.com\/en\/wp-json\/wp\/v2\/media\/12186"}],"wp:attachment":[{"href":"https:\/\/hiqvina.com\/en\/wp-json\/wp\/v2\/media?parent=3388"}],"wp:term":[{"taxonomy":"product_cat","embeddable":true,"href":"https:\/\/hiqvina.com\/en\/wp-json\/wp\/v2\/product_cat?post=3388"},{"taxonomy":"product_tag","embeddable":true,"href":"https:\/\/hiqvina.com\/en\/wp-json\/wp\/v2\/product_tag?post=3388"}],"curies":[{"name":"wp","href":"https:\/\/api.w.org\/{rel}","templated":true}]}}