{"id":3386,"date":"2019-07-31T12:09:59","date_gmt":"2019-07-31T05:09:59","guid":{"rendered":"https:\/\/hiqvina.com\/cua-hang\/solar-chevron\/"},"modified":"2024-10-02T16:20:14","modified_gmt":"2024-10-02T09:20:14","slug":"solar-chevron","status":"publish","type":"product","link":"https:\/\/hiqvina.com\/en\/product\/solar-chevron\/","title":{"rendered":"Solar Chevron"},"content":{"rendered":"\t\t<div data-elementor-type=\"product-post\" data-elementor-id=\"3386\" class=\"elementor elementor-3386 elementor-866\" data-elementor-settings=\"[]\">\n\t\t\t\t\t\t\t<div class=\"elementor-section-wrap\">\n\t\t\t\t\t\t\t<section class=\"elementor-section elementor-top-section elementor-element elementor-element-120b3a44 elementor-section-boxed elementor-section-height-default elementor-section-height-default\" data-id=\"120b3a44\" data-element_type=\"section\">\n\t\t\t\t\t\t<div class=\"elementor-container elementor-column-gap-default\">\n\t\t\t\t\t<div class=\"elementor-column elementor-col-100 elementor-top-column elementor-element elementor-element-3215198e\" data-id=\"3215198e\" data-element_type=\"column\">\n\t\t\t<div class=\"elementor-widget-wrap elementor-element-populated\">\n\t\t\t\t\t\t\t\t<div class=\"elementor-element elementor-element-4137391f elementor-widget elementor-widget-text-editor\" data-id=\"4137391f\" data-element_type=\"widget\" data-widget_type=\"text-editor.default\">\n\t\t\t\t<div class=\"elementor-widget-container\">\n\t\t\t\t\t\t\t\t<p><strong>Features:<\/strong><\/p>\n<ul>\n<li>\n<p>Solar-powered arrow-shaped reflector.<\/p>\n<\/li>\n<li>\n<p>The product has a simple structure, is easy to install, and its monolithic design reduces deformation from external forces, providing better resistance to harsh weather conditions.<\/p>\n<\/li>\n<li>\n<p>Highly portable, easy to move and install as it does not require a power grid connection.<\/p>\n<\/li>\n<li>\n<p>Equipped with LED lights for clear visibility in all weather conditions.<\/p>\n<\/li>\n<li>\n<p>The product can operate for about 4-5 days without sunlight, provided the battery is fully charged.<\/p>\n<\/li>\n<li>\n<p>Available for nighttime use (12h) or full-day use (24h).<\/p>\n<\/li>\n<\/ul>\n<p><strong>Installation Locations:<\/strong><\/p>\n<ul>\n<li>Solar Chevron are installed at intersections or areas requiring traffic warnings or specific guidance.<\/li>\n<\/ul>\n<p><strong>Origin: South Korea<\/strong><\/p>\t\t\t\t\t\t<\/div>\n\t\t\t\t<\/div>\n\t\t\t\t\t<\/div>\n\t\t<\/div>\n\t\t\t\t\t\t\t<\/div>\n\t\t<\/section>\n\t\t\t\t<section class=\"elementor-section elementor-top-section elementor-element elementor-element-3064663 elementor-section-boxed elementor-section-height-default elementor-section-height-default\" data-id=\"3064663\" data-element_type=\"section\">\n\t\t\t\t\t\t<div class=\"elementor-container elementor-column-gap-default\">\n\t\t\t\t\t<div class=\"elementor-column elementor-col-100 elementor-top-column elementor-element elementor-element-4085164\" data-id=\"4085164\" data-element_type=\"column\">\n\t\t\t<div class=\"elementor-widget-wrap elementor-element-populated\">\n\t\t\t\t\t\t\t\t<div class=\"elementor-element elementor-element-1047fac elementor-widget elementor-widget-heading\" data-id=\"1047fac\" data-element_type=\"widget\" data-widget_type=\"heading.default\">\n\t\t\t\t<div class=\"elementor-widget-container\">\n\t\t\t<h2 class=\"elementor-heading-title elementor-size-default\">Technical-Drawing<\/h2>\t\t<\/div>\n\t\t\t\t<\/div>\n\t\t\t\t<div class=\"elementor-element elementor-element-015e8ca elementor-widget elementor-widget-image\" data-id=\"015e8ca\" data-element_type=\"widget\" data-widget_type=\"image.default\">\n\t\t\t\t<div class=\"elementor-widget-container\">\n\t\t\t\t\t\t\t\t\t\t\t\t\t\t\t<img width=\"768\" height=\"1098\" src=\"https:\/\/hiqvina.com\/wp-content\/uploads\/2019\/07\/Tieu-phan-quang-mui-ten-nang-luong-mat-troi_PDF-copy.webp\" class=\"attachment-medium_large size-medium_large\" alt=\"\" loading=\"lazy\" \/>\t\t\t\t\t\t\t\t\t\t\t\t\t\t\t<\/div>\n\t\t\t\t<\/div>\n\t\t\t\t\t<\/div>\n\t\t<\/div>\n\t\t\t\t\t\t\t<\/div>\n\t\t<\/section>\n\t\t\t\t\t\t<\/div>\n\t\t\t\t\t<\/div>\n\t\t","protected":false},"excerpt":{"rendered":"<p>Features: Solar-powered arrow-shaped reflector. The product has a simple structure, is easy to install, and its monolithic design reduces deformation from external forces, providing better resistance to harsh weather conditions. Highly portable, easy to move and install as it does not require a power grid connection. Equipped with LED lights for clear visibility in all [&hellip;]<\/p>\n","protected":false},"featured_media":12156,"comment_status":"open","ping_status":"closed","template":"","meta":[],"product_cat":[154,155],"product_tag":[188],"yoast_head":"<!-- This site is optimized with the Yoast SEO plugin v16.8 - https:\/\/yoast.com\/wordpress\/plugins\/seo\/ -->\n<title>Solar Chevron - Thi\u1ebft b\u1ecb an to\u00e0n giao th\u00f4ng<\/title>\n<meta name=\"description\" content=\"Ti\u00eau ph\u1ea3n quang \u0111\u01b0\u1ee3c l\u1eafp \u0111\u1eb7t t\u1ea1i \u0111\u01b0\u1eddng giao, t\u1ea1i n\u01a1i c\u1ea7n c\u1ea3nh b\u00e1o v\u1ec1 t\u00ecnh h\u00ecnh giao th\u00f4ng ho\u1eb7c ch\u1ec9 d\u1eabn c\u1ee5 th\u1ec3..\" \/>\n<meta name=\"robots\" content=\"index, follow, max-snippet:-1, max-image-preview:large, max-video-preview:-1\" \/>\n<link rel=\"canonical\" href=\"https:\/\/hiqvina.com\/en\/product\/solar-chevron\/\" \/>\n<meta property=\"og:locale\" content=\"en_US\" \/>\n<meta property=\"og:type\" content=\"article\" \/>\n<meta property=\"og:title\" content=\"Solar Chevron - Thi\u1ebft b\u1ecb an to\u00e0n giao th\u00f4ng\" \/>\n<meta property=\"og:description\" content=\"Ti\u00eau ph\u1ea3n quang \u0111\u01b0\u1ee3c l\u1eafp \u0111\u1eb7t t\u1ea1i \u0111\u01b0\u1eddng giao, t\u1ea1i n\u01a1i c\u1ea7n c\u1ea3nh b\u00e1o v\u1ec1 t\u00ecnh h\u00ecnh giao th\u00f4ng ho\u1eb7c ch\u1ec9 d\u1eabn c\u1ee5 th\u1ec3..\" \/>\n<meta property=\"og:url\" content=\"https:\/\/hiqvina.com\/en\/product\/solar-chevron\/\" \/>\n<meta property=\"og:site_name\" content=\"Thi\u1ebft b\u1ecb an to\u00e0n giao th\u00f4ng\" \/>\n<meta property=\"article:publisher\" content=\"https:\/\/www.facebook.com\/hiqvina\/\" \/>\n<meta property=\"article:modified_time\" content=\"2024-10-02T09:20:14+00:00\" \/>\n<meta name=\"twitter:card\" content=\"summary_large_image\" \/>\n<meta name=\"twitter:image\" content=\"https:\/\/hiqvina.com\/wp-content\/uploads\/2021\/08\/24.webp\" \/>\n<meta name=\"twitter:label1\" content=\"Est. reading time\" \/>\n\t<meta name=\"twitter:data1\" content=\"1 minute\" \/>\n<script type=\"application\/ld+json\" class=\"yoast-schema-graph\">{\"@context\":\"https:\/\/schema.org\",\"@graph\":[{\"@type\":\"Organization\",\"@id\":\"https:\/\/hiqvina.com\/#organization\",\"name\":\"HIQ Vina Co., Ltd\",\"url\":\"https:\/\/hiqvina.com\/\",\"sameAs\":[\"https:\/\/www.facebook.com\/hiqvina\/\",\"https:\/\/www.youtube.com\/channel\/UCYwPV5oBGDfbvkRCQ3RcMhw?view_as=subscriber\"],\"logo\":{\"@type\":\"ImageObject\",\"@id\":\"https:\/\/hiqvina.com\/#logo\",\"inLanguage\":\"en-US\",\"url\":\"https:\/\/hiqvina.com\/wp-content\/uploads\/2021\/07\/logo-gan-vao-lightbox.png\",\"contentUrl\":\"https:\/\/hiqvina.com\/wp-content\/uploads\/2021\/07\/logo-gan-vao-lightbox.png\",\"width\":900,\"height\":600,\"caption\":\"HIQ Vina Co., Ltd\"},\"image\":{\"@id\":\"https:\/\/hiqvina.com\/#logo\"}},{\"@type\":\"WebSite\",\"@id\":\"https:\/\/hiqvina.com\/#website\",\"url\":\"https:\/\/hiqvina.com\/\",\"name\":\"Thi\\u1ebft b\\u1ecb an to\\u00e0n giao th\\u00f4ng\",\"description\":\"Hi-Q VINA\",\"publisher\":{\"@id\":\"https:\/\/hiqvina.com\/#organization\"},\"potentialAction\":[{\"@type\":\"SearchAction\",\"target\":{\"@type\":\"EntryPoint\",\"urlTemplate\":\"https:\/\/hiqvina.com\/?s={search_term_string}\"},\"query-input\":\"required name=search_term_string\"}],\"inLanguage\":\"en-US\"},{\"@type\":\"ImageObject\",\"@id\":\"https:\/\/hiqvina.com\/en\/product\/solar-chevron\/#primaryimage\",\"inLanguage\":\"en-US\",\"url\":\"https:\/\/hiqvina.com\/wp-content\/uploads\/2021\/08\/24.webp\",\"contentUrl\":\"https:\/\/hiqvina.com\/wp-content\/uploads\/2021\/08\/24.webp\",\"width\":480,\"height\":480,\"caption\":\"Ti\\u00eau ph\\u1ea3n quang m\\u0169i t\\u00ean n\\u0103ng l\\u01b0\\u1ee3ng m\\u1eb7t tr\\u1eddi\"},{\"@type\":\"WebPage\",\"@id\":\"https:\/\/hiqvina.com\/en\/product\/solar-chevron\/#webpage\",\"url\":\"https:\/\/hiqvina.com\/en\/product\/solar-chevron\/\",\"name\":\"Solar Chevron - Thi\\u1ebft b\\u1ecb an to\\u00e0n giao th\\u00f4ng\",\"isPartOf\":{\"@id\":\"https:\/\/hiqvina.com\/#website\"},\"primaryImageOfPage\":{\"@id\":\"https:\/\/hiqvina.com\/en\/product\/solar-chevron\/#primaryimage\"},\"datePublished\":\"2019-07-31T05:09:59+00:00\",\"dateModified\":\"2024-10-02T09:20:14+00:00\",\"description\":\"Ti\\u00eau ph\\u1ea3n quang \\u0111\\u01b0\\u1ee3c l\\u1eafp \\u0111\\u1eb7t t\\u1ea1i \\u0111\\u01b0\\u1eddng giao, t\\u1ea1i n\\u01a1i c\\u1ea7n c\\u1ea3nh b\\u00e1o v\\u1ec1 t\\u00ecnh h\\u00ecnh giao th\\u00f4ng ho\\u1eb7c ch\\u1ec9 d\\u1eabn c\\u1ee5 th\\u1ec3..\",\"breadcrumb\":{\"@id\":\"https:\/\/hiqvina.com\/en\/product\/solar-chevron\/#breadcrumb\"},\"inLanguage\":\"en-US\",\"potentialAction\":[{\"@type\":\"ReadAction\",\"target\":[\"https:\/\/hiqvina.com\/en\/product\/solar-chevron\/\"]}]},{\"@type\":\"BreadcrumbList\",\"@id\":\"https:\/\/hiqvina.com\/en\/product\/solar-chevron\/#breadcrumb\",\"itemListElement\":[{\"@type\":\"ListItem\",\"position\":1,\"name\":\"Trang ch\\u1ee7\",\"item\":\"https:\/\/hiqvina.com\/\"},{\"@type\":\"ListItem\",\"position\":2,\"name\":\"T\\u1ea5t c\\u1ea3 s\\u1ea3n ph\\u1ea9m\",\"item\":\"https:\/\/hiqvina.com\/cua-hang\/\"},{\"@type\":\"ListItem\",\"position\":3,\"name\":\"Solar Chevron\"}]}]}<\/script>\n<!-- \/ Yoast SEO plugin. -->","yoast_head_json":{"title":"Solar Chevron - Thi\u1ebft b\u1ecb an to\u00e0n giao th\u00f4ng","description":"Ti\u00eau ph\u1ea3n quang \u0111\u01b0\u1ee3c l\u1eafp \u0111\u1eb7t t\u1ea1i \u0111\u01b0\u1eddng giao, t\u1ea1i n\u01a1i c\u1ea7n c\u1ea3nh b\u00e1o v\u1ec1 t\u00ecnh h\u00ecnh giao th\u00f4ng ho\u1eb7c ch\u1ec9 d\u1eabn c\u1ee5 th\u1ec3..","robots":{"index":"index","follow":"follow","max-snippet":"max-snippet:-1","max-image-preview":"max-image-preview:large","max-video-preview":"max-video-preview:-1"},"canonical":"https:\/\/hiqvina.com\/en\/product\/solar-chevron\/","og_locale":"en_US","og_type":"article","og_title":"Solar Chevron - Thi\u1ebft b\u1ecb an to\u00e0n giao th\u00f4ng","og_description":"Ti\u00eau ph\u1ea3n quang \u0111\u01b0\u1ee3c l\u1eafp \u0111\u1eb7t t\u1ea1i \u0111\u01b0\u1eddng giao, t\u1ea1i n\u01a1i c\u1ea7n c\u1ea3nh b\u00e1o v\u1ec1 t\u00ecnh h\u00ecnh giao th\u00f4ng ho\u1eb7c ch\u1ec9 d\u1eabn c\u1ee5 th\u1ec3..","og_url":"https:\/\/hiqvina.com\/en\/product\/solar-chevron\/","og_site_name":"Thi\u1ebft b\u1ecb an to\u00e0n giao th\u00f4ng","article_publisher":"https:\/\/www.facebook.com\/hiqvina\/","article_modified_time":"2024-10-02T09:20:14+00:00","twitter_card":"summary_large_image","twitter_image":"https:\/\/hiqvina.com\/wp-content\/uploads\/2021\/08\/24.webp","twitter_misc":{"Est. reading time":"1 minute"},"schema":{"@context":"https:\/\/schema.org","@graph":[{"@type":"Organization","@id":"https:\/\/hiqvina.com\/#organization","name":"HIQ Vina Co., Ltd","url":"https:\/\/hiqvina.com\/","sameAs":["https:\/\/www.facebook.com\/hiqvina\/","https:\/\/www.youtube.com\/channel\/UCYwPV5oBGDfbvkRCQ3RcMhw?view_as=subscriber"],"logo":{"@type":"ImageObject","@id":"https:\/\/hiqvina.com\/#logo","inLanguage":"en-US","url":"https:\/\/hiqvina.com\/wp-content\/uploads\/2021\/07\/logo-gan-vao-lightbox.png","contentUrl":"https:\/\/hiqvina.com\/wp-content\/uploads\/2021\/07\/logo-gan-vao-lightbox.png","width":900,"height":600,"caption":"HIQ Vina Co., Ltd"},"image":{"@id":"https:\/\/hiqvina.com\/#logo"}},{"@type":"WebSite","@id":"https:\/\/hiqvina.com\/#website","url":"https:\/\/hiqvina.com\/","name":"Thi\u1ebft b\u1ecb an to\u00e0n giao th\u00f4ng","description":"Hi-Q VINA","publisher":{"@id":"https:\/\/hiqvina.com\/#organization"},"potentialAction":[{"@type":"SearchAction","target":{"@type":"EntryPoint","urlTemplate":"https:\/\/hiqvina.com\/?s={search_term_string}"},"query-input":"required name=search_term_string"}],"inLanguage":"en-US"},{"@type":"ImageObject","@id":"https:\/\/hiqvina.com\/en\/product\/solar-chevron\/#primaryimage","inLanguage":"en-US","url":"https:\/\/hiqvina.com\/wp-content\/uploads\/2021\/08\/24.webp","contentUrl":"https:\/\/hiqvina.com\/wp-content\/uploads\/2021\/08\/24.webp","width":480,"height":480,"caption":"Ti\u00eau ph\u1ea3n quang m\u0169i t\u00ean n\u0103ng l\u01b0\u1ee3ng m\u1eb7t tr\u1eddi"},{"@type":"WebPage","@id":"https:\/\/hiqvina.com\/en\/product\/solar-chevron\/#webpage","url":"https:\/\/hiqvina.com\/en\/product\/solar-chevron\/","name":"Solar Chevron - Thi\u1ebft b\u1ecb an to\u00e0n giao th\u00f4ng","isPartOf":{"@id":"https:\/\/hiqvina.com\/#website"},"primaryImageOfPage":{"@id":"https:\/\/hiqvina.com\/en\/product\/solar-chevron\/#primaryimage"},"datePublished":"2019-07-31T05:09:59+00:00","dateModified":"2024-10-02T09:20:14+00:00","description":"Ti\u00eau ph\u1ea3n quang \u0111\u01b0\u1ee3c l\u1eafp \u0111\u1eb7t t\u1ea1i \u0111\u01b0\u1eddng giao, t\u1ea1i n\u01a1i c\u1ea7n c\u1ea3nh b\u00e1o v\u1ec1 t\u00ecnh h\u00ecnh giao th\u00f4ng ho\u1eb7c ch\u1ec9 d\u1eabn c\u1ee5 th\u1ec3..","breadcrumb":{"@id":"https:\/\/hiqvina.com\/en\/product\/solar-chevron\/#breadcrumb"},"inLanguage":"en-US","potentialAction":[{"@type":"ReadAction","target":["https:\/\/hiqvina.com\/en\/product\/solar-chevron\/"]}]},{"@type":"BreadcrumbList","@id":"https:\/\/hiqvina.com\/en\/product\/solar-chevron\/#breadcrumb","itemListElement":[{"@type":"ListItem","position":1,"name":"Trang ch\u1ee7","item":"https:\/\/hiqvina.com\/"},{"@type":"ListItem","position":2,"name":"T\u1ea5t c\u1ea3 s\u1ea3n ph\u1ea9m","item":"https:\/\/hiqvina.com\/cua-hang\/"},{"@type":"ListItem","position":3,"name":"Solar Chevron"}]}]}},"_links":{"self":[{"href":"https:\/\/hiqvina.com\/en\/wp-json\/wp\/v2\/product\/3386"}],"collection":[{"href":"https:\/\/hiqvina.com\/en\/wp-json\/wp\/v2\/product"}],"about":[{"href":"https:\/\/hiqvina.com\/en\/wp-json\/wp\/v2\/types\/product"}],"replies":[{"embeddable":true,"href":"https:\/\/hiqvina.com\/en\/wp-json\/wp\/v2\/comments?post=3386"}],"version-history":[{"count":5,"href":"https:\/\/hiqvina.com\/en\/wp-json\/wp\/v2\/product\/3386\/revisions"}],"predecessor-version":[{"id":18655,"href":"https:\/\/hiqvina.com\/en\/wp-json\/wp\/v2\/product\/3386\/revisions\/18655"}],"wp:featuredmedia":[{"embeddable":true,"href":"https:\/\/hiqvina.com\/en\/wp-json\/wp\/v2\/media\/12156"}],"wp:attachment":[{"href":"https:\/\/hiqvina.com\/en\/wp-json\/wp\/v2\/media?parent=3386"}],"wp:term":[{"taxonomy":"product_cat","embeddable":true,"href":"https:\/\/hiqvina.com\/en\/wp-json\/wp\/v2\/product_cat?post=3386"},{"taxonomy":"product_tag","embeddable":true,"href":"https:\/\/hiqvina.com\/en\/wp-json\/wp\/v2\/product_tag?post=3386"}],"curies":[{"name":"wp","href":"https:\/\/api.w.org\/{rel}","templated":true}]}}