{"id":3382,"date":"2019-07-31T12:20:27","date_gmt":"2019-07-31T05:20:27","guid":{"rendered":"https:\/\/hiqvina.com\/cua-hang\/solar-delineator\/"},"modified":"2025-04-14T16:41:47","modified_gmt":"2025-04-14T09:41:47","slug":"solar-reflector","status":"publish","type":"product","link":"https:\/\/hiqvina.com\/en\/product\/solar-reflector\/","title":{"rendered":"Solar Reflector"},"content":{"rendered":"\t\t<div data-elementor-type=\"product-post\" data-elementor-id=\"3382\" class=\"elementor elementor-3382 elementor-874\" data-elementor-settings=\"[]\">\n\t\t\t\t\t\t\t<div class=\"elementor-section-wrap\">\n\t\t\t\t\t\t\t<section class=\"elementor-section elementor-top-section elementor-element elementor-element-9ff36b8 elementor-section-boxed elementor-section-height-default elementor-section-height-default\" data-id=\"9ff36b8\" data-element_type=\"section\">\n\t\t\t\t\t\t<div class=\"elementor-container elementor-column-gap-default\">\n\t\t\t\t\t<div class=\"elementor-column elementor-col-100 elementor-top-column elementor-element elementor-element-57c9e3c\" data-id=\"57c9e3c\" data-element_type=\"column\">\n\t\t\t<div class=\"elementor-widget-wrap elementor-element-populated\">\n\t\t\t\t\t\t\t\t<div class=\"elementor-element elementor-element-8782d69 elementor-widget elementor-widget-text-editor\" data-id=\"8782d69\" data-element_type=\"widget\" data-widget_type=\"text-editor.default\">\n\t\t\t\t<div class=\"elementor-widget-container\">\n\t\t\t\t\t\t\t\t<p>The solar-powered round reflector is made from PC plastic, enhancing the reflective capability of the delineator. The post body is made of ABS plastic. The product includes an integrated solar panel and micro battery within the light. It also features an on\/off switch to save power when needed.<\/p>\n<p>The product can operate for about 2-3 days without sunlight if the battery is fully charged.<\/p>\n<p>The traffic warning light has a simple structure, is easy to install, and its monolithic design reduces deformation caused by external forces and provides better resistance to harsh weather conditions.<\/p>\t\t\t\t\t\t<\/div>\n\t\t\t\t<\/div>\n\t\t\t\t\t<\/div>\n\t\t<\/div>\n\t\t\t\t\t\t\t<\/div>\n\t\t<\/section>\n\t\t\t\t<section class=\"elementor-section elementor-top-section elementor-element elementor-element-0f03005 elementor-section-content-middle elementor-section-boxed elementor-section-height-default elementor-section-height-default\" data-id=\"0f03005\" data-element_type=\"section\">\n\t\t\t\t\t\t<div class=\"elementor-container elementor-column-gap-default\">\n\t\t\t\t\t<div class=\"elementor-column elementor-col-50 elementor-top-column elementor-element elementor-element-54a345f\" data-id=\"54a345f\" data-element_type=\"column\">\n\t\t\t<div class=\"elementor-widget-wrap elementor-element-populated\">\n\t\t\t\t\t\t\t\t<div class=\"elementor-element elementor-element-035d3fa elementor-widget elementor-widget-text-editor\" data-id=\"035d3fa\" data-element_type=\"widget\" data-widget_type=\"text-editor.default\">\n\t\t\t\t<div class=\"elementor-widget-container\">\n\t\t\t\t\t\t\t\t<p><span style=\"font-size: 14pt;\"><strong>Installation Locations for Solar Delineators:<\/strong><\/span><\/p>\n<p>The solar-powered round delineator is installed at intersections, in areas requiring traffic warnings, or for specific guidance.<\/p>\t\t\t\t\t\t<\/div>\n\t\t\t\t<\/div>\n\t\t\t\t\t<\/div>\n\t\t<\/div>\n\t\t\t\t<div class=\"elementor-column elementor-col-50 elementor-top-column elementor-element elementor-element-863d2bb\" data-id=\"863d2bb\" data-element_type=\"column\">\n\t\t\t<div class=\"elementor-widget-wrap elementor-element-populated\">\n\t\t\t\t\t\t\t\t<div class=\"elementor-element elementor-element-d453242 elementor-widget elementor-widget-gallery\" data-id=\"d453242\" data-element_type=\"widget\" data-settings=\"{&quot;gallery_layout&quot;:&quot;justified&quot;,&quot;lazyload&quot;:&quot;yes&quot;,&quot;ideal_row_height&quot;:{&quot;unit&quot;:&quot;px&quot;,&quot;size&quot;:200,&quot;sizes&quot;:[]},&quot;ideal_row_height_tablet&quot;:{&quot;unit&quot;:&quot;px&quot;,&quot;size&quot;:150,&quot;sizes&quot;:[]},&quot;ideal_row_height_mobile&quot;:{&quot;unit&quot;:&quot;px&quot;,&quot;size&quot;:150,&quot;sizes&quot;:[]},&quot;gap&quot;:{&quot;unit&quot;:&quot;px&quot;,&quot;size&quot;:10,&quot;sizes&quot;:[]},&quot;gap_tablet&quot;:{&quot;unit&quot;:&quot;px&quot;,&quot;size&quot;:10,&quot;sizes&quot;:[]},&quot;gap_mobile&quot;:{&quot;unit&quot;:&quot;px&quot;,&quot;size&quot;:10,&quot;sizes&quot;:[]},&quot;link_to&quot;:&quot;file&quot;,&quot;overlay_background&quot;:&quot;yes&quot;,&quot;content_hover_animation&quot;:&quot;fade-in&quot;}\" data-widget_type=\"gallery.default\">\n\t\t\t\t<div class=\"elementor-widget-container\">\n\t\t\t\t\t<div class=\"elementor-gallery__container\">\n\t\t\t\t\t\t\t<a class=\"e-gallery-item elementor-gallery-item elementor-animated-content\" href=\"https:\/\/hiqvina.com\/wp-content\/uploads\/2019\/07\/tieu-phan-quang-tron-nlmt.jpg\" data-elementor-open-lightbox=\"yes\" data-elementor-lightbox-slideshow=\"all-d453242\" data-elementor-lightbox-title=\"tieu-phan-quang-tron-nlmt\">\n\t\t\t\t\t<div class=\"e-gallery-image elementor-gallery-item__image\" data-thumbnail=\"https:\/\/hiqvina.com\/wp-content\/uploads\/2019\/07\/tieu-phan-quang-tron-nlmt-300x225.jpg\" data-width=\"300\" data-height=\"225\" alt=\"\" ><\/div>\n\t\t\t\t\t\t\t\t\t\t<div class=\"elementor-gallery-item__overlay\"><\/div>\n\t\t\t\t\t\t\t\t\t\t\t\t\t\t<\/a>\n\t\t\t\t\t\t\t<a class=\"e-gallery-item elementor-gallery-item elementor-animated-content\" href=\"https:\/\/hiqvina.com\/wp-content\/uploads\/2019\/07\/tieu-phan-quang-tron-nlmt1.jpg\" data-elementor-open-lightbox=\"yes\" data-elementor-lightbox-slideshow=\"all-d453242\" data-elementor-lightbox-title=\"tieu-phan-quang-tron-nlmt1\">\n\t\t\t\t\t<div class=\"e-gallery-image elementor-gallery-item__image\" data-thumbnail=\"https:\/\/hiqvina.com\/wp-content\/uploads\/2019\/07\/tieu-phan-quang-tron-nlmt1-300x225.jpg\" data-width=\"300\" data-height=\"225\" alt=\"\" ><\/div>\n\t\t\t\t\t\t\t\t\t\t<div class=\"elementor-gallery-item__overlay\"><\/div>\n\t\t\t\t\t\t\t\t\t\t\t\t\t\t<\/a>\n\t\t\t\t\t<\/div>\n\t\t\t<\/div>\n\t\t\t\t<\/div>\n\t\t\t\t\t<\/div>\n\t\t<\/div>\n\t\t\t\t\t\t\t<\/div>\n\t\t<\/section>\n\t\t\t\t<section class=\"elementor-section elementor-top-section elementor-element elementor-element-0b655a7 elementor-section-boxed elementor-section-height-default elementor-section-height-default\" data-id=\"0b655a7\" data-element_type=\"section\" data-settings=\"{&quot;background_background&quot;:&quot;classic&quot;}\">\n\t\t\t\t\t\t<div class=\"elementor-container elementor-column-gap-default\">\n\t\t\t\t\t<div class=\"elementor-column elementor-col-100 elementor-top-column elementor-element elementor-element-1ee2caa\" data-id=\"1ee2caa\" data-element_type=\"column\">\n\t\t\t<div class=\"elementor-widget-wrap elementor-element-populated\">\n\t\t\t\t\t\t\t\t<div class=\"elementor-element elementor-element-3b66365 elementor-widget elementor-widget-heading\" data-id=\"3b66365\" data-element_type=\"widget\" data-widget_type=\"heading.default\">\n\t\t\t\t<div class=\"elementor-widget-container\">\n\t\t\t<h2 class=\"elementor-heading-title elementor-size-default\">Technical Drawing<\/h2>\t\t<\/div>\n\t\t\t\t<\/div>\n\t\t\t\t\t<\/div>\n\t\t<\/div>\n\t\t\t\t\t\t\t<\/div>\n\t\t<\/section>\n\t\t\t\t<section class=\"elementor-section elementor-top-section elementor-element elementor-element-4bc7eed elementor-section-boxed elementor-section-height-default elementor-section-height-default\" data-id=\"4bc7eed\" data-element_type=\"section\">\n\t\t\t\t\t\t<div class=\"elementor-container elementor-column-gap-default\">\n\t\t\t\t\t<div class=\"elementor-column elementor-col-100 elementor-top-column elementor-element elementor-element-3441723\" data-id=\"3441723\" data-element_type=\"column\">\n\t\t\t<div class=\"elementor-widget-wrap elementor-element-populated\">\n\t\t\t\t\t\t\t\t<div class=\"elementor-element elementor-element-2322fcb elementor-widget elementor-widget-image\" data-id=\"2322fcb\" data-element_type=\"widget\" data-widget_type=\"image.default\">\n\t\t\t\t<div class=\"elementor-widget-container\">\n\t\t\t\t\t\t\t\t\t\t\t\t\t\t\t<img width=\"768\" height=\"1099\" src=\"https:\/\/hiqvina.com\/wp-content\/uploads\/2019\/07\/Tieu-phan-quang-tron-nang-luong-mat-troi.webp\" class=\"attachment-medium_large size-medium_large\" alt=\"b\u1ea3n v\u1ebd ti\u00eau ph\u1ea3n quang tr\u00f2n n\u0103ng l\u01b0\u1ee3ng m\u1eb7t tr\u1eddi\" loading=\"lazy\" \/>\t\t\t\t\t\t\t\t\t\t\t\t\t\t\t<\/div>\n\t\t\t\t<\/div>\n\t\t\t\t\t<\/div>\n\t\t<\/div>\n\t\t\t\t\t\t\t<\/div>\n\t\t<\/section>\n\t\t\t\t<section class=\"elementor-section elementor-top-section elementor-element elementor-element-cee2cc3 elementor-section-boxed elementor-section-height-default elementor-section-height-default\" data-id=\"cee2cc3\" data-element_type=\"section\">\n\t\t\t\t\t\t<div class=\"elementor-container elementor-column-gap-default\">\n\t\t\t\t\t<div class=\"elementor-column elementor-col-100 elementor-top-column elementor-element elementor-element-71be447\" data-id=\"71be447\" data-element_type=\"column\">\n\t\t\t<div class=\"elementor-widget-wrap elementor-element-populated\">\n\t\t\t\t\t\t\t\t<div class=\"elementor-element elementor-element-42518bf elementor-widget elementor-widget-text-editor\" data-id=\"42518bf\" data-element_type=\"widget\" data-widget_type=\"text-editor.default\">\n\t\t\t\t<div class=\"elementor-widget-container\">\n\t\t\t\t\t\t\t\t<p><strong>Origin:<\/strong> South Korea<\/p>\t\t\t\t\t\t<\/div>\n\t\t\t\t<\/div>\n\t\t\t\t\t<\/div>\n\t\t<\/div>\n\t\t\t\t\t\t\t<\/div>\n\t\t<\/section>\n\t\t\t\t\t\t<\/div>\n\t\t\t\t\t<\/div>\n\t\t","protected":false},"excerpt":{"rendered":"<p>The solar-powered round reflector is made from PC plastic, enhancing the reflective capability of the delineator. The post body is made of ABS plastic. The product includes an integrated solar panel and micro battery within the light. It also features an on\/off switch to save power when needed. The product can operate for about 2-3 [&hellip;]<\/p>\n","protected":false},"featured_media":12168,"comment_status":"open","ping_status":"closed","template":"","meta":[],"product_cat":[151,154,155],"product_tag":[195,186],"yoast_head":"<!-- This site is optimized with the Yoast SEO plugin v16.8 - https:\/\/yoast.com\/wordpress\/plugins\/seo\/ -->\n<title>Solar Reflector - Thi\u1ebft b\u1ecb an to\u00e0n giao th\u00f4ng<\/title>\n<meta name=\"description\" content=\"Ti\u00eau ph\u1ea3n quang l\u1eafp \u0111\u1eb7t t\u1ea1i \u0111\u01b0\u1eddng giao, t\u1ea1i n\u01a1i c\u1ea7n c\u1ea3nh b\u00e1o v\u1ec1 t\u00ecnh h\u00ecnh giao th\u00f4ng ho\u1eb7c ch\u1ec9 d\u1eabn c\u1ee5 th\u1ec3\" \/>\n<meta name=\"robots\" content=\"index, follow, max-snippet:-1, max-image-preview:large, max-video-preview:-1\" \/>\n<link rel=\"canonical\" href=\"https:\/\/hiqvina.com\/en\/product\/solar-reflector\/\" \/>\n<meta property=\"og:locale\" content=\"en_US\" \/>\n<meta property=\"og:type\" content=\"article\" \/>\n<meta property=\"og:title\" content=\"Solar Reflector - Thi\u1ebft b\u1ecb an to\u00e0n giao th\u00f4ng\" \/>\n<meta property=\"og:description\" content=\"Ti\u00eau ph\u1ea3n quang l\u1eafp \u0111\u1eb7t t\u1ea1i \u0111\u01b0\u1eddng giao, t\u1ea1i n\u01a1i c\u1ea7n c\u1ea3nh b\u00e1o v\u1ec1 t\u00ecnh h\u00ecnh giao th\u00f4ng ho\u1eb7c ch\u1ec9 d\u1eabn c\u1ee5 th\u1ec3\" \/>\n<meta property=\"og:url\" content=\"https:\/\/hiqvina.com\/en\/product\/solar-reflector\/\" \/>\n<meta property=\"og:site_name\" content=\"Thi\u1ebft b\u1ecb an to\u00e0n giao th\u00f4ng\" \/>\n<meta property=\"article:publisher\" content=\"https:\/\/www.facebook.com\/hiqvina\/\" \/>\n<meta property=\"article:modified_time\" content=\"2025-04-14T09:41:47+00:00\" \/>\n<meta name=\"twitter:card\" content=\"summary_large_image\" \/>\n<meta name=\"twitter:image\" content=\"https:\/\/hiqvina.com\/wp-content\/uploads\/2021\/08\/30.webp\" \/>\n<meta name=\"twitter:label1\" content=\"Est. reading time\" \/>\n\t<meta name=\"twitter:data1\" content=\"1 minute\" \/>\n<script type=\"application\/ld+json\" class=\"yoast-schema-graph\">{\"@context\":\"https:\/\/schema.org\",\"@graph\":[{\"@type\":\"Organization\",\"@id\":\"https:\/\/hiqvina.com\/#organization\",\"name\":\"HIQ Vina Co., Ltd\",\"url\":\"https:\/\/hiqvina.com\/\",\"sameAs\":[\"https:\/\/www.facebook.com\/hiqvina\/\",\"https:\/\/www.youtube.com\/channel\/UCYwPV5oBGDfbvkRCQ3RcMhw?view_as=subscriber\"],\"logo\":{\"@type\":\"ImageObject\",\"@id\":\"https:\/\/hiqvina.com\/#logo\",\"inLanguage\":\"en-US\",\"url\":\"https:\/\/hiqvina.com\/wp-content\/uploads\/2021\/07\/logo-gan-vao-lightbox.png\",\"contentUrl\":\"https:\/\/hiqvina.com\/wp-content\/uploads\/2021\/07\/logo-gan-vao-lightbox.png\",\"width\":900,\"height\":600,\"caption\":\"HIQ Vina Co., Ltd\"},\"image\":{\"@id\":\"https:\/\/hiqvina.com\/#logo\"}},{\"@type\":\"WebSite\",\"@id\":\"https:\/\/hiqvina.com\/#website\",\"url\":\"https:\/\/hiqvina.com\/\",\"name\":\"Thi\\u1ebft b\\u1ecb an to\\u00e0n giao th\\u00f4ng\",\"description\":\"Hi-Q VINA\",\"publisher\":{\"@id\":\"https:\/\/hiqvina.com\/#organization\"},\"potentialAction\":[{\"@type\":\"SearchAction\",\"target\":{\"@type\":\"EntryPoint\",\"urlTemplate\":\"https:\/\/hiqvina.com\/?s={search_term_string}\"},\"query-input\":\"required name=search_term_string\"}],\"inLanguage\":\"en-US\"},{\"@type\":\"ImageObject\",\"@id\":\"https:\/\/hiqvina.com\/en\/product\/solar-reflector\/#primaryimage\",\"inLanguage\":\"en-US\",\"url\":\"https:\/\/hiqvina.com\/wp-content\/uploads\/2021\/08\/30.webp\",\"contentUrl\":\"https:\/\/hiqvina.com\/wp-content\/uploads\/2021\/08\/30.webp\",\"width\":480,\"height\":480,\"caption\":\"Ti\\u00eau ph\\u1ea3n quang tr\\u00f2n n\\u0103ng l\\u01b0\\u1ee3ng m\\u1eb7t tr\\u1eddi\"},{\"@type\":\"WebPage\",\"@id\":\"https:\/\/hiqvina.com\/en\/product\/solar-reflector\/#webpage\",\"url\":\"https:\/\/hiqvina.com\/en\/product\/solar-reflector\/\",\"name\":\"Solar Reflector - Thi\\u1ebft b\\u1ecb an to\\u00e0n giao th\\u00f4ng\",\"isPartOf\":{\"@id\":\"https:\/\/hiqvina.com\/#website\"},\"primaryImageOfPage\":{\"@id\":\"https:\/\/hiqvina.com\/en\/product\/solar-reflector\/#primaryimage\"},\"datePublished\":\"2019-07-31T05:20:27+00:00\",\"dateModified\":\"2025-04-14T09:41:47+00:00\",\"description\":\"Ti\\u00eau ph\\u1ea3n quang l\\u1eafp \\u0111\\u1eb7t t\\u1ea1i \\u0111\\u01b0\\u1eddng giao, t\\u1ea1i n\\u01a1i c\\u1ea7n c\\u1ea3nh b\\u00e1o v\\u1ec1 t\\u00ecnh h\\u00ecnh giao th\\u00f4ng ho\\u1eb7c ch\\u1ec9 d\\u1eabn c\\u1ee5 th\\u1ec3\",\"breadcrumb\":{\"@id\":\"https:\/\/hiqvina.com\/en\/product\/solar-reflector\/#breadcrumb\"},\"inLanguage\":\"en-US\",\"potentialAction\":[{\"@type\":\"ReadAction\",\"target\":[\"https:\/\/hiqvina.com\/en\/product\/solar-reflector\/\"]}]},{\"@type\":\"BreadcrumbList\",\"@id\":\"https:\/\/hiqvina.com\/en\/product\/solar-reflector\/#breadcrumb\",\"itemListElement\":[{\"@type\":\"ListItem\",\"position\":1,\"name\":\"Trang ch\\u1ee7\",\"item\":\"https:\/\/hiqvina.com\/\"},{\"@type\":\"ListItem\",\"position\":2,\"name\":\"T\\u1ea5t c\\u1ea3 s\\u1ea3n ph\\u1ea9m\",\"item\":\"https:\/\/hiqvina.com\/cua-hang\/\"},{\"@type\":\"ListItem\",\"position\":3,\"name\":\"Solar Reflector\"}]}]}<\/script>\n<!-- \/ Yoast SEO plugin. -->","yoast_head_json":{"title":"Solar Reflector - Thi\u1ebft b\u1ecb an to\u00e0n giao th\u00f4ng","description":"Ti\u00eau ph\u1ea3n quang l\u1eafp \u0111\u1eb7t t\u1ea1i \u0111\u01b0\u1eddng giao, t\u1ea1i n\u01a1i c\u1ea7n c\u1ea3nh b\u00e1o v\u1ec1 t\u00ecnh h\u00ecnh giao th\u00f4ng ho\u1eb7c ch\u1ec9 d\u1eabn c\u1ee5 th\u1ec3","robots":{"index":"index","follow":"follow","max-snippet":"max-snippet:-1","max-image-preview":"max-image-preview:large","max-video-preview":"max-video-preview:-1"},"canonical":"https:\/\/hiqvina.com\/en\/product\/solar-reflector\/","og_locale":"en_US","og_type":"article","og_title":"Solar Reflector - Thi\u1ebft b\u1ecb an to\u00e0n giao th\u00f4ng","og_description":"Ti\u00eau ph\u1ea3n quang l\u1eafp \u0111\u1eb7t t\u1ea1i \u0111\u01b0\u1eddng giao, t\u1ea1i n\u01a1i c\u1ea7n c\u1ea3nh b\u00e1o v\u1ec1 t\u00ecnh h\u00ecnh giao th\u00f4ng ho\u1eb7c ch\u1ec9 d\u1eabn c\u1ee5 th\u1ec3","og_url":"https:\/\/hiqvina.com\/en\/product\/solar-reflector\/","og_site_name":"Thi\u1ebft b\u1ecb an to\u00e0n giao th\u00f4ng","article_publisher":"https:\/\/www.facebook.com\/hiqvina\/","article_modified_time":"2025-04-14T09:41:47+00:00","twitter_card":"summary_large_image","twitter_image":"https:\/\/hiqvina.com\/wp-content\/uploads\/2021\/08\/30.webp","twitter_misc":{"Est. reading time":"1 minute"},"schema":{"@context":"https:\/\/schema.org","@graph":[{"@type":"Organization","@id":"https:\/\/hiqvina.com\/#organization","name":"HIQ Vina Co., Ltd","url":"https:\/\/hiqvina.com\/","sameAs":["https:\/\/www.facebook.com\/hiqvina\/","https:\/\/www.youtube.com\/channel\/UCYwPV5oBGDfbvkRCQ3RcMhw?view_as=subscriber"],"logo":{"@type":"ImageObject","@id":"https:\/\/hiqvina.com\/#logo","inLanguage":"en-US","url":"https:\/\/hiqvina.com\/wp-content\/uploads\/2021\/07\/logo-gan-vao-lightbox.png","contentUrl":"https:\/\/hiqvina.com\/wp-content\/uploads\/2021\/07\/logo-gan-vao-lightbox.png","width":900,"height":600,"caption":"HIQ Vina Co., Ltd"},"image":{"@id":"https:\/\/hiqvina.com\/#logo"}},{"@type":"WebSite","@id":"https:\/\/hiqvina.com\/#website","url":"https:\/\/hiqvina.com\/","name":"Thi\u1ebft b\u1ecb an to\u00e0n giao th\u00f4ng","description":"Hi-Q VINA","publisher":{"@id":"https:\/\/hiqvina.com\/#organization"},"potentialAction":[{"@type":"SearchAction","target":{"@type":"EntryPoint","urlTemplate":"https:\/\/hiqvina.com\/?s={search_term_string}"},"query-input":"required name=search_term_string"}],"inLanguage":"en-US"},{"@type":"ImageObject","@id":"https:\/\/hiqvina.com\/en\/product\/solar-reflector\/#primaryimage","inLanguage":"en-US","url":"https:\/\/hiqvina.com\/wp-content\/uploads\/2021\/08\/30.webp","contentUrl":"https:\/\/hiqvina.com\/wp-content\/uploads\/2021\/08\/30.webp","width":480,"height":480,"caption":"Ti\u00eau ph\u1ea3n quang tr\u00f2n n\u0103ng l\u01b0\u1ee3ng m\u1eb7t tr\u1eddi"},{"@type":"WebPage","@id":"https:\/\/hiqvina.com\/en\/product\/solar-reflector\/#webpage","url":"https:\/\/hiqvina.com\/en\/product\/solar-reflector\/","name":"Solar Reflector - Thi\u1ebft b\u1ecb an to\u00e0n giao th\u00f4ng","isPartOf":{"@id":"https:\/\/hiqvina.com\/#website"},"primaryImageOfPage":{"@id":"https:\/\/hiqvina.com\/en\/product\/solar-reflector\/#primaryimage"},"datePublished":"2019-07-31T05:20:27+00:00","dateModified":"2025-04-14T09:41:47+00:00","description":"Ti\u00eau ph\u1ea3n quang l\u1eafp \u0111\u1eb7t t\u1ea1i \u0111\u01b0\u1eddng giao, t\u1ea1i n\u01a1i c\u1ea7n c\u1ea3nh b\u00e1o v\u1ec1 t\u00ecnh h\u00ecnh giao th\u00f4ng ho\u1eb7c ch\u1ec9 d\u1eabn c\u1ee5 th\u1ec3","breadcrumb":{"@id":"https:\/\/hiqvina.com\/en\/product\/solar-reflector\/#breadcrumb"},"inLanguage":"en-US","potentialAction":[{"@type":"ReadAction","target":["https:\/\/hiqvina.com\/en\/product\/solar-reflector\/"]}]},{"@type":"BreadcrumbList","@id":"https:\/\/hiqvina.com\/en\/product\/solar-reflector\/#breadcrumb","itemListElement":[{"@type":"ListItem","position":1,"name":"Trang ch\u1ee7","item":"https:\/\/hiqvina.com\/"},{"@type":"ListItem","position":2,"name":"T\u1ea5t c\u1ea3 s\u1ea3n ph\u1ea9m","item":"https:\/\/hiqvina.com\/cua-hang\/"},{"@type":"ListItem","position":3,"name":"Solar Reflector"}]}]}},"_links":{"self":[{"href":"https:\/\/hiqvina.com\/en\/wp-json\/wp\/v2\/product\/3382"}],"collection":[{"href":"https:\/\/hiqvina.com\/en\/wp-json\/wp\/v2\/product"}],"about":[{"href":"https:\/\/hiqvina.com\/en\/wp-json\/wp\/v2\/types\/product"}],"replies":[{"embeddable":true,"href":"https:\/\/hiqvina.com\/en\/wp-json\/wp\/v2\/comments?post=3382"}],"version-history":[{"count":6,"href":"https:\/\/hiqvina.com\/en\/wp-json\/wp\/v2\/product\/3382\/revisions"}],"predecessor-version":[{"id":20010,"href":"https:\/\/hiqvina.com\/en\/wp-json\/wp\/v2\/product\/3382\/revisions\/20010"}],"wp:featuredmedia":[{"embeddable":true,"href":"https:\/\/hiqvina.com\/en\/wp-json\/wp\/v2\/media\/12168"}],"wp:attachment":[{"href":"https:\/\/hiqvina.com\/en\/wp-json\/wp\/v2\/media?parent=3382"}],"wp:term":[{"taxonomy":"product_cat","embeddable":true,"href":"https:\/\/hiqvina.com\/en\/wp-json\/wp\/v2\/product_cat?post=3382"},{"taxonomy":"product_tag","embeddable":true,"href":"https:\/\/hiqvina.com\/en\/wp-json\/wp\/v2\/product_tag?post=3382"}],"curies":[{"name":"wp","href":"https:\/\/api.w.org\/{rel}","templated":true}]}}