{"id":3379,"date":"2019-08-02T01:54:18","date_gmt":"2019-08-01T18:54:18","guid":{"rendered":"https:\/\/hiqvina.com\/cua-hang\/flexible-post-750mm-with-chain\/"},"modified":"2025-06-02T15:17:49","modified_gmt":"2025-06-02T08:17:49","slug":"flexible-post-750mm-with-chain","status":"publish","type":"product","link":"https:\/\/hiqvina.com\/en\/product\/flexible-post-750mm-with-chain\/","title":{"rendered":"Flexible Post for chain connection"},"content":{"rendered":"\t\t<div data-elementor-type=\"product-post\" data-elementor-id=\"3379\" class=\"elementor elementor-3379 elementor-918\" data-elementor-settings=\"[]\">\n\t\t\t\t\t\t\t<div class=\"elementor-section-wrap\">\n\t\t\t\t\t\t\t<section class=\"elementor-section elementor-top-section elementor-element elementor-element-4dcfdff elementor-section-content-top elementor-section-boxed elementor-section-height-default elementor-section-height-default\" data-id=\"4dcfdff\" data-element_type=\"section\">\n\t\t\t\t\t\t<div class=\"elementor-container elementor-column-gap-default\">\n\t\t\t\t\t<div class=\"elementor-column elementor-col-33 elementor-top-column elementor-element elementor-element-435cfa6\" data-id=\"435cfa6\" data-element_type=\"column\">\n\t\t\t<div class=\"elementor-widget-wrap elementor-element-populated\">\n\t\t\t\t\t\t\t\t<div class=\"elementor-element elementor-element-4cb6212 elementor-aspect-ratio-169 elementor-widget elementor-widget-video\" data-id=\"4cb6212\" data-element_type=\"widget\" data-settings=\"{&quot;youtube_url&quot;:&quot;https:\\\/\\\/www.youtube.com\\\/watch?v=MO2AOgCwapU&quot;,&quot;loop&quot;:&quot;yes&quot;,&quot;video_type&quot;:&quot;youtube&quot;,&quot;controls&quot;:&quot;yes&quot;,&quot;aspect_ratio&quot;:&quot;169&quot;}\" data-widget_type=\"video.default\">\n\t\t\t\t<div class=\"elementor-widget-container\">\n\t\t\t\t\t<div class=\"elementor-wrapper elementor-fit-aspect-ratio elementor-open-inline\">\n\t\t\t<div class=\"elementor-video\"><\/div>\t\t<\/div>\n\t\t\t\t<\/div>\n\t\t\t\t<\/div>\n\t\t\t\t\t<\/div>\n\t\t<\/div>\n\t\t\t\t<div class=\"elementor-column elementor-col-66 elementor-top-column elementor-element elementor-element-66bb7ed\" data-id=\"66bb7ed\" data-element_type=\"column\">\n\t\t\t<div class=\"elementor-widget-wrap elementor-element-populated\">\n\t\t\t\t\t\t\t\t<div class=\"elementor-element elementor-element-3c367b3 elementor-widget elementor-widget-text-editor\" data-id=\"3c367b3\" data-element_type=\"widget\" data-widget_type=\"text-editor.default\">\n\t\t\t\t<div class=\"elementor-widget-container\">\n\t\t\t\t\t\t\t\t<ul>\n<li>\n<p>The product has excellent elasticity and superior flexibility, maintaining its color stability throughout use.<\/p>\n<\/li>\n<li>\n<p>Its exceptional recovery ability has been proven through tests of bending it 300,000 times.<\/p>\n<\/li>\n<li>\n<p>It is used with high-reflectivity reflective sheeting imported directly from South Korea. The included 80mm standard anchor bolts securely hold the post in place, preventing the base from tearing in the event of a collision.<\/p>\n<\/li>\n<li>\n<p>The product features a chain hook that links multiple posts together. The PE plastic chain is easy to attach and detach from the post, enhancing the warning characteristics of the installation area.<\/p>\n<\/li>\n<\/ul>\t\t\t\t\t\t<\/div>\n\t\t\t\t<\/div>\n\t\t\t\t\t<\/div>\n\t\t<\/div>\n\t\t\t\t\t\t\t<\/div>\n\t\t<\/section>\n\t\t\t\t<section class=\"elementor-section elementor-top-section elementor-element elementor-element-1ed94d4e elementor-section-boxed elementor-section-height-default elementor-section-height-default\" data-id=\"1ed94d4e\" data-element_type=\"section\">\n\t\t\t\t\t\t<div class=\"elementor-container elementor-column-gap-default\">\n\t\t\t\t\t<div class=\"elementor-column elementor-col-100 elementor-top-column elementor-element elementor-element-5c24d157\" data-id=\"5c24d157\" data-element_type=\"column\">\n\t\t\t<div class=\"elementor-widget-wrap elementor-element-populated\">\n\t\t\t\t\t\t\t\t<div class=\"elementor-element elementor-element-f6639f5 elementor-widget elementor-widget-text-editor\" data-id=\"f6639f5\" data-element_type=\"widget\" data-widget_type=\"text-editor.default\">\n\t\t\t\t<div class=\"elementor-widget-container\">\n\t\t\t\t\t\t\t\t<p><span style=\"font-size: 14pt;\"><strong>Installation Locations for Flexible Post for Chain Connection:<\/strong><\/span><\/p>\n<ul>\n<li>\n<p>The flexible post for chain connection is widely used.<\/p>\n<\/li>\n<li>\n<p>It is commonly employed for traffic lane separation, construction warning, and area division at parking lots and basements.<\/p>\n<\/li>\n<\/ul>\t\t\t\t\t\t<\/div>\n\t\t\t\t<\/div>\n\t\t\t\t<div class=\"elementor-element elementor-element-0b1ea71 elementor-widget elementor-widget-gallery\" data-id=\"0b1ea71\" data-element_type=\"widget\" data-settings=\"{&quot;gallery_layout&quot;:&quot;justified&quot;,&quot;lazyload&quot;:&quot;yes&quot;,&quot;ideal_row_height&quot;:{&quot;unit&quot;:&quot;px&quot;,&quot;size&quot;:200,&quot;sizes&quot;:[]},&quot;ideal_row_height_tablet&quot;:{&quot;unit&quot;:&quot;px&quot;,&quot;size&quot;:150,&quot;sizes&quot;:[]},&quot;ideal_row_height_mobile&quot;:{&quot;unit&quot;:&quot;px&quot;,&quot;size&quot;:150,&quot;sizes&quot;:[]},&quot;gap&quot;:{&quot;unit&quot;:&quot;px&quot;,&quot;size&quot;:10,&quot;sizes&quot;:[]},&quot;gap_tablet&quot;:{&quot;unit&quot;:&quot;px&quot;,&quot;size&quot;:10,&quot;sizes&quot;:[]},&quot;gap_mobile&quot;:{&quot;unit&quot;:&quot;px&quot;,&quot;size&quot;:10,&quot;sizes&quot;:[]},&quot;link_to&quot;:&quot;file&quot;,&quot;overlay_background&quot;:&quot;yes&quot;,&quot;content_hover_animation&quot;:&quot;fade-in&quot;}\" data-widget_type=\"gallery.default\">\n\t\t\t\t<div class=\"elementor-widget-container\">\n\t\t\t\t\t<div class=\"elementor-gallery__container\">\n\t\t\t\t\t\t\t<a class=\"e-gallery-item elementor-gallery-item elementor-animated-content\" href=\"https:\/\/hiqvina.com\/wp-content\/uploads\/2024\/05\/Coc-tieu-giao-hinh-tru-co-day-xich-1.webp\" data-elementor-open-lightbox=\"yes\" data-elementor-lightbox-slideshow=\"all-0b1ea71\" data-elementor-lightbox-title=\"Coc-tieu-giao-hinh-tru-co-day-xich (1)\">\n\t\t\t\t\t<div class=\"e-gallery-image elementor-gallery-item__image\" data-thumbnail=\"https:\/\/hiqvina.com\/wp-content\/uploads\/2024\/05\/Coc-tieu-giao-hinh-tru-co-day-xich-1.webp\" data-width=\"300\" data-height=\"225\" alt=\"\" ><\/div>\n\t\t\t\t\t\t\t\t\t\t<div class=\"elementor-gallery-item__overlay\"><\/div>\n\t\t\t\t\t\t\t\t\t\t\t\t\t\t<\/a>\n\t\t\t\t\t\t\t<a class=\"e-gallery-item elementor-gallery-item elementor-animated-content\" href=\"https:\/\/hiqvina.com\/wp-content\/uploads\/2024\/05\/Coc-tieu-giao-hinh-tru-co-day-xich-3.webp\" data-elementor-open-lightbox=\"yes\" data-elementor-lightbox-slideshow=\"all-0b1ea71\" data-elementor-lightbox-title=\"Coc-tieu-giao-hinh-tru-co-day-xich (3)\">\n\t\t\t\t\t<div class=\"e-gallery-image elementor-gallery-item__image\" data-thumbnail=\"https:\/\/hiqvina.com\/wp-content\/uploads\/2024\/05\/Coc-tieu-giao-hinh-tru-co-day-xich-3.webp\" data-width=\"300\" data-height=\"225\" alt=\"\" ><\/div>\n\t\t\t\t\t\t\t\t\t\t<div class=\"elementor-gallery-item__overlay\"><\/div>\n\t\t\t\t\t\t\t\t\t\t\t\t\t\t<\/a>\n\t\t\t\t\t\t\t<a class=\"e-gallery-item elementor-gallery-item elementor-animated-content\" href=\"https:\/\/hiqvina.com\/wp-content\/uploads\/2024\/05\/Coc-tieu-giao-hinh-tru-co-day-xich-4.webp\" data-elementor-open-lightbox=\"yes\" data-elementor-lightbox-slideshow=\"all-0b1ea71\" data-elementor-lightbox-title=\"Coc-tieu-giao-hinh-tru-co-day-xich (4)\">\n\t\t\t\t\t<div class=\"e-gallery-image elementor-gallery-item__image\" data-thumbnail=\"https:\/\/hiqvina.com\/wp-content\/uploads\/2024\/05\/Coc-tieu-giao-hinh-tru-co-day-xich-4.webp\" data-width=\"300\" data-height=\"225\" alt=\"\" ><\/div>\n\t\t\t\t\t\t\t\t\t\t<div class=\"elementor-gallery-item__overlay\"><\/div>\n\t\t\t\t\t\t\t\t\t\t\t\t\t\t<\/a>\n\t\t\t\t\t\t\t<a class=\"e-gallery-item elementor-gallery-item elementor-animated-content\" href=\"https:\/\/hiqvina.com\/wp-content\/uploads\/2024\/05\/Coc-tieu-giao-hinh-tru-co-day-xich-2-1.webp\" data-elementor-open-lightbox=\"yes\" data-elementor-lightbox-slideshow=\"all-0b1ea71\" data-elementor-lightbox-title=\"Coc-tieu-giao-hinh-tru-co-day-xich (2)\">\n\t\t\t\t\t<div class=\"e-gallery-image elementor-gallery-item__image\" data-thumbnail=\"https:\/\/hiqvina.com\/wp-content\/uploads\/2024\/05\/Coc-tieu-giao-hinh-tru-co-day-xich-2-1.webp\" data-width=\"300\" data-height=\"169\" alt=\"\" ><\/div>\n\t\t\t\t\t\t\t\t\t\t<div class=\"elementor-gallery-item__overlay\"><\/div>\n\t\t\t\t\t\t\t\t\t\t\t\t\t\t<\/a>\n\t\t\t\t\t<\/div>\n\t\t\t<\/div>\n\t\t\t\t<\/div>\n\t\t\t\t\t<\/div>\n\t\t<\/div>\n\t\t\t\t\t\t\t<\/div>\n\t\t<\/section>\n\t\t\t\t<section class=\"elementor-section elementor-top-section elementor-element elementor-element-bfb6922 elementor-section-boxed elementor-section-height-default elementor-section-height-default\" data-id=\"bfb6922\" data-element_type=\"section\">\n\t\t\t\t\t\t<div class=\"elementor-container elementor-column-gap-default\">\n\t\t\t\t\t<div class=\"elementor-column elementor-col-100 elementor-top-column elementor-element elementor-element-b5e239d\" data-id=\"b5e239d\" data-element_type=\"column\">\n\t\t\t<div class=\"elementor-widget-wrap elementor-element-populated\">\n\t\t\t\t\t\t\t\t<div class=\"elementor-element elementor-element-6d75ecc elementor-widget elementor-widget-heading\" data-id=\"6d75ecc\" data-element_type=\"widget\" data-widget_type=\"heading.default\">\n\t\t\t\t<div class=\"elementor-widget-container\">\n\t\t\t<h2 class=\"elementor-heading-title elementor-size-default\">Technical drawing<\/h2>\t\t<\/div>\n\t\t\t\t<\/div>\n\t\t\t\t<div class=\"elementor-element elementor-element-9144589 elementor-widget elementor-widget-image\" data-id=\"9144589\" data-element_type=\"widget\" data-widget_type=\"image.default\">\n\t\t\t\t<div class=\"elementor-widget-container\">\n\t\t\t\t\t\t\t\t\t\t\t\t\t\t\t<img width=\"716\" height=\"1024\" src=\"https:\/\/hiqvina.com\/wp-content\/uploads\/2019\/08\/Coc-tieu-hinh-tru-co-day-xich_ban-ve-716x1024.jpg\" class=\"attachment-large size-large\" alt=\"\" loading=\"lazy\" srcset=\"https:\/\/hiqvina.com\/wp-content\/uploads\/2019\/08\/Coc-tieu-hinh-tru-co-day-xich_ban-ve-716x1024.jpg 716w, https:\/\/hiqvina.com\/wp-content\/uploads\/2019\/08\/Coc-tieu-hinh-tru-co-day-xich_ban-ve-210x300.jpg 210w, https:\/\/hiqvina.com\/wp-content\/uploads\/2019\/08\/Coc-tieu-hinh-tru-co-day-xich_ban-ve-768x1098.jpg 768w, https:\/\/hiqvina.com\/wp-content\/uploads\/2019\/08\/Coc-tieu-hinh-tru-co-day-xich_ban-ve-1074x1536.jpg 1074w, https:\/\/hiqvina.com\/wp-content\/uploads\/2019\/08\/Coc-tieu-hinh-tru-co-day-xich_ban-ve-1432x2048.jpg 1432w, https:\/\/hiqvina.com\/wp-content\/uploads\/2019\/08\/Coc-tieu-hinh-tru-co-day-xich_ban-ve-600x858.jpg 600w, https:\/\/hiqvina.com\/wp-content\/uploads\/2019\/08\/Coc-tieu-hinh-tru-co-day-xich_ban-ve-scaled.jpg 1790w\" sizes=\"(max-width: 716px) 100vw, 716px\" \/>\t\t\t\t\t\t\t\t\t\t\t\t\t\t\t<\/div>\n\t\t\t\t<\/div>\n\t\t\t\t\t<\/div>\n\t\t<\/div>\n\t\t\t\t\t\t\t<\/div>\n\t\t<\/section>\n\t\t\t\t\t\t<\/div>\n\t\t\t\t\t<\/div>\n\t\t","protected":false},"excerpt":{"rendered":"<p>The product has excellent elasticity and superior flexibility, maintaining its color stability throughout use. Its exceptional recovery ability has been proven through tests of bending it 300,000 times. It is used with high-reflectivity reflective sheeting imported directly from South Korea. The included 80mm standard anchor bolts securely hold the post in place, preventing the base [&hellip;]<\/p>\n","protected":false},"featured_media":12110,"comment_status":"open","ping_status":"closed","template":"","meta":[],"product_cat":[151,153,154],"product_tag":[183,182,184],"yoast_head":"<!-- This site is optimized with the Yoast SEO plugin v16.8 - https:\/\/yoast.com\/wordpress\/plugins\/seo\/ -->\n<title>Flexible Post for chain connection - Thi\u1ebft b\u1ecb an to\u00e0n giao th\u00f4ng<\/title>\n<meta name=\"description\" content=\"C\u1ecdc ti\u00eau ph\u00e2n l\u00e0n \u0111\u01b0\u1ee3c l\u1eafp \u0111\u1eb7t v\u1edbi m\u1ee5c \u0111\u00edch ph\u00e2n l\u00e0n, d\u1eabn h\u01b0\u1edbng ph\u01b0\u01a1ng ti\u1ec7n tr\u00ean cao t\u1ed1c, qu\u1ed1c l\u1ed9 ho\u1eb7c t\u1ea1i c\u00e1c tuy\u1ebfn \u0111\u01b0\u1eddng trong khu \u0111\u00f4 th\u1ecb.\" \/>\n<meta name=\"robots\" content=\"index, follow, max-snippet:-1, max-image-preview:large, max-video-preview:-1\" \/>\n<link rel=\"canonical\" href=\"https:\/\/hiqvina.com\/en\/product\/flexible-post-750mm-with-chain\/\" \/>\n<meta property=\"og:locale\" content=\"en_US\" \/>\n<meta property=\"og:type\" content=\"article\" \/>\n<meta property=\"og:title\" content=\"Flexible Post for chain connection - Thi\u1ebft b\u1ecb an to\u00e0n giao th\u00f4ng\" \/>\n<meta property=\"og:description\" content=\"C\u1ecdc ti\u00eau ph\u00e2n l\u00e0n \u0111\u01b0\u1ee3c l\u1eafp \u0111\u1eb7t v\u1edbi m\u1ee5c \u0111\u00edch ph\u00e2n l\u00e0n, d\u1eabn h\u01b0\u1edbng ph\u01b0\u01a1ng ti\u1ec7n tr\u00ean cao t\u1ed1c, qu\u1ed1c l\u1ed9 ho\u1eb7c t\u1ea1i c\u00e1c tuy\u1ebfn \u0111\u01b0\u1eddng trong khu \u0111\u00f4 th\u1ecb.\" \/>\n<meta property=\"og:url\" content=\"https:\/\/hiqvina.com\/en\/product\/flexible-post-750mm-with-chain\/\" \/>\n<meta property=\"og:site_name\" content=\"Thi\u1ebft b\u1ecb an to\u00e0n giao th\u00f4ng\" \/>\n<meta property=\"article:publisher\" content=\"https:\/\/www.facebook.com\/hiqvina\/\" \/>\n<meta property=\"article:modified_time\" content=\"2025-06-02T08:17:49+00:00\" \/>\n<meta name=\"twitter:card\" content=\"summary_large_image\" \/>\n<meta name=\"twitter:image\" content=\"https:\/\/hiqvina.com\/wp-content\/uploads\/2021\/08\/1.webp\" \/>\n<meta name=\"twitter:label1\" content=\"Est. reading time\" \/>\n\t<meta name=\"twitter:data1\" content=\"1 minute\" \/>\n<script type=\"application\/ld+json\" class=\"yoast-schema-graph\">{\"@context\":\"https:\/\/schema.org\",\"@graph\":[{\"@type\":\"Organization\",\"@id\":\"https:\/\/www.hiqvina.com\/#organization\",\"name\":\"HIQ Vina Co., Ltd\",\"url\":\"https:\/\/www.hiqvina.com\/\",\"sameAs\":[\"https:\/\/www.facebook.com\/hiqvina\/\",\"https:\/\/www.youtube.com\/channel\/UCYwPV5oBGDfbvkRCQ3RcMhw?view_as=subscriber\"],\"logo\":{\"@type\":\"ImageObject\",\"@id\":\"https:\/\/www.hiqvina.com\/#logo\",\"inLanguage\":\"en-US\",\"url\":\"https:\/\/hiqvina.com\/wp-content\/uploads\/2021\/07\/logo-gan-vao-lightbox.png\",\"contentUrl\":\"https:\/\/hiqvina.com\/wp-content\/uploads\/2021\/07\/logo-gan-vao-lightbox.png\",\"width\":900,\"height\":600,\"caption\":\"HIQ Vina Co., Ltd\"},\"image\":{\"@id\":\"https:\/\/www.hiqvina.com\/#logo\"}},{\"@type\":\"WebSite\",\"@id\":\"https:\/\/www.hiqvina.com\/#website\",\"url\":\"https:\/\/www.hiqvina.com\/\",\"name\":\"Thi\\u1ebft b\\u1ecb an to\\u00e0n giao th\\u00f4ng\",\"description\":\"Hi-Q VINA\",\"publisher\":{\"@id\":\"https:\/\/www.hiqvina.com\/#organization\"},\"potentialAction\":[{\"@type\":\"SearchAction\",\"target\":{\"@type\":\"EntryPoint\",\"urlTemplate\":\"https:\/\/www.hiqvina.com\/?s={search_term_string}\"},\"query-input\":\"required name=search_term_string\"}],\"inLanguage\":\"en-US\"},{\"@type\":\"ImageObject\",\"@id\":\"https:\/\/hiqvina.com\/en\/product\/flexible-post-750mm-with-chain\/#primaryimage\",\"inLanguage\":\"en-US\",\"url\":\"https:\/\/hiqvina.com\/wp-content\/uploads\/2021\/08\/1.webp\",\"contentUrl\":\"https:\/\/hiqvina.com\/wp-content\/uploads\/2021\/08\/1.webp\",\"width\":480,\"height\":480},{\"@type\":\"WebPage\",\"@id\":\"https:\/\/hiqvina.com\/en\/product\/flexible-post-750mm-with-chain\/#webpage\",\"url\":\"https:\/\/hiqvina.com\/en\/product\/flexible-post-750mm-with-chain\/\",\"name\":\"Flexible Post for chain connection - Thi\\u1ebft b\\u1ecb an to\\u00e0n giao th\\u00f4ng\",\"isPartOf\":{\"@id\":\"https:\/\/www.hiqvina.com\/#website\"},\"primaryImageOfPage\":{\"@id\":\"https:\/\/hiqvina.com\/en\/product\/flexible-post-750mm-with-chain\/#primaryimage\"},\"datePublished\":\"2019-08-01T18:54:18+00:00\",\"dateModified\":\"2025-06-02T08:17:49+00:00\",\"description\":\"C\\u1ecdc ti\\u00eau ph\\u00e2n l\\u00e0n \\u0111\\u01b0\\u1ee3c l\\u1eafp \\u0111\\u1eb7t v\\u1edbi m\\u1ee5c \\u0111\\u00edch ph\\u00e2n l\\u00e0n, d\\u1eabn h\\u01b0\\u1edbng ph\\u01b0\\u01a1ng ti\\u1ec7n tr\\u00ean cao t\\u1ed1c, qu\\u1ed1c l\\u1ed9 ho\\u1eb7c t\\u1ea1i c\\u00e1c tuy\\u1ebfn \\u0111\\u01b0\\u1eddng trong khu \\u0111\\u00f4 th\\u1ecb.\",\"breadcrumb\":{\"@id\":\"https:\/\/hiqvina.com\/en\/product\/flexible-post-750mm-with-chain\/#breadcrumb\"},\"inLanguage\":\"en-US\",\"potentialAction\":[{\"@type\":\"ReadAction\",\"target\":[\"https:\/\/hiqvina.com\/en\/product\/flexible-post-750mm-with-chain\/\"]}]},{\"@type\":\"BreadcrumbList\",\"@id\":\"https:\/\/hiqvina.com\/en\/product\/flexible-post-750mm-with-chain\/#breadcrumb\",\"itemListElement\":[{\"@type\":\"ListItem\",\"position\":1,\"name\":\"Trang ch\\u1ee7\",\"item\":\"https:\/\/www.hiqvina.com\/\"},{\"@type\":\"ListItem\",\"position\":2,\"name\":\"T\\u1ea5t c\\u1ea3 s\\u1ea3n ph\\u1ea9m\",\"item\":\"https:\/\/hiqvina.com\/en\/shop\/\"},{\"@type\":\"ListItem\",\"position\":3,\"name\":\"Flexible Post for chain connection\"}]}]}<\/script>\n<!-- \/ Yoast SEO plugin. -->","yoast_head_json":{"title":"Flexible Post for chain connection - Thi\u1ebft b\u1ecb an to\u00e0n giao th\u00f4ng","description":"C\u1ecdc ti\u00eau ph\u00e2n l\u00e0n \u0111\u01b0\u1ee3c l\u1eafp \u0111\u1eb7t v\u1edbi m\u1ee5c \u0111\u00edch ph\u00e2n l\u00e0n, d\u1eabn h\u01b0\u1edbng ph\u01b0\u01a1ng ti\u1ec7n tr\u00ean cao t\u1ed1c, qu\u1ed1c l\u1ed9 ho\u1eb7c t\u1ea1i c\u00e1c tuy\u1ebfn \u0111\u01b0\u1eddng trong khu \u0111\u00f4 th\u1ecb.","robots":{"index":"index","follow":"follow","max-snippet":"max-snippet:-1","max-image-preview":"max-image-preview:large","max-video-preview":"max-video-preview:-1"},"canonical":"https:\/\/hiqvina.com\/en\/product\/flexible-post-750mm-with-chain\/","og_locale":"en_US","og_type":"article","og_title":"Flexible Post for chain connection - Thi\u1ebft b\u1ecb an to\u00e0n giao th\u00f4ng","og_description":"C\u1ecdc ti\u00eau ph\u00e2n l\u00e0n \u0111\u01b0\u1ee3c l\u1eafp \u0111\u1eb7t v\u1edbi m\u1ee5c \u0111\u00edch ph\u00e2n l\u00e0n, d\u1eabn h\u01b0\u1edbng ph\u01b0\u01a1ng ti\u1ec7n tr\u00ean cao t\u1ed1c, qu\u1ed1c l\u1ed9 ho\u1eb7c t\u1ea1i c\u00e1c tuy\u1ebfn \u0111\u01b0\u1eddng trong khu \u0111\u00f4 th\u1ecb.","og_url":"https:\/\/hiqvina.com\/en\/product\/flexible-post-750mm-with-chain\/","og_site_name":"Thi\u1ebft b\u1ecb an to\u00e0n giao th\u00f4ng","article_publisher":"https:\/\/www.facebook.com\/hiqvina\/","article_modified_time":"2025-06-02T08:17:49+00:00","twitter_card":"summary_large_image","twitter_image":"https:\/\/hiqvina.com\/wp-content\/uploads\/2021\/08\/1.webp","twitter_misc":{"Est. reading time":"1 minute"},"schema":{"@context":"https:\/\/schema.org","@graph":[{"@type":"Organization","@id":"https:\/\/www.hiqvina.com\/#organization","name":"HIQ Vina Co., Ltd","url":"https:\/\/www.hiqvina.com\/","sameAs":["https:\/\/www.facebook.com\/hiqvina\/","https:\/\/www.youtube.com\/channel\/UCYwPV5oBGDfbvkRCQ3RcMhw?view_as=subscriber"],"logo":{"@type":"ImageObject","@id":"https:\/\/www.hiqvina.com\/#logo","inLanguage":"en-US","url":"https:\/\/hiqvina.com\/wp-content\/uploads\/2021\/07\/logo-gan-vao-lightbox.png","contentUrl":"https:\/\/hiqvina.com\/wp-content\/uploads\/2021\/07\/logo-gan-vao-lightbox.png","width":900,"height":600,"caption":"HIQ Vina Co., Ltd"},"image":{"@id":"https:\/\/www.hiqvina.com\/#logo"}},{"@type":"WebSite","@id":"https:\/\/www.hiqvina.com\/#website","url":"https:\/\/www.hiqvina.com\/","name":"Thi\u1ebft b\u1ecb an to\u00e0n giao th\u00f4ng","description":"Hi-Q VINA","publisher":{"@id":"https:\/\/www.hiqvina.com\/#organization"},"potentialAction":[{"@type":"SearchAction","target":{"@type":"EntryPoint","urlTemplate":"https:\/\/www.hiqvina.com\/?s={search_term_string}"},"query-input":"required name=search_term_string"}],"inLanguage":"en-US"},{"@type":"ImageObject","@id":"https:\/\/hiqvina.com\/en\/product\/flexible-post-750mm-with-chain\/#primaryimage","inLanguage":"en-US","url":"https:\/\/hiqvina.com\/wp-content\/uploads\/2021\/08\/1.webp","contentUrl":"https:\/\/hiqvina.com\/wp-content\/uploads\/2021\/08\/1.webp","width":480,"height":480},{"@type":"WebPage","@id":"https:\/\/hiqvina.com\/en\/product\/flexible-post-750mm-with-chain\/#webpage","url":"https:\/\/hiqvina.com\/en\/product\/flexible-post-750mm-with-chain\/","name":"Flexible Post for chain connection - Thi\u1ebft b\u1ecb an to\u00e0n giao th\u00f4ng","isPartOf":{"@id":"https:\/\/www.hiqvina.com\/#website"},"primaryImageOfPage":{"@id":"https:\/\/hiqvina.com\/en\/product\/flexible-post-750mm-with-chain\/#primaryimage"},"datePublished":"2019-08-01T18:54:18+00:00","dateModified":"2025-06-02T08:17:49+00:00","description":"C\u1ecdc ti\u00eau ph\u00e2n l\u00e0n \u0111\u01b0\u1ee3c l\u1eafp \u0111\u1eb7t v\u1edbi m\u1ee5c \u0111\u00edch ph\u00e2n l\u00e0n, d\u1eabn h\u01b0\u1edbng ph\u01b0\u01a1ng ti\u1ec7n tr\u00ean cao t\u1ed1c, qu\u1ed1c l\u1ed9 ho\u1eb7c t\u1ea1i c\u00e1c tuy\u1ebfn \u0111\u01b0\u1eddng trong khu \u0111\u00f4 th\u1ecb.","breadcrumb":{"@id":"https:\/\/hiqvina.com\/en\/product\/flexible-post-750mm-with-chain\/#breadcrumb"},"inLanguage":"en-US","potentialAction":[{"@type":"ReadAction","target":["https:\/\/hiqvina.com\/en\/product\/flexible-post-750mm-with-chain\/"]}]},{"@type":"BreadcrumbList","@id":"https:\/\/hiqvina.com\/en\/product\/flexible-post-750mm-with-chain\/#breadcrumb","itemListElement":[{"@type":"ListItem","position":1,"name":"Trang ch\u1ee7","item":"https:\/\/www.hiqvina.com\/"},{"@type":"ListItem","position":2,"name":"T\u1ea5t c\u1ea3 s\u1ea3n ph\u1ea9m","item":"https:\/\/hiqvina.com\/en\/shop\/"},{"@type":"ListItem","position":3,"name":"Flexible Post for chain connection"}]}]}},"_links":{"self":[{"href":"https:\/\/hiqvina.com\/en\/wp-json\/wp\/v2\/product\/3379"}],"collection":[{"href":"https:\/\/hiqvina.com\/en\/wp-json\/wp\/v2\/product"}],"about":[{"href":"https:\/\/hiqvina.com\/en\/wp-json\/wp\/v2\/types\/product"}],"replies":[{"embeddable":true,"href":"https:\/\/hiqvina.com\/en\/wp-json\/wp\/v2\/comments?post=3379"}],"version-history":[{"count":9,"href":"https:\/\/hiqvina.com\/en\/wp-json\/wp\/v2\/product\/3379\/revisions"}],"predecessor-version":[{"id":20149,"href":"https:\/\/hiqvina.com\/en\/wp-json\/wp\/v2\/product\/3379\/revisions\/20149"}],"wp:featuredmedia":[{"embeddable":true,"href":"https:\/\/hiqvina.com\/en\/wp-json\/wp\/v2\/media\/12110"}],"wp:attachment":[{"href":"https:\/\/hiqvina.com\/en\/wp-json\/wp\/v2\/media?parent=3379"}],"wp:term":[{"taxonomy":"product_cat","embeddable":true,"href":"https:\/\/hiqvina.com\/en\/wp-json\/wp\/v2\/product_cat?post=3379"},{"taxonomy":"product_tag","embeddable":true,"href":"https:\/\/hiqvina.com\/en\/wp-json\/wp\/v2\/product_tag?post=3379"}],"curies":[{"name":"wp","href":"https:\/\/api.w.org\/{rel}","templated":true}]}}