{"id":2765,"date":"2019-09-12T07:52:24","date_gmt":"2019-09-12T07:52:24","guid":{"rendered":"https:\/\/hiqvina.com\/product\/2765\/"},"modified":"2025-04-14T16:39:16","modified_gmt":"2025-04-14T09:39:16","slug":"convex-mirror","status":"publish","type":"product","link":"https:\/\/hiqvina.com\/en\/product\/convex-mirror\/","title":{"rendered":"Convex Mirror"},"content":{"rendered":"\t\t<div data-elementor-type=\"product-post\" data-elementor-id=\"2765\" class=\"elementor elementor-2765 elementor-2743\" data-elementor-settings=\"[]\">\n\t\t\t\t\t\t\t<div class=\"elementor-section-wrap\">\n\t\t\t\t\t\t\t<section class=\"elementor-section elementor-top-section elementor-element elementor-element-7f2c1d50 elementor-section-boxed elementor-section-height-default elementor-section-height-default\" data-id=\"7f2c1d50\" data-element_type=\"section\">\n\t\t\t\t\t\t<div class=\"elementor-container elementor-column-gap-default\">\n\t\t\t\t\t<div class=\"elementor-column elementor-col-100 elementor-top-column elementor-element elementor-element-4e42025a\" data-id=\"4e42025a\" data-element_type=\"column\">\n\t\t\t<div class=\"elementor-widget-wrap elementor-element-populated\">\n\t\t\t\t\t\t\t\t<div class=\"elementor-element elementor-element-67608a54 elementor-widget elementor-widget-text-editor\" data-id=\"67608a54\" data-element_type=\"widget\" data-widget_type=\"text-editor.default\">\n\t\t\t\t<div class=\"elementor-widget-container\">\n\t\t\t\t\t\t\t\t<p><span style=\"font-size: 14pt;\"><strong>Characteristics of Stainless Steel Convex Mirror:<\/strong><\/span><\/p>\n<ul>\n<li>\n<p>Made from SUS304 stainless steel, meeting Korean standards.<\/p>\n<\/li>\n<li>\n<p>High reflectivity, durable over time. Resistant to harsh weather conditions.<\/p>\n<\/li>\n<li>\n<p>Available in various sizes based on usage needs, increasing reflection efficiency.<\/p>\n<\/li>\n<li>\n<p>Different types of mounting brackets available, suitable for specific installation and usage needs.<\/p>\n<\/li>\n<\/ul>\n<p><span style=\"font-size: 14pt;\"><strong>Conditions for Installing Convex Mirror:<\/strong><\/span><\/p>\n<ul>\n<li>Observation distance for convex mirror reflection:<\/li>\n<\/ul>\n<ul>\n<li>\n<p>For a distance of 7-14m from the viewer to the mirror, use a mirror with a diameter of 600mm (60cm).<\/p>\n<\/li>\n<li>\n<p>For a distance of 14-20m from the viewer to the mirror, use a mirror with a diameter of 800mm (80cm).<\/p>\n<\/li>\n<li>\n<p>For a distance of 20-30m from the viewer to the mirror, use a mirror with a diameter of 1000mm (100cm).<\/p>\n<\/li>\n<\/ul>\n<p><span style=\"font-size: 14pt;\"><strong>Installation Locations for Convex Mirror:<\/strong><\/span><\/p>\n<ul>\n<li>\n<p>Indoor or outdoor parking lots.<\/p>\n<\/li>\n<li>\n<p>Mountain roads, hilly areas, and places with dangerous curves.<\/p>\n<\/li>\n<\/ul>\n<p><span style=\"font-size: 14pt;\"><strong>Origin:<\/strong><\/span> South Korea<\/p>\t\t\t\t\t\t<\/div>\n\t\t\t\t<\/div>\n\t\t\t\t\t<\/div>\n\t\t<\/div>\n\t\t\t\t\t\t\t<\/div>\n\t\t<\/section>\n\t\t\t\t<section class=\"elementor-section elementor-top-section elementor-element elementor-element-4953190 elementor-section-boxed elementor-section-height-default elementor-section-height-default\" data-id=\"4953190\" data-element_type=\"section\">\n\t\t\t\t\t\t<div class=\"elementor-container elementor-column-gap-default\">\n\t\t\t\t\t<div class=\"elementor-column elementor-col-100 elementor-top-column elementor-element elementor-element-02fdbc0\" data-id=\"02fdbc0\" data-element_type=\"column\">\n\t\t\t<div class=\"elementor-widget-wrap elementor-element-populated\">\n\t\t\t\t\t\t\t\t<div class=\"elementor-element elementor-element-1a9d36a elementor-widget elementor-widget-heading\" data-id=\"1a9d36a\" data-element_type=\"widget\" data-widget_type=\"heading.default\">\n\t\t\t\t<div class=\"elementor-widget-container\">\n\t\t\t<h2 class=\"elementor-heading-title elementor-size-default\">Technical Drawing<\/h2>\t\t<\/div>\n\t\t\t\t<\/div>\n\t\t\t\t<div class=\"elementor-element elementor-element-8c3b63f elementor-widget elementor-widget-image\" data-id=\"8c3b63f\" data-element_type=\"widget\" data-widget_type=\"image.default\">\n\t\t\t\t<div class=\"elementor-widget-container\">\n\t\t\t\t\t\t\t\t\t\t\t\t\t\t\t<img width=\"768\" height=\"1099\" src=\"https:\/\/hiqvina.com\/wp-content\/uploads\/2019\/09\/Guong-cau-loi-inox_PDF.webp\" class=\"attachment-medium_large size-medium_large\" alt=\"\" loading=\"lazy\" \/>\t\t\t\t\t\t\t\t\t\t\t\t\t\t\t<\/div>\n\t\t\t\t<\/div>\n\t\t\t\t\t<\/div>\n\t\t<\/div>\n\t\t\t\t\t\t\t<\/div>\n\t\t<\/section>\n\t\t\t\t<section class=\"elementor-section elementor-top-section elementor-element elementor-element-1bd9a2b elementor-section-boxed elementor-section-height-default elementor-section-height-default\" data-id=\"1bd9a2b\" data-element_type=\"section\" data-settings=\"{&quot;background_background&quot;:&quot;classic&quot;}\">\n\t\t\t\t\t\t<div class=\"elementor-container elementor-column-gap-default\">\n\t\t\t\t\t<div class=\"elementor-column elementor-col-100 elementor-top-column elementor-element elementor-element-3921c6a\" data-id=\"3921c6a\" data-element_type=\"column\">\n\t\t\t<div class=\"elementor-widget-wrap elementor-element-populated\">\n\t\t\t\t\t\t\t\t<div class=\"elementor-element elementor-element-662e708 elementor-widget elementor-widget-heading\" data-id=\"662e708\" data-element_type=\"widget\" data-widget_type=\"heading.default\">\n\t\t\t\t<div class=\"elementor-widget-container\">\n\t\t\t<h2 class=\"elementor-heading-title elementor-size-default\">Installation Instructions<\/h2>\t\t<\/div>\n\t\t\t\t<\/div>\n\t\t\t\t\t<\/div>\n\t\t<\/div>\n\t\t\t\t\t\t\t<\/div>\n\t\t<\/section>\n\t\t\t\t<section class=\"elementor-section elementor-top-section elementor-element elementor-element-49ad182 elementor-section-content-middle elementor-section-boxed elementor-section-height-default elementor-section-height-default\" data-id=\"49ad182\" data-element_type=\"section\">\n\t\t\t\t\t\t<div class=\"elementor-container elementor-column-gap-default\">\n\t\t\t\t\t<div class=\"elementor-column elementor-col-66 elementor-top-column elementor-element elementor-element-cfccc5c\" data-id=\"cfccc5c\" data-element_type=\"column\">\n\t\t\t<div class=\"elementor-widget-wrap elementor-element-populated\">\n\t\t\t\t\t\t\t\t<div class=\"elementor-element elementor-element-da671de elementor-widget elementor-widget-text-editor\" data-id=\"da671de\" data-element_type=\"widget\" data-widget_type=\"text-editor.default\">\n\t\t\t\t<div class=\"elementor-widget-container\">\n\t\t\t\t\t\t\t\t<p><span style=\"font-size: 14pt;\"><strong>Wall-mounted type:<\/strong><\/span><\/p>\n<ul>\n<li>Determine the location for installing the convex mirror.<\/li>\n<li>Place the bracket in the installation position and mark the screw hole locations.<\/li>\n<li>Use a \u220517 drill bit to drill holes about 60mm deep.<\/li>\n<li>After inserting the 1\/2*4 inch expansion bolts into the drilled holes, insert the screws and use a hammer to secure the bolts.<\/li>\n<li>Align the screw holes of the external bracket, install the nuts, and tighten them using a 19mm wrench or socket.<\/li>\n<li>Hang the convex mirror onto the bracket, adjust the reflection angle, and then tighten the screws.<\/li>\n<\/ul>\t\t\t\t\t\t<\/div>\n\t\t\t\t<\/div>\n\t\t\t\t\t<\/div>\n\t\t<\/div>\n\t\t\t\t<div class=\"elementor-column elementor-col-33 elementor-top-column elementor-element elementor-element-e5bd46c\" data-id=\"e5bd46c\" data-element_type=\"column\">\n\t\t\t<div class=\"elementor-widget-wrap elementor-element-populated\">\n\t\t\t\t\t\t\t\t<div class=\"elementor-element elementor-element-fdd4cb8 elementor-aspect-ratio-169 elementor-widget elementor-widget-video\" data-id=\"fdd4cb8\" data-element_type=\"widget\" data-settings=\"{&quot;youtube_url&quot;:&quot;https:\\\/\\\/www.youtube.com\\\/watch?v=rCyBEZYcxJc&amp;t&quot;,&quot;loop&quot;:&quot;yes&quot;,&quot;video_type&quot;:&quot;youtube&quot;,&quot;controls&quot;:&quot;yes&quot;,&quot;aspect_ratio&quot;:&quot;169&quot;}\" data-widget_type=\"video.default\">\n\t\t\t\t<div class=\"elementor-widget-container\">\n\t\t\t\t\t<div class=\"elementor-wrapper elementor-fit-aspect-ratio elementor-open-inline\">\n\t\t\t<div class=\"elementor-video\"><\/div>\t\t<\/div>\n\t\t\t\t<\/div>\n\t\t\t\t<\/div>\n\t\t\t\t\t<\/div>\n\t\t<\/div>\n\t\t\t\t\t\t\t<\/div>\n\t\t<\/section>\n\t\t\t\t\t\t<\/div>\n\t\t\t\t\t<\/div>\n\t\t","protected":false},"excerpt":{"rendered":"<p>Characteristics of Stainless Steel Convex Mirror: Made from SUS304 stainless steel, meeting Korean standards. High reflectivity, durable over time. Resistant to harsh weather conditions. Available in various sizes based on usage needs, increasing reflection efficiency. Different types of mounting brackets available, suitable for specific installation and usage needs. Conditions for Installing Convex Mirror: Observation distance [&hellip;]<\/p>\n","protected":false},"featured_media":12160,"comment_status":"open","ping_status":"closed","template":"","meta":[],"product_cat":[153,154],"product_tag":[177,176],"yoast_head":"<!-- This site is optimized with the Yoast SEO plugin v16.8 - https:\/\/yoast.com\/wordpress\/plugins\/seo\/ -->\n<title>g\u01b0\u01a1ng c\u1ea7u l\u1ed3i , gi\u00e1 b\u00e1n g\u01b0\u01a1ng c\u1ea7u l\u1ed3i, g\u01b0\u01a1ng c\u1ea7u l\u1ed3i giao th\u00f4ng<\/title>\n<meta name=\"description\" content=\"\u0110\u01b0\u1ee3c l\u1eafp \u0111\u1eb7t \u1edf c\u00e1c \u0111\u01b0\u1eddng \u0111\u00e8o, \u0111\u1ed3i n\u00fai, khu v\u1ef1c c\u00f3 kh\u00fac cua nguy hi\u1ec3m\" \/>\n<meta name=\"robots\" content=\"index, follow, max-snippet:-1, max-image-preview:large, max-video-preview:-1\" \/>\n<link rel=\"canonical\" href=\"https:\/\/www.hiqvina.com\/en\/product\/convex-mirror\/\" \/>\n<meta property=\"og:locale\" content=\"en_US\" \/>\n<meta property=\"og:type\" content=\"article\" \/>\n<meta property=\"og:title\" content=\"g\u01b0\u01a1ng c\u1ea7u l\u1ed3i , gi\u00e1 b\u00e1n g\u01b0\u01a1ng c\u1ea7u l\u1ed3i, g\u01b0\u01a1ng c\u1ea7u l\u1ed3i giao th\u00f4ng\" \/>\n<meta property=\"og:description\" content=\"\u0110\u01b0\u1ee3c l\u1eafp \u0111\u1eb7t \u1edf c\u00e1c \u0111\u01b0\u1eddng \u0111\u00e8o, \u0111\u1ed3i n\u00fai, khu v\u1ef1c c\u00f3 kh\u00fac cua nguy hi\u1ec3m\" \/>\n<meta property=\"og:url\" content=\"https:\/\/www.hiqvina.com\/en\/product\/convex-mirror\/\" \/>\n<meta property=\"og:site_name\" content=\"Thi\u1ebft b\u1ecb an to\u00e0n giao th\u00f4ng\" \/>\n<meta property=\"article:publisher\" content=\"https:\/\/www.facebook.com\/hiqvina\/\" \/>\n<meta property=\"article:modified_time\" content=\"2025-04-14T09:39:16+00:00\" \/>\n<meta name=\"twitter:card\" content=\"summary_large_image\" \/>\n<meta name=\"twitter:image\" content=\"https:\/\/hiqvina.com\/wp-content\/uploads\/2021\/08\/26.webp\" \/>\n<meta name=\"twitter:label1\" content=\"Est. reading time\" \/>\n\t<meta name=\"twitter:data1\" content=\"1 minute\" \/>\n<script type=\"application\/ld+json\" class=\"yoast-schema-graph\">{\"@context\":\"https:\/\/schema.org\",\"@graph\":[{\"@type\":\"Organization\",\"@id\":\"https:\/\/www.hiqvina.com\/#organization\",\"name\":\"HIQ Vina Co., Ltd\",\"url\":\"https:\/\/www.hiqvina.com\/\",\"sameAs\":[\"https:\/\/www.facebook.com\/hiqvina\/\",\"https:\/\/www.youtube.com\/channel\/UCYwPV5oBGDfbvkRCQ3RcMhw?view_as=subscriber\"],\"logo\":{\"@type\":\"ImageObject\",\"@id\":\"https:\/\/www.hiqvina.com\/#logo\",\"inLanguage\":\"en-US\",\"url\":\"https:\/\/hiqvina.com\/wp-content\/uploads\/2021\/07\/logo-gan-vao-lightbox.png\",\"contentUrl\":\"https:\/\/hiqvina.com\/wp-content\/uploads\/2021\/07\/logo-gan-vao-lightbox.png\",\"width\":900,\"height\":600,\"caption\":\"HIQ Vina Co., Ltd\"},\"image\":{\"@id\":\"https:\/\/www.hiqvina.com\/#logo\"}},{\"@type\":\"WebSite\",\"@id\":\"https:\/\/www.hiqvina.com\/#website\",\"url\":\"https:\/\/www.hiqvina.com\/\",\"name\":\"Thi\\u1ebft b\\u1ecb an to\\u00e0n giao th\\u00f4ng\",\"description\":\"Hi-Q VINA\",\"publisher\":{\"@id\":\"https:\/\/www.hiqvina.com\/#organization\"},\"potentialAction\":[{\"@type\":\"SearchAction\",\"target\":{\"@type\":\"EntryPoint\",\"urlTemplate\":\"https:\/\/www.hiqvina.com\/?s={search_term_string}\"},\"query-input\":\"required name=search_term_string\"}],\"inLanguage\":\"en-US\"},{\"@type\":\"ImageObject\",\"@id\":\"https:\/\/www.hiqvina.com\/en\/product\/convex-mirror\/#primaryimage\",\"inLanguage\":\"en-US\",\"url\":\"https:\/\/hiqvina.com\/wp-content\/uploads\/2021\/08\/26.webp\",\"contentUrl\":\"https:\/\/hiqvina.com\/wp-content\/uploads\/2021\/08\/26.webp\",\"width\":480,\"height\":480,\"caption\":\"G\\u01b0\\u01a1ng c\\u1ea7u l\\u1ed3i inox\"},{\"@type\":\"WebPage\",\"@id\":\"https:\/\/www.hiqvina.com\/en\/product\/convex-mirror\/#webpage\",\"url\":\"https:\/\/www.hiqvina.com\/en\/product\/convex-mirror\/\",\"name\":\"g\\u01b0\\u01a1ng c\\u1ea7u l\\u1ed3i , gi\\u00e1 b\\u00e1n g\\u01b0\\u01a1ng c\\u1ea7u l\\u1ed3i, g\\u01b0\\u01a1ng c\\u1ea7u l\\u1ed3i giao th\\u00f4ng\",\"isPartOf\":{\"@id\":\"https:\/\/www.hiqvina.com\/#website\"},\"primaryImageOfPage\":{\"@id\":\"https:\/\/www.hiqvina.com\/en\/product\/convex-mirror\/#primaryimage\"},\"datePublished\":\"2019-09-12T07:52:24+00:00\",\"dateModified\":\"2025-04-14T09:39:16+00:00\",\"description\":\"\\u0110\\u01b0\\u1ee3c l\\u1eafp \\u0111\\u1eb7t \\u1edf c\\u00e1c \\u0111\\u01b0\\u1eddng \\u0111\\u00e8o, \\u0111\\u1ed3i n\\u00fai, khu v\\u1ef1c c\\u00f3 kh\\u00fac cua nguy hi\\u1ec3m\",\"breadcrumb\":{\"@id\":\"https:\/\/www.hiqvina.com\/en\/product\/convex-mirror\/#breadcrumb\"},\"inLanguage\":\"en-US\",\"potentialAction\":[{\"@type\":\"ReadAction\",\"target\":[\"https:\/\/www.hiqvina.com\/en\/product\/convex-mirror\/\"]}]},{\"@type\":\"BreadcrumbList\",\"@id\":\"https:\/\/www.hiqvina.com\/en\/product\/convex-mirror\/#breadcrumb\",\"itemListElement\":[{\"@type\":\"ListItem\",\"position\":1,\"name\":\"Trang ch\\u1ee7\",\"item\":\"https:\/\/www.hiqvina.com\/\"},{\"@type\":\"ListItem\",\"position\":2,\"name\":\"T\\u1ea5t c\\u1ea3 s\\u1ea3n ph\\u1ea9m\",\"item\":\"https:\/\/hiqvina.com\/en\/shop\/\"},{\"@type\":\"ListItem\",\"position\":3,\"name\":\"Convex Mirror\"}]}]}<\/script>\n<!-- \/ Yoast SEO plugin. -->","yoast_head_json":{"title":"g\u01b0\u01a1ng c\u1ea7u l\u1ed3i , gi\u00e1 b\u00e1n g\u01b0\u01a1ng c\u1ea7u l\u1ed3i, g\u01b0\u01a1ng c\u1ea7u l\u1ed3i giao th\u00f4ng","description":"\u0110\u01b0\u1ee3c l\u1eafp \u0111\u1eb7t \u1edf c\u00e1c \u0111\u01b0\u1eddng \u0111\u00e8o, \u0111\u1ed3i n\u00fai, khu v\u1ef1c c\u00f3 kh\u00fac cua nguy hi\u1ec3m","robots":{"index":"index","follow":"follow","max-snippet":"max-snippet:-1","max-image-preview":"max-image-preview:large","max-video-preview":"max-video-preview:-1"},"canonical":"https:\/\/www.hiqvina.com\/en\/product\/convex-mirror\/","og_locale":"en_US","og_type":"article","og_title":"g\u01b0\u01a1ng c\u1ea7u l\u1ed3i , gi\u00e1 b\u00e1n g\u01b0\u01a1ng c\u1ea7u l\u1ed3i, g\u01b0\u01a1ng c\u1ea7u l\u1ed3i giao th\u00f4ng","og_description":"\u0110\u01b0\u1ee3c l\u1eafp \u0111\u1eb7t \u1edf c\u00e1c \u0111\u01b0\u1eddng \u0111\u00e8o, \u0111\u1ed3i n\u00fai, khu v\u1ef1c c\u00f3 kh\u00fac cua nguy hi\u1ec3m","og_url":"https:\/\/www.hiqvina.com\/en\/product\/convex-mirror\/","og_site_name":"Thi\u1ebft b\u1ecb an to\u00e0n giao th\u00f4ng","article_publisher":"https:\/\/www.facebook.com\/hiqvina\/","article_modified_time":"2025-04-14T09:39:16+00:00","twitter_card":"summary_large_image","twitter_image":"https:\/\/hiqvina.com\/wp-content\/uploads\/2021\/08\/26.webp","twitter_misc":{"Est. reading time":"1 minute"},"schema":{"@context":"https:\/\/schema.org","@graph":[{"@type":"Organization","@id":"https:\/\/www.hiqvina.com\/#organization","name":"HIQ Vina Co., Ltd","url":"https:\/\/www.hiqvina.com\/","sameAs":["https:\/\/www.facebook.com\/hiqvina\/","https:\/\/www.youtube.com\/channel\/UCYwPV5oBGDfbvkRCQ3RcMhw?view_as=subscriber"],"logo":{"@type":"ImageObject","@id":"https:\/\/www.hiqvina.com\/#logo","inLanguage":"en-US","url":"https:\/\/hiqvina.com\/wp-content\/uploads\/2021\/07\/logo-gan-vao-lightbox.png","contentUrl":"https:\/\/hiqvina.com\/wp-content\/uploads\/2021\/07\/logo-gan-vao-lightbox.png","width":900,"height":600,"caption":"HIQ Vina Co., Ltd"},"image":{"@id":"https:\/\/www.hiqvina.com\/#logo"}},{"@type":"WebSite","@id":"https:\/\/www.hiqvina.com\/#website","url":"https:\/\/www.hiqvina.com\/","name":"Thi\u1ebft b\u1ecb an to\u00e0n giao th\u00f4ng","description":"Hi-Q VINA","publisher":{"@id":"https:\/\/www.hiqvina.com\/#organization"},"potentialAction":[{"@type":"SearchAction","target":{"@type":"EntryPoint","urlTemplate":"https:\/\/www.hiqvina.com\/?s={search_term_string}"},"query-input":"required name=search_term_string"}],"inLanguage":"en-US"},{"@type":"ImageObject","@id":"https:\/\/www.hiqvina.com\/en\/product\/convex-mirror\/#primaryimage","inLanguage":"en-US","url":"https:\/\/hiqvina.com\/wp-content\/uploads\/2021\/08\/26.webp","contentUrl":"https:\/\/hiqvina.com\/wp-content\/uploads\/2021\/08\/26.webp","width":480,"height":480,"caption":"G\u01b0\u01a1ng c\u1ea7u l\u1ed3i inox"},{"@type":"WebPage","@id":"https:\/\/www.hiqvina.com\/en\/product\/convex-mirror\/#webpage","url":"https:\/\/www.hiqvina.com\/en\/product\/convex-mirror\/","name":"g\u01b0\u01a1ng c\u1ea7u l\u1ed3i , gi\u00e1 b\u00e1n g\u01b0\u01a1ng c\u1ea7u l\u1ed3i, g\u01b0\u01a1ng c\u1ea7u l\u1ed3i giao th\u00f4ng","isPartOf":{"@id":"https:\/\/www.hiqvina.com\/#website"},"primaryImageOfPage":{"@id":"https:\/\/www.hiqvina.com\/en\/product\/convex-mirror\/#primaryimage"},"datePublished":"2019-09-12T07:52:24+00:00","dateModified":"2025-04-14T09:39:16+00:00","description":"\u0110\u01b0\u1ee3c l\u1eafp \u0111\u1eb7t \u1edf c\u00e1c \u0111\u01b0\u1eddng \u0111\u00e8o, \u0111\u1ed3i n\u00fai, khu v\u1ef1c c\u00f3 kh\u00fac cua nguy hi\u1ec3m","breadcrumb":{"@id":"https:\/\/www.hiqvina.com\/en\/product\/convex-mirror\/#breadcrumb"},"inLanguage":"en-US","potentialAction":[{"@type":"ReadAction","target":["https:\/\/www.hiqvina.com\/en\/product\/convex-mirror\/"]}]},{"@type":"BreadcrumbList","@id":"https:\/\/www.hiqvina.com\/en\/product\/convex-mirror\/#breadcrumb","itemListElement":[{"@type":"ListItem","position":1,"name":"Trang ch\u1ee7","item":"https:\/\/www.hiqvina.com\/"},{"@type":"ListItem","position":2,"name":"T\u1ea5t c\u1ea3 s\u1ea3n ph\u1ea9m","item":"https:\/\/hiqvina.com\/en\/shop\/"},{"@type":"ListItem","position":3,"name":"Convex Mirror"}]}]}},"_links":{"self":[{"href":"https:\/\/hiqvina.com\/en\/wp-json\/wp\/v2\/product\/2765"}],"collection":[{"href":"https:\/\/hiqvina.com\/en\/wp-json\/wp\/v2\/product"}],"about":[{"href":"https:\/\/hiqvina.com\/en\/wp-json\/wp\/v2\/types\/product"}],"replies":[{"embeddable":true,"href":"https:\/\/hiqvina.com\/en\/wp-json\/wp\/v2\/comments?post=2765"}],"version-history":[{"count":6,"href":"https:\/\/hiqvina.com\/en\/wp-json\/wp\/v2\/product\/2765\/revisions"}],"predecessor-version":[{"id":20009,"href":"https:\/\/hiqvina.com\/en\/wp-json\/wp\/v2\/product\/2765\/revisions\/20009"}],"wp:featuredmedia":[{"embeddable":true,"href":"https:\/\/hiqvina.com\/en\/wp-json\/wp\/v2\/media\/12160"}],"wp:attachment":[{"href":"https:\/\/hiqvina.com\/en\/wp-json\/wp\/v2\/media?parent=2765"}],"wp:term":[{"taxonomy":"product_cat","embeddable":true,"href":"https:\/\/hiqvina.com\/en\/wp-json\/wp\/v2\/product_cat?post=2765"},{"taxonomy":"product_tag","embeddable":true,"href":"https:\/\/hiqvina.com\/en\/wp-json\/wp\/v2\/product_tag?post=2765"}],"curies":[{"name":"wp","href":"https:\/\/api.w.org\/{rel}","templated":true}]}}