{"id":2247,"date":"2019-07-31T12:27:38","date_gmt":"2019-07-31T12:27:38","guid":{"rendered":"https:\/\/hiqvina.com\/product\/led-light\/"},"modified":"2024-10-03T09:44:18","modified_gmt":"2024-10-03T02:44:18","slug":"led-light__trashed","status":"publish","type":"product","link":"https:\/\/hiqvina.com\/en\/product\/led-light__trashed\/","title":{"rendered":"LED light"},"content":{"rendered":"\t\t<div data-elementor-type=\"product-post\" data-elementor-id=\"2247\" class=\"elementor elementor-2247 elementor-883\" data-elementor-settings=\"[]\">\n\t\t\t\t\t\t\t<div class=\"elementor-section-wrap\">\n\t\t\t\t\t\t\t<section class=\"elementor-section elementor-top-section elementor-element elementor-element-77bfa710 elementor-section-boxed elementor-section-height-default elementor-section-height-default\" data-id=\"77bfa710\" data-element_type=\"section\">\n\t\t\t\t\t\t<div class=\"elementor-container elementor-column-gap-default\">\n\t\t\t\t\t<div class=\"elementor-column elementor-col-100 elementor-top-column elementor-element elementor-element-33405e4b\" data-id=\"33405e4b\" data-element_type=\"column\">\n\t\t\t<div class=\"elementor-widget-wrap elementor-element-populated\">\n\t\t\t\t\t\t\t\t<div class=\"elementor-element elementor-element-7cd1e0a9 elementor-widget elementor-widget-text-editor\" data-id=\"7cd1e0a9\" data-element_type=\"widget\" data-widget_type=\"text-editor.default\">\n\t\t\t\t<div class=\"elementor-widget-container\">\n\t\t\t\t\t\t\t\t<p><span style=\"font-size: 14pt;\"><strong>Characteristics:<\/strong><\/span><\/p>\n<ul>\n<li>\n<p>The warning light roll operates on AC, DC, or solar power. It is used alongside PE Barrier to enhance visibility in low-light conditions.<\/p>\n<\/li>\n<li>\n<p>The product has a simple structure, easy to install, and convenient for storage and maintenance.<\/p>\n<\/li>\n<\/ul>\n<p><span style=\"font-size: 14pt;\"><strong>Origin:<\/strong><\/span> South Korea<\/p>\t\t\t\t\t\t<\/div>\n\t\t\t\t<\/div>\n\t\t\t\t\t<\/div>\n\t\t<\/div>\n\t\t\t\t\t\t\t<\/div>\n\t\t<\/section>\n\t\t\t\t<section class=\"elementor-section elementor-top-section elementor-element elementor-element-9ef4420 elementor-section-boxed elementor-section-height-default elementor-section-height-default\" data-id=\"9ef4420\" data-element_type=\"section\">\n\t\t\t\t\t\t<div class=\"elementor-container elementor-column-gap-default\">\n\t\t\t\t\t<div class=\"elementor-column elementor-col-100 elementor-top-column elementor-element elementor-element-4170cc1\" data-id=\"4170cc1\" data-element_type=\"column\">\n\t\t\t<div class=\"elementor-widget-wrap elementor-element-populated\">\n\t\t\t\t\t\t\t\t<div class=\"elementor-element elementor-element-b89e6ec elementor-widget elementor-widget-heading\" data-id=\"b89e6ec\" data-element_type=\"widget\" data-widget_type=\"heading.default\">\n\t\t\t\t<div class=\"elementor-widget-container\">\n\t\t\t<h2 class=\"elementor-heading-title elementor-size-default\">Technical Drawing<\/h2>\t\t<\/div>\n\t\t\t\t<\/div>\n\t\t\t\t<div class=\"elementor-element elementor-element-4fb9316 elementor-widget elementor-widget-image\" data-id=\"4fb9316\" data-element_type=\"widget\" data-widget_type=\"image.default\">\n\t\t\t\t<div class=\"elementor-widget-container\">\n\t\t\t\t\t\t\t\t\t\t\t\t\t\t\t<img width=\"768\" height=\"1099\" src=\"https:\/\/hiqvina.com\/wp-content\/uploads\/2019\/07\/Cuon-den-canh-bao_PDF-768x1099.jpg\" class=\"attachment-medium_large size-medium_large\" alt=\"\" loading=\"lazy\" srcset=\"https:\/\/hiqvina.com\/wp-content\/uploads\/2019\/07\/Cuon-den-canh-bao_PDF-768x1099.jpg 768w, https:\/\/hiqvina.com\/wp-content\/uploads\/2019\/07\/Cuon-den-canh-bao_PDF-210x300.jpg 210w, https:\/\/hiqvina.com\/wp-content\/uploads\/2019\/07\/Cuon-den-canh-bao_PDF-716x1024.jpg 716w, https:\/\/hiqvina.com\/wp-content\/uploads\/2019\/07\/Cuon-den-canh-bao_PDF-1074x1536.jpg 1074w, https:\/\/hiqvina.com\/wp-content\/uploads\/2019\/07\/Cuon-den-canh-bao_PDF-1432x2048.jpg 1432w, https:\/\/hiqvina.com\/wp-content\/uploads\/2019\/07\/Cuon-den-canh-bao_PDF-600x858.jpg 600w, https:\/\/hiqvina.com\/wp-content\/uploads\/2019\/07\/Cuon-den-canh-bao_PDF-scaled.jpg 1790w\" sizes=\"(max-width: 768px) 100vw, 768px\" \/>\t\t\t\t\t\t\t\t\t\t\t\t\t\t\t<\/div>\n\t\t\t\t<\/div>\n\t\t\t\t\t<\/div>\n\t\t<\/div>\n\t\t\t\t\t\t\t<\/div>\n\t\t<\/section>\n\t\t\t\t\t\t<\/div>\n\t\t\t\t\t<\/div>\n\t\t","protected":false},"excerpt":{"rendered":"<p>Characteristics: The warning light roll operates on AC, DC, or solar power. It is used alongside PE Barrier to enhance visibility in low-light conditions. The product has a simple structure, easy to install, and convenient for storage and maintenance. Origin: South Korea Technical Drawing<\/p>\n","protected":false},"featured_media":12200,"comment_status":"open","ping_status":"closed","template":"","meta":[],"product_cat":[151,155],"product_tag":[169],"yoast_head":"<!-- This site is optimized with the Yoast SEO plugin v16.8 - https:\/\/yoast.com\/wordpress\/plugins\/seo\/ -->\n<title>LED light - Thi\u1ebft b\u1ecb an to\u00e0n giao th\u00f4ng<\/title>\n<meta name=\"description\" content=\"D\u00e2y \u0111\u00e8n t\u00edn hi\u1ec7u LED s\u1eed d\u1ee5ng ngu\u1ed3n \u0111i\u1ec7n d\u00e2n d\u1ee5ng 220V, s\u1eed d\u1ee5ng k\u00e8m v\u1edbi R\u00e0o ch\u1eafn Ph\u00e2n c\u00e1ch PE gi\u00fap t\u0103ng c\u01b0\u1eddng hi\u1ec3n th\u1ecb trong \u0111i\u1ec1u ki\u1ec7n tr\u1eddi t\u1ed1i\" \/>\n<meta name=\"robots\" content=\"index, follow, max-snippet:-1, max-image-preview:large, max-video-preview:-1\" \/>\n<link rel=\"canonical\" href=\"https:\/\/hiqvina.com\/en\/product\/led-light__trashed\/\" \/>\n<meta property=\"og:locale\" content=\"en_US\" \/>\n<meta property=\"og:type\" content=\"article\" \/>\n<meta property=\"og:title\" content=\"LED light - Thi\u1ebft b\u1ecb an to\u00e0n giao th\u00f4ng\" \/>\n<meta property=\"og:description\" content=\"D\u00e2y \u0111\u00e8n t\u00edn hi\u1ec7u LED s\u1eed d\u1ee5ng ngu\u1ed3n \u0111i\u1ec7n d\u00e2n d\u1ee5ng 220V, s\u1eed d\u1ee5ng k\u00e8m v\u1edbi R\u00e0o ch\u1eafn Ph\u00e2n c\u00e1ch PE gi\u00fap t\u0103ng c\u01b0\u1eddng hi\u1ec3n th\u1ecb trong \u0111i\u1ec1u ki\u1ec7n tr\u1eddi t\u1ed1i\" \/>\n<meta property=\"og:url\" content=\"https:\/\/hiqvina.com\/en\/product\/led-light__trashed\/\" \/>\n<meta property=\"og:site_name\" content=\"Thi\u1ebft b\u1ecb an to\u00e0n giao th\u00f4ng\" \/>\n<meta property=\"article:publisher\" content=\"https:\/\/www.facebook.com\/hiqvina\/\" \/>\n<meta property=\"article:modified_time\" content=\"2024-10-03T02:44:18+00:00\" \/>\n<meta name=\"twitter:card\" content=\"summary_large_image\" \/>\n<meta name=\"twitter:image\" content=\"https:\/\/hiqvina.com\/wp-content\/uploads\/2021\/08\/46.webp\" \/>\n<script type=\"application\/ld+json\" class=\"yoast-schema-graph\">{\"@context\":\"https:\/\/schema.org\",\"@graph\":[{\"@type\":\"Organization\",\"@id\":\"https:\/\/hiqvina.com\/#organization\",\"name\":\"HIQ Vina Co., Ltd\",\"url\":\"https:\/\/hiqvina.com\/\",\"sameAs\":[\"https:\/\/www.facebook.com\/hiqvina\/\",\"https:\/\/www.youtube.com\/channel\/UCYwPV5oBGDfbvkRCQ3RcMhw?view_as=subscriber\"],\"logo\":{\"@type\":\"ImageObject\",\"@id\":\"https:\/\/hiqvina.com\/#logo\",\"inLanguage\":\"en-US\",\"url\":\"https:\/\/hiqvina.com\/wp-content\/uploads\/2021\/07\/logo-gan-vao-lightbox.png\",\"contentUrl\":\"https:\/\/hiqvina.com\/wp-content\/uploads\/2021\/07\/logo-gan-vao-lightbox.png\",\"width\":900,\"height\":600,\"caption\":\"HIQ Vina Co., Ltd\"},\"image\":{\"@id\":\"https:\/\/hiqvina.com\/#logo\"}},{\"@type\":\"WebSite\",\"@id\":\"https:\/\/hiqvina.com\/#website\",\"url\":\"https:\/\/hiqvina.com\/\",\"name\":\"Thi\\u1ebft b\\u1ecb an to\\u00e0n giao th\\u00f4ng\",\"description\":\"Hi-Q VINA\",\"publisher\":{\"@id\":\"https:\/\/hiqvina.com\/#organization\"},\"potentialAction\":[{\"@type\":\"SearchAction\",\"target\":{\"@type\":\"EntryPoint\",\"urlTemplate\":\"https:\/\/hiqvina.com\/?s={search_term_string}\"},\"query-input\":\"required name=search_term_string\"}],\"inLanguage\":\"en-US\"},{\"@type\":\"ImageObject\",\"@id\":\"https:\/\/hiqvina.com\/en\/product\/led-light__trashed\/#primaryimage\",\"inLanguage\":\"en-US\",\"url\":\"https:\/\/hiqvina.com\/wp-content\/uploads\/2021\/08\/46.webp\",\"contentUrl\":\"https:\/\/hiqvina.com\/wp-content\/uploads\/2021\/08\/46.webp\",\"width\":480,\"height\":480,\"caption\":\"Cu\\u1ed9n \\u0111\\u00e8n c\\u1ea3nh b\\u00e1o\"},{\"@type\":\"WebPage\",\"@id\":\"https:\/\/hiqvina.com\/en\/product\/led-light__trashed\/#webpage\",\"url\":\"https:\/\/hiqvina.com\/en\/product\/led-light__trashed\/\",\"name\":\"LED light - Thi\\u1ebft b\\u1ecb an to\\u00e0n giao th\\u00f4ng\",\"isPartOf\":{\"@id\":\"https:\/\/hiqvina.com\/#website\"},\"primaryImageOfPage\":{\"@id\":\"https:\/\/hiqvina.com\/en\/product\/led-light__trashed\/#primaryimage\"},\"datePublished\":\"2019-07-31T12:27:38+00:00\",\"dateModified\":\"2024-10-03T02:44:18+00:00\",\"description\":\"D\\u00e2y \\u0111\\u00e8n t\\u00edn hi\\u1ec7u LED s\\u1eed d\\u1ee5ng ngu\\u1ed3n \\u0111i\\u1ec7n d\\u00e2n d\\u1ee5ng 220V, s\\u1eed d\\u1ee5ng k\\u00e8m v\\u1edbi R\\u00e0o ch\\u1eafn Ph\\u00e2n c\\u00e1ch PE gi\\u00fap t\\u0103ng c\\u01b0\\u1eddng hi\\u1ec3n th\\u1ecb trong \\u0111i\\u1ec1u ki\\u1ec7n tr\\u1eddi t\\u1ed1i\",\"breadcrumb\":{\"@id\":\"https:\/\/hiqvina.com\/en\/product\/led-light__trashed\/#breadcrumb\"},\"inLanguage\":\"en-US\",\"potentialAction\":[{\"@type\":\"ReadAction\",\"target\":[\"https:\/\/hiqvina.com\/en\/product\/led-light__trashed\/\"]}]},{\"@type\":\"BreadcrumbList\",\"@id\":\"https:\/\/hiqvina.com\/en\/product\/led-light__trashed\/#breadcrumb\",\"itemListElement\":[{\"@type\":\"ListItem\",\"position\":1,\"name\":\"Trang ch\\u1ee7\",\"item\":\"https:\/\/hiqvina.com\/\"},{\"@type\":\"ListItem\",\"position\":2,\"name\":\"T\\u1ea5t c\\u1ea3 s\\u1ea3n ph\\u1ea9m\",\"item\":\"https:\/\/hiqvina.com\/cua-hang\/\"},{\"@type\":\"ListItem\",\"position\":3,\"name\":\"LED light\"}]}]}<\/script>\n<!-- \/ Yoast SEO plugin. -->","yoast_head_json":{"title":"LED light - Thi\u1ebft b\u1ecb an to\u00e0n giao th\u00f4ng","description":"D\u00e2y \u0111\u00e8n t\u00edn hi\u1ec7u LED s\u1eed d\u1ee5ng ngu\u1ed3n \u0111i\u1ec7n d\u00e2n d\u1ee5ng 220V, s\u1eed d\u1ee5ng k\u00e8m v\u1edbi R\u00e0o ch\u1eafn Ph\u00e2n c\u00e1ch PE gi\u00fap t\u0103ng c\u01b0\u1eddng hi\u1ec3n th\u1ecb trong \u0111i\u1ec1u ki\u1ec7n tr\u1eddi t\u1ed1i","robots":{"index":"index","follow":"follow","max-snippet":"max-snippet:-1","max-image-preview":"max-image-preview:large","max-video-preview":"max-video-preview:-1"},"canonical":"https:\/\/hiqvina.com\/en\/product\/led-light__trashed\/","og_locale":"en_US","og_type":"article","og_title":"LED light - Thi\u1ebft b\u1ecb an to\u00e0n giao th\u00f4ng","og_description":"D\u00e2y \u0111\u00e8n t\u00edn hi\u1ec7u LED s\u1eed d\u1ee5ng ngu\u1ed3n \u0111i\u1ec7n d\u00e2n d\u1ee5ng 220V, s\u1eed d\u1ee5ng k\u00e8m v\u1edbi R\u00e0o ch\u1eafn Ph\u00e2n c\u00e1ch PE gi\u00fap t\u0103ng c\u01b0\u1eddng hi\u1ec3n th\u1ecb trong \u0111i\u1ec1u ki\u1ec7n tr\u1eddi t\u1ed1i","og_url":"https:\/\/hiqvina.com\/en\/product\/led-light__trashed\/","og_site_name":"Thi\u1ebft b\u1ecb an to\u00e0n giao th\u00f4ng","article_publisher":"https:\/\/www.facebook.com\/hiqvina\/","article_modified_time":"2024-10-03T02:44:18+00:00","twitter_card":"summary_large_image","twitter_image":"https:\/\/hiqvina.com\/wp-content\/uploads\/2021\/08\/46.webp","schema":{"@context":"https:\/\/schema.org","@graph":[{"@type":"Organization","@id":"https:\/\/hiqvina.com\/#organization","name":"HIQ Vina Co., Ltd","url":"https:\/\/hiqvina.com\/","sameAs":["https:\/\/www.facebook.com\/hiqvina\/","https:\/\/www.youtube.com\/channel\/UCYwPV5oBGDfbvkRCQ3RcMhw?view_as=subscriber"],"logo":{"@type":"ImageObject","@id":"https:\/\/hiqvina.com\/#logo","inLanguage":"en-US","url":"https:\/\/hiqvina.com\/wp-content\/uploads\/2021\/07\/logo-gan-vao-lightbox.png","contentUrl":"https:\/\/hiqvina.com\/wp-content\/uploads\/2021\/07\/logo-gan-vao-lightbox.png","width":900,"height":600,"caption":"HIQ Vina Co., Ltd"},"image":{"@id":"https:\/\/hiqvina.com\/#logo"}},{"@type":"WebSite","@id":"https:\/\/hiqvina.com\/#website","url":"https:\/\/hiqvina.com\/","name":"Thi\u1ebft b\u1ecb an to\u00e0n giao th\u00f4ng","description":"Hi-Q VINA","publisher":{"@id":"https:\/\/hiqvina.com\/#organization"},"potentialAction":[{"@type":"SearchAction","target":{"@type":"EntryPoint","urlTemplate":"https:\/\/hiqvina.com\/?s={search_term_string}"},"query-input":"required name=search_term_string"}],"inLanguage":"en-US"},{"@type":"ImageObject","@id":"https:\/\/hiqvina.com\/en\/product\/led-light__trashed\/#primaryimage","inLanguage":"en-US","url":"https:\/\/hiqvina.com\/wp-content\/uploads\/2021\/08\/46.webp","contentUrl":"https:\/\/hiqvina.com\/wp-content\/uploads\/2021\/08\/46.webp","width":480,"height":480,"caption":"Cu\u1ed9n \u0111\u00e8n c\u1ea3nh b\u00e1o"},{"@type":"WebPage","@id":"https:\/\/hiqvina.com\/en\/product\/led-light__trashed\/#webpage","url":"https:\/\/hiqvina.com\/en\/product\/led-light__trashed\/","name":"LED light - Thi\u1ebft b\u1ecb an to\u00e0n giao th\u00f4ng","isPartOf":{"@id":"https:\/\/hiqvina.com\/#website"},"primaryImageOfPage":{"@id":"https:\/\/hiqvina.com\/en\/product\/led-light__trashed\/#primaryimage"},"datePublished":"2019-07-31T12:27:38+00:00","dateModified":"2024-10-03T02:44:18+00:00","description":"D\u00e2y \u0111\u00e8n t\u00edn hi\u1ec7u LED s\u1eed d\u1ee5ng ngu\u1ed3n \u0111i\u1ec7n d\u00e2n d\u1ee5ng 220V, s\u1eed d\u1ee5ng k\u00e8m v\u1edbi R\u00e0o ch\u1eafn Ph\u00e2n c\u00e1ch PE gi\u00fap t\u0103ng c\u01b0\u1eddng hi\u1ec3n th\u1ecb trong \u0111i\u1ec1u ki\u1ec7n tr\u1eddi t\u1ed1i","breadcrumb":{"@id":"https:\/\/hiqvina.com\/en\/product\/led-light__trashed\/#breadcrumb"},"inLanguage":"en-US","potentialAction":[{"@type":"ReadAction","target":["https:\/\/hiqvina.com\/en\/product\/led-light__trashed\/"]}]},{"@type":"BreadcrumbList","@id":"https:\/\/hiqvina.com\/en\/product\/led-light__trashed\/#breadcrumb","itemListElement":[{"@type":"ListItem","position":1,"name":"Trang ch\u1ee7","item":"https:\/\/hiqvina.com\/"},{"@type":"ListItem","position":2,"name":"T\u1ea5t c\u1ea3 s\u1ea3n ph\u1ea9m","item":"https:\/\/hiqvina.com\/cua-hang\/"},{"@type":"ListItem","position":3,"name":"LED light"}]}]}},"_links":{"self":[{"href":"https:\/\/hiqvina.com\/en\/wp-json\/wp\/v2\/product\/2247"}],"collection":[{"href":"https:\/\/hiqvina.com\/en\/wp-json\/wp\/v2\/product"}],"about":[{"href":"https:\/\/hiqvina.com\/en\/wp-json\/wp\/v2\/types\/product"}],"replies":[{"embeddable":true,"href":"https:\/\/hiqvina.com\/en\/wp-json\/wp\/v2\/comments?post=2247"}],"version-history":[{"count":8,"href":"https:\/\/hiqvina.com\/en\/wp-json\/wp\/v2\/product\/2247\/revisions"}],"predecessor-version":[{"id":18777,"href":"https:\/\/hiqvina.com\/en\/wp-json\/wp\/v2\/product\/2247\/revisions\/18777"}],"wp:featuredmedia":[{"embeddable":true,"href":"https:\/\/hiqvina.com\/en\/wp-json\/wp\/v2\/media\/12200"}],"wp:attachment":[{"href":"https:\/\/hiqvina.com\/en\/wp-json\/wp\/v2\/media?parent=2247"}],"wp:term":[{"taxonomy":"product_cat","embeddable":true,"href":"https:\/\/hiqvina.com\/en\/wp-json\/wp\/v2\/product_cat?post=2247"},{"taxonomy":"product_tag","embeddable":true,"href":"https:\/\/hiqvina.com\/en\/wp-json\/wp\/v2\/product_tag?post=2247"}],"curies":[{"name":"wp","href":"https:\/\/api.w.org\/{rel}","templated":true}]}}