{"id":1808,"date":"2019-08-02T08:18:12","date_gmt":"2019-08-02T08:18:12","guid":{"rendered":"https:\/\/hiqvina.com\/product\/cui-quay-tre-em-hi-genie\/"},"modified":"2024-09-25T10:40:45","modified_gmt":"2024-09-25T03:40:45","slug":"hi-genie-playroom","status":"publish","type":"product","link":"https:\/\/hiqvina.com\/en\/product\/hi-genie-playroom\/","title":{"rendered":"Hi-Genie Playroom"},"content":{"rendered":"<p>Hi-Genie playroom product will accompany your baby since his\/her first steps.<\/p>\n<p>The plastic playroom walls are hollowed out, ensuring the necessary lightness but still firm when being assembled.<\/p>\n<p>These walls can be completely removed\/mounted, increased\/decreased size when necessary, suitable for variable house space condition.<\/p>\n<p>Primeval plastic has no smell, absolutely safe for children to use<\/p>\n<p>Products can be stowed in sturdy containers, easy to move and store<\/p>\n<p>Help her mother to do housework freely, play comfortably in a crib<\/p>\n<p>&nbsp;<\/p>\n<p>Size: See Technical Information<\/p>\n<p>Compared to other plastic crib products on the market, Hi-Genie products excel with eye-catching appearance, firm holding products, long-term use value more effective than wood products.<\/p>\n","protected":false},"excerpt":{"rendered":"<p>Hi-Genie playroom product will accompany your baby since his\/her first steps. The plastic playroom walls are hollowed out, ensuring the necessary lightness but still firm when being assembled. These walls can be completely removed\/mounted, increased\/decreased size when necessary, suitable for variable house space condition. Primeval plastic has no smell, absolutely safe for children to use [&hellip;]<\/p>\n","protected":false},"featured_media":14074,"comment_status":"open","ping_status":"closed","template":"","meta":[],"product_cat":[152],"product_tag":[158,159,157,160],"yoast_head":"<!-- This site is optimized with the Yoast SEO plugin v16.8 - https:\/\/yoast.com\/wordpress\/plugins\/seo\/ -->\n<title>C\u0169i qu\u00e2y tr\u1ebb em, qu\u00e2y c\u0169i tr\u1ebb em, qu\u00e2y c\u0169i tr\u1ebb em gi\u00e1 r\u1ebb<\/title>\n<meta name=\"description\" content=\"S\u1ea3n ph\u1ea9m nh\u00e0 qu\u00e2y Hi-Genie s\u1ebd \u0111\u1ed3ng h\u00e0nh c\u00f9ng b\u00e9 trong su\u1ed1t qu\u00e3ng th\u1eddi gian ch\u1eadp ch\u1eefng nh\u1eefng b\u01b0\u1edbc ch\u00e2n \u0111\u1ea7u \u0111\u1eddi\" \/>\n<meta name=\"robots\" content=\"index, follow, max-snippet:-1, max-image-preview:large, max-video-preview:-1\" \/>\n<link rel=\"canonical\" href=\"https:\/\/www.hiqvina.com\/en\/product\/hi-genie-playroom\/\" \/>\n<meta property=\"og:locale\" content=\"en_US\" \/>\n<meta property=\"og:type\" content=\"article\" \/>\n<meta property=\"og:title\" content=\"C\u0169i qu\u00e2y tr\u1ebb em, qu\u00e2y c\u0169i tr\u1ebb em, qu\u00e2y c\u0169i tr\u1ebb em gi\u00e1 r\u1ebb\" \/>\n<meta property=\"og:description\" content=\"S\u1ea3n ph\u1ea9m nh\u00e0 qu\u00e2y Hi-Genie s\u1ebd \u0111\u1ed3ng h\u00e0nh c\u00f9ng b\u00e9 trong su\u1ed1t qu\u00e3ng th\u1eddi gian ch\u1eadp ch\u1eefng nh\u1eefng b\u01b0\u1edbc ch\u00e2n \u0111\u1ea7u \u0111\u1eddi\" \/>\n<meta property=\"og:url\" content=\"https:\/\/www.hiqvina.com\/en\/product\/hi-genie-playroom\/\" \/>\n<meta property=\"og:site_name\" content=\"Thi\u1ebft b\u1ecb an to\u00e0n giao th\u00f4ng\" \/>\n<meta property=\"article:publisher\" content=\"https:\/\/www.facebook.com\/hiqvina\/\" \/>\n<meta property=\"article:modified_time\" content=\"2024-09-25T03:40:45+00:00\" \/>\n<meta property=\"og:image\" content=\"https:\/\/hiqvina.com\/wp-content\/uploads\/2019\/08\/Cui-Quay-tre-em-04-1024x1024.jpg\" \/>\n\t<meta property=\"og:image:width\" content=\"1024\" \/>\n\t<meta property=\"og:image:height\" content=\"1024\" \/>\n<meta name=\"twitter:card\" content=\"summary_large_image\" \/>\n<meta name=\"twitter:label1\" content=\"Est. reading time\" \/>\n\t<meta name=\"twitter:data1\" content=\"1 minute\" \/>\n<script type=\"application\/ld+json\" class=\"yoast-schema-graph\">{\"@context\":\"https:\/\/schema.org\",\"@graph\":[{\"@type\":\"Organization\",\"@id\":\"https:\/\/www.hiqvina.com\/#organization\",\"name\":\"HIQ Vina Co., Ltd\",\"url\":\"https:\/\/www.hiqvina.com\/\",\"sameAs\":[\"https:\/\/www.facebook.com\/hiqvina\/\",\"https:\/\/www.youtube.com\/channel\/UCYwPV5oBGDfbvkRCQ3RcMhw?view_as=subscriber\"],\"logo\":{\"@type\":\"ImageObject\",\"@id\":\"https:\/\/www.hiqvina.com\/#logo\",\"inLanguage\":\"en-US\",\"url\":\"https:\/\/hiqvina.com\/wp-content\/uploads\/2021\/07\/logo-gan-vao-lightbox.png\",\"contentUrl\":\"https:\/\/hiqvina.com\/wp-content\/uploads\/2021\/07\/logo-gan-vao-lightbox.png\",\"width\":900,\"height\":600,\"caption\":\"HIQ Vina Co., Ltd\"},\"image\":{\"@id\":\"https:\/\/www.hiqvina.com\/#logo\"}},{\"@type\":\"WebSite\",\"@id\":\"https:\/\/www.hiqvina.com\/#website\",\"url\":\"https:\/\/www.hiqvina.com\/\",\"name\":\"Thi\\u1ebft b\\u1ecb an to\\u00e0n giao th\\u00f4ng\",\"description\":\"Hi-Q VINA\",\"publisher\":{\"@id\":\"https:\/\/www.hiqvina.com\/#organization\"},\"potentialAction\":[{\"@type\":\"SearchAction\",\"target\":{\"@type\":\"EntryPoint\",\"urlTemplate\":\"https:\/\/www.hiqvina.com\/?s={search_term_string}\"},\"query-input\":\"required name=search_term_string\"}],\"inLanguage\":\"en-US\"},{\"@type\":\"ImageObject\",\"@id\":\"https:\/\/www.hiqvina.com\/en\/product\/hi-genie-playroom\/#primaryimage\",\"inLanguage\":\"en-US\",\"url\":\"https:\/\/hiqvina.com\/wp-content\/uploads\/2019\/08\/Cui-Quay-tre-em-04.jpg\",\"contentUrl\":\"https:\/\/hiqvina.com\/wp-content\/uploads\/2019\/08\/Cui-Quay-tre-em-04.jpg\",\"width\":1876,\"height\":1875},{\"@type\":\"WebPage\",\"@id\":\"https:\/\/www.hiqvina.com\/en\/product\/hi-genie-playroom\/#webpage\",\"url\":\"https:\/\/www.hiqvina.com\/en\/product\/hi-genie-playroom\/\",\"name\":\"C\\u0169i qu\\u00e2y tr\\u1ebb em, qu\\u00e2y c\\u0169i tr\\u1ebb em, qu\\u00e2y c\\u0169i tr\\u1ebb em gi\\u00e1 r\\u1ebb\",\"isPartOf\":{\"@id\":\"https:\/\/www.hiqvina.com\/#website\"},\"primaryImageOfPage\":{\"@id\":\"https:\/\/www.hiqvina.com\/en\/product\/hi-genie-playroom\/#primaryimage\"},\"datePublished\":\"2019-08-02T08:18:12+00:00\",\"dateModified\":\"2024-09-25T03:40:45+00:00\",\"description\":\"S\\u1ea3n ph\\u1ea9m nh\\u00e0 qu\\u00e2y Hi-Genie s\\u1ebd \\u0111\\u1ed3ng h\\u00e0nh c\\u00f9ng b\\u00e9 trong su\\u1ed1t qu\\u00e3ng th\\u1eddi gian ch\\u1eadp ch\\u1eefng nh\\u1eefng b\\u01b0\\u1edbc ch\\u00e2n \\u0111\\u1ea7u \\u0111\\u1eddi\",\"breadcrumb\":{\"@id\":\"https:\/\/www.hiqvina.com\/en\/product\/hi-genie-playroom\/#breadcrumb\"},\"inLanguage\":\"en-US\",\"potentialAction\":[{\"@type\":\"ReadAction\",\"target\":[\"https:\/\/www.hiqvina.com\/en\/product\/hi-genie-playroom\/\"]}]},{\"@type\":\"BreadcrumbList\",\"@id\":\"https:\/\/www.hiqvina.com\/en\/product\/hi-genie-playroom\/#breadcrumb\",\"itemListElement\":[{\"@type\":\"ListItem\",\"position\":1,\"name\":\"Trang ch\\u1ee7\",\"item\":\"https:\/\/www.hiqvina.com\/\"},{\"@type\":\"ListItem\",\"position\":2,\"name\":\"T\\u1ea5t c\\u1ea3 s\\u1ea3n ph\\u1ea9m\",\"item\":\"https:\/\/hiqvina.com\/en\/shop\/\"},{\"@type\":\"ListItem\",\"position\":3,\"name\":\"Hi-Genie Playroom\"}]}]}<\/script>\n<!-- \/ Yoast SEO plugin. -->","yoast_head_json":{"title":"C\u0169i qu\u00e2y tr\u1ebb em, qu\u00e2y c\u0169i tr\u1ebb em, qu\u00e2y c\u0169i tr\u1ebb em gi\u00e1 r\u1ebb","description":"S\u1ea3n ph\u1ea9m nh\u00e0 qu\u00e2y Hi-Genie s\u1ebd \u0111\u1ed3ng h\u00e0nh c\u00f9ng b\u00e9 trong su\u1ed1t qu\u00e3ng th\u1eddi gian ch\u1eadp ch\u1eefng nh\u1eefng b\u01b0\u1edbc ch\u00e2n \u0111\u1ea7u \u0111\u1eddi","robots":{"index":"index","follow":"follow","max-snippet":"max-snippet:-1","max-image-preview":"max-image-preview:large","max-video-preview":"max-video-preview:-1"},"canonical":"https:\/\/www.hiqvina.com\/en\/product\/hi-genie-playroom\/","og_locale":"en_US","og_type":"article","og_title":"C\u0169i qu\u00e2y tr\u1ebb em, qu\u00e2y c\u0169i tr\u1ebb em, qu\u00e2y c\u0169i tr\u1ebb em gi\u00e1 r\u1ebb","og_description":"S\u1ea3n ph\u1ea9m nh\u00e0 qu\u00e2y Hi-Genie s\u1ebd \u0111\u1ed3ng h\u00e0nh c\u00f9ng b\u00e9 trong su\u1ed1t qu\u00e3ng th\u1eddi gian ch\u1eadp ch\u1eefng nh\u1eefng b\u01b0\u1edbc ch\u00e2n \u0111\u1ea7u \u0111\u1eddi","og_url":"https:\/\/www.hiqvina.com\/en\/product\/hi-genie-playroom\/","og_site_name":"Thi\u1ebft b\u1ecb an to\u00e0n giao th\u00f4ng","article_publisher":"https:\/\/www.facebook.com\/hiqvina\/","article_modified_time":"2024-09-25T03:40:45+00:00","og_image":[{"width":1024,"height":1024,"path":"2019\/08\/Cui-Quay-tre-em-04-1024x1024.jpg","url":"https:\/\/hiqvina.com\/wp-content\/uploads\/2019\/08\/Cui-Quay-tre-em-04-1024x1024.jpg","size":"large","id":14074,"alt":"","pixels":1048576,"type":"image\/jpeg"}],"twitter_card":"summary_large_image","twitter_misc":{"Est. reading time":"1 minute"},"schema":{"@context":"https:\/\/schema.org","@graph":[{"@type":"Organization","@id":"https:\/\/www.hiqvina.com\/#organization","name":"HIQ Vina Co., Ltd","url":"https:\/\/www.hiqvina.com\/","sameAs":["https:\/\/www.facebook.com\/hiqvina\/","https:\/\/www.youtube.com\/channel\/UCYwPV5oBGDfbvkRCQ3RcMhw?view_as=subscriber"],"logo":{"@type":"ImageObject","@id":"https:\/\/www.hiqvina.com\/#logo","inLanguage":"en-US","url":"https:\/\/hiqvina.com\/wp-content\/uploads\/2021\/07\/logo-gan-vao-lightbox.png","contentUrl":"https:\/\/hiqvina.com\/wp-content\/uploads\/2021\/07\/logo-gan-vao-lightbox.png","width":900,"height":600,"caption":"HIQ Vina Co., Ltd"},"image":{"@id":"https:\/\/www.hiqvina.com\/#logo"}},{"@type":"WebSite","@id":"https:\/\/www.hiqvina.com\/#website","url":"https:\/\/www.hiqvina.com\/","name":"Thi\u1ebft b\u1ecb an to\u00e0n giao th\u00f4ng","description":"Hi-Q VINA","publisher":{"@id":"https:\/\/www.hiqvina.com\/#organization"},"potentialAction":[{"@type":"SearchAction","target":{"@type":"EntryPoint","urlTemplate":"https:\/\/www.hiqvina.com\/?s={search_term_string}"},"query-input":"required name=search_term_string"}],"inLanguage":"en-US"},{"@type":"ImageObject","@id":"https:\/\/www.hiqvina.com\/en\/product\/hi-genie-playroom\/#primaryimage","inLanguage":"en-US","url":"https:\/\/hiqvina.com\/wp-content\/uploads\/2019\/08\/Cui-Quay-tre-em-04.jpg","contentUrl":"https:\/\/hiqvina.com\/wp-content\/uploads\/2019\/08\/Cui-Quay-tre-em-04.jpg","width":1876,"height":1875},{"@type":"WebPage","@id":"https:\/\/www.hiqvina.com\/en\/product\/hi-genie-playroom\/#webpage","url":"https:\/\/www.hiqvina.com\/en\/product\/hi-genie-playroom\/","name":"C\u0169i qu\u00e2y tr\u1ebb em, qu\u00e2y c\u0169i tr\u1ebb em, qu\u00e2y c\u0169i tr\u1ebb em gi\u00e1 r\u1ebb","isPartOf":{"@id":"https:\/\/www.hiqvina.com\/#website"},"primaryImageOfPage":{"@id":"https:\/\/www.hiqvina.com\/en\/product\/hi-genie-playroom\/#primaryimage"},"datePublished":"2019-08-02T08:18:12+00:00","dateModified":"2024-09-25T03:40:45+00:00","description":"S\u1ea3n ph\u1ea9m nh\u00e0 qu\u00e2y Hi-Genie s\u1ebd \u0111\u1ed3ng h\u00e0nh c\u00f9ng b\u00e9 trong su\u1ed1t qu\u00e3ng th\u1eddi gian ch\u1eadp ch\u1eefng nh\u1eefng b\u01b0\u1edbc ch\u00e2n \u0111\u1ea7u \u0111\u1eddi","breadcrumb":{"@id":"https:\/\/www.hiqvina.com\/en\/product\/hi-genie-playroom\/#breadcrumb"},"inLanguage":"en-US","potentialAction":[{"@type":"ReadAction","target":["https:\/\/www.hiqvina.com\/en\/product\/hi-genie-playroom\/"]}]},{"@type":"BreadcrumbList","@id":"https:\/\/www.hiqvina.com\/en\/product\/hi-genie-playroom\/#breadcrumb","itemListElement":[{"@type":"ListItem","position":1,"name":"Trang ch\u1ee7","item":"https:\/\/www.hiqvina.com\/"},{"@type":"ListItem","position":2,"name":"T\u1ea5t c\u1ea3 s\u1ea3n ph\u1ea9m","item":"https:\/\/hiqvina.com\/en\/shop\/"},{"@type":"ListItem","position":3,"name":"Hi-Genie Playroom"}]}]}},"_links":{"self":[{"href":"https:\/\/hiqvina.com\/en\/wp-json\/wp\/v2\/product\/1808"}],"collection":[{"href":"https:\/\/hiqvina.com\/en\/wp-json\/wp\/v2\/product"}],"about":[{"href":"https:\/\/hiqvina.com\/en\/wp-json\/wp\/v2\/types\/product"}],"replies":[{"embeddable":true,"href":"https:\/\/hiqvina.com\/en\/wp-json\/wp\/v2\/comments?post=1808"}],"version-history":[{"count":1,"href":"https:\/\/hiqvina.com\/en\/wp-json\/wp\/v2\/product\/1808\/revisions"}],"predecessor-version":[{"id":18055,"href":"https:\/\/hiqvina.com\/en\/wp-json\/wp\/v2\/product\/1808\/revisions\/18055"}],"wp:featuredmedia":[{"embeddable":true,"href":"https:\/\/hiqvina.com\/en\/wp-json\/wp\/v2\/media\/14074"}],"wp:attachment":[{"href":"https:\/\/hiqvina.com\/en\/wp-json\/wp\/v2\/media?parent=1808"}],"wp:term":[{"taxonomy":"product_cat","embeddable":true,"href":"https:\/\/hiqvina.com\/en\/wp-json\/wp\/v2\/product_cat?post=1808"},{"taxonomy":"product_tag","embeddable":true,"href":"https:\/\/hiqvina.com\/en\/wp-json\/wp\/v2\/product_tag?post=1808"}],"curies":[{"name":"wp","href":"https:\/\/api.w.org\/{rel}","templated":true}]}}