{"id":13354,"date":"2021-07-13T09:19:21","date_gmt":"2021-07-13T02:19:21","guid":{"rendered":"https:\/\/hiqvina.com\/cua-hang\/mui-ten-rao-phan-lan-do-nuoc\/"},"modified":"2025-09-03T13:41:33","modified_gmt":"2025-09-03T06:41:33","slug":"mui-ten-rao-phan-lan-do-nuoc","status":"publish","type":"product","link":"https:\/\/hiqvina.com\/en\/product\/mui-ten-rao-phan-lan-do-nuoc\/","title":{"rendered":"Arrows separating lanes pouring water"},"content":{"rendered":"\t\t<div data-elementor-type=\"product-post\" data-elementor-id=\"13354\" class=\"elementor elementor-13354 elementor-11162\" data-elementor-settings=\"[]\">\n\t\t\t\t\t\t\t<div class=\"elementor-section-wrap\">\n\t\t\t\t\t\t\t<section class=\"elementor-section elementor-top-section elementor-element elementor-element-7d296d40 elementor-section-boxed elementor-section-height-default elementor-section-height-default\" data-id=\"7d296d40\" data-element_type=\"section\">\n\t\t\t\t\t\t<div class=\"elementor-container elementor-column-gap-default\">\n\t\t\t\t\t<div class=\"elementor-column elementor-col-100 elementor-top-column elementor-element elementor-element-eb4ef1d\" data-id=\"eb4ef1d\" data-element_type=\"column\">\n\t\t\t<div class=\"elementor-widget-wrap elementor-element-populated\">\n\t\t\t\t\t\t\t\t<div class=\"elementor-element elementor-element-128a9ce0 elementor-widget elementor-widget-text-editor\" data-id=\"128a9ce0\" data-element_type=\"widget\" data-widget_type=\"text-editor.default\">\n\t\t\t\t<div class=\"elementor-widget-container\">\n\t\t\t\t\t\t\t\t<p><span style=\"font-size: 14pt;\"><strong>Characteristics:<\/strong><\/span><\/p>\n<ul>\n<li>Arrows for separating lanes and pouring water are made from HDPE, with a high-density structure providing durability and impact resistance.<\/li>\n<li>Reflective paint ensures visibility in poor weather conditions and at night.<\/li>\n<\/ul>\n<p><span style=\"font-size: 14pt;\"><strong>Installation Locations for Arrows Separating Lanes and Pouring Water:<\/strong><\/span><\/p>\n<ul>\n<li>Installed alongside Waterfilled Barriers in areas that require road guidance and enhanced visibility.<\/li>\n<\/ul>\t\t\t\t\t\t<\/div>\n\t\t\t\t<\/div>\n\t\t\t\t\t<\/div>\n\t\t<\/div>\n\t\t\t\t\t\t\t<\/div>\n\t\t<\/section>\n\t\t\t\t<section class=\"elementor-section elementor-top-section elementor-element elementor-element-d92bcbf elementor-section-boxed elementor-section-height-default elementor-section-height-default\" data-id=\"d92bcbf\" data-element_type=\"section\">\n\t\t\t\t\t\t<div class=\"elementor-container elementor-column-gap-default\">\n\t\t\t\t\t<div class=\"elementor-column elementor-col-100 elementor-top-column elementor-element elementor-element-994fa82\" data-id=\"994fa82\" data-element_type=\"column\">\n\t\t\t<div class=\"elementor-widget-wrap elementor-element-populated\">\n\t\t\t\t\t\t\t\t<div class=\"elementor-element elementor-element-83503b8 elementor-widget elementor-widget-heading\" data-id=\"83503b8\" data-element_type=\"widget\" data-widget_type=\"heading.default\">\n\t\t\t\t<div class=\"elementor-widget-container\">\n\t\t\t<h2 class=\"elementor-heading-title elementor-size-default\">Technical Drawing<\/h2>\t\t<\/div>\n\t\t\t\t<\/div>\n\t\t\t\t<div class=\"elementor-element elementor-element-4972a4a elementor-widget elementor-widget-image\" data-id=\"4972a4a\" data-element_type=\"widget\" data-widget_type=\"image.default\">\n\t\t\t\t<div class=\"elementor-widget-container\">\n\t\t\t\t\t\t\t\t\t\t\t\t\t\t\t<img width=\"1024\" height=\"682\" src=\"https:\/\/hiqvina.com\/wp-content\/uploads\/2021\/07\/Mui-ten.webp\" class=\"attachment-large size-large\" alt=\"b\u1ea3n v\u1ebd M\u0169i t\u00ean r\u00e0o ph\u00e2n l\u00e0n \u0111\u1ed5 n\u01b0\u1edbc\" loading=\"lazy\" \/>\t\t\t\t\t\t\t\t\t\t\t\t\t\t\t<\/div>\n\t\t\t\t<\/div>\n\t\t\t\t\t<\/div>\n\t\t<\/div>\n\t\t\t\t\t\t\t<\/div>\n\t\t<\/section>\n\t\t\t\t\t\t<\/div>\n\t\t\t\t\t<\/div>\n\t\t","protected":false},"excerpt":{"rendered":"<p>Characteristics: Arrows for separating lanes and pouring water are made from HDPE, with a high-density structure providing durability and impact resistance. Reflective paint ensures visibility in poor weather conditions and at night. Installation Locations for Arrows Separating Lanes and Pouring Water: Installed alongside Waterfilled Barriers in areas that require road guidance and enhanced visibility. Technical [&hellip;]<\/p>\n","protected":false},"featured_media":18073,"comment_status":"open","ping_status":"closed","template":"","meta":[],"product_cat":[154],"product_tag":[],"yoast_head":"<!-- This site is optimized with the Yoast SEO plugin v16.8 - https:\/\/yoast.com\/wordpress\/plugins\/seo\/ -->\n<title>Arrows separating lanes pouring water - Thi\u1ebft b\u1ecb an to\u00e0n giao th\u00f4ng<\/title>\n<meta name=\"description\" content=\"M\u0169i t\u00ean r\u00e0o ph\u00e2n l\u00e0n \u0111\u1ed5 n\u01b0\u1edbc \u0111\u01b0\u1ee3c l\u00e0m t\u1eeb HDPE v\u1edbi m\u1eadt \u0111\u1ed9 h\u1ea1t nh\u1ef1a d\u00e0y, \u0111\u1ed9 b\u00ean cao, ch\u1ed1ng va \u0111\u1eadp. S\u01a1n ph\u1ea3n quang gi\u00fap d\u1ec5 nh\u1eadn bi\u1ebft.\" \/>\n<meta name=\"robots\" content=\"index, follow, max-snippet:-1, max-image-preview:large, max-video-preview:-1\" \/>\n<link rel=\"canonical\" href=\"https:\/\/hiqvina.com\/en\/product\/mui-ten-rao-phan-lan-do-nuoc\/\" \/>\n<meta property=\"og:locale\" content=\"en_US\" \/>\n<meta property=\"og:type\" content=\"article\" \/>\n<meta property=\"og:title\" content=\"Arrows separating lanes pouring water - Thi\u1ebft b\u1ecb an to\u00e0n giao th\u00f4ng\" \/>\n<meta property=\"og:description\" content=\"M\u0169i t\u00ean r\u00e0o ph\u00e2n l\u00e0n \u0111\u1ed5 n\u01b0\u1edbc \u0111\u01b0\u1ee3c l\u00e0m t\u1eeb HDPE v\u1edbi m\u1eadt \u0111\u1ed9 h\u1ea1t nh\u1ef1a d\u00e0y, \u0111\u1ed9 b\u00ean cao, ch\u1ed1ng va \u0111\u1eadp. S\u01a1n ph\u1ea3n quang gi\u00fap d\u1ec5 nh\u1eadn bi\u1ebft.\" \/>\n<meta property=\"og:url\" content=\"https:\/\/hiqvina.com\/en\/product\/mui-ten-rao-phan-lan-do-nuoc\/\" \/>\n<meta property=\"og:site_name\" content=\"Thi\u1ebft b\u1ecb an to\u00e0n giao th\u00f4ng\" \/>\n<meta property=\"article:publisher\" content=\"https:\/\/www.facebook.com\/hiqvina\/\" \/>\n<meta property=\"article:modified_time\" content=\"2025-09-03T06:41:33+00:00\" \/>\n<meta name=\"twitter:card\" content=\"summary_large_image\" \/>\n<meta name=\"twitter:image\" content=\"https:\/\/hiqvina.com\/wp-content\/uploads\/2021\/07\/mui-ten-rao-phan-lan.webp\" \/>\n<meta name=\"twitter:label1\" content=\"Est. reading time\" \/>\n\t<meta name=\"twitter:data1\" content=\"1 minute\" \/>\n<script type=\"application\/ld+json\" class=\"yoast-schema-graph\">{\"@context\":\"https:\/\/schema.org\",\"@graph\":[{\"@type\":\"Organization\",\"@id\":\"https:\/\/www.hiqvina.com\/#organization\",\"name\":\"HIQ Vina Co., Ltd\",\"url\":\"https:\/\/www.hiqvina.com\/\",\"sameAs\":[\"https:\/\/www.facebook.com\/hiqvina\/\",\"https:\/\/www.youtube.com\/channel\/UCYwPV5oBGDfbvkRCQ3RcMhw?view_as=subscriber\"],\"logo\":{\"@type\":\"ImageObject\",\"@id\":\"https:\/\/www.hiqvina.com\/#logo\",\"inLanguage\":\"en-US\",\"url\":\"https:\/\/hiqvina.com\/wp-content\/uploads\/2021\/07\/logo-gan-vao-lightbox.png\",\"contentUrl\":\"https:\/\/hiqvina.com\/wp-content\/uploads\/2021\/07\/logo-gan-vao-lightbox.png\",\"width\":900,\"height\":600,\"caption\":\"HIQ Vina Co., Ltd\"},\"image\":{\"@id\":\"https:\/\/www.hiqvina.com\/#logo\"}},{\"@type\":\"WebSite\",\"@id\":\"https:\/\/www.hiqvina.com\/#website\",\"url\":\"https:\/\/www.hiqvina.com\/\",\"name\":\"Thi\\u1ebft b\\u1ecb an to\\u00e0n giao th\\u00f4ng\",\"description\":\"Hi-Q VINA\",\"publisher\":{\"@id\":\"https:\/\/www.hiqvina.com\/#organization\"},\"potentialAction\":[{\"@type\":\"SearchAction\",\"target\":{\"@type\":\"EntryPoint\",\"urlTemplate\":\"https:\/\/www.hiqvina.com\/?s={search_term_string}\"},\"query-input\":\"required name=search_term_string\"}],\"inLanguage\":\"en-US\"},{\"@type\":\"ImageObject\",\"@id\":\"https:\/\/hiqvina.com\/en\/product\/mui-ten-rao-phan-lan-do-nuoc\/#primaryimage\",\"inLanguage\":\"en-US\",\"url\":\"https:\/\/hiqvina.com\/wp-content\/uploads\/2021\/07\/mui-ten-rao-phan-lan.webp\",\"contentUrl\":\"https:\/\/hiqvina.com\/wp-content\/uploads\/2021\/07\/mui-ten-rao-phan-lan.webp\",\"width\":900,\"height\":900,\"caption\":\"M\\u0169i t\\u00ean r\\u00e0o ph\\u00e2n l\\u00e0n \\u0111\\u1ed5 n\\u01b0\\u1edbc\"},{\"@type\":\"WebPage\",\"@id\":\"https:\/\/hiqvina.com\/en\/product\/mui-ten-rao-phan-lan-do-nuoc\/#webpage\",\"url\":\"https:\/\/hiqvina.com\/en\/product\/mui-ten-rao-phan-lan-do-nuoc\/\",\"name\":\"Arrows separating lanes pouring water - Thi\\u1ebft b\\u1ecb an to\\u00e0n giao th\\u00f4ng\",\"isPartOf\":{\"@id\":\"https:\/\/www.hiqvina.com\/#website\"},\"primaryImageOfPage\":{\"@id\":\"https:\/\/hiqvina.com\/en\/product\/mui-ten-rao-phan-lan-do-nuoc\/#primaryimage\"},\"datePublished\":\"2021-07-13T02:19:21+00:00\",\"dateModified\":\"2025-09-03T06:41:33+00:00\",\"description\":\"M\\u0169i t\\u00ean r\\u00e0o ph\\u00e2n l\\u00e0n \\u0111\\u1ed5 n\\u01b0\\u1edbc \\u0111\\u01b0\\u1ee3c l\\u00e0m t\\u1eeb HDPE v\\u1edbi m\\u1eadt \\u0111\\u1ed9 h\\u1ea1t nh\\u1ef1a d\\u00e0y, \\u0111\\u1ed9 b\\u00ean cao, ch\\u1ed1ng va \\u0111\\u1eadp. S\\u01a1n ph\\u1ea3n quang gi\\u00fap d\\u1ec5 nh\\u1eadn bi\\u1ebft.\",\"breadcrumb\":{\"@id\":\"https:\/\/hiqvina.com\/en\/product\/mui-ten-rao-phan-lan-do-nuoc\/#breadcrumb\"},\"inLanguage\":\"en-US\",\"potentialAction\":[{\"@type\":\"ReadAction\",\"target\":[\"https:\/\/hiqvina.com\/en\/product\/mui-ten-rao-phan-lan-do-nuoc\/\"]}]},{\"@type\":\"BreadcrumbList\",\"@id\":\"https:\/\/hiqvina.com\/en\/product\/mui-ten-rao-phan-lan-do-nuoc\/#breadcrumb\",\"itemListElement\":[{\"@type\":\"ListItem\",\"position\":1,\"name\":\"Trang ch\\u1ee7\",\"item\":\"https:\/\/www.hiqvina.com\/\"},{\"@type\":\"ListItem\",\"position\":2,\"name\":\"T\\u1ea5t c\\u1ea3 s\\u1ea3n ph\\u1ea9m\",\"item\":\"https:\/\/hiqvina.com\/en\/shop\/\"},{\"@type\":\"ListItem\",\"position\":3,\"name\":\"Arrows separating lanes pouring water\"}]}]}<\/script>\n<!-- \/ Yoast SEO plugin. -->","yoast_head_json":{"title":"Arrows separating lanes pouring water - Thi\u1ebft b\u1ecb an to\u00e0n giao th\u00f4ng","description":"M\u0169i t\u00ean r\u00e0o ph\u00e2n l\u00e0n \u0111\u1ed5 n\u01b0\u1edbc \u0111\u01b0\u1ee3c l\u00e0m t\u1eeb HDPE v\u1edbi m\u1eadt \u0111\u1ed9 h\u1ea1t nh\u1ef1a d\u00e0y, \u0111\u1ed9 b\u00ean cao, ch\u1ed1ng va \u0111\u1eadp. S\u01a1n ph\u1ea3n quang gi\u00fap d\u1ec5 nh\u1eadn bi\u1ebft.","robots":{"index":"index","follow":"follow","max-snippet":"max-snippet:-1","max-image-preview":"max-image-preview:large","max-video-preview":"max-video-preview:-1"},"canonical":"https:\/\/hiqvina.com\/en\/product\/mui-ten-rao-phan-lan-do-nuoc\/","og_locale":"en_US","og_type":"article","og_title":"Arrows separating lanes pouring water - Thi\u1ebft b\u1ecb an to\u00e0n giao th\u00f4ng","og_description":"M\u0169i t\u00ean r\u00e0o ph\u00e2n l\u00e0n \u0111\u1ed5 n\u01b0\u1edbc \u0111\u01b0\u1ee3c l\u00e0m t\u1eeb HDPE v\u1edbi m\u1eadt \u0111\u1ed9 h\u1ea1t nh\u1ef1a d\u00e0y, \u0111\u1ed9 b\u00ean cao, ch\u1ed1ng va \u0111\u1eadp. S\u01a1n ph\u1ea3n quang gi\u00fap d\u1ec5 nh\u1eadn bi\u1ebft.","og_url":"https:\/\/hiqvina.com\/en\/product\/mui-ten-rao-phan-lan-do-nuoc\/","og_site_name":"Thi\u1ebft b\u1ecb an to\u00e0n giao th\u00f4ng","article_publisher":"https:\/\/www.facebook.com\/hiqvina\/","article_modified_time":"2025-09-03T06:41:33+00:00","twitter_card":"summary_large_image","twitter_image":"https:\/\/hiqvina.com\/wp-content\/uploads\/2021\/07\/mui-ten-rao-phan-lan.webp","twitter_misc":{"Est. reading time":"1 minute"},"schema":{"@context":"https:\/\/schema.org","@graph":[{"@type":"Organization","@id":"https:\/\/www.hiqvina.com\/#organization","name":"HIQ Vina Co., Ltd","url":"https:\/\/www.hiqvina.com\/","sameAs":["https:\/\/www.facebook.com\/hiqvina\/","https:\/\/www.youtube.com\/channel\/UCYwPV5oBGDfbvkRCQ3RcMhw?view_as=subscriber"],"logo":{"@type":"ImageObject","@id":"https:\/\/www.hiqvina.com\/#logo","inLanguage":"en-US","url":"https:\/\/hiqvina.com\/wp-content\/uploads\/2021\/07\/logo-gan-vao-lightbox.png","contentUrl":"https:\/\/hiqvina.com\/wp-content\/uploads\/2021\/07\/logo-gan-vao-lightbox.png","width":900,"height":600,"caption":"HIQ Vina Co., Ltd"},"image":{"@id":"https:\/\/www.hiqvina.com\/#logo"}},{"@type":"WebSite","@id":"https:\/\/www.hiqvina.com\/#website","url":"https:\/\/www.hiqvina.com\/","name":"Thi\u1ebft b\u1ecb an to\u00e0n giao th\u00f4ng","description":"Hi-Q VINA","publisher":{"@id":"https:\/\/www.hiqvina.com\/#organization"},"potentialAction":[{"@type":"SearchAction","target":{"@type":"EntryPoint","urlTemplate":"https:\/\/www.hiqvina.com\/?s={search_term_string}"},"query-input":"required name=search_term_string"}],"inLanguage":"en-US"},{"@type":"ImageObject","@id":"https:\/\/hiqvina.com\/en\/product\/mui-ten-rao-phan-lan-do-nuoc\/#primaryimage","inLanguage":"en-US","url":"https:\/\/hiqvina.com\/wp-content\/uploads\/2021\/07\/mui-ten-rao-phan-lan.webp","contentUrl":"https:\/\/hiqvina.com\/wp-content\/uploads\/2021\/07\/mui-ten-rao-phan-lan.webp","width":900,"height":900,"caption":"M\u0169i t\u00ean r\u00e0o ph\u00e2n l\u00e0n \u0111\u1ed5 n\u01b0\u1edbc"},{"@type":"WebPage","@id":"https:\/\/hiqvina.com\/en\/product\/mui-ten-rao-phan-lan-do-nuoc\/#webpage","url":"https:\/\/hiqvina.com\/en\/product\/mui-ten-rao-phan-lan-do-nuoc\/","name":"Arrows separating lanes pouring water - Thi\u1ebft b\u1ecb an to\u00e0n giao th\u00f4ng","isPartOf":{"@id":"https:\/\/www.hiqvina.com\/#website"},"primaryImageOfPage":{"@id":"https:\/\/hiqvina.com\/en\/product\/mui-ten-rao-phan-lan-do-nuoc\/#primaryimage"},"datePublished":"2021-07-13T02:19:21+00:00","dateModified":"2025-09-03T06:41:33+00:00","description":"M\u0169i t\u00ean r\u00e0o ph\u00e2n l\u00e0n \u0111\u1ed5 n\u01b0\u1edbc \u0111\u01b0\u1ee3c l\u00e0m t\u1eeb HDPE v\u1edbi m\u1eadt \u0111\u1ed9 h\u1ea1t nh\u1ef1a d\u00e0y, \u0111\u1ed9 b\u00ean cao, ch\u1ed1ng va \u0111\u1eadp. S\u01a1n ph\u1ea3n quang gi\u00fap d\u1ec5 nh\u1eadn bi\u1ebft.","breadcrumb":{"@id":"https:\/\/hiqvina.com\/en\/product\/mui-ten-rao-phan-lan-do-nuoc\/#breadcrumb"},"inLanguage":"en-US","potentialAction":[{"@type":"ReadAction","target":["https:\/\/hiqvina.com\/en\/product\/mui-ten-rao-phan-lan-do-nuoc\/"]}]},{"@type":"BreadcrumbList","@id":"https:\/\/hiqvina.com\/en\/product\/mui-ten-rao-phan-lan-do-nuoc\/#breadcrumb","itemListElement":[{"@type":"ListItem","position":1,"name":"Trang ch\u1ee7","item":"https:\/\/www.hiqvina.com\/"},{"@type":"ListItem","position":2,"name":"T\u1ea5t c\u1ea3 s\u1ea3n ph\u1ea9m","item":"https:\/\/hiqvina.com\/en\/shop\/"},{"@type":"ListItem","position":3,"name":"Arrows separating lanes pouring water"}]}]}},"_links":{"self":[{"href":"https:\/\/hiqvina.com\/en\/wp-json\/wp\/v2\/product\/13354"}],"collection":[{"href":"https:\/\/hiqvina.com\/en\/wp-json\/wp\/v2\/product"}],"about":[{"href":"https:\/\/hiqvina.com\/en\/wp-json\/wp\/v2\/types\/product"}],"replies":[{"embeddable":true,"href":"https:\/\/hiqvina.com\/en\/wp-json\/wp\/v2\/comments?post=13354"}],"version-history":[{"count":9,"href":"https:\/\/hiqvina.com\/en\/wp-json\/wp\/v2\/product\/13354\/revisions"}],"predecessor-version":[{"id":20343,"href":"https:\/\/hiqvina.com\/en\/wp-json\/wp\/v2\/product\/13354\/revisions\/20343"}],"wp:featuredmedia":[{"embeddable":true,"href":"https:\/\/hiqvina.com\/en\/wp-json\/wp\/v2\/media\/18073"}],"wp:attachment":[{"href":"https:\/\/hiqvina.com\/en\/wp-json\/wp\/v2\/media?parent=13354"}],"wp:term":[{"taxonomy":"product_cat","embeddable":true,"href":"https:\/\/hiqvina.com\/en\/wp-json\/wp\/v2\/product_cat?post=13354"},{"taxonomy":"product_tag","embeddable":true,"href":"https:\/\/hiqvina.com\/en\/wp-json\/wp\/v2\/product_tag?post=13354"}],"curies":[{"name":"wp","href":"https:\/\/api.w.org\/{rel}","templated":true}]}}