{"id":14277,"date":"2024-01-15T14:53:48","date_gmt":"2024-01-15T07:53:48","guid":{"rendered":"https:\/\/hiqvina.com\/?page_id=14277"},"modified":"2024-01-15T17:00:24","modified_gmt":"2024-01-15T10:00:24","slug":"tuyen-nhan-vien-kinh-doanh","status":"publish","type":"page","link":"https:\/\/hiqvina.com\/en\/tuyen-nhan-vien-kinh-doanh\/","title":{"rendered":"TUY\u1ec2N NH\u00c2N VI\u00caN KINH DOANH"},"content":{"rendered":"<p style=\"padding: 10px; text-align: left;\"><span style=\"font-size: 14pt; color: #ff0000;\"><strong>TUY\u1ec2N NH\u00c2N VI\u00caN KINH DOANH \/ SALES EXPERT<\/strong><\/span><\/p>\n<p style=\"padding: 10px; text-align: left;\"><strong><u>V\u1ec1 ch\u00fang t\u00f4i:<\/u><\/strong>\u00a0 C\u00f4ng ty TNHH HIQ VINA l\u00e0 c\u00f4ng ty c\u00f3 v\u1ed1n 100% H\u00e0n qu\u1ed1c chuy\u00ean s\u1ea3n xu\u1ea5t c\u00e1c s\u1ea3n ph\u1ea9m b\u1eb1ng nh\u1ef1a trong l\u0129nh v\u1ef1c an to\u00e0n v\u00e0 ch\u1ec9 d\u1eabn giao th\u00f4ng, \u0111\u1ed3 gia d\u1ee5ng b\u1eb1ng nh\u1ef1a, b\u00e0n gh\u1ebf h\u1ecdc sinh b\u1eb1ng nh\u1ef1a, c\u0169i qu\u00e2y tr\u1ebb em b\u1eb1ng nh\u1ef1a\/ <em>HiQ Vina Co.,ltd is a company that owned 100% capital of Korean, specializing in manufacture plastic traffic safty equipments and plastic desks, chairs, cots for children.<\/em><\/p>\n<div style=\"padding: 15px;\">\n<p><strong>Do nhu c\u1ea7u m\u1edf r\u1ed9ng quy m\u00f4 kinh doanh n\u00ean c\u1ea7n tuy\u1ec3n \/ <em>Due to demand of spread of business, we need recruit:<\/em><\/strong><\/p>\n<p><strong>\u00a0 \u00a0\u2022 V\u1ecb Tr\u00ed:<\/strong> Nh\u00e2n vi\u00ean kinh doanh \/ <em>position: Sales<\/em><\/p>\n<p><strong>\u00a0 \u00a0\u2022 S\u1ed1 l\u01b0\u1ee3ng:<\/strong> 1 ng\u01b0\u1eddi\/ Number of recruits : 1 staff<\/p>\n<p>N\u01a1i l\u00e0m vi\u1ec7c: H\u1ed3 Ch\u00ed Minh (400\/6 Ung V\u0103n Khi\u00eam, Ph\u01b0\u1eddng 25, Qu\u1eadn B\u00ecnh Th\u1ea1nh, H\u1ed3 Ch\u00ed Minh)\/ Working palace: Ho Chi Minh<\/p>\n<p><strong>M\u00f4 t\u1ea3 c\u00f4ng vi\u1ec7c \/ <em>Job description:<\/em><\/strong><\/p>\n<p><strong>\u00a0 \u00a0\u2022 <\/strong>T\u00ecm ki\u1ebfm kh\u00e1ch h\u00e0ng m\u1edbi, ch\u0103m s\u00f3c kh\u00e1ch h\u00e0ng c\u0169, gi\u1edbi thi\u1ec7u s\u1ea3n ph\u1ea9m, g\u1eedi b\u00e1o gi\u00e1 cho kh\u00e1ch h\u00e0ng <em>\/ Seeking new customer, take care of old members, introduce products, send the quotes to customers.<\/em><\/p>\n<p style=\"padding-left: 10px;\"><strong>\u2022 <\/strong>Tr\u1ef1c ti\u1ebfp b\u00e1n h\u00e0ng, khai th\u00e1c \u0111\u1ea1i l\u00fd, m\u1edf r\u1ed9ng th\u1ecb tr\u01b0\u1eddng v\u00e0 ch\u0103m s\u00f3c h\u1ed7 tr\u1ee3 \u0111\u1ea1i l\u00fd \/ <em>Selling directly, exploit agency, expand the market and take care, support to the agency.<\/em><\/p>\n<p style=\"padding-left: 10px;\"><strong>\u2022 <\/strong>Theo d\u00f5i qu\u1ea3n l\u00fd \u0111\u01a1n h\u00e0ng, b\u00e1n h\u00e0ng v\u00e0 thu h\u1ed3i c\u00f4ng n\u1ee3 \/ <em>Keep track of order, sales and collecting debt.<\/em><\/p>\n<p style=\"padding-left: 10px;\"><strong>\u2022 <\/strong>\u0110\u1ea3m b\u1ea3o m\u1ee5c ti\u00eau doanh thu c\u0169ng nh\u01b0 \u0111\u1ea3m b\u1ea3o s\u1ef1 h\u00e0i l\u00f2ng c\u1ee7a kh\u00e1ch h\u00e0ng v\u1ec1 s\u1ea3n ph\u1ea9m\/ <em>Ensure of revenue target and the customers\u2019 satisfaction about products.<\/em><\/p>\n<p style=\"padding-left: 10px;\"><strong>\u2022 <\/strong>T\u00ecm ki\u1ebfm \u0111\u1ec1 xu\u1ea5t b\u00e1n h\u00e0ng qua \u0111\u1ea1i l\u00fd, trung t\u00e2m si\u00eau th\u1ecb, \u2026\/ <em>Seeking and propose selling on agency channel and super markets, &#8230;<\/em><\/p>\n<p><strong>Quy\u1ec1n l\u1ee3i \u0111\u01b0\u1ee3c h\u01b0\u1edfng\/ <em>Rights:<\/em> <\/strong><\/p>\n<p><strong>\u00a0 \u2022 <\/strong>L\u01b0\u01a1ng: Th\u1ecfa thu\u1eadn \/ <em>Agreement Wage<\/em><\/p>\n<p><strong>\u00a0 \u2022 <\/strong>Ph\u1ee5 c\u1ea5p +th\u01b0\u1edfng doanh thu 2%\/ Allowance + bonus 2% revenue<\/p>\n<p><strong>\u00a0 \u2022 <\/strong>\u0110\u01b0\u1ee3c l\u00e0m vi\u1ec7c trong m\u00f4i tr\u01b0\u1eddng chuy\u00ean nghi\u1ec7p, n\u0103ng \u0111\u1ed9ng c\u1ee7a H\u00e0n Qu\u1ed1c \/ <em>working in the professional and active environment of Korean.<\/em><\/p>\n<p><strong>\u00a0 \u2022 <\/strong>C\u00f3 \u0111i\u1ec1u ki\u1ec7n \u0111i c\u00f4ng t\u00e1c n\u01b0\u1edbc ngo\u00e0i\/ <em>Have condition to go business oversea<\/em>.<\/p>\n<p><strong>\u00a0 \u2022 <\/strong>Ch\u1ebf \u0111\u1ed9 tham gia b\u1ea3o hi\u1ec3m cho ng\u01b0\u1eddi lao \u0111\u1ed9ng theo quy \u0111\u1ecbnh c\u1ee7a nh\u00e0 n\u01b0\u1edbc\/ <em>Policy of insurance for labors in cording to the rules of Vietnamese Nations<\/em><\/p>\n<p><strong>\u00a0 \u2022 <\/strong>Sinh nh\u1eadt t\u1eb7ng 1tr \u0111\u1ed3ng\/ <em>Gifts for Birthday is 1 million Vietnam Dong. <\/em><\/p>\n<p><strong>\u00a0 \u2022 <\/strong>L\u00e0m vi\u1ec7c tr\u00ean 5 n\u0103m t\u1eb7ng chuy\u1ebfn du l\u1ecbch n\u01b0\u1edbc ngo\u00e0i\/ <em>Company present a trip to travel abroad for labors who have worked over 5 years.<\/em><\/p>\n<p><strong>\u00a0 \u2022 <\/strong>Ph\u1ee5 c\u1ea5p \u0103n tr\u01b0a 40,000\/ ng\u00e0y\/ <em>Lunch allowance: 40.000vnd\/day<\/em><\/p>\n<p><strong>\u00a0 \u2022 <\/strong>Ph\u1ee5 c\u1ea5p x\u0103ng xe, \u0111i\u1ec7n tho\u1ea1i, &#8230;\/ <em>Allowance for gasoline, telephone, house, &#8230;<\/em><\/p>\n<p><strong>Y\u00eau c\u1ea7u c\u00f4ng vi\u1ec7c: \/<em>Requirement of job:<\/em><\/strong><\/p>\n<p>\u00a0 <strong>\u2022 <\/strong>Nam c\u00f3 \u0111\u1ed9 tu\u1ed5i t\u1eeb 30 tu\u1ed5i tr\u1edf l\u00ean\/ <em>Sex: Male and over 30 years old<\/em><\/p>\n<p>\u00a0 <strong>\u2022 <\/strong>Am hi\u1ec3u trong l\u0129nh v\u1ef1c an to\u00e0n giao th\u00f4ng, an to\u00e0n x\u00e2y d\u1ef1ng\/ <em>having knowledge about field of traffic safety, construction safety field<\/em><\/p>\n<p>\u00a0 <strong>\u2022 <\/strong>C\u00f3 kinh nghi\u1ec7m 10 n\u0103m \u1edf v\u1ecb tr\u00ed t\u01b0\u01a1ng \u0111\u01b0\u01a1ng\/ <em>Working experience: 10 years in similar position <\/em><\/p>\n<p>\u00a0 <strong>\u2022 <\/strong>C\u00f3 kinh nghi\u1ec7m l\u00e0m vi\u1ec7c \u1edf c\u00e1c c\u00f4ng ty n\u01b0\u1edbc ngo\u00e0i\/ <em>Working in foreign company is advantage <\/em><\/p>\n<p>\u00a0 <strong>\u2022 <\/strong>Nhanh nh\u1eb9n, ch\u1ecbu kh\u00f3, nhi\u1ec7t t\u00ecnh, trung th\u1ef1c, c\u00f3 tr\u00e1ch nhi\u1ec7m trong c\u00f4ng vi\u1ec7c\/ <em>Agility, hardworking, enthusiasm, honesty, responsibility in job<\/em><\/p>\n<p>\u00a0 <strong>\u2022 <\/strong>Ti\u1ebfng anh giao ti\u1ebfp t\u1ed1t\/ <em>English: communicate fluently<\/em><\/p>\n<p>\u00a0 <strong>\u2022 <\/strong>Bi\u1ebft ti\u1ebfng H\u00e0n l\u00e0 m\u1ed9t l\u1ee3i th\u1ebf\/ <em>Speaking Korea is advantage<\/em><\/p>\n<\/div>\n<div style=\"padding: 10px;\"><strong>Li\u00ean h\u1ec7:<\/strong> Ms Hu\u1ec7 &#8211; 0974939960<\/div>\n<div style=\"padding: 10px;\"><strong>Email:<\/strong> huett@hiqvina.com<\/div>\n","protected":false},"excerpt":{"rendered":"<p>TUY\u1ec2N NH\u00c2N VI\u00caN KINH DOANH \/ SALES EXPERT V\u1ec1 ch\u00fang t\u00f4i:\u00a0 C\u00f4ng ty TNHH HIQ VINA l\u00e0 c\u00f4ng ty c\u00f3 v\u1ed1n 100% H\u00e0n qu\u1ed1c chuy\u00ean s\u1ea3n xu\u1ea5t c\u00e1c s\u1ea3n ph\u1ea9m b\u1eb1ng nh\u1ef1a trong l\u0129nh v\u1ef1c an to\u00e0n v\u00e0 ch\u1ec9 d\u1eabn giao th\u00f4ng, \u0111\u1ed3 gia d\u1ee5ng b\u1eb1ng nh\u1ef1a, b\u00e0n gh\u1ebf h\u1ecdc sinh b\u1eb1ng nh\u1ef1a, c\u0169i qu\u00e2y [&hellip;]<\/p>\n","protected":false},"author":4,"featured_media":0,"parent":0,"menu_order":0,"comment_status":"closed","ping_status":"closed","template":"","meta":[],"yoast_head":"<!-- This site is optimized with the Yoast SEO plugin v16.8 - https:\/\/yoast.com\/wordpress\/plugins\/seo\/ -->\n<title>TUY\u1ec2N NH\u00c2N VI\u00caN KINH DOANH - Thi\u1ebft b\u1ecb an to\u00e0n giao th\u00f4ng<\/title>\n<meta name=\"robots\" content=\"index, follow, max-snippet:-1, max-image-preview:large, max-video-preview:-1\" \/>\n<link rel=\"canonical\" href=\"https:\/\/hiqvina.com\/en\/tuyen-nhan-vien-kinh-doanh\/\" \/>\n<meta property=\"og:locale\" content=\"en_US\" \/>\n<meta property=\"og:type\" content=\"article\" \/>\n<meta property=\"og:title\" content=\"TUY\u1ec2N NH\u00c2N VI\u00caN KINH DOANH - Thi\u1ebft b\u1ecb an to\u00e0n giao th\u00f4ng\" \/>\n<meta property=\"og:description\" content=\"TUY\u1ec2N NH\u00c2N VI\u00caN KINH DOANH \/ SALES EXPERT V\u1ec1 ch\u00fang t\u00f4i:\u00a0 C\u00f4ng ty TNHH HIQ VINA l\u00e0 c\u00f4ng ty c\u00f3 v\u1ed1n 100% H\u00e0n qu\u1ed1c chuy\u00ean s\u1ea3n xu\u1ea5t c\u00e1c s\u1ea3n ph\u1ea9m b\u1eb1ng nh\u1ef1a trong l\u0129nh v\u1ef1c an to\u00e0n v\u00e0 ch\u1ec9 d\u1eabn giao th\u00f4ng, \u0111\u1ed3 gia d\u1ee5ng b\u1eb1ng nh\u1ef1a, b\u00e0n gh\u1ebf h\u1ecdc sinh b\u1eb1ng nh\u1ef1a, c\u0169i qu\u00e2y [&hellip;]\" \/>\n<meta property=\"og:url\" content=\"https:\/\/hiqvina.com\/tuyen-nhan-vien-kinh-doanh\/\" \/>\n<meta property=\"og:site_name\" content=\"Thi\u1ebft b\u1ecb an to\u00e0n giao th\u00f4ng\" \/>\n<meta property=\"article:publisher\" content=\"https:\/\/www.facebook.com\/hiqvina\/\" \/>\n<meta property=\"article:modified_time\" content=\"2024-01-15T10:00:24+00:00\" \/>\n<meta name=\"twitter:card\" content=\"summary_large_image\" \/>\n<meta name=\"twitter:label1\" content=\"Est. reading time\" \/>\n\t<meta name=\"twitter:data1\" content=\"3 minutes\" \/>\n<script type=\"application\/ld+json\" class=\"yoast-schema-graph\">{\"@context\":\"https:\/\/schema.org\",\"@graph\":[{\"@type\":\"Organization\",\"@id\":\"https:\/\/hiqvina.com\/#organization\",\"name\":\"HIQ Vina Co., Ltd\",\"url\":\"https:\/\/hiqvina.com\/\",\"sameAs\":[\"https:\/\/www.facebook.com\/hiqvina\/\",\"https:\/\/www.youtube.com\/channel\/UCYwPV5oBGDfbvkRCQ3RcMhw?view_as=subscriber\"],\"logo\":{\"@type\":\"ImageObject\",\"@id\":\"https:\/\/hiqvina.com\/#logo\",\"inLanguage\":\"en-US\",\"url\":\"https:\/\/hiqvina.com\/wp-content\/uploads\/2021\/07\/logo-gan-vao-lightbox.png\",\"contentUrl\":\"https:\/\/hiqvina.com\/wp-content\/uploads\/2021\/07\/logo-gan-vao-lightbox.png\",\"width\":900,\"height\":600,\"caption\":\"HIQ Vina Co., Ltd\"},\"image\":{\"@id\":\"https:\/\/hiqvina.com\/#logo\"}},{\"@type\":\"WebSite\",\"@id\":\"https:\/\/hiqvina.com\/#website\",\"url\":\"https:\/\/hiqvina.com\/\",\"name\":\"Thi\\u1ebft b\\u1ecb an to\\u00e0n giao th\\u00f4ng\",\"description\":\"Hi-Q VINA\",\"publisher\":{\"@id\":\"https:\/\/hiqvina.com\/#organization\"},\"potentialAction\":[{\"@type\":\"SearchAction\",\"target\":{\"@type\":\"EntryPoint\",\"urlTemplate\":\"https:\/\/hiqvina.com\/?s={search_term_string}\"},\"query-input\":\"required name=search_term_string\"}],\"inLanguage\":\"en-US\"},{\"@type\":\"WebPage\",\"@id\":\"https:\/\/hiqvina.com\/tuyen-nhan-vien-kinh-doanh\/#webpage\",\"url\":\"https:\/\/hiqvina.com\/tuyen-nhan-vien-kinh-doanh\/\",\"name\":\"TUY\\u1ec2N NH\\u00c2N VI\\u00caN KINH DOANH - Thi\\u1ebft b\\u1ecb an to\\u00e0n giao th\\u00f4ng\",\"isPartOf\":{\"@id\":\"https:\/\/hiqvina.com\/#website\"},\"datePublished\":\"2024-01-15T07:53:48+00:00\",\"dateModified\":\"2024-01-15T10:00:24+00:00\",\"breadcrumb\":{\"@id\":\"https:\/\/hiqvina.com\/tuyen-nhan-vien-kinh-doanh\/#breadcrumb\"},\"inLanguage\":\"en-US\",\"potentialAction\":[{\"@type\":\"ReadAction\",\"target\":[\"https:\/\/hiqvina.com\/tuyen-nhan-vien-kinh-doanh\/\"]}]},{\"@type\":\"BreadcrumbList\",\"@id\":\"https:\/\/hiqvina.com\/tuyen-nhan-vien-kinh-doanh\/#breadcrumb\",\"itemListElement\":[{\"@type\":\"ListItem\",\"position\":1,\"name\":\"Trang ch\\u1ee7\",\"item\":\"https:\/\/hiqvina.com\/\"},{\"@type\":\"ListItem\",\"position\":2,\"name\":\"TUY\\u1ec2N NH\\u00c2N VI\\u00caN KINH DOANH\"}]}]}<\/script>\n<!-- \/ Yoast SEO plugin. -->","yoast_head_json":{"title":"TUY\u1ec2N NH\u00c2N VI\u00caN KINH DOANH - Thi\u1ebft b\u1ecb an to\u00e0n giao th\u00f4ng","robots":{"index":"index","follow":"follow","max-snippet":"max-snippet:-1","max-image-preview":"max-image-preview:large","max-video-preview":"max-video-preview:-1"},"canonical":"https:\/\/hiqvina.com\/en\/tuyen-nhan-vien-kinh-doanh\/","og_locale":"en_US","og_type":"article","og_title":"TUY\u1ec2N NH\u00c2N VI\u00caN KINH DOANH - Thi\u1ebft b\u1ecb an to\u00e0n giao th\u00f4ng","og_description":"TUY\u1ec2N NH\u00c2N VI\u00caN KINH DOANH \/ SALES EXPERT V\u1ec1 ch\u00fang t\u00f4i:\u00a0 C\u00f4ng ty TNHH HIQ VINA l\u00e0 c\u00f4ng ty c\u00f3 v\u1ed1n 100% H\u00e0n qu\u1ed1c chuy\u00ean s\u1ea3n xu\u1ea5t c\u00e1c s\u1ea3n ph\u1ea9m b\u1eb1ng nh\u1ef1a trong l\u0129nh v\u1ef1c an to\u00e0n v\u00e0 ch\u1ec9 d\u1eabn giao th\u00f4ng, \u0111\u1ed3 gia d\u1ee5ng b\u1eb1ng nh\u1ef1a, b\u00e0n gh\u1ebf h\u1ecdc sinh b\u1eb1ng nh\u1ef1a, c\u0169i qu\u00e2y [&hellip;]","og_url":"https:\/\/hiqvina.com\/tuyen-nhan-vien-kinh-doanh\/","og_site_name":"Thi\u1ebft b\u1ecb an to\u00e0n giao th\u00f4ng","article_publisher":"https:\/\/www.facebook.com\/hiqvina\/","article_modified_time":"2024-01-15T10:00:24+00:00","twitter_card":"summary_large_image","twitter_misc":{"Est. reading time":"3 minutes"},"schema":{"@context":"https:\/\/schema.org","@graph":[{"@type":"Organization","@id":"https:\/\/hiqvina.com\/#organization","name":"HIQ Vina Co., Ltd","url":"https:\/\/hiqvina.com\/","sameAs":["https:\/\/www.facebook.com\/hiqvina\/","https:\/\/www.youtube.com\/channel\/UCYwPV5oBGDfbvkRCQ3RcMhw?view_as=subscriber"],"logo":{"@type":"ImageObject","@id":"https:\/\/hiqvina.com\/#logo","inLanguage":"en-US","url":"https:\/\/hiqvina.com\/wp-content\/uploads\/2021\/07\/logo-gan-vao-lightbox.png","contentUrl":"https:\/\/hiqvina.com\/wp-content\/uploads\/2021\/07\/logo-gan-vao-lightbox.png","width":900,"height":600,"caption":"HIQ Vina Co., Ltd"},"image":{"@id":"https:\/\/hiqvina.com\/#logo"}},{"@type":"WebSite","@id":"https:\/\/hiqvina.com\/#website","url":"https:\/\/hiqvina.com\/","name":"Thi\u1ebft b\u1ecb an to\u00e0n giao th\u00f4ng","description":"Hi-Q VINA","publisher":{"@id":"https:\/\/hiqvina.com\/#organization"},"potentialAction":[{"@type":"SearchAction","target":{"@type":"EntryPoint","urlTemplate":"https:\/\/hiqvina.com\/?s={search_term_string}"},"query-input":"required name=search_term_string"}],"inLanguage":"en-US"},{"@type":"WebPage","@id":"https:\/\/hiqvina.com\/tuyen-nhan-vien-kinh-doanh\/#webpage","url":"https:\/\/hiqvina.com\/tuyen-nhan-vien-kinh-doanh\/","name":"TUY\u1ec2N NH\u00c2N VI\u00caN KINH DOANH - Thi\u1ebft b\u1ecb an to\u00e0n giao th\u00f4ng","isPartOf":{"@id":"https:\/\/hiqvina.com\/#website"},"datePublished":"2024-01-15T07:53:48+00:00","dateModified":"2024-01-15T10:00:24+00:00","breadcrumb":{"@id":"https:\/\/hiqvina.com\/tuyen-nhan-vien-kinh-doanh\/#breadcrumb"},"inLanguage":"en-US","potentialAction":[{"@type":"ReadAction","target":["https:\/\/hiqvina.com\/tuyen-nhan-vien-kinh-doanh\/"]}]},{"@type":"BreadcrumbList","@id":"https:\/\/hiqvina.com\/tuyen-nhan-vien-kinh-doanh\/#breadcrumb","itemListElement":[{"@type":"ListItem","position":1,"name":"Trang ch\u1ee7","item":"https:\/\/hiqvina.com\/"},{"@type":"ListItem","position":2,"name":"TUY\u1ec2N NH\u00c2N VI\u00caN KINH DOANH"}]}]}},"_links":{"self":[{"href":"https:\/\/hiqvina.com\/en\/wp-json\/wp\/v2\/pages\/14277"}],"collection":[{"href":"https:\/\/hiqvina.com\/en\/wp-json\/wp\/v2\/pages"}],"about":[{"href":"https:\/\/hiqvina.com\/en\/wp-json\/wp\/v2\/types\/page"}],"author":[{"embeddable":true,"href":"https:\/\/hiqvina.com\/en\/wp-json\/wp\/v2\/users\/4"}],"replies":[{"embeddable":true,"href":"https:\/\/hiqvina.com\/en\/wp-json\/wp\/v2\/comments?post=14277"}],"version-history":[{"count":4,"href":"https:\/\/hiqvina.com\/en\/wp-json\/wp\/v2\/pages\/14277\/revisions"}],"predecessor-version":[{"id":14287,"href":"https:\/\/hiqvina.com\/en\/wp-json\/wp\/v2\/pages\/14277\/revisions\/14287"}],"wp:attachment":[{"href":"https:\/\/hiqvina.com\/en\/wp-json\/wp\/v2\/media?parent=14277"}],"curies":[{"name":"wp","href":"https:\/\/api.w.org\/{rel}","templated":true}]}}