{"id":13365,"date":"2023-01-09T10:40:32","date_gmt":"2023-01-09T03:40:32","guid":{"rendered":"https:\/\/hiqvina.com\/video\/"},"modified":"2023-01-09T10:52:12","modified_gmt":"2023-01-09T03:52:12","slug":"media-video","status":"publish","type":"page","link":"https:\/\/hiqvina.com\/en\/media-video\/","title":{"rendered":"Video"},"content":{"rendered":"\t\t<div data-elementor-type=\"wp-page\" data-elementor-id=\"13365\" class=\"elementor elementor-13365 elementor-11655\" data-elementor-settings=\"[]\">\n\t\t\t\t\t\t\t<div class=\"elementor-section-wrap\">\n\t\t\t\t\t\t\t<section class=\"elementor-section elementor-top-section elementor-element elementor-element-e119d27 elementor-section-boxed elementor-section-height-default elementor-section-height-default\" data-id=\"e119d27\" data-element_type=\"section\">\n\t\t\t\t\t\t<div class=\"elementor-container elementor-column-gap-default\">\n\t\t\t\t\t<div class=\"elementor-column elementor-col-100 elementor-top-column elementor-element elementor-element-fa0420b\" data-id=\"fa0420b\" data-element_type=\"column\">\n\t\t\t<div class=\"elementor-widget-wrap elementor-element-populated\">\n\t\t\t\t\t\t\t\t<div class=\"elementor-element elementor-element-9263751 elementor-widget elementor-widget-heading\" data-id=\"9263751\" data-element_type=\"widget\" data-widget_type=\"heading.default\">\n\t\t\t\t<div class=\"elementor-widget-container\">\n\t\t\t<h2 class=\"elementor-heading-title elementor-size-default\">VIDEO<\/h2>\t\t<\/div>\n\t\t\t\t<\/div>\n\t\t\t\t\t<\/div>\n\t\t<\/div>\n\t\t\t\t\t\t\t<\/div>\n\t\t<\/section>\n\t\t\t\t<section class=\"elementor-section elementor-top-section elementor-element elementor-element-71dcaf4 elementor-section-stretched elementor-section-boxed elementor-section-height-default elementor-section-height-default\" data-id=\"71dcaf4\" data-element_type=\"section\" data-settings=\"{&quot;stretch_section&quot;:&quot;section-stretched&quot;}\">\n\t\t\t\t\t\t<div class=\"elementor-container elementor-column-gap-default\">\n\t\t\t\t\t<div class=\"elementor-column elementor-col-100 elementor-top-column elementor-element elementor-element-aad06f3\" data-id=\"aad06f3\" data-element_type=\"column\">\n\t\t\t<div class=\"elementor-widget-wrap elementor-element-populated\">\n\t\t\t\t\t\t\t\t<div class=\"elementor-element elementor-element-b624f71 elementor-widget elementor-widget-ucaddon_minimalistic_video_gallery\" data-id=\"b624f71\" data-element_type=\"widget\" data-widget_type=\"ucaddon_minimalistic_video_gallery.default\">\n\t\t\t\t<div class=\"elementor-widget-container\">\n\t\t\t<!-- start Minimalistic Video Gallery -->\n\t\t<link id='uc_ac_assets_file_unite_gallery_css_32014-css' href='https:\/\/hiqvina.com\/wp-content\/uploads\/ac_assets\/uc_compact_theme\/unite-gallery.css' type='text\/css' rel='stylesheet' >\n\n\n\t\t\t<div id=\"uc_minimalistic_video_gallery_elementor18102\" style=\"display:none;\" >\n\t<img alt=\"HIQ VINA-VIDEO GI\u1edaI THI\u1ec6U C\u00d4NG TY\"\n     data-type=\"youtube\"\n     src=\"\"\n     data-image=\"\"\n     data-videoid=\"gXuxPqj7i7s\"\n     data-description=\"\">\n<img alt=\"Vov giao th\u00f4ng 01\/06\/2021: Hi\u1ec7u qu\u1ea3 t\u1eeb l\u1eafp \u0111\u1eb7t th\u00ed \u0111i\u1ec3m thi\u1ebft b\u1ecb ATGT t\u1ea1i H\u00e0 N\u1ed9i\"\n     data-type=\"youtube\"\n     src=\"\"\n     data-image=\"https:\/\/hiqvina.com\/wp-content\/uploads\/2021\/07\/Untitled-1-1.png\"\n     data-videoid=\"Nspna3gns0g\"\n     data-description=\"\">\n<img alt=\"Video test kh\u1ea3 n\u0103ng ch\u1ecbu va \u0111\u1eadp v\u00e0 \u0111\u00e0n h\u1ed3i c\u1ee7a s\u1ea3n ph\u1ea9m R\u00e0o ph\u00e2n l\u00e0 ba thanh.\"\n     data-type=\"youtube\"\n     src=\"\"\n     data-image=\"\"\n     data-videoid=\"2Yed_NWY0Wo\"\n     data-description=\"\">\n<img alt=\"Th\u1eed nghi\u1ec7m C\u1ecdc ti\u00eau giao th\u00f4ng ph\u00e2n l\u00e0n h\u00ecnh tr\u1ee5 750x250x80 - HiQ VINA\"\n     data-type=\"youtube\"\n     src=\"\"\n     data-image=\"\"\n     data-videoid=\"yQEX1-k0-qU\"\n     data-description=\"\">\n<img alt=\"Video Th\u1eed nghi\u1ec7m xe \u0111\u00e2m tr\u1ef1c di\u1ec7n D\u1ea3i Ph\u00e2n l\u00e0n \u0111\u1ed5 n\u01b0\u1edbc PE \u2013 HiQ VINA\"\n     data-type=\"youtube\"\n     src=\"\"\n     data-image=\"\"\n     data-videoid=\"6_4eQ2ADcNI\"\n     data-description=\"\">\n<img alt=\"Hi-Genie - A day of Smile and Happiness\"\n     data-type=\"youtube\"\n     src=\"\"\n     data-image=\"\"\n     data-videoid=\"_AGYyGD6o0E\"\n     data-description=\"\">\n\n<\/div>\n\t\t\t<!-- end Minimalistic Video Gallery -->\t\t<\/div>\n\t\t\t\t<\/div>\n\t\t\t\t\t<\/div>\n\t\t<\/div>\n\t\t\t\t\t\t\t<\/div>\n\t\t<\/section>\n\t\t\t\t\t\t<\/div>\n\t\t\t\t\t<\/div>\n\t\t","protected":false},"excerpt":{"rendered":"<p>VIDEO<\/p>\n","protected":false},"author":4,"featured_media":11660,"parent":0,"menu_order":0,"comment_status":"closed","ping_status":"closed","template":"","meta":[],"yoast_head":"<!-- This site is optimized with the Yoast SEO plugin v16.8 - https:\/\/yoast.com\/wordpress\/plugins\/seo\/ -->\n<title>Video - Thi\u1ebft b\u1ecb an to\u00e0n giao th\u00f4ng<\/title>\n<meta name=\"robots\" content=\"index, follow, max-snippet:-1, max-image-preview:large, max-video-preview:-1\" \/>\n<link rel=\"canonical\" href=\"https:\/\/hiqvina.com\/en\/media-video\/\" \/>\n<meta property=\"og:locale\" content=\"en_US\" \/>\n<meta property=\"og:type\" content=\"article\" \/>\n<meta property=\"og:title\" content=\"Video - Thi\u1ebft b\u1ecb an to\u00e0n giao th\u00f4ng\" \/>\n<meta property=\"og:description\" content=\"VIDEO\" \/>\n<meta property=\"og:url\" content=\"https:\/\/hiqvina.com\/en\/media-video\/\" \/>\n<meta property=\"og:site_name\" content=\"Thi\u1ebft b\u1ecb an to\u00e0n giao th\u00f4ng\" \/>\n<meta property=\"article:publisher\" content=\"https:\/\/www.facebook.com\/hiqvina\/\" \/>\n<meta property=\"article:modified_time\" content=\"2023-01-09T03:52:12+00:00\" \/>\n<meta property=\"og:image\" content=\"https:\/\/hiqvina.com\/wp-content\/uploads\/2021\/07\/logo-gan-vao-lightbox.png\" \/>\n\t<meta property=\"og:image:width\" content=\"900\" \/>\n\t<meta property=\"og:image:height\" content=\"600\" \/>\n<meta name=\"twitter:card\" content=\"summary_large_image\" \/>\n<script type=\"application\/ld+json\" class=\"yoast-schema-graph\">{\"@context\":\"https:\/\/schema.org\",\"@graph\":[{\"@type\":\"Organization\",\"@id\":\"https:\/\/hiqvina.com\/#organization\",\"name\":\"HIQ Vina Co., Ltd\",\"url\":\"https:\/\/hiqvina.com\/\",\"sameAs\":[\"https:\/\/www.facebook.com\/hiqvina\/\",\"https:\/\/www.youtube.com\/channel\/UCYwPV5oBGDfbvkRCQ3RcMhw?view_as=subscriber\"],\"logo\":{\"@type\":\"ImageObject\",\"@id\":\"https:\/\/hiqvina.com\/#logo\",\"inLanguage\":\"en-US\",\"url\":\"https:\/\/hiqvina.com\/wp-content\/uploads\/2021\/07\/logo-gan-vao-lightbox.png\",\"contentUrl\":\"https:\/\/hiqvina.com\/wp-content\/uploads\/2021\/07\/logo-gan-vao-lightbox.png\",\"width\":900,\"height\":600,\"caption\":\"HIQ Vina Co., Ltd\"},\"image\":{\"@id\":\"https:\/\/hiqvina.com\/#logo\"}},{\"@type\":\"WebSite\",\"@id\":\"https:\/\/hiqvina.com\/#website\",\"url\":\"https:\/\/hiqvina.com\/\",\"name\":\"Thi\\u1ebft b\\u1ecb an to\\u00e0n giao th\\u00f4ng\",\"description\":\"Hi-Q VINA\",\"publisher\":{\"@id\":\"https:\/\/hiqvina.com\/#organization\"},\"potentialAction\":[{\"@type\":\"SearchAction\",\"target\":{\"@type\":\"EntryPoint\",\"urlTemplate\":\"https:\/\/hiqvina.com\/?s={search_term_string}\"},\"query-input\":\"required name=search_term_string\"}],\"inLanguage\":\"en-US\"},{\"@type\":\"ImageObject\",\"@id\":\"https:\/\/hiqvina.com\/en\/media-video\/#primaryimage\",\"inLanguage\":\"en-US\",\"url\":\"https:\/\/hiqvina.com\/wp-content\/uploads\/2021\/07\/logo-gan-vao-lightbox.png\",\"contentUrl\":\"https:\/\/hiqvina.com\/wp-content\/uploads\/2021\/07\/logo-gan-vao-lightbox.png\",\"width\":900,\"height\":600},{\"@type\":\"WebPage\",\"@id\":\"https:\/\/hiqvina.com\/en\/media-video\/#webpage\",\"url\":\"https:\/\/hiqvina.com\/en\/media-video\/\",\"name\":\"Video - Thi\\u1ebft b\\u1ecb an to\\u00e0n giao th\\u00f4ng\",\"isPartOf\":{\"@id\":\"https:\/\/hiqvina.com\/#website\"},\"primaryImageOfPage\":{\"@id\":\"https:\/\/hiqvina.com\/en\/media-video\/#primaryimage\"},\"datePublished\":\"2023-01-09T03:40:32+00:00\",\"dateModified\":\"2023-01-09T03:52:12+00:00\",\"breadcrumb\":{\"@id\":\"https:\/\/hiqvina.com\/en\/media-video\/#breadcrumb\"},\"inLanguage\":\"en-US\",\"potentialAction\":[{\"@type\":\"ReadAction\",\"target\":[\"https:\/\/hiqvina.com\/en\/media-video\/\"]}]},{\"@type\":\"BreadcrumbList\",\"@id\":\"https:\/\/hiqvina.com\/en\/media-video\/#breadcrumb\",\"itemListElement\":[{\"@type\":\"ListItem\",\"position\":1,\"name\":\"Trang ch\\u1ee7\",\"item\":\"https:\/\/hiqvina.com\/\"},{\"@type\":\"ListItem\",\"position\":2,\"name\":\"Video\"}]}]}<\/script>\n<!-- \/ Yoast SEO plugin. -->","yoast_head_json":{"title":"Video - Thi\u1ebft b\u1ecb an to\u00e0n giao th\u00f4ng","robots":{"index":"index","follow":"follow","max-snippet":"max-snippet:-1","max-image-preview":"max-image-preview:large","max-video-preview":"max-video-preview:-1"},"canonical":"https:\/\/hiqvina.com\/en\/media-video\/","og_locale":"en_US","og_type":"article","og_title":"Video - Thi\u1ebft b\u1ecb an to\u00e0n giao th\u00f4ng","og_description":"VIDEO","og_url":"https:\/\/hiqvina.com\/en\/media-video\/","og_site_name":"Thi\u1ebft b\u1ecb an to\u00e0n giao th\u00f4ng","article_publisher":"https:\/\/www.facebook.com\/hiqvina\/","article_modified_time":"2023-01-09T03:52:12+00:00","og_image":[{"width":900,"height":600,"url":"https:\/\/hiqvina.com\/wp-content\/uploads\/2021\/07\/logo-gan-vao-lightbox.png","path":"\/var\/www\/vhosts\/hiqvina.com\/httpdocs\/wp-content\/uploads\/2021\/07\/logo-gan-vao-lightbox.png","size":"full","id":11660,"alt":"","pixels":540000,"type":"image\/png"}],"twitter_card":"summary_large_image","schema":{"@context":"https:\/\/schema.org","@graph":[{"@type":"Organization","@id":"https:\/\/hiqvina.com\/#organization","name":"HIQ Vina Co., Ltd","url":"https:\/\/hiqvina.com\/","sameAs":["https:\/\/www.facebook.com\/hiqvina\/","https:\/\/www.youtube.com\/channel\/UCYwPV5oBGDfbvkRCQ3RcMhw?view_as=subscriber"],"logo":{"@type":"ImageObject","@id":"https:\/\/hiqvina.com\/#logo","inLanguage":"en-US","url":"https:\/\/hiqvina.com\/wp-content\/uploads\/2021\/07\/logo-gan-vao-lightbox.png","contentUrl":"https:\/\/hiqvina.com\/wp-content\/uploads\/2021\/07\/logo-gan-vao-lightbox.png","width":900,"height":600,"caption":"HIQ Vina Co., Ltd"},"image":{"@id":"https:\/\/hiqvina.com\/#logo"}},{"@type":"WebSite","@id":"https:\/\/hiqvina.com\/#website","url":"https:\/\/hiqvina.com\/","name":"Thi\u1ebft b\u1ecb an to\u00e0n giao th\u00f4ng","description":"Hi-Q VINA","publisher":{"@id":"https:\/\/hiqvina.com\/#organization"},"potentialAction":[{"@type":"SearchAction","target":{"@type":"EntryPoint","urlTemplate":"https:\/\/hiqvina.com\/?s={search_term_string}"},"query-input":"required name=search_term_string"}],"inLanguage":"en-US"},{"@type":"ImageObject","@id":"https:\/\/hiqvina.com\/en\/media-video\/#primaryimage","inLanguage":"en-US","url":"https:\/\/hiqvina.com\/wp-content\/uploads\/2021\/07\/logo-gan-vao-lightbox.png","contentUrl":"https:\/\/hiqvina.com\/wp-content\/uploads\/2021\/07\/logo-gan-vao-lightbox.png","width":900,"height":600},{"@type":"WebPage","@id":"https:\/\/hiqvina.com\/en\/media-video\/#webpage","url":"https:\/\/hiqvina.com\/en\/media-video\/","name":"Video - Thi\u1ebft b\u1ecb an to\u00e0n giao th\u00f4ng","isPartOf":{"@id":"https:\/\/hiqvina.com\/#website"},"primaryImageOfPage":{"@id":"https:\/\/hiqvina.com\/en\/media-video\/#primaryimage"},"datePublished":"2023-01-09T03:40:32+00:00","dateModified":"2023-01-09T03:52:12+00:00","breadcrumb":{"@id":"https:\/\/hiqvina.com\/en\/media-video\/#breadcrumb"},"inLanguage":"en-US","potentialAction":[{"@type":"ReadAction","target":["https:\/\/hiqvina.com\/en\/media-video\/"]}]},{"@type":"BreadcrumbList","@id":"https:\/\/hiqvina.com\/en\/media-video\/#breadcrumb","itemListElement":[{"@type":"ListItem","position":1,"name":"Trang ch\u1ee7","item":"https:\/\/hiqvina.com\/"},{"@type":"ListItem","position":2,"name":"Video"}]}]}},"_links":{"self":[{"href":"https:\/\/hiqvina.com\/en\/wp-json\/wp\/v2\/pages\/13365"}],"collection":[{"href":"https:\/\/hiqvina.com\/en\/wp-json\/wp\/v2\/pages"}],"about":[{"href":"https:\/\/hiqvina.com\/en\/wp-json\/wp\/v2\/types\/page"}],"author":[{"embeddable":true,"href":"https:\/\/hiqvina.com\/en\/wp-json\/wp\/v2\/users\/4"}],"replies":[{"embeddable":true,"href":"https:\/\/hiqvina.com\/en\/wp-json\/wp\/v2\/comments?post=13365"}],"version-history":[{"count":0,"href":"https:\/\/hiqvina.com\/en\/wp-json\/wp\/v2\/pages\/13365\/revisions"}],"wp:featuredmedia":[{"embeddable":true,"href":"https:\/\/hiqvina.com\/en\/wp-json\/wp\/v2\/media\/11660"}],"wp:attachment":[{"href":"https:\/\/hiqvina.com\/en\/wp-json\/wp\/v2\/media?parent=13365"}],"curies":[{"name":"wp","href":"https:\/\/api.w.org\/{rel}","templated":true}]}}