{"id":13363,"date":"2021-07-14T13:27:12","date_gmt":"2021-07-14T06:27:12","guid":{"rendered":"https:\/\/hiqvina.com\/thu-vien-hinh-anh\/"},"modified":"2023-01-11T16:06:41","modified_gmt":"2023-01-11T09:06:41","slug":"album-gallery","status":"publish","type":"page","link":"https:\/\/hiqvina.com\/en\/album-gallery\/","title":{"rendered":"Gallery"},"content":{"rendered":"\t\t<div data-elementor-type=\"wp-page\" data-elementor-id=\"13363\" class=\"elementor elementor-13363 elementor-11518\" data-elementor-settings=\"[]\">\n\t\t\t\t\t\t\t<div class=\"elementor-section-wrap\">\n\t\t\t\t\t\t\t<section class=\"elementor-section elementor-top-section elementor-element elementor-element-9c5fdd9 elementor-section-boxed elementor-section-height-default elementor-section-height-default\" data-id=\"9c5fdd9\" data-element_type=\"section\">\n\t\t\t\t\t\t<div class=\"elementor-container elementor-column-gap-default\">\n\t\t\t\t\t<div class=\"elementor-column elementor-col-100 elementor-top-column elementor-element elementor-element-b92ac84\" data-id=\"b92ac84\" data-element_type=\"column\">\n\t\t\t<div class=\"elementor-widget-wrap elementor-element-populated\">\n\t\t\t\t\t\t\t\t<div class=\"elementor-element elementor-element-ea12179 elementor-hidden-phone elementor-widget elementor-widget-ucaddon_post_tile\" data-id=\"ea12179\" data-element_type=\"widget\" data-widget_type=\"ucaddon_post_tile.default\">\n\t\t\t\t<div class=\"elementor-widget-container\">\n\t\t\t<!-- start Post Tile -->\n\t\t\t<style type=\"text\/css\">\/* widget: Post Tile *\/\n\n#postGrid *\n{\n  box-sizing:border-box;\n}\n#postGrid\n{\n  display: grid;\n  grid-template-columns: repeat(1, 1fr);\n  grid-gap:0px;\n}\n\n#postGrid .gridItem\n{\n  min-height:450px;\n  background-color:#eae9e5;\n  overflow:hidden;\n  background-size:cover;\n  background-position:center;\n  position:relative;\n}\n\n#postGrid .gridItem .postDate\n{\n  position:absolute;\n  left:40px;\n  background-color:;\n  color:white;\n  text-align:center;\n  padding:20px;\n}\n\n#postGrid .gridItem .postDate .postDateDay\n{\n  font-size:34px;\n}\n\n#postGrid .gridItem .gridDescription\n{\n  position:absolute;\n  bottom:0px;\n  width:100%;\n  padding:40px;\n  color:white;\n  background: rgb(0,0,0);\n  background: linear-gradient(0deg, rgba(0,0,0,0.7) 0%, rgba(0,0,0,0) 100%);\n}\n\n#postGrid .gridItem .gridDescription .postTitle\n{\n  font-size:54px;\n  line-height:1em;\n  padding-bottom:14px;\n}\n#postGrid .gridItem .gridDescription .postText\n{\n  line-height:1.8em;\n  font-size:18px;\n\n}\n\n#postGrid .gridItem .gridDescription .postLink a\n{\n  display:inline-block;\n  padding:14px 50px;\n  border:1px solid white;\n  margin-top:20px;\n  color:white;\n  text-decoration:none;\n}\n#postGrid .gridItem {\n\tmargin-bottom: 50px;\n}\n\n<\/style>\n\n\t\t\t<div id=\"postGrid\">\n  <div class=\"gridItem\" style=\"background-image:url(https:\/\/hiqvina.com\/wp-content\/uploads\/2021\/06\/1250.jpg);\">\n    <div class=\"gridDescription\">\n      <div class=\"postTitle\">Photo: Product installation in Hanoi<\/div>\n      <div class=\"postText\">\n        \n        <div class=\"postLink\"><a href=\"https:\/\/hiqvina.com\/en\/imagegallery\/hinh-anh-lap-dat-san-pham-tai-ha-noi\/\">watch now<\/a><\/div>\n      <\/div>\n    <\/div>\n  <\/div>\n<div class=\"gridItem\" style=\"background-image:url(https:\/\/hiqvina.com\/wp-content\/uploads\/2021\/07\/IMG_1421-scaled.jpg);\">\n    <div class=\"gridDescription\">\n      <div class=\"postTitle\">Photo: HiQ Vina products in Ho Chi Minh City. Ho Chi Minh<\/div>\n      <div class=\"postText\">\n        \n        <div class=\"postLink\"><a href=\"https:\/\/hiqvina.com\/en\/imagegallery\/hinh-anh-san-pham-hiq-vina-tai-tp-ho-chi-minh\/\">watch now<\/a><\/div>\n      <\/div>\n    <\/div>\n  <\/div>\n\n<\/div>\n\t\t\t<!-- end Post Tile -->\t\t<\/div>\n\t\t\t\t<\/div>\n\t\t\t\t\t<\/div>\n\t\t<\/div>\n\t\t\t\t\t\t\t<\/div>\n\t\t<\/section>\n\t\t\t\t<section class=\"elementor-section elementor-top-section elementor-element elementor-element-3569aa3 elementor-section-boxed elementor-section-height-default elementor-section-height-default\" data-id=\"3569aa3\" data-element_type=\"section\">\n\t\t\t\t\t\t<div class=\"elementor-container elementor-column-gap-default\">\n\t\t\t\t\t<div class=\"elementor-column elementor-col-100 elementor-top-column elementor-element elementor-element-afe3864\" data-id=\"afe3864\" data-element_type=\"column\">\n\t\t\t<div class=\"elementor-widget-wrap elementor-element-populated\">\n\t\t\t\t\t\t\t\t<div class=\"elementor-element elementor-element-d9f4fe8 elementor-hidden-desktop elementor-hidden-tablet elementor-grid-3 elementor-grid-tablet-2 elementor-grid-mobile-1 elementor-posts--thumbnail-top elementor-posts--show-avatar elementor-card-shadow-yes elementor-posts__hover-gradient elementor-widget elementor-widget-posts\" data-id=\"d9f4fe8\" data-element_type=\"widget\" data-settings=\"{&quot;cards_columns&quot;:&quot;3&quot;,&quot;cards_columns_tablet&quot;:&quot;2&quot;,&quot;cards_columns_mobile&quot;:&quot;1&quot;,&quot;cards_row_gap&quot;:{&quot;unit&quot;:&quot;px&quot;,&quot;size&quot;:35,&quot;sizes&quot;:[]}}\" data-widget_type=\"posts.cards\">\n\t\t\t\t<div class=\"elementor-widget-container\">\n\t\t\t\t\t<div class=\"elementor-posts-container elementor-posts elementor-posts--skin-cards elementor-grid\">\n\t\t\t\t<article class=\"elementor-post elementor-grid-item post-13372 imagegallery type-imagegallery status-publish has-post-thumbnail hentry\">\n\t\t\t<div class=\"elementor-post__card\">\n\t\t\t\t<a class=\"elementor-post__thumbnail__link\" href=\"https:\/\/hiqvina.com\/en\/imagegallery\/hinh-anh-lap-dat-san-pham-tai-ha-noi\/\" >\n\t\t\t<div class=\"elementor-post__thumbnail\"><img width=\"300\" height=\"169\" src=\"https:\/\/hiqvina.com\/wp-content\/uploads\/2021\/06\/1250-300x169.jpg\" class=\"attachment-medium size-medium\" alt=\"\" loading=\"lazy\" srcset=\"https:\/\/hiqvina.com\/wp-content\/uploads\/2021\/06\/1250-300x169.jpg 300w, https:\/\/hiqvina.com\/wp-content\/uploads\/2021\/06\/1250-1024x576.jpg 1024w, https:\/\/hiqvina.com\/wp-content\/uploads\/2021\/06\/1250-768x432.jpg 768w, https:\/\/hiqvina.com\/wp-content\/uploads\/2021\/06\/1250-600x338.jpg 600w, https:\/\/hiqvina.com\/wp-content\/uploads\/2021\/06\/1250.jpg 1280w\" sizes=\"(max-width: 300px) 100vw, 300px\" \/><\/div>\n\t\t<\/a>\n\t\t\t\t<div class=\"elementor-post__avatar\">\n\t\t\t<img alt='hiqvinaadmin' src='https:\/\/secure.gravatar.com\/avatar\/e1f53b14daf1461b89039ccdba4328a0?s=128&#038;d=mm&#038;r=g' srcset='https:\/\/secure.gravatar.com\/avatar\/e1f53b14daf1461b89039ccdba4328a0?s=256&#038;d=mm&#038;r=g 2x' class='avatar avatar-128 photo' height='128' width='128' loading='lazy'\/>\t\t<\/div>\n\t\t\t\t<div class=\"elementor-post__text\">\n\t\t\t\t<h3 class=\"elementor-post__title\">\n\t\t\t<a href=\"https:\/\/hiqvina.com\/en\/imagegallery\/hinh-anh-lap-dat-san-pham-tai-ha-noi\/\" >\n\t\t\t\tPhoto: Product installation in Hanoi\t\t\t<\/a>\n\t\t<\/h3>\n\t\t\t\t<\/div>\n\t\t\t\t<div class=\"elementor-post__meta-data\">\n\t\t\t\t\t<span class=\"elementor-post-date\">\n\t\t\t09\/01\/2023\t\t<\/span>\n\t\t\t\t<\/div>\n\t\t\t\t\t<\/div>\n\t\t<\/article>\n\t\t\t\t<article class=\"elementor-post elementor-grid-item post-13384 imagegallery type-imagegallery status-publish has-post-thumbnail hentry\">\n\t\t\t<div class=\"elementor-post__card\">\n\t\t\t\t<a class=\"elementor-post__thumbnail__link\" href=\"https:\/\/hiqvina.com\/en\/imagegallery\/hinh-anh-san-pham-hiq-vina-tai-tp-ho-chi-minh\/\" >\n\t\t\t<div class=\"elementor-post__thumbnail\"><img width=\"300\" height=\"225\" src=\"https:\/\/hiqvina.com\/wp-content\/uploads\/2021\/07\/IMG_1421-300x225.jpg\" class=\"attachment-medium size-medium\" alt=\"\" loading=\"lazy\" srcset=\"https:\/\/hiqvina.com\/wp-content\/uploads\/2021\/07\/IMG_1421-300x225.jpg 300w, https:\/\/hiqvina.com\/wp-content\/uploads\/2021\/07\/IMG_1421-1024x768.jpg 1024w, https:\/\/hiqvina.com\/wp-content\/uploads\/2021\/07\/IMG_1421-768x576.jpg 768w, https:\/\/hiqvina.com\/wp-content\/uploads\/2021\/07\/IMG_1421-1536x1152.jpg 1536w, https:\/\/hiqvina.com\/wp-content\/uploads\/2021\/07\/IMG_1421-2048x1536.jpg 2048w, https:\/\/hiqvina.com\/wp-content\/uploads\/2021\/07\/IMG_1421-600x450.jpg 600w\" sizes=\"(max-width: 300px) 100vw, 300px\" \/><\/div>\n\t\t<\/a>\n\t\t\t\t<div class=\"elementor-post__avatar\">\n\t\t\t<img alt='hiqvinaadmin' src='https:\/\/secure.gravatar.com\/avatar\/e1f53b14daf1461b89039ccdba4328a0?s=128&#038;d=mm&#038;r=g' srcset='https:\/\/secure.gravatar.com\/avatar\/e1f53b14daf1461b89039ccdba4328a0?s=256&#038;d=mm&#038;r=g 2x' class='avatar avatar-128 photo' height='128' width='128' loading='lazy'\/>\t\t<\/div>\n\t\t\t\t<div class=\"elementor-post__text\">\n\t\t\t\t<h3 class=\"elementor-post__title\">\n\t\t\t<a href=\"https:\/\/hiqvina.com\/en\/imagegallery\/hinh-anh-san-pham-hiq-vina-tai-tp-ho-chi-minh\/\" >\n\t\t\t\tPhoto: HiQ Vina products in Ho Chi Minh City. Ho Chi Minh\t\t\t<\/a>\n\t\t<\/h3>\n\t\t\t\t<\/div>\n\t\t\t\t<div class=\"elementor-post__meta-data\">\n\t\t\t\t\t<span class=\"elementor-post-date\">\n\t\t\t11\/01\/2023\t\t<\/span>\n\t\t\t\t<\/div>\n\t\t\t\t\t<\/div>\n\t\t<\/article>\n\t\t\t\t<\/div>\n\t\t\t\t<\/div>\n\t\t\t\t<\/div>\n\t\t\t\t\t<\/div>\n\t\t<\/div>\n\t\t\t\t\t\t\t<\/div>\n\t\t<\/section>\n\t\t\t\t\t\t<\/div>\n\t\t\t\t\t<\/div>\n\t\t","protected":false},"excerpt":{"rendered":"<p>H\u00ecnh \u1ea3nh: L\u1eafp \u0111\u1eb7t s\u1ea3n ph\u1ea9m t\u1ea1i H\u00e0 N\u1ed9i watch now H\u00ecnh \u1ea3nh: S\u1ea3n ph\u1ea9m HiQ Vina t\u1ea1i TP. H\u1ed3 Ch\u00ed Minh watch now<\/p>\n","protected":false},"author":4,"featured_media":0,"parent":0,"menu_order":0,"comment_status":"closed","ping_status":"closed","template":"","meta":[],"yoast_head":"<!-- This site is optimized with the Yoast SEO plugin v16.8 - https:\/\/yoast.com\/wordpress\/plugins\/seo\/ -->\n<title>Gallery - Thi\u1ebft b\u1ecb an to\u00e0n giao th\u00f4ng<\/title>\n<meta name=\"robots\" content=\"index, follow, max-snippet:-1, max-image-preview:large, max-video-preview:-1\" \/>\n<link rel=\"canonical\" href=\"https:\/\/hiqvina.com\/en\/album-gallery\/\" \/>\n<meta property=\"og:locale\" content=\"en_US\" \/>\n<meta property=\"og:type\" content=\"article\" \/>\n<meta property=\"og:title\" content=\"Gallery - Thi\u1ebft b\u1ecb an to\u00e0n giao th\u00f4ng\" \/>\n<meta property=\"og:description\" content=\"H\u00ecnh \u1ea3nh: L\u1eafp \u0111\u1eb7t s\u1ea3n ph\u1ea9m t\u1ea1i H\u00e0 N\u1ed9i watch now H\u00ecnh \u1ea3nh: S\u1ea3n ph\u1ea9m HiQ Vina t\u1ea1i TP. H\u1ed3 Ch\u00ed Minh watch now\" \/>\n<meta property=\"og:url\" content=\"https:\/\/hiqvina.com\/en\/album-gallery\/\" \/>\n<meta property=\"og:site_name\" content=\"Thi\u1ebft b\u1ecb an to\u00e0n giao th\u00f4ng\" \/>\n<meta property=\"article:publisher\" content=\"https:\/\/www.facebook.com\/hiqvina\/\" \/>\n<meta property=\"article:modified_time\" content=\"2023-01-11T09:06:41+00:00\" \/>\n<meta name=\"twitter:card\" content=\"summary_large_image\" \/>\n<meta name=\"twitter:label1\" content=\"Est. reading time\" \/>\n\t<meta name=\"twitter:data1\" content=\"1 minute\" \/>\n<script type=\"application\/ld+json\" class=\"yoast-schema-graph\">{\"@context\":\"https:\/\/schema.org\",\"@graph\":[{\"@type\":\"Organization\",\"@id\":\"https:\/\/hiqvina.com\/#organization\",\"name\":\"HIQ Vina Co., Ltd\",\"url\":\"https:\/\/hiqvina.com\/\",\"sameAs\":[\"https:\/\/www.facebook.com\/hiqvina\/\",\"https:\/\/www.youtube.com\/channel\/UCYwPV5oBGDfbvkRCQ3RcMhw?view_as=subscriber\"],\"logo\":{\"@type\":\"ImageObject\",\"@id\":\"https:\/\/hiqvina.com\/#logo\",\"inLanguage\":\"en-US\",\"url\":\"https:\/\/hiqvina.com\/wp-content\/uploads\/2021\/07\/logo-gan-vao-lightbox.png\",\"contentUrl\":\"https:\/\/hiqvina.com\/wp-content\/uploads\/2021\/07\/logo-gan-vao-lightbox.png\",\"width\":900,\"height\":600,\"caption\":\"HIQ Vina Co., Ltd\"},\"image\":{\"@id\":\"https:\/\/hiqvina.com\/#logo\"}},{\"@type\":\"WebSite\",\"@id\":\"https:\/\/hiqvina.com\/#website\",\"url\":\"https:\/\/hiqvina.com\/\",\"name\":\"Thi\\u1ebft b\\u1ecb an to\\u00e0n giao th\\u00f4ng\",\"description\":\"Hi-Q VINA\",\"publisher\":{\"@id\":\"https:\/\/hiqvina.com\/#organization\"},\"potentialAction\":[{\"@type\":\"SearchAction\",\"target\":{\"@type\":\"EntryPoint\",\"urlTemplate\":\"https:\/\/hiqvina.com\/?s={search_term_string}\"},\"query-input\":\"required name=search_term_string\"}],\"inLanguage\":\"en-US\"},{\"@type\":\"WebPage\",\"@id\":\"https:\/\/hiqvina.com\/en\/album-gallery\/#webpage\",\"url\":\"https:\/\/hiqvina.com\/en\/album-gallery\/\",\"name\":\"Gallery - Thi\\u1ebft b\\u1ecb an to\\u00e0n giao th\\u00f4ng\",\"isPartOf\":{\"@id\":\"https:\/\/hiqvina.com\/#website\"},\"datePublished\":\"2021-07-14T06:27:12+00:00\",\"dateModified\":\"2023-01-11T09:06:41+00:00\",\"breadcrumb\":{\"@id\":\"https:\/\/hiqvina.com\/en\/album-gallery\/#breadcrumb\"},\"inLanguage\":\"en-US\",\"potentialAction\":[{\"@type\":\"ReadAction\",\"target\":[\"https:\/\/hiqvina.com\/en\/album-gallery\/\"]}]},{\"@type\":\"BreadcrumbList\",\"@id\":\"https:\/\/hiqvina.com\/en\/album-gallery\/#breadcrumb\",\"itemListElement\":[{\"@type\":\"ListItem\",\"position\":1,\"name\":\"Trang ch\\u1ee7\",\"item\":\"https:\/\/hiqvina.com\/\"},{\"@type\":\"ListItem\",\"position\":2,\"name\":\"Gallery\"}]}]}<\/script>\n<!-- \/ Yoast SEO plugin. -->","yoast_head_json":{"title":"Gallery - Thi\u1ebft b\u1ecb an to\u00e0n giao th\u00f4ng","robots":{"index":"index","follow":"follow","max-snippet":"max-snippet:-1","max-image-preview":"max-image-preview:large","max-video-preview":"max-video-preview:-1"},"canonical":"https:\/\/hiqvina.com\/en\/album-gallery\/","og_locale":"en_US","og_type":"article","og_title":"Gallery - Thi\u1ebft b\u1ecb an to\u00e0n giao th\u00f4ng","og_description":"H\u00ecnh \u1ea3nh: L\u1eafp \u0111\u1eb7t s\u1ea3n ph\u1ea9m t\u1ea1i H\u00e0 N\u1ed9i watch now H\u00ecnh \u1ea3nh: S\u1ea3n ph\u1ea9m HiQ Vina t\u1ea1i TP. H\u1ed3 Ch\u00ed Minh watch now","og_url":"https:\/\/hiqvina.com\/en\/album-gallery\/","og_site_name":"Thi\u1ebft b\u1ecb an to\u00e0n giao th\u00f4ng","article_publisher":"https:\/\/www.facebook.com\/hiqvina\/","article_modified_time":"2023-01-11T09:06:41+00:00","twitter_card":"summary_large_image","twitter_misc":{"Est. reading time":"1 minute"},"schema":{"@context":"https:\/\/schema.org","@graph":[{"@type":"Organization","@id":"https:\/\/hiqvina.com\/#organization","name":"HIQ Vina Co., Ltd","url":"https:\/\/hiqvina.com\/","sameAs":["https:\/\/www.facebook.com\/hiqvina\/","https:\/\/www.youtube.com\/channel\/UCYwPV5oBGDfbvkRCQ3RcMhw?view_as=subscriber"],"logo":{"@type":"ImageObject","@id":"https:\/\/hiqvina.com\/#logo","inLanguage":"en-US","url":"https:\/\/hiqvina.com\/wp-content\/uploads\/2021\/07\/logo-gan-vao-lightbox.png","contentUrl":"https:\/\/hiqvina.com\/wp-content\/uploads\/2021\/07\/logo-gan-vao-lightbox.png","width":900,"height":600,"caption":"HIQ Vina Co., Ltd"},"image":{"@id":"https:\/\/hiqvina.com\/#logo"}},{"@type":"WebSite","@id":"https:\/\/hiqvina.com\/#website","url":"https:\/\/hiqvina.com\/","name":"Thi\u1ebft b\u1ecb an to\u00e0n giao th\u00f4ng","description":"Hi-Q VINA","publisher":{"@id":"https:\/\/hiqvina.com\/#organization"},"potentialAction":[{"@type":"SearchAction","target":{"@type":"EntryPoint","urlTemplate":"https:\/\/hiqvina.com\/?s={search_term_string}"},"query-input":"required name=search_term_string"}],"inLanguage":"en-US"},{"@type":"WebPage","@id":"https:\/\/hiqvina.com\/en\/album-gallery\/#webpage","url":"https:\/\/hiqvina.com\/en\/album-gallery\/","name":"Gallery - Thi\u1ebft b\u1ecb an to\u00e0n giao th\u00f4ng","isPartOf":{"@id":"https:\/\/hiqvina.com\/#website"},"datePublished":"2021-07-14T06:27:12+00:00","dateModified":"2023-01-11T09:06:41+00:00","breadcrumb":{"@id":"https:\/\/hiqvina.com\/en\/album-gallery\/#breadcrumb"},"inLanguage":"en-US","potentialAction":[{"@type":"ReadAction","target":["https:\/\/hiqvina.com\/en\/album-gallery\/"]}]},{"@type":"BreadcrumbList","@id":"https:\/\/hiqvina.com\/en\/album-gallery\/#breadcrumb","itemListElement":[{"@type":"ListItem","position":1,"name":"Trang ch\u1ee7","item":"https:\/\/hiqvina.com\/"},{"@type":"ListItem","position":2,"name":"Gallery"}]}]}},"_links":{"self":[{"href":"https:\/\/hiqvina.com\/en\/wp-json\/wp\/v2\/pages\/13363"}],"collection":[{"href":"https:\/\/hiqvina.com\/en\/wp-json\/wp\/v2\/pages"}],"about":[{"href":"https:\/\/hiqvina.com\/en\/wp-json\/wp\/v2\/types\/page"}],"author":[{"embeddable":true,"href":"https:\/\/hiqvina.com\/en\/wp-json\/wp\/v2\/users\/4"}],"replies":[{"embeddable":true,"href":"https:\/\/hiqvina.com\/en\/wp-json\/wp\/v2\/comments?post=13363"}],"version-history":[{"count":0,"href":"https:\/\/hiqvina.com\/en\/wp-json\/wp\/v2\/pages\/13363\/revisions"}],"wp:attachment":[{"href":"https:\/\/hiqvina.com\/en\/wp-json\/wp\/v2\/media?parent=13363"}],"curies":[{"name":"wp","href":"https:\/\/api.w.org\/{rel}","templated":true}]}}