{"id":13227,"date":"2022-11-25T17:06:51","date_gmt":"2022-11-25T10:06:51","guid":{"rendered":"https:\/\/hiqvina.com\/?page_id=13227"},"modified":"2022-12-01T11:35:03","modified_gmt":"2022-12-01T04:35:03","slug":"bo-gtvt-giai-ngan-34-900-ty-dong-trong-11-thang","status":"publish","type":"page","link":"https:\/\/hiqvina.com\/en\/bo-gtvt-giai-ngan-34-900-ty-dong-trong-11-thang\/","title":{"rendered":"B\u1ed9 GTVT gi\u1ea3i ng\u00e2n 34.900 t\u1ef7 \u0111\u1ed3ng trong 11 th\u00e1ng"},"content":{"rendered":"<div class=\"descArt\">Trong 11 th\u00e1ng n\u0103m 2022, kh\u1ed1i l\u01b0\u1ee3ng gi\u1ea3i ng\u00e2n c\u1ee7a B\u1ed9 GTVT \u0111\u1ea1t kho\u1ea3ng 34.900 t\u1ef7 \u0111\u1ed3ng, duy tr\u00ec \u1edf m\u1ee9c cao h\u01a1n b\u00ecnh qu\u00e2n chung c\u1ea3 n\u01b0\u1edbc.<\/div>\n<div class=\"relArtTop\"><a title=\"Tin t\u1ee9c trong ng\u00e0y h\u00f4m nay\" href=\"https:\/\/www.baogiaothong.vn\/tin-tuc-trong-ngay-hom-nay-moi-nhat-channel243\/\">Tin t\u1ee9c trong ng\u00e0y h\u00f4m nay<\/a><\/div>\n<div class=\"mgBt5 ct clear\">\n<section id=\"PC_PREARTICLE_BGT_container\" class=\"\">\n<div class=\"otherBanner\">\u00a0<\/div>\n<div id=\"PC_PREARTICLE_BGT\" class=\"\">\u00a0<\/div>\n<\/section>\n<\/div>\n<div class=\"bodyArt content-body\">\n<p>B\u00e1o c\u00e1o t\u1ea1i cu\u1ed9c h\u1ecdp ki\u1ec3m \u0111i\u1ec3m ti\u1ebfn \u0111\u1ed9 gi\u1ea3i ng\u00e2n v\u00e0 ti\u1ebfn \u0111\u1ed9 c\u00e1c d\u1ef1 \u00e1n do B\u1ed9 GTVT qu\u1ea3n l\u00fd chi\u1ec1u nay (24\/11), \u00f4ng L\u01b0u Quang Th\u00ecn, Ph\u00f3 V\u1ee5 tr\u01b0\u1edfng ph\u1ee5 tr\u00e1ch V\u1ee5 K\u1ebf ho\u1ea1ch &#8211; \u0110\u1ea7u t\u01b0 cho bi\u1ebft, d\u1ef1 ki\u1ebfn \u0111\u1ebfn h\u1ebft th\u00e1ng 11\/2022, B\u1ed9 GTVT gi\u1ea3i ng\u00e2n \u0111\u01b0\u1ee3c 34.900 t\u1ef7 \u0111\u1ed3ng, \u0111\u1ea1t 63,4% so v\u1edbi k\u1ebf ho\u1ea1ch \u0111\u01b0\u1ee3c b\u1ed5 sung (69,4% so k\u1ebf ho\u1ea1ch giao \u0111\u1ea7u n\u0103m).<\/p>\n<div>\n<p class=\"image\"><img class=\"width100 initial loaded\" src=\"https:\/\/cdn.baogiaothong.vn\/upload\/images\/2022-4\/article_img\/2022-11-24\/img-bgt-2021-2-5-4--1669275681-width1416height1080.jpg\" alt=\"b\u1ed9 gtvt gi\u1ea3i ng\u00e2n 34.900 t\u1ef7 \u0111\u1ed3ng trong 11 th\u00e1ng\" data-original=\"https:\/\/cdn.baogiaothong.vn\/upload\/images\/2022-4\/article_img\/2022-11-24\/img-bgt-2021-2-5-4--1669275681-width1416height1080.jpg\" data-was-processed=\"true\" \/><\/p>\n<p class=\"img_chu_thich\">\u00d4ng L\u01b0u Quang Th\u00ecn, Ph\u00f3 V\u1ee5 tr\u01b0\u1edfng ph\u1ee5 tr\u00e1ch V\u1ee5 K\u1ebf ho\u1ea1ch &#8211; \u0110\u1ea7u t\u01b0 b\u00e1o c\u00e1o t\u1ea1i cu\u1ed9c h\u1ecdp chi\u1ec1u nay (24\/11). \u1ea2nh: T\u1ea1 H\u1ea3i<\/p>\n<\/div>\n<p>\u201cTheo s\u1ed1 li\u1ec7u c\u1ee7a B\u1ed9 T\u00e0i ch\u00ednh, k\u1ebft qu\u1ea3 gi\u1ea3i ng\u00e2n h\u1ebft th\u00e1ng 11\/2022 c\u1ee7a B\u1ed9 GTVT (62,4%) duy tr\u00ec \u1edf m\u1ee9c cao h\u01a1n b\u00ecnh qu\u00e2n chung c\u1ea3 n\u01b0\u1edbc (B\u1ed9 T\u00e0i ch\u00ednh d\u1ef1 ki\u1ebfn c\u1ea3 n\u01b0\u1edbc gi\u1ea3i ng\u00e2n t\u1eeb \u0111\u1ea7u n\u0103m \u0111\u1ebfn h\u1ebft th\u00e1ng 11 kho\u1ea3ng 57% k\u1ebf ho\u1ea1ch Th\u1ee7 t\u01b0\u1edbng Ch\u00ednh ph\u1ee7 \u0111\u00e3 giao)\u201d, \u00f4ng Th\u00ecn th\u00f4ng tin.<\/p>\n<section class=\"bnrBt txtCent\"><\/section>\n<p>Theo \u00f4ng Th\u00ecn, t\u1eeb nay t\u1edbi ng\u00e0y 31\/1\/2023, B\u1ed9 GTVT c\u1ea7n ti\u1ebfp t\u1ee5c gi\u1ea3i ng\u00e2n kho\u1ea3ng 20.151 t\u1ef7 \u0111\u1ed3ng. S\u1ed1 l\u01b0\u1ee3ng v\u1ed1n t\u1eadp trung t\u1ea1i c\u00e1c d\u1ef1 \u00e1n c\u1ee7a c\u00e1c Ch\u1ee7 \u0111\u1ea7u t\u01b0\/Ban QLDA l\u1edbn thu\u1ed9c B\u1ed9 (kho\u1ea3ng 12.218 t\u1ef7 \u0111\u1ed3ng, chi\u1ebfm 60,6%) v\u00e0 d\u1ef1 \u00e1n cao t\u1ed1c H\u00e0 N\u1ed9i &#8211; H\u1ea3i Ph\u00f2ng c\u1ee7a Vidifi (4.723 t\u1ef7 \u0111\u1ed3ng chi\u1ebfm 23,4%).<\/p>\n<p>Trong \u0111\u00f3, 11 d\u1ef1 \u00e1n th\u00e0nh ph\u1ea7n \u0111\u01b0\u1eddng b\u1ed9\u00a0<a class=\"seokwl\" title=\"cao t\u1ed1c B\u1eafc - Nam\" href=\"https:\/\/www.baogiaothong.vn\/du-an-duong-cao-toc-bac-nam-channel415\/\">cao t\u1ed1c B\u1eafc &#8211; Nam<\/a>\u00a0giai \u0111o\u1ea1n 1 \u0111\u01b0\u1ee3c giao k\u1ebf ho\u1ea1ch v\u1ed1n 16.034 t\u1ef7 \u0111\u1ed3ng, \u0111\u1ebfn h\u1ebft th\u00e1ng 11\/2022 gi\u1ea3i ng\u00e2n 12.439 t\u1ef7 \u0111\u1ed3ng (77,6%), k\u1ebf ho\u1ea1ch c\u00f2n l\u1ea1i ph\u1ea3i gi\u1ea3i ng\u00e2n 3.595 t\u1ef7 \u0111\u1ed3ng.<\/p>\n<p>12 d\u1ef1 \u00e1n th\u00e0nh ph\u1ea7n \u0111\u01b0\u1eddng b\u1ed9 cao t\u1ed1c B\u1eafc &#8211; Nam giai \u0111o\u1ea1n 2 \u0111\u01b0\u1ee3c giao k\u1ebf ho\u1ea1ch 9.521 t\u1ef7 \u0111\u1ed3ng, \u0111\u1ebfn h\u1ebft th\u00e1ng 11\/2022 gi\u1ea3i ng\u00e2n 4.553 t\u1ef7 \u0111\u1ed3ng (47,8%), k\u1ebf ho\u1ea1ch c\u00f2n l\u1ea1i ph\u1ea3i gi\u1ea3i ng\u00e2n 4.968 t\u1ef7 \u0111\u1ed3ng.<\/p>\n<p>\u0110\u1ed1i v\u1edbi nh\u00f3m c\u00e1c d\u1ef1 \u00e1n ODA, k\u1ebf ho\u1ea1ch \u0111\u00e3 giao 5.440 t\u1ef7 \u0111\u1ed3ng, \u0111\u1ebfn h\u1ebft th\u00e1ng 11\/2022 gi\u1ea3i ng\u00e2n 3.709 t\u1ef7 \u0111\u1ed3ng (68,2%), k\u1ebf ho\u1ea1ch c\u00f2n l\u1ea1i ch\u01b0a gi\u1ea3i ng\u00e2n 1.731 t\u1ef7 \u0111\u1ed3ng, t\u1eadp trung \u1edf 8 d\u1ef1 \u00e1n: V\u00e0nh \u0111ai 3 TP HCM \u0111o\u1ea1n T\u00e2n V\u1ea1n &#8211; Nh\u01a1n Tr\u1ea1ch l\u00e0 350 t\u1ef7 \u0111\u1ed3ng; d\u1ef1 \u00e1n cao t\u1ed1c B\u1ebfn L\u1ee9c &#8211; Long Th\u00e0nh l\u00e0 296 t\u1ef7 \u0111\u1ed3ng;<\/p>\n<p>D\u1ef1 \u00e1n k\u1ebft n\u1ed1i giao th\u00f4ng khu v\u1ef1c mi\u1ec1n n\u00fai ph\u00eda B\u1eafc l\u00e0 211 t\u1ef7 \u0111\u1ed3ng; D\u1ef1 \u00e1n k\u1ebft n\u1ed1i giao th\u00f4ng khu v\u1ef1c T\u00e2y Nguy\u00ean 92 t\u1ef7 \u0111\u1ed3ng; D\u1ef1 \u00e1n VRAMP 109 t\u1ef7 \u0111\u1ed3ng; D\u1ef1 \u00e1n\u00a0<a class=\"seokwl\" title=\"\u0111\u01b0\u1eddng s\u1eaft C\u00e1t Linh - H\u00e0 \u0110\u00f4ng\" href=\"https:\/\/www.baogiaothong.vn\/duong-sat-tren-cao-cat-linh-ha-dong-channel337\/\">\u0111\u01b0\u1eddng s\u1eaft C\u00e1t Linh &#8211; H\u00e0 \u0110\u00f4ng<\/a>\u00a0l\u00e0 98 t\u1ef7 \u0111\u1ed3ng; D\u1ef1 \u00e1n WB6 k\u00eanh n\u1ed1i \u0110\u00e1y &#8211; Ninh C\u01a1 92 t\u1ef7 \u0111\u1ed3ng v\u00e0 d\u1ef1 \u00e1n tuy\u1ebfn n\u1ed1i QL91 &#8211; tr\u00e1nh Long Xuy\u00ean 92 t\u1ef7 \u0111\u1ed3ng.<\/p>\n<p>C\u00e1c d\u1ef1 \u00e1n tr\u1ecdng \u0111i\u1ec3m, c\u1ea5p b\u00e1ch \u0111\u01b0\u1ee3c giao k\u1ebf ho\u1ea1ch v\u1ed1n 3.243 t\u1ef7 \u0111\u1ed3ng, \u0111\u1ebfn h\u1ebft th\u00e1ng 11\/2022 gi\u1ea3i ng\u00e2n 2.399 t\u1ef7 \u0111\u1ed3ng (74%), k\u1ebf ho\u1ea1ch c\u00f2n l\u1ea1i ch\u01b0a gi\u1ea3i ng\u00e2n 874 t\u1ef7 \u0111\u1ed3ng, t\u1eadp trung \u1edf 6 d\u1ef1 \u00e1n: cao t\u1ed1c M\u1ef9 Thu\u1eadn &#8211; C\u1ea7n Th\u01a1 l\u00e0 242 t\u1ef7 \u0111\u1ed3ng; tuy\u1ebfn n\u1ed1i cao t\u1ed1c H\u00e0 N\u1ed9i &#8211; H\u1ea3i Ph\u00f2ng v\u1edbi C\u1ea7u Gi\u1ebd &#8211; Ninh B\u00ecnh l\u00e0 241 t\u1ef7 \u0111\u1ed3ng; D\u1ef1 \u00e1n n\u00e2ng c\u1ea5p QL30 Cao L\u00e3nh &#8211; H\u1ed3ng Ng\u1ef1 l\u00e0 80 t\u1ef7 \u0111\u1ed3ng; D\u1ef1 \u00e1n QL24 th\u00e0nh ph\u1ea7n 2 l\u00e0 75 t\u1ef7 \u0111\u1ed3ng; D\u1ef1 \u00e1n n\u00e2ng c\u1ea5p \u0111\u01b0\u1eddng c\u1ea5t h\u1ea1 c\u00e1nh s\u00e2n bay\u00a0<a class=\"seokwl\" title=\"T\u00e2n S\u01a1n Nh\u1ea5t\" href=\"https:\/\/www.baogiaothong.vn\/cang-hang-khong-quoc-te-tan-son-nhat-channel422\/\">T\u00e2n S\u01a1n Nh\u1ea5t<\/a>\u00a055 t\u1ef7 \u0111\u1ed3ng; D\u1ef1 \u00e1n \u0111\u01b0\u1eddng c\u1ea5t h\u1ea1 c\u00e1nh s\u00e2n bay N\u1ed9i B\u00e0i 51 t\u1ef7 \u0111\u1ed3ng.<\/p>\n<p>C\u00e1c d\u1ef1 \u00e1n giao th\u00f4ng trong n\u01b0\u1edbc c\u00f2n l\u1ea1i \u0111\u01b0\u1ee3c giao k\u1ebf ho\u1ea1ch v\u1ed1n 20.812 t\u1ef7 \u0111\u1ed3ng, \u0111\u1ebfn h\u1ebft th\u00e1ng 11\/2022 gi\u1ea3i ng\u00e2n 11.798 t\u1ef7 \u0111\u1ed3ng (56,7%), k\u1ebf ho\u1ea1ch c\u00f2n l\u1ea1i ch\u01b0a gi\u1ea3i ng\u00e2n 9.013 t\u1ef7 \u0111\u1ed3ng t\u1eadp trung \u1edf 20 d\u1ef1 \u00e1n: Cao t\u1ed1c H\u00e0 N\u1ed9i &#8211; H\u1ea3i Ph\u00f2ng 4.723 t\u1ef7 \u0111\u1ed3ng; Tuy\u1ebfn tr\u00e1nh ph\u00eda \u0110\u00f4ng TP Bu\u00f4n Ma Thu\u1ed9t 334 t\u1ef7 \u0111\u1ed3ng; N\u00e2ng c\u1ea5p lu\u1ed3ng C\u00e1i M\u00e9p &#8211; Th\u1ecb V\u1ea3i 268 t\u1ef7 \u0111\u1ed3ng; C\u1ea7u R\u1ea1ch Mi\u1ec5u 2 l\u00e0 239 t\u1ef7 \u0111\u1ed3ng; D\u1ef1 \u00e1n \u0111\u01b0\u1eddng s\u1eaft H\u00e0 N\u1ed9i &#8211; L\u1ea1ng S\u01a1n 227 t\u1ef7 \u0111\u1ed3ng; D\u1ef1 \u00e1n n\u00e2ng c\u1ea5p tuy\u1ebfn \u0111\u01b0\u1eddng s\u1eaft Nha Trang &#8211; S\u00e0i G\u00f2n 215 t\u1ef7 \u0111\u1ed3ng; D\u1ef1 \u00e1n n\u00e2ng c\u1ea5p, c\u1ea3i t\u1ea1o QL279 l\u00e0 193 t\u1ef7 \u0111\u1ed3ng; D\u1ef1 \u00e1n n\u00e2ng c\u1ea5p QL21B 178 t\u1ef7 \u0111\u1ed3ng; D\u1ef1 \u00e1n tuy\u1ebfn tr\u00e1nh QL1A \u0111o\u1ea1n qua C\u00e0 Mau 163 t\u1ef7 \u0111\u1ed3ng;<\/p>\n<p>C\u00f9ng \u0111\u00f3 l\u00e0 c\u00e1c d\u1ef1 \u00e1n: N\u00e2ng c\u1ea5p QL15 qua Thanh H\u00f3a 153 t\u1ef7 \u0111\u1ed3ng; N\u00e2ng c\u1ea5p QL14E 140 t\u1ef7 \u0111\u1ed3ng; d\u1ef1 \u00e1n n\u00e2ng c\u1ea5p QL1 qua S\u00f3c Tr\u0103ng 139 t\u1ef7 \u0111\u1ed3ng; D\u1ef1 \u00e1n c\u1ea3i t\u1ea1o, n\u00e2ng c\u1ea5p lu\u1ed3ng Nam Nghi S\u01a1n 135 t\u1ef7 \u0111\u1ed3ng; D\u1ef1 \u00e1n lu\u1ed3ng s\u00f4ng H\u1eadu cho t\u00e0u tr\u1ecdng t\u1ea3i l\u1edbn v\u00e0o s\u00f4ng H\u1eadu giai \u0111o\u1ea1n 2 l\u00e0 128 t\u1ef7 \u0111\u1ed3ng; D\u1ef1 \u00e1n n\u00e2ng c\u1ea5p QL37 l\u00e0 123 t\u1ef7 \u0111\u1ed3ng; D\u1ef1 \u00e1n t\u00e0u c\u1ee9u n\u1ea1n xa b\u1edd 120 t\u1ef7 \u0111\u1ed3ng; 2 t\u00e0u ti\u1ebfp t\u1ebf xa b\u1edd l\u00e0 107 t\u1ef7 \u0111\u1ed3ng,\u2026<img loading=\"lazy\" class=\"aligncenter size-medium wp-image-13228\" src=\"https:\/\/hiqvina.com\/wp-content\/uploads\/2022\/11\/img-bgt-2021-2-5-4-1669275681-width1416height1080-300x229.jpg\" alt=\"\" width=\"300\" height=\"229\" srcset=\"https:\/\/hiqvina.com\/wp-content\/uploads\/2022\/11\/img-bgt-2021-2-5-4-1669275681-width1416height1080-300x229.jpg 300w, https:\/\/hiqvina.com\/wp-content\/uploads\/2022\/11\/img-bgt-2021-2-5-4-1669275681-width1416height1080-1024x782.jpg 1024w, https:\/\/hiqvina.com\/wp-content\/uploads\/2022\/11\/img-bgt-2021-2-5-4-1669275681-width1416height1080-768x586.jpg 768w, https:\/\/hiqvina.com\/wp-content\/uploads\/2022\/11\/img-bgt-2021-2-5-4-1669275681-width1416height1080-600x458.jpg 600w, https:\/\/hiqvina.com\/wp-content\/uploads\/2022\/11\/img-bgt-2021-2-5-4-1669275681-width1416height1080.jpg 1280w\" sizes=\"(max-width: 300px) 100vw, 300px\" \/><\/p>\n<\/div>\n","protected":false},"excerpt":{"rendered":"<p>Trong 11 th\u00e1ng n\u0103m 2022, kh\u1ed1i l\u01b0\u1ee3ng gi\u1ea3i ng\u00e2n c\u1ee7a B\u1ed9 GTVT \u0111\u1ea1t kho\u1ea3ng 34.900 t\u1ef7 \u0111\u1ed3ng, duy tr\u00ec \u1edf m\u1ee9c cao h\u01a1n b\u00ecnh qu\u00e2n chung c\u1ea3 n\u01b0\u1edbc. Tin t\u1ee9c trong ng\u00e0y h\u00f4m nay \u00a0 \u00a0 B\u00e1o c\u00e1o t\u1ea1i cu\u1ed9c h\u1ecdp ki\u1ec3m \u0111i\u1ec3m ti\u1ebfn \u0111\u1ed9 gi\u1ea3i ng\u00e2n v\u00e0 ti\u1ebfn \u0111\u1ed9 c\u00e1c d\u1ef1 \u00e1n do B\u1ed9 [&hellip;]<\/p>\n","protected":false},"author":4,"featured_media":0,"parent":0,"menu_order":0,"comment_status":"closed","ping_status":"closed","template":"","meta":[],"yoast_head":"<!-- This site is optimized with the Yoast SEO plugin v16.8 - https:\/\/yoast.com\/wordpress\/plugins\/seo\/ -->\n<title>B\u1ed9 GTVT gi\u1ea3i ng\u00e2n 34.900 t\u1ef7 \u0111\u1ed3ng trong 11 th\u00e1ng - Thi\u1ebft b\u1ecb an to\u00e0n giao th\u00f4ng<\/title>\n<meta name=\"robots\" content=\"index, follow, max-snippet:-1, max-image-preview:large, max-video-preview:-1\" \/>\n<link rel=\"canonical\" href=\"https:\/\/hiqvina.com\/en\/bo-gtvt-giai-ngan-34-900-ty-dong-trong-11-thang\/\" \/>\n<meta property=\"og:locale\" content=\"en_US\" \/>\n<meta property=\"og:type\" content=\"article\" \/>\n<meta property=\"og:title\" content=\"B\u1ed9 GTVT gi\u1ea3i ng\u00e2n 34.900 t\u1ef7 \u0111\u1ed3ng trong 11 th\u00e1ng - Thi\u1ebft b\u1ecb an to\u00e0n giao th\u00f4ng\" \/>\n<meta property=\"og:description\" content=\"Trong 11 th\u00e1ng n\u0103m 2022, kh\u1ed1i l\u01b0\u1ee3ng gi\u1ea3i ng\u00e2n c\u1ee7a B\u1ed9 GTVT \u0111\u1ea1t kho\u1ea3ng 34.900 t\u1ef7 \u0111\u1ed3ng, duy tr\u00ec \u1edf m\u1ee9c cao h\u01a1n b\u00ecnh qu\u00e2n chung c\u1ea3 n\u01b0\u1edbc. Tin t\u1ee9c trong ng\u00e0y h\u00f4m nay \u00a0 \u00a0 B\u00e1o c\u00e1o t\u1ea1i cu\u1ed9c h\u1ecdp ki\u1ec3m \u0111i\u1ec3m ti\u1ebfn \u0111\u1ed9 gi\u1ea3i ng\u00e2n v\u00e0 ti\u1ebfn \u0111\u1ed9 c\u00e1c d\u1ef1 \u00e1n do B\u1ed9 [&hellip;]\" \/>\n<meta property=\"og:url\" content=\"https:\/\/hiqvina.com\/bo-gtvt-giai-ngan-34-900-ty-dong-trong-11-thang\/\" \/>\n<meta property=\"og:site_name\" content=\"Thi\u1ebft b\u1ecb an to\u00e0n giao th\u00f4ng\" \/>\n<meta property=\"article:publisher\" content=\"https:\/\/www.facebook.com\/hiqvina\/\" \/>\n<meta property=\"article:modified_time\" content=\"2022-12-01T04:35:03+00:00\" \/>\n<meta property=\"og:image\" content=\"https:\/\/cdn.baogiaothong.vn\/upload\/images\/2022-4\/article_img\/2022-11-24\/img-bgt-2021-2-5-4--1669275681-width1416height1080.jpg\" \/>\n<meta name=\"twitter:card\" content=\"summary_large_image\" \/>\n<meta name=\"twitter:label1\" content=\"Est. reading time\" \/>\n\t<meta name=\"twitter:data1\" content=\"4 minutes\" \/>\n<script type=\"application\/ld+json\" class=\"yoast-schema-graph\">{\"@context\":\"https:\/\/schema.org\",\"@graph\":[{\"@type\":\"Organization\",\"@id\":\"https:\/\/hiqvina.com\/#organization\",\"name\":\"HIQ Vina Co., Ltd\",\"url\":\"https:\/\/hiqvina.com\/\",\"sameAs\":[\"https:\/\/www.facebook.com\/hiqvina\/\",\"https:\/\/www.youtube.com\/channel\/UCYwPV5oBGDfbvkRCQ3RcMhw?view_as=subscriber\"],\"logo\":{\"@type\":\"ImageObject\",\"@id\":\"https:\/\/hiqvina.com\/#logo\",\"inLanguage\":\"en-US\",\"url\":\"https:\/\/hiqvina.com\/wp-content\/uploads\/2021\/07\/logo-gan-vao-lightbox.png\",\"contentUrl\":\"https:\/\/hiqvina.com\/wp-content\/uploads\/2021\/07\/logo-gan-vao-lightbox.png\",\"width\":900,\"height\":600,\"caption\":\"HIQ Vina Co., Ltd\"},\"image\":{\"@id\":\"https:\/\/hiqvina.com\/#logo\"}},{\"@type\":\"WebSite\",\"@id\":\"https:\/\/hiqvina.com\/#website\",\"url\":\"https:\/\/hiqvina.com\/\",\"name\":\"Thi\\u1ebft b\\u1ecb an to\\u00e0n giao th\\u00f4ng\",\"description\":\"Hi-Q VINA\",\"publisher\":{\"@id\":\"https:\/\/hiqvina.com\/#organization\"},\"potentialAction\":[{\"@type\":\"SearchAction\",\"target\":{\"@type\":\"EntryPoint\",\"urlTemplate\":\"https:\/\/hiqvina.com\/?s={search_term_string}\"},\"query-input\":\"required name=search_term_string\"}],\"inLanguage\":\"en-US\"},{\"@type\":\"ImageObject\",\"@id\":\"https:\/\/hiqvina.com\/bo-gtvt-giai-ngan-34-900-ty-dong-trong-11-thang\/#primaryimage\",\"inLanguage\":\"en-US\",\"url\":\"https:\/\/cdn.baogiaothong.vn\/upload\/images\/2022-4\/article_img\/2022-11-24\/img-bgt-2021-2-5-4--1669275681-width1416height1080.jpg\",\"contentUrl\":\"https:\/\/cdn.baogiaothong.vn\/upload\/images\/2022-4\/article_img\/2022-11-24\/img-bgt-2021-2-5-4--1669275681-width1416height1080.jpg\"},{\"@type\":\"WebPage\",\"@id\":\"https:\/\/hiqvina.com\/bo-gtvt-giai-ngan-34-900-ty-dong-trong-11-thang\/#webpage\",\"url\":\"https:\/\/hiqvina.com\/bo-gtvt-giai-ngan-34-900-ty-dong-trong-11-thang\/\",\"name\":\"B\\u1ed9 GTVT gi\\u1ea3i ng\\u00e2n 34.900 t\\u1ef7 \\u0111\\u1ed3ng trong 11 th\\u00e1ng - Thi\\u1ebft b\\u1ecb an to\\u00e0n giao th\\u00f4ng\",\"isPartOf\":{\"@id\":\"https:\/\/hiqvina.com\/#website\"},\"primaryImageOfPage\":{\"@id\":\"https:\/\/hiqvina.com\/bo-gtvt-giai-ngan-34-900-ty-dong-trong-11-thang\/#primaryimage\"},\"datePublished\":\"2022-11-25T10:06:51+00:00\",\"dateModified\":\"2022-12-01T04:35:03+00:00\",\"breadcrumb\":{\"@id\":\"https:\/\/hiqvina.com\/bo-gtvt-giai-ngan-34-900-ty-dong-trong-11-thang\/#breadcrumb\"},\"inLanguage\":\"en-US\",\"potentialAction\":[{\"@type\":\"ReadAction\",\"target\":[\"https:\/\/hiqvina.com\/bo-gtvt-giai-ngan-34-900-ty-dong-trong-11-thang\/\"]}]},{\"@type\":\"BreadcrumbList\",\"@id\":\"https:\/\/hiqvina.com\/bo-gtvt-giai-ngan-34-900-ty-dong-trong-11-thang\/#breadcrumb\",\"itemListElement\":[{\"@type\":\"ListItem\",\"position\":1,\"name\":\"Trang ch\\u1ee7\",\"item\":\"https:\/\/hiqvina.com\/\"},{\"@type\":\"ListItem\",\"position\":2,\"name\":\"B\\u1ed9 GTVT gi\\u1ea3i ng\\u00e2n 34.900 t\\u1ef7 \\u0111\\u1ed3ng trong 11 th\\u00e1ng\"}]}]}<\/script>\n<!-- \/ Yoast SEO plugin. -->","yoast_head_json":{"title":"B\u1ed9 GTVT gi\u1ea3i ng\u00e2n 34.900 t\u1ef7 \u0111\u1ed3ng trong 11 th\u00e1ng - Thi\u1ebft b\u1ecb an to\u00e0n giao th\u00f4ng","robots":{"index":"index","follow":"follow","max-snippet":"max-snippet:-1","max-image-preview":"max-image-preview:large","max-video-preview":"max-video-preview:-1"},"canonical":"https:\/\/hiqvina.com\/en\/bo-gtvt-giai-ngan-34-900-ty-dong-trong-11-thang\/","og_locale":"en_US","og_type":"article","og_title":"B\u1ed9 GTVT gi\u1ea3i ng\u00e2n 34.900 t\u1ef7 \u0111\u1ed3ng trong 11 th\u00e1ng - Thi\u1ebft b\u1ecb an to\u00e0n giao th\u00f4ng","og_description":"Trong 11 th\u00e1ng n\u0103m 2022, kh\u1ed1i l\u01b0\u1ee3ng gi\u1ea3i ng\u00e2n c\u1ee7a B\u1ed9 GTVT \u0111\u1ea1t kho\u1ea3ng 34.900 t\u1ef7 \u0111\u1ed3ng, duy tr\u00ec \u1edf m\u1ee9c cao h\u01a1n b\u00ecnh qu\u00e2n chung c\u1ea3 n\u01b0\u1edbc. Tin t\u1ee9c trong ng\u00e0y h\u00f4m nay \u00a0 \u00a0 B\u00e1o c\u00e1o t\u1ea1i cu\u1ed9c h\u1ecdp ki\u1ec3m \u0111i\u1ec3m ti\u1ebfn \u0111\u1ed9 gi\u1ea3i ng\u00e2n v\u00e0 ti\u1ebfn \u0111\u1ed9 c\u00e1c d\u1ef1 \u00e1n do B\u1ed9 [&hellip;]","og_url":"https:\/\/hiqvina.com\/bo-gtvt-giai-ngan-34-900-ty-dong-trong-11-thang\/","og_site_name":"Thi\u1ebft b\u1ecb an to\u00e0n giao th\u00f4ng","article_publisher":"https:\/\/www.facebook.com\/hiqvina\/","article_modified_time":"2022-12-01T04:35:03+00:00","og_image":[{"url":"https:\/\/cdn.baogiaothong.vn\/upload\/images\/2022-4\/article_img\/2022-11-24\/img-bgt-2021-2-5-4--1669275681-width1416height1080.jpg"}],"twitter_card":"summary_large_image","twitter_misc":{"Est. reading time":"4 minutes"},"schema":{"@context":"https:\/\/schema.org","@graph":[{"@type":"Organization","@id":"https:\/\/hiqvina.com\/#organization","name":"HIQ Vina Co., Ltd","url":"https:\/\/hiqvina.com\/","sameAs":["https:\/\/www.facebook.com\/hiqvina\/","https:\/\/www.youtube.com\/channel\/UCYwPV5oBGDfbvkRCQ3RcMhw?view_as=subscriber"],"logo":{"@type":"ImageObject","@id":"https:\/\/hiqvina.com\/#logo","inLanguage":"en-US","url":"https:\/\/hiqvina.com\/wp-content\/uploads\/2021\/07\/logo-gan-vao-lightbox.png","contentUrl":"https:\/\/hiqvina.com\/wp-content\/uploads\/2021\/07\/logo-gan-vao-lightbox.png","width":900,"height":600,"caption":"HIQ Vina Co., Ltd"},"image":{"@id":"https:\/\/hiqvina.com\/#logo"}},{"@type":"WebSite","@id":"https:\/\/hiqvina.com\/#website","url":"https:\/\/hiqvina.com\/","name":"Thi\u1ebft b\u1ecb an to\u00e0n giao th\u00f4ng","description":"Hi-Q VINA","publisher":{"@id":"https:\/\/hiqvina.com\/#organization"},"potentialAction":[{"@type":"SearchAction","target":{"@type":"EntryPoint","urlTemplate":"https:\/\/hiqvina.com\/?s={search_term_string}"},"query-input":"required name=search_term_string"}],"inLanguage":"en-US"},{"@type":"ImageObject","@id":"https:\/\/hiqvina.com\/bo-gtvt-giai-ngan-34-900-ty-dong-trong-11-thang\/#primaryimage","inLanguage":"en-US","url":"https:\/\/cdn.baogiaothong.vn\/upload\/images\/2022-4\/article_img\/2022-11-24\/img-bgt-2021-2-5-4--1669275681-width1416height1080.jpg","contentUrl":"https:\/\/cdn.baogiaothong.vn\/upload\/images\/2022-4\/article_img\/2022-11-24\/img-bgt-2021-2-5-4--1669275681-width1416height1080.jpg"},{"@type":"WebPage","@id":"https:\/\/hiqvina.com\/bo-gtvt-giai-ngan-34-900-ty-dong-trong-11-thang\/#webpage","url":"https:\/\/hiqvina.com\/bo-gtvt-giai-ngan-34-900-ty-dong-trong-11-thang\/","name":"B\u1ed9 GTVT gi\u1ea3i ng\u00e2n 34.900 t\u1ef7 \u0111\u1ed3ng trong 11 th\u00e1ng - Thi\u1ebft b\u1ecb an to\u00e0n giao th\u00f4ng","isPartOf":{"@id":"https:\/\/hiqvina.com\/#website"},"primaryImageOfPage":{"@id":"https:\/\/hiqvina.com\/bo-gtvt-giai-ngan-34-900-ty-dong-trong-11-thang\/#primaryimage"},"datePublished":"2022-11-25T10:06:51+00:00","dateModified":"2022-12-01T04:35:03+00:00","breadcrumb":{"@id":"https:\/\/hiqvina.com\/bo-gtvt-giai-ngan-34-900-ty-dong-trong-11-thang\/#breadcrumb"},"inLanguage":"en-US","potentialAction":[{"@type":"ReadAction","target":["https:\/\/hiqvina.com\/bo-gtvt-giai-ngan-34-900-ty-dong-trong-11-thang\/"]}]},{"@type":"BreadcrumbList","@id":"https:\/\/hiqvina.com\/bo-gtvt-giai-ngan-34-900-ty-dong-trong-11-thang\/#breadcrumb","itemListElement":[{"@type":"ListItem","position":1,"name":"Trang ch\u1ee7","item":"https:\/\/hiqvina.com\/"},{"@type":"ListItem","position":2,"name":"B\u1ed9 GTVT gi\u1ea3i ng\u00e2n 34.900 t\u1ef7 \u0111\u1ed3ng trong 11 th\u00e1ng"}]}]}},"_links":{"self":[{"href":"https:\/\/hiqvina.com\/en\/wp-json\/wp\/v2\/pages\/13227"}],"collection":[{"href":"https:\/\/hiqvina.com\/en\/wp-json\/wp\/v2\/pages"}],"about":[{"href":"https:\/\/hiqvina.com\/en\/wp-json\/wp\/v2\/types\/page"}],"author":[{"embeddable":true,"href":"https:\/\/hiqvina.com\/en\/wp-json\/wp\/v2\/users\/4"}],"replies":[{"embeddable":true,"href":"https:\/\/hiqvina.com\/en\/wp-json\/wp\/v2\/comments?post=13227"}],"version-history":[{"count":0,"href":"https:\/\/hiqvina.com\/en\/wp-json\/wp\/v2\/pages\/13227\/revisions"}],"wp:attachment":[{"href":"https:\/\/hiqvina.com\/en\/wp-json\/wp\/v2\/media?parent=13227"}],"curies":[{"name":"wp","href":"https:\/\/api.w.org\/{rel}","templated":true}]}}